{"id":59265,"date":"2026-03-03T15:40:24","date_gmt":"2026-03-03T19:40:24","guid":{"rendered":"https:\/\/nobleliftcanada.com\/?post_type=product&#038;p=59265"},"modified":"2026-03-03T15:42:45","modified_gmt":"2026-03-03T19:42:45","slug":"opx15-copy","status":"publish","type":"product","link":"https:\/\/nobleliftcanada.com\/fr\/produit\/opx15-copy\/","title":{"rendered":"OPX15 (Copy)"},"content":{"rendered":"\t\t<div data-elementor-type=\"product-post\" data-elementor-id=\"59265\" class=\"elementor elementor-59265 elementor-59249\" data-elementor-post-type=\"product\">\n\t\t\t\t\t\t<section class=\"elementor-section elementor-top-section elementor-element elementor-element-89bf8b1 elementor-section-full_width elementor-section-height-default elementor-section-height-default\" data-id=\"89bf8b1\" data-element_type=\"section\" data-e-type=\"section\">\n\t\t\t\t\t\t<div class=\"elementor-container elementor-column-gap-default\">\n\t\t\t\t\t<div class=\"elementor-column elementor-col-100 elementor-top-column elementor-element elementor-element-eeab9a6\" data-id=\"eeab9a6\" data-element_type=\"column\" data-e-type=\"column\">\n\t\t\t<div class=\"elementor-widget-wrap elementor-element-populated\">\n\t\t\t\t\t\t<div class=\"elementor-element elementor-element-70d79c2 elementor-widget elementor-widget-heading\" data-id=\"70d79c2\" data-element_type=\"widget\" data-e-type=\"widget\" data-widget_type=\"heading.default\">\n\t\t\t\t<div class=\"elementor-widget-container\">\n\t\t\t\t\t<h2 class=\"elementor-heading-title elementor-size-default\">Les principaux param\u00e8tres<\/h2>\t\t\t\t<\/div>\n\t\t\t\t<\/div>\n\t\t\t\t<div class=\"elementor-element elementor-element-a4d5fc7 elementor-tabs-alignment-center elementor-hidden-phone elementor-tabs-view-horizontal elementor-widget elementor-widget-tabs\" data-id=\"a4d5fc7\" data-element_type=\"widget\" data-e-type=\"widget\" data-widget_type=\"tabs.default\">\n\t\t\t\t<div class=\"elementor-widget-container\">\n\t\t\t\t\t\t\t<div class=\"elementor-tabs\">\n\t\t\t<div class=\"elementor-tabs-wrapper\" role=\"tablist\" >\n\t\t\t\t\t\t\t\t\t<div id=\"elementor-tab-title-1721\" class=\"elementor-tab-title elementor-tab-desktop-title\" aria-selected=\"true\" data-tab=\"1\" role=\"tab\" tabindex=\"0\" aria-controls=\"elementor-tab-content-1721\" aria-expanded=\"false\">M\u00e9trique<\/div>\n\t\t\t\t\t\t\t\t\t<div id=\"elementor-tab-title-1722\" class=\"elementor-tab-title elementor-tab-desktop-title\" aria-selected=\"false\" data-tab=\"2\" role=\"tab\" tabindex=\"-1\" aria-controls=\"elementor-tab-content-1722\" aria-expanded=\"false\">Imp\u00e9rial<\/div>\n\t\t\t\t\t\t\t<\/div>\n\t\t\t<div class=\"elementor-tabs-content-wrapper\" role=\"tablist\" aria-orientation=\"vertical\">\n\t\t\t\t\t\t\t\t\t<div class=\"elementor-tab-title elementor-tab-mobile-title\" aria-selected=\"true\" data-tab=\"1\" role=\"tab\" tabindex=\"0\" aria-controls=\"elementor-tab-content-1721\" aria-expanded=\"false\">M\u00e9trique<\/div>\n\t\t\t\t\t<div id=\"elementor-tab-content-1721\" class=\"elementor-tab-content elementor-clearfix\" data-tab=\"1\" role=\"tabpanel\" aria-labelledby=\"elementor-tab-title-1721\" tabindex=\"0\" hidden=\"false\"><table>\n<tbody>\n<tr>\n<th>Mod\u00e8le :<\/th>\n<th>OPX15<\/th>\n<\/tr>\n<tr>\n<td>S\u00e9rie :<\/td>\n<td> VNA<\/td>\n<\/tr>\n<tr>\n<td>Capacit\u00e9 de charge :<\/td>\n<td>1500kg<\/td>\n<\/tr>\n<tr>\n<td>Centre de charge :<\/td>\n<td>600mm<\/td>\n<\/tr>\n<tr>\n<td>Type d&rsquo;op\u00e9rateur :<\/td>\n<td>Assis<\/td>\n<\/tr>\n<tr>\n<td>Hauteur du garde-corps :<\/td>\n<td>2200mm<\/td>\n<\/tr>\n<tr>\n<td>Longueur jusqu&rsquo;\u00e0 la face des fourches<\/td>\n<td>3060 mm<\/td>\n<\/tr>\n<tr>\n<td>Largeur totale :<\/td>\n<td>1270\/1520mm<\/td>\n<\/tr>\n<tr>\n<td>Rayon de braquage (dans le compartiment de la batterie standard) :<\/td>\n<td>2100mm<\/td>\n<\/tr>\n<tr>\n<td>Type de pneu :<\/td>\n<td>PU<\/td>\n<\/tr>\n<tr>\n<td>Poids total approximatif (avec batterie) :<\/td>\n<td>6300kg<\/td>\n<\/tr>\n<tr>\n<td>Poids total approximatif (sans batterie) :<\/td>\n<td>4750kg<\/td>\n<\/tr>\n<tr>\n<td>Vitesse de d\u00e9placement max. Vitesse de d\u00e9placement (charg\u00e9\/d\u00e9charg\u00e9) : <\/td>\n<td>8\/8,5 km\/h<\/td>\n<\/tr>\n<tr>\n<td>Batterie plomb-acide Tension\/Capacit\u00e9 nominale :<\/td>\n<td> 48V\/900Ah<br \/>\nbatterie au plomb-acide<\/td>\n<\/tr>\n<tr>\n<td>Moteur d&rsquo;entra\u00eenement &#8211; 60 min :<\/td>\n<td>7kw<\/td>\n<\/tr>\n<tr>\n<td>Moteur de la pompe &#8211; 15 min :<\/td>\n<td>12,5 kW<\/td>\n<\/tr>\n<tr>\n<td>M\u00e9thode de contr\u00f4le du moteur d&rsquo;entra\u00eenement :<\/td>\n<td>AC<\/td>\n<\/tr>\n<tr>\n<td>Contr\u00f4les :<\/td>\n<td>Curtis<\/td>\n<\/tr>\n<\/tbody>\n<\/table>\n<\/div>\n\t\t\t\t\t\t\t\t\t<div class=\"elementor-tab-title elementor-tab-mobile-title\" aria-selected=\"false\" data-tab=\"2\" role=\"tab\" tabindex=\"-1\" aria-controls=\"elementor-tab-content-1722\" aria-expanded=\"false\">Imp\u00e9rial<\/div>\n\t\t\t\t\t<div id=\"elementor-tab-content-1722\" class=\"elementor-tab-content elementor-clearfix\" data-tab=\"2\" role=\"tabpanel\" aria-labelledby=\"elementor-tab-title-1722\" tabindex=\"0\" hidden=\"hidden\"><table>\n<tbody>\n<tr>\n<th>Mod\u00e8le :<\/th>\n<th>OPX33<\/th>\n<\/tr>\n<tr>\n<td>S\u00e9rie :<\/td>\n<td> VNA<\/td>\n<\/tr>\n<tr>\n<td>Capacit\u00e9 de charge :<\/td>\n<td>3307lbs<\/td>\n<\/tr>\n<tr>\n<td>Centre de charge :<\/td>\n<td>23.64in<\/td>\n<\/tr>\n<tr>\n<td>Type d&rsquo;op\u00e9rateur :<\/td>\n<td>Assis<\/td>\n<\/tr>\n<tr>\n<td>Hauteur du garde-corps :<\/td>\n<td>86.7in<\/td>\n<\/tr>\n<tr>\n<td>Longueur jusqu&rsquo;\u00e0 la face des fourches<\/td>\n<td>120,5 pouces<\/td>\n<\/tr>\n<tr>\n<td>Largeur totale :<\/td>\n<td>50\/60in<\/td>\n<\/tr>\n<tr>\n<td>Rayon de braquage (dans le compartiment \u00e0 piles standard) :<\/td>\n<td>82.7in<\/td>\n<\/tr>\n<tr>\n<td>Type de pneu :<\/td>\n<td>PU<\/td>\n<\/tr>\n<tr>\n<td>Poids total approximatif (avec batterie) :<\/td>\n<td>13891lbs<\/td>\n<\/tr>\n<tr>\n<td>Poids total approximatif (sans batterie) :<\/td>\n<td>10474lbs<\/td>\n<\/tr>\n<tr>\n<td>Vitesse de d\u00e9placement max. Vitesse de d\u00e9placement (charg\u00e9\/d\u00e9charg\u00e9) : <\/td>\n<td>5\/5.28 mile\/h<\/td>\n<\/tr>\n<tr>\n<td>Batterie plomb-acide Tension\/Capacit\u00e9 nominale :<\/td>\n<td> 48V\/900Ah<br \/>\nbatterie au plomb-acide<\/td>\n<\/tr>\n<tr>\n<td>Moteur d&rsquo;entra\u00eenement &#8211; 60 min :<\/td>\n<td>9.38hp<\/td>\n<\/tr>\n<tr>\n<td>Moteur de la pompe &#8211; 15 min :<\/td>\n<td>16.76hp<\/td>\n<\/tr>\n<tr>\n<td>M\u00e9thode de contr\u00f4le du moteur d&rsquo;entra\u00eenement :<\/td>\n<td>AC<\/td>\n<\/tr>\n<tr>\n<td>Contr\u00f4les :<\/td>\n<td>Curtis<\/td>\n<\/tr>\n<\/tbody>\n<\/table>\n<\/div>\n\t\t\t\t\t\t\t<\/div>\n\t\t<\/div>\n\t\t\t\t\t\t<\/div>\n\t\t\t\t<\/div>\n\t\t\t\t\t<\/div>\n\t\t<\/div>\n\t\t\t\t\t<\/div>\n\t\t<\/section>\n\t\t\t\t<section class=\"elementor-section elementor-top-section elementor-element elementor-element-bc2c892 elementor-hidden-desktop elementor-hidden-tablet elementor-hidden-mobile elementor-section-boxed elementor-section-height-default elementor-section-height-default\" data-id=\"bc2c892\" data-element_type=\"section\" data-e-type=\"section\">\n\t\t\t\t\t\t<div class=\"elementor-container elementor-column-gap-default\">\n\t\t\t\t\t<div class=\"elementor-column elementor-col-50 elementor-top-column elementor-element elementor-element-59bd00d\" data-id=\"59bd00d\" data-element_type=\"column\" data-e-type=\"column\">\n\t\t\t<div class=\"elementor-widget-wrap elementor-element-populated\">\n\t\t\t\t\t\t<div class=\"elementor-element elementor-element-988f22f elementor-widget elementor-widget-text-editor\" data-id=\"988f22f\" data-element_type=\"widget\" data-e-type=\"widget\" data-widget_type=\"text-editor.default\">\n\t\t\t\t<div class=\"elementor-widget-container\">\n\t\t\t\t\t\t\t\t\t<p> <\/p><p> <\/p><p>La structure puissante du ch\u00e2ssis et la r\u00e9partition raisonnable du centre de gravit\u00e9 conf\u00e8rent au chariot \u00e9l\u00e9vateur une excellente stabilit\u00e9.<\/p>\t\t\t\t\t\t\t\t<\/div>\n\t\t\t\t<\/div>\n\t\t\t\t\t<\/div>\n\t\t<\/div>\n\t\t\t\t<div class=\"elementor-column elementor-col-50 elementor-top-column elementor-element elementor-element-30e9a9e\" data-id=\"30e9a9e\" data-element_type=\"column\" data-e-type=\"column\">\n\t\t\t<div class=\"elementor-widget-wrap elementor-element-populated\">\n\t\t\t\t\t\t<div class=\"elementor-element elementor-element-2a23910 elementor-widget elementor-widget-image\" data-id=\"2a23910\" data-element_type=\"widget\" data-e-type=\"widget\" data-widget_type=\"image.default\">\n\t\t\t\t<div class=\"elementor-widget-container\">\n\t\t\t\t\t\t\t\t\t\t\t\t\t\t\t<img loading=\"lazy\" decoding=\"async\" width=\"600\" height=\"400\" src=\"https:\/\/nobleliftcanada.com\/wp-content\/uploads\/2020\/09\/20200520163955849.jpg\" class=\"attachment-large size-large wp-image-17573\" alt=\"\" srcset=\"https:\/\/nobleliftcanada.com\/wp-content\/uploads\/2020\/09\/20200520163955849.jpg 600w, https:\/\/nobleliftcanada.com\/wp-content\/uploads\/2020\/09\/20200520163955849-300x200.jpg 300w\" sizes=\"auto, (max-width: 600px) 100vw, 600px\" \/>\t\t\t\t\t\t\t\t\t\t\t\t\t\t\t<\/div>\n\t\t\t\t<\/div>\n\t\t\t\t\t<\/div>\n\t\t<\/div>\n\t\t\t\t\t<\/div>\n\t\t<\/section>\n\t\t\t\t<section class=\"elementor-section elementor-top-section elementor-element elementor-element-ed01316 elementor-hidden-desktop elementor-hidden-tablet elementor-hidden-mobile elementor-section-boxed elementor-section-height-default elementor-section-height-default\" data-id=\"ed01316\" data-element_type=\"section\" data-e-type=\"section\">\n\t\t\t\t\t\t<div class=\"elementor-container elementor-column-gap-default\">\n\t\t\t\t\t<div class=\"elementor-column elementor-col-50 elementor-top-column elementor-element elementor-element-85f4d83\" data-id=\"85f4d83\" data-element_type=\"column\" data-e-type=\"column\">\n\t\t\t<div class=\"elementor-widget-wrap elementor-element-populated\">\n\t\t\t\t\t\t<div class=\"elementor-element elementor-element-ae266d8 elementor-widget elementor-widget-image\" data-id=\"ae266d8\" data-element_type=\"widget\" data-e-type=\"widget\" data-widget_type=\"image.default\">\n\t\t\t\t<div class=\"elementor-widget-container\">\n\t\t\t\t\t\t\t\t\t\t\t\t\t\t\t<img loading=\"lazy\" decoding=\"async\" width=\"600\" height=\"400\" src=\"https:\/\/nobleliftcanada.com\/wp-content\/uploads\/2020\/09\/20200520164426564.jpg\" class=\"attachment-large size-large wp-image-17578\" alt=\"\" srcset=\"https:\/\/nobleliftcanada.com\/wp-content\/uploads\/2020\/09\/20200520164426564.jpg 600w, https:\/\/nobleliftcanada.com\/wp-content\/uploads\/2020\/09\/20200520164426564-300x200.jpg 300w\" sizes=\"auto, (max-width: 600px) 100vw, 600px\" \/>\t\t\t\t\t\t\t\t\t\t\t\t\t\t\t<\/div>\n\t\t\t\t<\/div>\n\t\t\t\t\t<\/div>\n\t\t<\/div>\n\t\t\t\t<div class=\"elementor-column elementor-col-50 elementor-top-column elementor-element elementor-element-c2dce5d\" data-id=\"c2dce5d\" data-element_type=\"column\" data-e-type=\"column\">\n\t\t\t<div class=\"elementor-widget-wrap elementor-element-populated\">\n\t\t\t\t\t\t<div class=\"elementor-element elementor-element-e1cfd31 elementor-widget elementor-widget-text-editor\" data-id=\"e1cfd31\" data-element_type=\"widget\" data-e-type=\"widget\" data-widget_type=\"text-editor.default\">\n\t\t\t\t<div class=\"elementor-widget-container\">\n\t\t\t\t\t\t\t\t\t<p> <\/p><p> <\/p><p>La pompe hydraulique \u00e0 engrenage silencieuse r\u00e9duit le bruit de levage de l&rsquo;ensemble du v\u00e9hicule.<span class=\"html-tag\">&lt;p<\/span>&gt; Les contr\u00f4leurs de moteur de voyage, les contr\u00f4leurs de moteur de pompe hydraulique et les contr\u00f4leurs de moteur de direction de marques internationales r\u00e9put\u00e9es sont autoprot\u00e9g\u00e9s, ne n\u00e9cessitent pas d&rsquo;entretien et ont des performances sup\u00e9rieures.<\/p>\t\t\t\t\t\t\t\t<\/div>\n\t\t\t\t<\/div>\n\t\t\t\t\t<\/div>\n\t\t<\/div>\n\t\t\t\t\t<\/div>\n\t\t<\/section>\n\t\t\t\t<\/div>\n\t\t","protected":false},"excerpt":{"rendered":"<p>Le chariot \u00e9l\u00e9vateur \u00e0 conducteur assis OPX15 pour all\u00e9es tr\u00e8s \u00e9troites (VNA) pr\u00e9sente d&rsquo;excellentes performances et configuration. Il pr\u00e9sente les avantages suivants : grande hauteur de levage, intelligence, s\u00e9curit\u00e9 et fiabilit\u00e9, etc. Il est particuli\u00e8rement adapt\u00e9 au chargement, au d\u00e9chargement et \u00e0 l&#8217;empilage de marchandises sur palettes pour les applications en all\u00e9es \u00e9troites. C&rsquo;est le choix id\u00e9al pour stocker des marchandises de grande taille avec une productivit\u00e9 maximale dans les entrep\u00f4ts \u00e0 haute densit\u00e9.<\/p>\n","protected":false},"featured_media":59282,"comment_status":"open","ping_status":"closed","template":"","meta":{"_acf_changed":false},"product_brand":[],"product_cat":[140],"product_tag":[],"class_list":{"0":"post-59265","1":"product","2":"type-product","3":"status-publish","4":"has-post-thumbnail","6":"product_cat-reach-stand-up-trucks-fr","8":"first","9":"instock","10":"taxable","11":"shipping-taxable","12":"product-type-variable"},"exclude_global_add_ons":false,"addons":{"3":{"name":"Chargeur de batterie","type":"multiple_choice","position":0,"required":true,"title_format":"label","default":"","description_enable":false,"description":null,"placeholder_enable":false,"placeholder":null,"display":"select","restrictions_type":"any_text","adjust_price":false,"price":"","price_type":"flat_fee","restrictions":false,"min":"0","max":"0","options":[{"label":"Chargeur 48V\/160Ah-480\/600VAC 3PH","price":"5000","price_type":"quantity_based","image":0,"visibility":true}],"id":1746124544},"1":{"name":"Chargeur de batterie","type":"multiple_choice","position":1,"required":true,"title_format":"label","default":"","description_enable":false,"description":null,"placeholder_enable":false,"placeholder":null,"display":"select","restrictions_type":"any_text","adjust_price":false,"price":"","price_type":"flat_fee","restrictions":false,"min":"0","max":"0","options":[{"label":"Chargeur Lithium-ion 48V\/200Ah 480\/600VAC 3PH","price":"10400","price_type":"quantity_based","image":0,"visibility":true},{"label":"Chargeur 48V\/200Ah-480\/600VAC 3PH Lithium-ion FST","price":"6880","price_type":"quantity_based","image":0,"visibility":true}],"id":1745433630},"0":{"name":"Batterie acide","type":"multiple_choice","position":2,"required":false,"title_format":"label","default":"","description_enable":false,"description":null,"placeholder_enable":false,"placeholder":null,"display":"radiobutton","restrictions_type":"any_text","adjust_price":false,"price":"","price_type":"flat_fee","restrictions":false,"min":"0","max":"0","options":[{"label":"Syst\u00e8me d'arrosage pour batterie acide","price":"998","price_type":"quantity_based","image":0,"visibility":true}],"id":1745433629},"2":{"name":"DES OPTIONS SUPPL\u00c9MENTAIRES :","type":"checkbox","position":3,"required":false,"title_format":"label","default":"","description_enable":false,"description":null,"placeholder_enable":false,"placeholder":null,"display":"select","restrictions_type":"any_text","adjust_price":false,"price":"","price_type":"flat_fee","restrictions":false,"min":"0","max":"0","options":[{"label":"Syst\u00e8me de pr\u00e9s\u00e9lection de la hauteur","price":"5000","price_type":"quantity_based","image":0,"visibility":true},{"label":"Ensemble de syst\u00e8mes de guidage magn\u00e9tique","price":"10400","price_type":"quantity_based","image":0,"visibility":true},{"label":"Bandes magn\u00e9tiques par m\u00e8tre","price":"1636","price_type":"quantity_based","image":0,"visibility":true},{"label":"Support de chargeur avec b\u00e2ton de pogo","price":"1100","price_type":"quantity_based","image":0,"visibility":true}],"id":1745433241}},"acf":{"coming_soon":false,"item_description":"Sit-on<br \/> 1500 KG","brochure_button_label":"Brochure","brochure":17909,"location":"","video":"https:\/\/www.youtube.com\/watch?v=i90EA9DyZH8","standard_features":"","alternative_numbers":"","erp_id":"","models":""},"yoast_head":"<!-- This site is optimized with the Yoast SEO plugin v27.3 - https:\/\/yoast.com\/product\/yoast-seo-wordpress\/ -->\n<title>OPX15 (Copy) &#8212; Noblelift Canada<\/title>\n<meta name=\"description\" content=\"OPX15 (Copy) by Noblelift Canada | | Inquire Now To Get Your Noblelift Equipment &amp; Parts\" \/>\n<meta name=\"robots\" content=\"index, follow, max-snippet:-1, max-image-preview:large, max-video-preview:-1\" \/>\n<link rel=\"canonical\" href=\"https:\/\/nobleliftcanada.com\/fr\/produit\/opx15-copy\/\" \/>\n<meta property=\"og:locale\" content=\"fr_FR\" \/>\n<meta property=\"og:type\" content=\"article\" \/>\n<meta property=\"og:title\" content=\"OPX15 (Copy) &#8212; Noblelift Canada\" \/>\n<meta property=\"og:description\" content=\"OPX15 (Copy) by Noblelift Canada | | Inquire Now To Get Your Noblelift Equipment &amp; Parts\" \/>\n<meta property=\"og:url\" content=\"https:\/\/nobleliftcanada.com\/fr\/produit\/opx15-copy\/\" \/>\n<meta property=\"og:site_name\" content=\"Noblelift Canada\" \/>\n<meta property=\"article:publisher\" content=\"https:\/\/www.facebook.com\/Noblelift-Canada-102966741541390\/\" \/>\n<meta property=\"article:modified_time\" content=\"2026-03-03T19:42:45+00:00\" \/>\n<meta property=\"og:image\" content=\"https:\/\/nobleliftcanada.com\/wp-content\/uploads\/2026\/03\/Noblelift-Canada-ReachTruck-OPK.webp\" \/>\n\t<meta property=\"og:image:width\" content=\"1080\" \/>\n\t<meta property=\"og:image:height\" content=\"1080\" \/>\n\t<meta property=\"og:image:type\" content=\"image\/webp\" \/>\n<meta name=\"twitter:card\" content=\"summary_large_image\" \/>\n<meta name=\"twitter:label1\" content=\"Dur\u00e9e de lecture estim\u00e9e\" \/>\n\t<meta name=\"twitter:data1\" content=\"2 minutes\" \/>\n<script type=\"application\/ld+json\" class=\"yoast-schema-graph\">{\"@context\":\"https:\\\/\\\/schema.org\",\"@graph\":[{\"@type\":\"WebPage\",\"@id\":\"https:\\\/\\\/nobleliftcanada.com\\\/fr\\\/produit\\\/opx15-copy\\\/\",\"url\":\"https:\\\/\\\/nobleliftcanada.com\\\/fr\\\/produit\\\/opx15-copy\\\/\",\"name\":\"OPX15 (Copy) &#8212; Noblelift Canada\",\"isPartOf\":{\"@id\":\"https:\\\/\\\/nobleliftcanada.com\\\/fr\\\/#website\"},\"primaryImageOfPage\":{\"@id\":\"https:\\\/\\\/nobleliftcanada.com\\\/fr\\\/produit\\\/opx15-copy\\\/#primaryimage\"},\"image\":{\"@id\":\"https:\\\/\\\/nobleliftcanada.com\\\/fr\\\/produit\\\/opx15-copy\\\/#primaryimage\"},\"thumbnailUrl\":\"https:\\\/\\\/nobleliftcanada.com\\\/wp-content\\\/uploads\\\/2026\\\/03\\\/Noblelift-Canada-ReachTruck-OPK.webp\",\"datePublished\":\"2026-03-03T19:40:24+00:00\",\"dateModified\":\"2026-03-03T19:42:45+00:00\",\"description\":\"OPX15 (Copy) by Noblelift Canada | | Inquire Now To Get Your Noblelift Equipment & Parts\",\"breadcrumb\":{\"@id\":\"https:\\\/\\\/nobleliftcanada.com\\\/fr\\\/produit\\\/opx15-copy\\\/#breadcrumb\"},\"inLanguage\":\"fr-FR\",\"potentialAction\":[{\"@type\":\"ReadAction\",\"target\":[\"https:\\\/\\\/nobleliftcanada.com\\\/fr\\\/produit\\\/opx15-copy\\\/\"]}]},{\"@type\":\"ImageObject\",\"inLanguage\":\"fr-FR\",\"@id\":\"https:\\\/\\\/nobleliftcanada.com\\\/fr\\\/produit\\\/opx15-copy\\\/#primaryimage\",\"url\":\"https:\\\/\\\/nobleliftcanada.com\\\/wp-content\\\/uploads\\\/2026\\\/03\\\/Noblelift-Canada-ReachTruck-OPK.webp\",\"contentUrl\":\"https:\\\/\\\/nobleliftcanada.com\\\/wp-content\\\/uploads\\\/2026\\\/03\\\/Noblelift-Canada-ReachTruck-OPK.webp\",\"width\":1080,\"height\":1080},{\"@type\":\"BreadcrumbList\",\"@id\":\"https:\\\/\\\/nobleliftcanada.com\\\/fr\\\/produit\\\/opx15-copy\\\/#breadcrumb\",\"itemListElement\":[{\"@type\":\"ListItem\",\"position\":1,\"name\":\"Home\",\"item\":\"https:\\\/\\\/nobleliftcanada.com\\\/fr\\\/\"},{\"@type\":\"ListItem\",\"position\":2,\"name\":\"Boutique\",\"item\":\"https:\\\/\\\/nobleliftcanada.com\\\/shop\\\/\"},{\"@type\":\"ListItem\",\"position\":3,\"name\":\"OPX15 (Copy)\"}]},{\"@type\":\"WebSite\",\"@id\":\"https:\\\/\\\/nobleliftcanada.com\\\/fr\\\/#website\",\"url\":\"https:\\\/\\\/nobleliftcanada.com\\\/fr\\\/\",\"name\":\"Noblelift Canada\",\"description\":\"Canada&#039;s Leader | Material Handling Equipment\",\"publisher\":{\"@id\":\"https:\\\/\\\/nobleliftcanada.com\\\/fr\\\/#organization\"},\"potentialAction\":[{\"@type\":\"SearchAction\",\"target\":{\"@type\":\"EntryPoint\",\"urlTemplate\":\"https:\\\/\\\/nobleliftcanada.com\\\/fr\\\/?s={search_term_string}\"},\"query-input\":{\"@type\":\"PropertyValueSpecification\",\"valueRequired\":true,\"valueName\":\"search_term_string\"}}],\"inLanguage\":\"fr-FR\"},{\"@type\":\"Organization\",\"@id\":\"https:\\\/\\\/nobleliftcanada.com\\\/fr\\\/#organization\",\"name\":\"Noblelift Canada\",\"url\":\"https:\\\/\\\/nobleliftcanada.com\\\/fr\\\/\",\"logo\":{\"@type\":\"ImageObject\",\"inLanguage\":\"fr-FR\",\"@id\":\"https:\\\/\\\/nobleliftcanada.com\\\/fr\\\/#\\\/schema\\\/logo\\\/image\\\/\",\"url\":\"https:\\\/\\\/nobleliftcanada.com\\\/wp-content\\\/uploads\\\/2020\\\/08\\\/NOBLELIFTCANADA-1.png\",\"contentUrl\":\"https:\\\/\\\/nobleliftcanada.com\\\/wp-content\\\/uploads\\\/2020\\\/08\\\/NOBLELIFTCANADA-1.png\",\"width\":2413,\"height\":880,\"caption\":\"Noblelift Canada\"},\"image\":{\"@id\":\"https:\\\/\\\/nobleliftcanada.com\\\/fr\\\/#\\\/schema\\\/logo\\\/image\\\/\"},\"sameAs\":[\"https:\\\/\\\/www.facebook.com\\\/Noblelift-Canada-102966741541390\\\/\"]}]}<\/script>\n<!-- \/ Yoast SEO plugin. -->","yoast_head_json":{"title":"OPX15 (Copy) &#8212; Noblelift Canada","description":"OPX15 (Copy) by Noblelift Canada | | Inquire Now To Get Your Noblelift Equipment & Parts","robots":{"index":"index","follow":"follow","max-snippet":"max-snippet:-1","max-image-preview":"max-image-preview:large","max-video-preview":"max-video-preview:-1"},"canonical":"https:\/\/nobleliftcanada.com\/fr\/produit\/opx15-copy\/","og_locale":"fr_FR","og_type":"article","og_title":"OPX15 (Copy) &#8212; Noblelift Canada","og_description":"OPX15 (Copy) by Noblelift Canada | | Inquire Now To Get Your Noblelift Equipment & Parts","og_url":"https:\/\/nobleliftcanada.com\/fr\/produit\/opx15-copy\/","og_site_name":"Noblelift Canada","article_publisher":"https:\/\/www.facebook.com\/Noblelift-Canada-102966741541390\/","article_modified_time":"2026-03-03T19:42:45+00:00","og_image":[{"width":1080,"height":1080,"url":"https:\/\/nobleliftcanada.com\/wp-content\/uploads\/2026\/03\/Noblelift-Canada-ReachTruck-OPK.webp","type":"image\/webp"}],"twitter_card":"summary_large_image","twitter_misc":{"Dur\u00e9e de lecture estim\u00e9e":"2 minutes"},"schema":{"@context":"https:\/\/schema.org","@graph":[{"@type":"WebPage","@id":"https:\/\/nobleliftcanada.com\/fr\/produit\/opx15-copy\/","url":"https:\/\/nobleliftcanada.com\/fr\/produit\/opx15-copy\/","name":"OPX15 (Copy) &#8212; Noblelift Canada","isPartOf":{"@id":"https:\/\/nobleliftcanada.com\/fr\/#website"},"primaryImageOfPage":{"@id":"https:\/\/nobleliftcanada.com\/fr\/produit\/opx15-copy\/#primaryimage"},"image":{"@id":"https:\/\/nobleliftcanada.com\/fr\/produit\/opx15-copy\/#primaryimage"},"thumbnailUrl":"https:\/\/nobleliftcanada.com\/wp-content\/uploads\/2026\/03\/Noblelift-Canada-ReachTruck-OPK.webp","datePublished":"2026-03-03T19:40:24+00:00","dateModified":"2026-03-03T19:42:45+00:00","description":"OPX15 (Copy) by Noblelift Canada | | Inquire Now To Get Your Noblelift Equipment & Parts","breadcrumb":{"@id":"https:\/\/nobleliftcanada.com\/fr\/produit\/opx15-copy\/#breadcrumb"},"inLanguage":"fr-FR","potentialAction":[{"@type":"ReadAction","target":["https:\/\/nobleliftcanada.com\/fr\/produit\/opx15-copy\/"]}]},{"@type":"ImageObject","inLanguage":"fr-FR","@id":"https:\/\/nobleliftcanada.com\/fr\/produit\/opx15-copy\/#primaryimage","url":"https:\/\/nobleliftcanada.com\/wp-content\/uploads\/2026\/03\/Noblelift-Canada-ReachTruck-OPK.webp","contentUrl":"https:\/\/nobleliftcanada.com\/wp-content\/uploads\/2026\/03\/Noblelift-Canada-ReachTruck-OPK.webp","width":1080,"height":1080},{"@type":"BreadcrumbList","@id":"https:\/\/nobleliftcanada.com\/fr\/produit\/opx15-copy\/#breadcrumb","itemListElement":[{"@type":"ListItem","position":1,"name":"Home","item":"https:\/\/nobleliftcanada.com\/fr\/"},{"@type":"ListItem","position":2,"name":"Boutique","item":"https:\/\/nobleliftcanada.com\/shop\/"},{"@type":"ListItem","position":3,"name":"OPX15 (Copy)"}]},{"@type":"WebSite","@id":"https:\/\/nobleliftcanada.com\/fr\/#website","url":"https:\/\/nobleliftcanada.com\/fr\/","name":"Noblelift Canada","description":"Canada&#039;s Leader | Material Handling Equipment","publisher":{"@id":"https:\/\/nobleliftcanada.com\/fr\/#organization"},"potentialAction":[{"@type":"SearchAction","target":{"@type":"EntryPoint","urlTemplate":"https:\/\/nobleliftcanada.com\/fr\/?s={search_term_string}"},"query-input":{"@type":"PropertyValueSpecification","valueRequired":true,"valueName":"search_term_string"}}],"inLanguage":"fr-FR"},{"@type":"Organization","@id":"https:\/\/nobleliftcanada.com\/fr\/#organization","name":"Noblelift Canada","url":"https:\/\/nobleliftcanada.com\/fr\/","logo":{"@type":"ImageObject","inLanguage":"fr-FR","@id":"https:\/\/nobleliftcanada.com\/fr\/#\/schema\/logo\/image\/","url":"https:\/\/nobleliftcanada.com\/wp-content\/uploads\/2020\/08\/NOBLELIFTCANADA-1.png","contentUrl":"https:\/\/nobleliftcanada.com\/wp-content\/uploads\/2020\/08\/NOBLELIFTCANADA-1.png","width":2413,"height":880,"caption":"Noblelift Canada"},"image":{"@id":"https:\/\/nobleliftcanada.com\/fr\/#\/schema\/logo\/image\/"},"sameAs":["https:\/\/www.facebook.com\/Noblelift-Canada-102966741541390\/"]}]}},"_links":{"self":[{"href":"https:\/\/nobleliftcanada.com\/fr\/wp-json\/wp\/v2\/product\/59265","targetHints":{"allow":["GET"]}}],"collection":[{"href":"https:\/\/nobleliftcanada.com\/fr\/wp-json\/wp\/v2\/product"}],"about":[{"href":"https:\/\/nobleliftcanada.com\/fr\/wp-json\/wp\/v2\/types\/product"}],"replies":[{"embeddable":true,"href":"https:\/\/nobleliftcanada.com\/fr\/wp-json\/wp\/v2\/comments?post=59265"}],"version-history":[{"count":1,"href":"https:\/\/nobleliftcanada.com\/fr\/wp-json\/wp\/v2\/product\/59265\/revisions"}],"predecessor-version":[{"id":59298,"href":"https:\/\/nobleliftcanada.com\/fr\/wp-json\/wp\/v2\/product\/59265\/revisions\/59298"}],"wp:featuredmedia":[{"embeddable":true,"href":"https:\/\/nobleliftcanada.com\/fr\/wp-json\/wp\/v2\/media\/59282"}],"wp:attachment":[{"href":"https:\/\/nobleliftcanada.com\/fr\/wp-json\/wp\/v2\/media?parent=59265"}],"wp:term":[{"taxonomy":"product_brand","embeddable":true,"href":"https:\/\/nobleliftcanada.com\/fr\/wp-json\/wp\/v2\/product_brand?post=59265"},{"taxonomy":"product_cat","embeddable":true,"href":"https:\/\/nobleliftcanada.com\/fr\/wp-json\/wp\/v2\/product_cat?post=59265"},{"taxonomy":"product_tag","embeddable":true,"href":"https:\/\/nobleliftcanada.com\/fr\/wp-json\/wp\/v2\/product_tag?post=59265"}],"curies":[{"name":"wp","href":"https:\/\/api.w.org\/{rel}","templated":true}]}}