{"id":57920,"date":"2025-11-30T13:53:42","date_gmt":"2025-11-30T17:53:42","guid":{"rendered":"https:\/\/nobleliftcanada.com\/?post_type=product&#038;p=57920"},"modified":"2025-11-30T13:57:39","modified_gmt":"2025-11-30T17:57:39","slug":"ascenseur-a-ciseaux-copy","status":"publish","type":"product","link":"https:\/\/nobleliftcanada.com\/fr\/produit\/ascenseur-a-ciseaux-copy\/","title":{"rendered":"Ascenseur \u00e0 ciseaux (Copy)"},"content":{"rendered":"\t\t<div data-elementor-type=\"product-post\" data-elementor-id=\"57920\" class=\"elementor elementor-57920 elementor-57894\" data-elementor-post-type=\"product\">\n\t\t\t\t\t\t<section class=\"elementor-section elementor-top-section elementor-element elementor-element-ff0059a elementor-section-boxed elementor-section-height-default elementor-section-height-default\" data-id=\"ff0059a\" data-element_type=\"section\" data-e-type=\"section\">\n\t\t\t\t\t\t<div class=\"elementor-container elementor-column-gap-default\">\n\t\t\t\t\t<div class=\"elementor-column elementor-col-100 elementor-top-column elementor-element elementor-element-084218b\" data-id=\"084218b\" data-element_type=\"column\" data-e-type=\"column\">\n\t\t\t<div class=\"elementor-widget-wrap elementor-element-populated\">\n\t\t\t\t\t\t<div class=\"elementor-element elementor-element-83dfece elementor-widget elementor-widget-heading\" data-id=\"83dfece\" data-element_type=\"widget\" data-e-type=\"widget\" data-widget_type=\"heading.default\">\n\t\t\t\t<div class=\"elementor-widget-container\">\n\t\t\t\t\t<h1 class=\"elementor-heading-title elementor-size-default\">CARACT\u00c9RISTIQUES TECHNIQUES<\/h1>\t\t\t\t<\/div>\n\t\t\t\t<\/div>\n\t\t\t\t<div class=\"elementor-element elementor-element-700cd9f elementor-widget elementor-widget-text-editor\" data-id=\"700cd9f\" data-element_type=\"widget\" data-e-type=\"widget\" data-widget_type=\"text-editor.default\">\n\t\t\t\t<div class=\"elementor-widget-container\">\n\t\t\t\t\t\t\t\t\t<div id=\"imperial\" class=\"tab-pane fade show active\" role=\"tabpanel\" aria-labelledby=\"imperial-tab\">\n<h3 id=\"1052537919\" class=\"dmNewParagraph\" data-element-type=\"paragraph\" data-uialign=\"right\"><span style=\"font-size: 16px;\">SC=Scissor Lift, 09=Hauteur de la plate-forme, 30=Largeur de la plate-forme, E=Entra\u00eenement \u00e9lectrique, H=Entra\u00eenement hydrostatique, C=Compact, N=\u00c9troit<\/span><\/h3>\n<div id=\"imperial\" class=\"tab-pane fade show active\" role=\"tabpanel\" aria-labelledby=\"imperial-tab\">\n<table class=\"table\" style=\"height: 641px;\" width=\"581\">\n<thead class=\"thead\">\n<tr>\n<th class=\"thead-title\" scope=\"col\">Mod\u00e8le<\/th>\n<th class=\"thead-title\" scope=\"col\">SC0930<\/th>\n<th class=\"thead-title\" scope=\"col\">SC1230<\/th>\n<th class=\"thead-title\" scope=\"col\">SC0928E<\/th>\n<th class=\"thead-title\" scope=\"col\">SC1328E<\/th>\n<th class=\"thead-title\" scope=\"col\">SC1929EC<\/th>\n<\/tr>\n<\/thead>\n<tbody>\n<tr>\n<td class=\"thead-parameter\" data-label=\"Model\">Type d&rsquo;unit\u00e9<\/td>\n<td class=\"thead-parameter\" data-label=\"SC0930\">Pont \u00e9l\u00e9vateur \u00e9lectrique \u00e0 ciseaux, traction avant<\/td>\n<td class=\"thead-parameter\" data-label=\"SC1230\">Pont \u00e9l\u00e9vateur \u00e9lectrique \u00e0 ciseaux, traction avant<\/td>\n<td class=\"thead-parameter\" data-label=\"SC0928E\">Pont \u00e9l\u00e9vateur \u00e9lectrique \u00e0 ciseaux, traction avant<\/td>\n<td class=\"thead-parameter\" data-label=\"SC1328E\">Pont \u00e9l\u00e9vateur \u00e9lectrique \u00e0 ciseaux, traction avant<\/td>\n<td class=\"thead-parameter\" data-label=\"SC1929EC\">Pont \u00e9l\u00e9vateur \u00e9lectrique \u00e0 ciseaux, traction avant<\/td>\n<\/tr>\n<tr>\n<td class=\"thead-parameter\" data-label=\"Model\">Capacit\u00e9 de charge<\/td>\n<td class=\"thead-parameter\" data-label=\"SC0930\">529lb<\/td>\n<td class=\"thead-parameter\" data-label=\"SC1230\">529lb<\/td>\n<td class=\"thead-parameter\" data-label=\"SC0928E\">529lb<\/td>\n<td class=\"thead-parameter\" data-label=\"SC1328E\">529lb<\/td>\n<td class=\"thead-parameter\" data-label=\"SC1929EC\">507lb<\/td>\n<\/tr>\n<tr>\n<td class=\"thead-parameter\" data-label=\"Model\">Hauteur de travail maximale<\/td>\n<td class=\"thead-parameter\" data-label=\"SC0930\">16&prime;<\/td>\n<td class=\"thead-parameter\" data-label=\"SC1230\">19&prime;<\/td>\n<td class=\"thead-parameter\" data-label=\"SC0928E\">16&prime;<\/td>\n<td class=\"thead-parameter\" data-label=\"SC1328E\">19&prime;<\/td>\n<td class=\"thead-parameter\" data-label=\"SC1929EC\">26&prime;<\/td>\n<\/tr>\n<tr>\n<td class=\"thead-parameter\" data-label=\"Model\">Puissance<\/td>\n<td class=\"thead-parameter\" data-label=\"SC0930\">2x12V\/80Ah<\/td>\n<td class=\"thead-parameter\" data-label=\"SC1230\">2x12V\/80Ah<\/td>\n<td class=\"thead-parameter\" data-label=\"SC0928E\">2x12V\/85Ah<\/td>\n<td class=\"thead-parameter\" data-label=\"SC1328E\">2x12V\/85Ah<\/td>\n<td class=\"thead-parameter\" data-label=\"SC1929EC\">4x6V\/220Ah<\/td>\n<\/tr>\n<tr>\n<td class=\"thead-parameter\" data-label=\"Model\">Chargeur int\u00e9gr\u00e9<\/td>\n<td class=\"thead-parameter\" data-label=\"SC0930\">Plug-In<\/td>\n<td class=\"thead-parameter\" data-label=\"SC1230\">24V\/10A<\/td>\n<td class=\"thead-parameter\" data-label=\"SC0928E\">24V\/15A<\/td>\n<td class=\"thead-parameter\" data-label=\"SC1328E\">24V\/15A<\/td>\n<td class=\"thead-parameter\" data-label=\"SC1929EC\">24V\/30A<\/td>\n<\/tr>\n<tr>\n<td class=\"thead-parameter\" data-label=\"Model\">Taille de la plate-forme (LxL)<\/td>\n<td class=\"thead-parameter\" data-label=\"SC0930\">51 \u00ab\u00a0x30\u00a0\u00bb<\/td>\n<td class=\"thead-parameter\" data-label=\"SC1230\">51 \u00ab\u00a0x30\u00a0\u00bb<\/td>\n<td class=\"thead-parameter\" data-label=\"SC0928E\">51 \u00ab\u00a0x28\u00a0\u00bb<\/td>\n<td class=\"thead-parameter\" data-label=\"SC1328E\">51 \u00ab\u00a0x28\u00a0\u00bb<\/td>\n<td class=\"thead-parameter\" data-label=\"SC1929EC\">66 \u00ab\u00a0x29\u00a0\u00bb<\/td>\n<\/tr>\n<tr>\n<td class=\"thead-parameter\" data-label=\"Model\">Pouvoir de classement maximal<\/td>\n<td class=\"thead-parameter\" data-label=\"SC0930\">&#8211;<\/td>\n<td class=\"thead-parameter\" data-label=\"SC1230\">&#8211;<\/td>\n<td class=\"thead-parameter\" data-label=\"SC0928E\">1,5\/3 degr\u00e9s<\/td>\n<td class=\"thead-parameter\" data-label=\"SC1328E\">1,5\/3 degr\u00e9s<\/td>\n<td class=\"thead-parameter\" data-label=\"SC1929EC\">1,5\/3 degr\u00e9s<\/td>\n<\/tr>\n<tr>\n<td class=\"thead-parameter\" data-label=\"Model\">Pente de travail maximale<\/td>\n<td class=\"thead-parameter\" data-label=\"SC0930\">&#8211;<\/td>\n<td class=\"thead-parameter\" data-label=\"SC1230\">&#8211;<\/td>\n<td class=\"thead-parameter\" data-label=\"SC0928E\">1,5\/3 degr\u00e9s<\/td>\n<td class=\"thead-parameter\" data-label=\"SC1328E\">1,5\/3 degr\u00e9s<\/td>\n<td class=\"thead-parameter\" data-label=\"SC1929EC\">1,5\/3 degr\u00e9s<\/td>\n<\/tr>\n<tr>\n<td class=\"thead-parameter\" data-label=\"Model\">Rayon de braquage<\/td>\n<td class=\"thead-parameter\" data-label=\"SC0930\">&#8211;<\/td>\n<td class=\"thead-parameter\" data-label=\"SC1230\">&#8211;<\/td>\n<td class=\"thead-parameter\" data-label=\"SC0928E\">61&Prime;<\/td>\n<td class=\"thead-parameter\" data-label=\"SC1328E\">61&Prime;<\/td>\n<td class=\"thead-parameter\" data-label=\"SC1929EC\">68.9&Prime;<\/td>\n<\/tr>\n<\/tbody>\n<\/table>\n<\/div>\n<h3 id=\"1720617356\" class=\"dmNewParagraph\" data-element-type=\"paragraph\" data-uialign=\"right\"><span class=\"font-size-22 lh-1\">CARACT\u00c9RISTIQUES TECHNIQUES<\/span><\/h3>\n<div id=\"1771271530\" class=\"dmNewParagraph\" data-dmtmpl=\"true\" data-element-type=\"paragraph\" data-uialign=\"center\" data-styletopreserve=\"{\">\n<div>SC=Scissor Lift, 09=Hauteur de la plate-forme, 30=Largeur de la plate-forme, E=Entra\u00eenement \u00e9lectrique, H=Entra\u00eenement hydrostatique, C=Compact, N=\u00c9troit<\/div>\n<\/div>\n<div><\/div>\n<\/div>\n<div id=\"imperial\" class=\"tab-pane fade show active\" role=\"tabpanel\" aria-labelledby=\"imperial-tab\">\n<table class=\"table\" style=\"height: 616px;\" width=\"589\">\n<thead class=\"thead\">\n<tr>\n<th class=\"thead-title\" scope=\"col\">Mod\u00e8le<\/th>\n<th class=\"thead-title\" scope=\"col\">SC2032HN<\/th>\n<th class=\"thead-title\" scope=\"col\">SC2632HN<\/th>\n<th class=\"thead-title\" scope=\"col\">SC3345H<\/th>\n<th class=\"thead-title\" scope=\"col\">SC3945H<\/th>\n<th class=\"thead-title\" scope=\"col\">SC4540H<\/th>\n<\/tr>\n<\/thead>\n<tbody>\n<tr>\n<td class=\"thead-parameter\" data-label=\"Model\">Type d&rsquo;unit\u00e9<\/td>\n<td class=\"thead-parameter\" data-label=\"SC2032HN\">Pont \u00e9l\u00e9vateur \u00e9lectrique \u00e0 ciseaux, traction avant<\/td>\n<td class=\"thead-parameter\" data-label=\"SC2632HN\">Pont \u00e9l\u00e9vateur \u00e9lectrique \u00e0 ciseaux, traction avant<\/td>\n<td class=\"thead-parameter\" data-label=\"SC3345H\">Pont \u00e9l\u00e9vateur \u00e9lectrique \u00e0 ciseaux, traction avant<\/td>\n<td class=\"thead-parameter\" data-label=\"SC3945H\">Pont \u00e9l\u00e9vateur \u00e9lectrique \u00e0 ciseaux, traction avant<\/td>\n<td class=\"thead-parameter\" data-label=\"SC4540H\">Pont \u00e9l\u00e9vateur \u00e9lectrique \u00e0 ciseaux, traction avant<\/td>\n<\/tr>\n<tr>\n<td class=\"thead-parameter\" data-label=\"Model\">Capacit\u00e9 de charge<\/td>\n<td class=\"thead-parameter\" data-label=\"SC2032HN\">838lb<\/td>\n<td class=\"thead-parameter\" data-label=\"SC2632HN\">836lb<\/td>\n<td class=\"thead-parameter\" data-label=\"SC3345H\">705lb<\/td>\n<td class=\"thead-parameter\" data-label=\"SC3945H\">705lb<\/td>\n<td class=\"thead-parameter\" data-label=\"SC4540H\">441lb<\/td>\n<\/tr>\n<tr>\n<td class=\"thead-parameter\" data-label=\"Model\">Hauteur de travail maximale<\/td>\n<td class=\"thead-parameter\" data-label=\"SC2032HN\">26&prime;<\/td>\n<td class=\"thead-parameter\" data-label=\"SC2632HN\">32&prime;<\/td>\n<td class=\"thead-parameter\" data-label=\"SC3345H\">39&prime;<\/td>\n<td class=\"thead-parameter\" data-label=\"SC3945H\">46&prime;<\/td>\n<td class=\"thead-parameter\" data-label=\"SC4540H\">52&prime;<\/td>\n<\/tr>\n<tr>\n<td class=\"thead-parameter\" data-label=\"Model\">Puissance<\/td>\n<td class=\"thead-parameter\" data-label=\"SC2032HN\">4x6V\/232Ah<\/td>\n<td class=\"thead-parameter\" data-label=\"SC2632HN\">4x6V\/232Ah<\/td>\n<td class=\"thead-parameter\" data-label=\"SC3345H\">4x6V\/232Ah<\/td>\n<td class=\"thead-parameter\" data-label=\"SC3945H\">4x6V\/280Ah<\/td>\n<td class=\"thead-parameter\" data-label=\"SC4540H\">4x6V\/310Ah<\/td>\n<\/tr>\n<tr>\n<td class=\"thead-parameter\" data-label=\"Model\">Chargeur int\u00e9gr\u00e9<\/td>\n<td class=\"thead-parameter\" data-label=\"SC2032HN\">24V\/30A<\/td>\n<td class=\"thead-parameter\" data-label=\"SC2632HN\">24V\/30A<\/td>\n<td class=\"thead-parameter\" data-label=\"SC3345H\">24V\/30A<\/td>\n<td class=\"thead-parameter\" data-label=\"SC3945H\">24V\/30A<\/td>\n<td class=\"thead-parameter\" data-label=\"SC4540H\">24V\/30A<\/td>\n<\/tr>\n<tr>\n<td class=\"thead-parameter\" data-label=\"Model\">Taille de la plate-forme (LxL)<\/td>\n<td class=\"thead-parameter\" data-label=\"SC2032HN\">89 \u00ab\u00a0x32\u00a0\u00bb<\/td>\n<td class=\"thead-parameter\" data-label=\"SC2632HN\">89 \u00ab\u00a0x32\u00a0\u00bb<\/td>\n<td class=\"thead-parameter\" data-label=\"SC3345H\">89 \u00ab\u00a0x44\u00a0\u00bb<\/td>\n<td class=\"thead-parameter\" data-label=\"SC3945H\">89 \u00ab\u00a0x44\u00a0\u00bb<\/td>\n<td class=\"thead-parameter\" data-label=\"SC4540H\">104 \u00ab\u00a0x40\u00a0\u00bb<\/td>\n<\/tr>\n<tr>\n<td class=\"thead-parameter\" data-label=\"Model\">Pouvoir de classement maximal<\/td>\n<td class=\"thead-parameter\" data-label=\"SC2032HN\">&#8211;<\/td>\n<td class=\"thead-parameter\" data-label=\"SC2632HN\">&#8211;<\/td>\n<td class=\"thead-parameter\" data-label=\"SC3345H\">25%<\/td>\n<td class=\"thead-parameter\" data-label=\"SC3945H\">25%<\/td>\n<td class=\"thead-parameter\" data-label=\"SC4540H\">25%<\/td>\n<\/tr>\n<tr>\n<td class=\"thead-parameter\" data-label=\"Model\">Pente de travail maximale<\/td>\n<td class=\"thead-parameter\" data-label=\"SC2032HN\">2\/3 degr\u00e9s<\/td>\n<td class=\"thead-parameter\" data-label=\"SC2632HN\">1,5\/3 degr\u00e9s<\/td>\n<td class=\"thead-parameter\" data-label=\"SC3345H\">2\/3 degr\u00e9s<\/td>\n<td class=\"thead-parameter\" data-label=\"SC3945H\">1,5\/3 degr\u00e9s<\/td>\n<td class=\"thead-parameter\" data-label=\"SC4540H\">1,5\/3 degr\u00e9s<\/td>\n<\/tr>\n<tr>\n<td class=\"thead-parameter\" data-label=\"Model\">Rayon de braquage<\/td>\n<td class=\"thead-parameter\" data-label=\"SC2032HN\">86.6&Prime;<\/td>\n<td class=\"thead-parameter\" data-label=\"SC2632HN\">86.6&Prime;<\/td>\n<td class=\"thead-parameter\" data-label=\"SC3345H\">98.4&Prime;<\/td>\n<td class=\"thead-parameter\" data-label=\"SC3945H\">98.4&Prime;<\/td>\n<td class=\"thead-parameter\" data-label=\"SC4540H\">98.4&Prime;<\/td>\n<\/tr>\n<\/tbody>\n<\/table>\n<\/div>\t\t\t\t\t\t\t\t<\/div>\n\t\t\t\t<\/div>\n\t\t\t\t\t<\/div>\n\t\t<\/div>\n\t\t\t\t\t<\/div>\n\t\t<\/section>\n\t\t\t\t<\/div>\n\t\t","protected":false},"excerpt":{"rendered":"<div class=\"elementor-element elementor-element-74d8321 elementor-widget elementor-widget-heading\" data-id=\"74d8321\" data-element_type=\"widget\" data-widget_type=\"heading.default\">\n<div class=\"elementor-widget-container\">\n<h4 class=\"elementor-heading-title elementor-size-default\">CARACT\u00c9RISTIQUES DE PERFORMANCE<\/h4>\n<\/div>\n<\/div>\n<div class=\"elementor-element elementor-element-4ff1cb6 elementor-widget elementor-widget-text-editor\" data-id=\"4ff1cb6\" data-element_type=\"widget\" data-widget_type=\"text-editor.default\">\n<div class=\"elementor-widget-container\">\n<p class=\"p1\"><span class=\"s1\">Les op\u00e9rateurs peuvent conduire, diriger et soulever directement sur la plate-forme et assurer un fonctionnement continu lorsqu&rsquo;il n&rsquo;y a qu&rsquo;une seule personne, sans qu&rsquo;il soit n\u00e9cessaire d&rsquo;avoir un contr\u00f4le depuis le sol.  <\/span><span class=\"s1\">Le ch\u00e2ssis est \u00e9quip\u00e9 d&rsquo;un bo\u00eetier \u00e9lectrique \u00e0 tiroir, qui permet d&rsquo;acc\u00e9der facilement aux pi\u00e8ces et de faciliter la maintenance.  <\/span><span class=\"s1\">La s\u00e9rie SC05\/06(E) est tr\u00e8s compacte et convient aux espaces confin\u00e9s tels que les ascenseurs.  <\/span><span class=\"s1\">La plate-forme et les chenilles sont \u00e9quip\u00e9es d&rsquo;un syst\u00e8me d&rsquo;affichage automatique des codes d&rsquo;erreur pour faciliter la maintenance.  <\/span><span class=\"s1\">Les bo\u00eetiers de commande portables permettent aux utilisateurs d&rsquo;op\u00e9rer facilement en dehors de la plate-forme et de r\u00e9soudre les probl\u00e8mes sur place en cas de d\u00e9faillance.<\/span><\/p>\n<\/div>\n<\/div>\n<p>Noblelift fournit des nacelles \u00e9l\u00e9vatrices \u00e0 ciseaux de la s\u00e9rie SC qui offrent des fonctions de marche automatique, d&rsquo;\u00e9l\u00e9vation verticale et d&rsquo;extension de la plate-forme. Elles conviennent aux environnements int\u00e9rieurs et ext\u00e9rieurs et sont largement utilis\u00e9es dans les secteurs de l&rsquo;\u00e9nergie \u00e9lectrique, de la p\u00e9trochimie, de l&rsquo;installation et de la maintenance d&rsquo;\u00e9quipements de fabrication.<\/p>\n","protected":false},"featured_media":57526,"comment_status":"closed","ping_status":"closed","template":"","meta":{"_acf_changed":false},"product_brand":[],"product_cat":[146],"product_tag":[],"class_list":{"0":"post-57920","1":"product","2":"type-product","3":"status-publish","4":"has-post-thumbnail","6":"product_cat-scissor-lifts-fr","8":"first","9":"instock","10":"taxable","11":"shipping-taxable","12":"product-type-variable"},"exclude_global_add_ons":[],"addons":[],"acf":{"coming_soon":false,"item_description":"5-16M","brochure_button_label":"Brochure","brochure":18273,"location":"","video":null,"standard_features":"","alternative_numbers":"","erp_id":"","models":"","load_charts":null},"yoast_head":"<!-- This site is optimized with the Yoast SEO plugin v27.3 - https:\/\/yoast.com\/product\/yoast-seo-wordpress\/ -->\n<title>Ascenseur \u00e0 ciseaux (Copy) &#8212; Noblelift Canada<\/title>\n<meta name=\"description\" content=\"Ascenseur \u00e0 ciseaux (Copy) by Noblelift Canada | | Inquire Now To Get Your Noblelift Equipment &amp; Parts\" \/>\n<meta name=\"robots\" content=\"index, follow, max-snippet:-1, max-image-preview:large, max-video-preview:-1\" \/>\n<link rel=\"canonical\" href=\"https:\/\/nobleliftcanada.com\/fr\/produit\/ascenseur-a-ciseaux-copy\/\" \/>\n<meta property=\"og:locale\" content=\"fr_FR\" \/>\n<meta property=\"og:type\" content=\"article\" \/>\n<meta property=\"og:title\" content=\"Ascenseur \u00e0 ciseaux (Copy) &#8212; Noblelift Canada\" \/>\n<meta property=\"og:description\" content=\"Ascenseur \u00e0 ciseaux (Copy) by Noblelift Canada | | Inquire Now To Get Your Noblelift Equipment &amp; Parts\" \/>\n<meta property=\"og:url\" content=\"https:\/\/nobleliftcanada.com\/fr\/produit\/ascenseur-a-ciseaux-copy\/\" \/>\n<meta property=\"og:site_name\" content=\"Noblelift Canada\" \/>\n<meta property=\"article:publisher\" content=\"https:\/\/www.facebook.com\/Noblelift-Canada-102966741541390\/\" \/>\n<meta property=\"article:modified_time\" content=\"2025-11-30T17:57:39+00:00\" \/>\n<meta property=\"og:image\" content=\"https:\/\/nobleliftcanada.com\/wp-content\/uploads\/2025\/10\/Noblelift-Canada-Product-ScissorLift-SC3345.png\" \/>\n\t<meta property=\"og:image:width\" content=\"1080\" \/>\n\t<meta property=\"og:image:height\" content=\"1080\" \/>\n\t<meta property=\"og:image:type\" content=\"image\/png\" \/>\n<meta name=\"twitter:card\" content=\"summary_large_image\" \/>\n<meta name=\"twitter:label1\" content=\"Dur\u00e9e de lecture estim\u00e9e\" \/>\n\t<meta name=\"twitter:data1\" content=\"2 minutes\" \/>\n<script type=\"application\/ld+json\" class=\"yoast-schema-graph\">{\"@context\":\"https:\\\/\\\/schema.org\",\"@graph\":[{\"@type\":\"WebPage\",\"@id\":\"https:\\\/\\\/nobleliftcanada.com\\\/fr\\\/produit\\\/ascenseur-a-ciseaux-copy\\\/\",\"url\":\"https:\\\/\\\/nobleliftcanada.com\\\/fr\\\/produit\\\/ascenseur-a-ciseaux-copy\\\/\",\"name\":\"Ascenseur \u00e0 ciseaux (Copy) &#8212; Noblelift Canada\",\"isPartOf\":{\"@id\":\"https:\\\/\\\/nobleliftcanada.com\\\/fr\\\/#website\"},\"primaryImageOfPage\":{\"@id\":\"https:\\\/\\\/nobleliftcanada.com\\\/fr\\\/produit\\\/ascenseur-a-ciseaux-copy\\\/#primaryimage\"},\"image\":{\"@id\":\"https:\\\/\\\/nobleliftcanada.com\\\/fr\\\/produit\\\/ascenseur-a-ciseaux-copy\\\/#primaryimage\"},\"thumbnailUrl\":\"https:\\\/\\\/nobleliftcanada.com\\\/wp-content\\\/uploads\\\/2025\\\/10\\\/Noblelift-Canada-Product-ScissorLift-SC3345.png\",\"datePublished\":\"2025-11-30T17:53:42+00:00\",\"dateModified\":\"2025-11-30T17:57:39+00:00\",\"description\":\"Ascenseur \u00e0 ciseaux (Copy) by Noblelift Canada | | Inquire Now To Get Your Noblelift Equipment & Parts\",\"breadcrumb\":{\"@id\":\"https:\\\/\\\/nobleliftcanada.com\\\/fr\\\/produit\\\/ascenseur-a-ciseaux-copy\\\/#breadcrumb\"},\"inLanguage\":\"fr-FR\",\"potentialAction\":[{\"@type\":\"ReadAction\",\"target\":[\"https:\\\/\\\/nobleliftcanada.com\\\/fr\\\/produit\\\/ascenseur-a-ciseaux-copy\\\/\"]}]},{\"@type\":\"ImageObject\",\"inLanguage\":\"fr-FR\",\"@id\":\"https:\\\/\\\/nobleliftcanada.com\\\/fr\\\/produit\\\/ascenseur-a-ciseaux-copy\\\/#primaryimage\",\"url\":\"https:\\\/\\\/nobleliftcanada.com\\\/wp-content\\\/uploads\\\/2025\\\/10\\\/Noblelift-Canada-Product-ScissorLift-SC3345.png\",\"contentUrl\":\"https:\\\/\\\/nobleliftcanada.com\\\/wp-content\\\/uploads\\\/2025\\\/10\\\/Noblelift-Canada-Product-ScissorLift-SC3345.png\",\"width\":1080,\"height\":1080},{\"@type\":\"BreadcrumbList\",\"@id\":\"https:\\\/\\\/nobleliftcanada.com\\\/fr\\\/produit\\\/ascenseur-a-ciseaux-copy\\\/#breadcrumb\",\"itemListElement\":[{\"@type\":\"ListItem\",\"position\":1,\"name\":\"Home\",\"item\":\"https:\\\/\\\/nobleliftcanada.com\\\/fr\\\/\"},{\"@type\":\"ListItem\",\"position\":2,\"name\":\"Boutique\",\"item\":\"https:\\\/\\\/nobleliftcanada.com\\\/shop\\\/\"},{\"@type\":\"ListItem\",\"position\":3,\"name\":\"Ascenseur \u00e0 ciseaux (Copy)\"}]},{\"@type\":\"WebSite\",\"@id\":\"https:\\\/\\\/nobleliftcanada.com\\\/fr\\\/#website\",\"url\":\"https:\\\/\\\/nobleliftcanada.com\\\/fr\\\/\",\"name\":\"Noblelift Canada\",\"description\":\"Canada&#039;s Leader | Material Handling Equipment\",\"publisher\":{\"@id\":\"https:\\\/\\\/nobleliftcanada.com\\\/fr\\\/#organization\"},\"potentialAction\":[{\"@type\":\"SearchAction\",\"target\":{\"@type\":\"EntryPoint\",\"urlTemplate\":\"https:\\\/\\\/nobleliftcanada.com\\\/fr\\\/?s={search_term_string}\"},\"query-input\":{\"@type\":\"PropertyValueSpecification\",\"valueRequired\":true,\"valueName\":\"search_term_string\"}}],\"inLanguage\":\"fr-FR\"},{\"@type\":\"Organization\",\"@id\":\"https:\\\/\\\/nobleliftcanada.com\\\/fr\\\/#organization\",\"name\":\"Noblelift Canada\",\"url\":\"https:\\\/\\\/nobleliftcanada.com\\\/fr\\\/\",\"logo\":{\"@type\":\"ImageObject\",\"inLanguage\":\"fr-FR\",\"@id\":\"https:\\\/\\\/nobleliftcanada.com\\\/fr\\\/#\\\/schema\\\/logo\\\/image\\\/\",\"url\":\"https:\\\/\\\/nobleliftcanada.com\\\/wp-content\\\/uploads\\\/2020\\\/08\\\/NOBLELIFTCANADA-1.png\",\"contentUrl\":\"https:\\\/\\\/nobleliftcanada.com\\\/wp-content\\\/uploads\\\/2020\\\/08\\\/NOBLELIFTCANADA-1.png\",\"width\":2413,\"height\":880,\"caption\":\"Noblelift Canada\"},\"image\":{\"@id\":\"https:\\\/\\\/nobleliftcanada.com\\\/fr\\\/#\\\/schema\\\/logo\\\/image\\\/\"},\"sameAs\":[\"https:\\\/\\\/www.facebook.com\\\/Noblelift-Canada-102966741541390\\\/\"]}]}<\/script>\n<!-- \/ Yoast SEO plugin. -->","yoast_head_json":{"title":"Ascenseur \u00e0 ciseaux (Copy) &#8212; Noblelift Canada","description":"Ascenseur \u00e0 ciseaux (Copy) by Noblelift Canada | | Inquire Now To Get Your Noblelift Equipment & Parts","robots":{"index":"index","follow":"follow","max-snippet":"max-snippet:-1","max-image-preview":"max-image-preview:large","max-video-preview":"max-video-preview:-1"},"canonical":"https:\/\/nobleliftcanada.com\/fr\/produit\/ascenseur-a-ciseaux-copy\/","og_locale":"fr_FR","og_type":"article","og_title":"Ascenseur \u00e0 ciseaux (Copy) &#8212; Noblelift Canada","og_description":"Ascenseur \u00e0 ciseaux (Copy) by Noblelift Canada | | Inquire Now To Get Your Noblelift Equipment & Parts","og_url":"https:\/\/nobleliftcanada.com\/fr\/produit\/ascenseur-a-ciseaux-copy\/","og_site_name":"Noblelift Canada","article_publisher":"https:\/\/www.facebook.com\/Noblelift-Canada-102966741541390\/","article_modified_time":"2025-11-30T17:57:39+00:00","og_image":[{"width":1080,"height":1080,"url":"https:\/\/nobleliftcanada.com\/wp-content\/uploads\/2025\/10\/Noblelift-Canada-Product-ScissorLift-SC3345.png","type":"image\/png"}],"twitter_card":"summary_large_image","twitter_misc":{"Dur\u00e9e de lecture estim\u00e9e":"2 minutes"},"schema":{"@context":"https:\/\/schema.org","@graph":[{"@type":"WebPage","@id":"https:\/\/nobleliftcanada.com\/fr\/produit\/ascenseur-a-ciseaux-copy\/","url":"https:\/\/nobleliftcanada.com\/fr\/produit\/ascenseur-a-ciseaux-copy\/","name":"Ascenseur \u00e0 ciseaux (Copy) &#8212; Noblelift Canada","isPartOf":{"@id":"https:\/\/nobleliftcanada.com\/fr\/#website"},"primaryImageOfPage":{"@id":"https:\/\/nobleliftcanada.com\/fr\/produit\/ascenseur-a-ciseaux-copy\/#primaryimage"},"image":{"@id":"https:\/\/nobleliftcanada.com\/fr\/produit\/ascenseur-a-ciseaux-copy\/#primaryimage"},"thumbnailUrl":"https:\/\/nobleliftcanada.com\/wp-content\/uploads\/2025\/10\/Noblelift-Canada-Product-ScissorLift-SC3345.png","datePublished":"2025-11-30T17:53:42+00:00","dateModified":"2025-11-30T17:57:39+00:00","description":"Ascenseur \u00e0 ciseaux (Copy) by Noblelift Canada | | Inquire Now To Get Your Noblelift Equipment & Parts","breadcrumb":{"@id":"https:\/\/nobleliftcanada.com\/fr\/produit\/ascenseur-a-ciseaux-copy\/#breadcrumb"},"inLanguage":"fr-FR","potentialAction":[{"@type":"ReadAction","target":["https:\/\/nobleliftcanada.com\/fr\/produit\/ascenseur-a-ciseaux-copy\/"]}]},{"@type":"ImageObject","inLanguage":"fr-FR","@id":"https:\/\/nobleliftcanada.com\/fr\/produit\/ascenseur-a-ciseaux-copy\/#primaryimage","url":"https:\/\/nobleliftcanada.com\/wp-content\/uploads\/2025\/10\/Noblelift-Canada-Product-ScissorLift-SC3345.png","contentUrl":"https:\/\/nobleliftcanada.com\/wp-content\/uploads\/2025\/10\/Noblelift-Canada-Product-ScissorLift-SC3345.png","width":1080,"height":1080},{"@type":"BreadcrumbList","@id":"https:\/\/nobleliftcanada.com\/fr\/produit\/ascenseur-a-ciseaux-copy\/#breadcrumb","itemListElement":[{"@type":"ListItem","position":1,"name":"Home","item":"https:\/\/nobleliftcanada.com\/fr\/"},{"@type":"ListItem","position":2,"name":"Boutique","item":"https:\/\/nobleliftcanada.com\/shop\/"},{"@type":"ListItem","position":3,"name":"Ascenseur \u00e0 ciseaux (Copy)"}]},{"@type":"WebSite","@id":"https:\/\/nobleliftcanada.com\/fr\/#website","url":"https:\/\/nobleliftcanada.com\/fr\/","name":"Noblelift Canada","description":"Canada&#039;s Leader | Material Handling Equipment","publisher":{"@id":"https:\/\/nobleliftcanada.com\/fr\/#organization"},"potentialAction":[{"@type":"SearchAction","target":{"@type":"EntryPoint","urlTemplate":"https:\/\/nobleliftcanada.com\/fr\/?s={search_term_string}"},"query-input":{"@type":"PropertyValueSpecification","valueRequired":true,"valueName":"search_term_string"}}],"inLanguage":"fr-FR"},{"@type":"Organization","@id":"https:\/\/nobleliftcanada.com\/fr\/#organization","name":"Noblelift Canada","url":"https:\/\/nobleliftcanada.com\/fr\/","logo":{"@type":"ImageObject","inLanguage":"fr-FR","@id":"https:\/\/nobleliftcanada.com\/fr\/#\/schema\/logo\/image\/","url":"https:\/\/nobleliftcanada.com\/wp-content\/uploads\/2020\/08\/NOBLELIFTCANADA-1.png","contentUrl":"https:\/\/nobleliftcanada.com\/wp-content\/uploads\/2020\/08\/NOBLELIFTCANADA-1.png","width":2413,"height":880,"caption":"Noblelift Canada"},"image":{"@id":"https:\/\/nobleliftcanada.com\/fr\/#\/schema\/logo\/image\/"},"sameAs":["https:\/\/www.facebook.com\/Noblelift-Canada-102966741541390\/"]}]}},"_links":{"self":[{"href":"https:\/\/nobleliftcanada.com\/fr\/wp-json\/wp\/v2\/product\/57920","targetHints":{"allow":["GET"]}}],"collection":[{"href":"https:\/\/nobleliftcanada.com\/fr\/wp-json\/wp\/v2\/product"}],"about":[{"href":"https:\/\/nobleliftcanada.com\/fr\/wp-json\/wp\/v2\/types\/product"}],"replies":[{"embeddable":true,"href":"https:\/\/nobleliftcanada.com\/fr\/wp-json\/wp\/v2\/comments?post=57920"}],"version-history":[{"count":1,"href":"https:\/\/nobleliftcanada.com\/fr\/wp-json\/wp\/v2\/product\/57920\/revisions"}],"predecessor-version":[{"id":57959,"href":"https:\/\/nobleliftcanada.com\/fr\/wp-json\/wp\/v2\/product\/57920\/revisions\/57959"}],"wp:featuredmedia":[{"embeddable":true,"href":"https:\/\/nobleliftcanada.com\/fr\/wp-json\/wp\/v2\/media\/57526"}],"wp:attachment":[{"href":"https:\/\/nobleliftcanada.com\/fr\/wp-json\/wp\/v2\/media?parent=57920"}],"wp:term":[{"taxonomy":"product_brand","embeddable":true,"href":"https:\/\/nobleliftcanada.com\/fr\/wp-json\/wp\/v2\/product_brand?post=57920"},{"taxonomy":"product_cat","embeddable":true,"href":"https:\/\/nobleliftcanada.com\/fr\/wp-json\/wp\/v2\/product_cat?post=57920"},{"taxonomy":"product_tag","embeddable":true,"href":"https:\/\/nobleliftcanada.com\/fr\/wp-json\/wp\/v2\/product_tag?post=57920"}],"curies":[{"name":"wp","href":"https:\/\/api.w.org\/{rel}","templated":true}]}}