{"id":42792,"date":"2025-03-21T11:02:44","date_gmt":"2025-03-21T11:02:44","guid":{"rendered":"https:\/\/nobleliftcanada.com\/product\/ride-on-electric-scrubber-nr1060\/"},"modified":"2025-05-11T03:24:28","modified_gmt":"2025-05-11T03:24:28","slug":"ride-on-electric-scrubber-nr1060","status":"publish","type":"product","link":"https:\/\/nobleliftcanada.com\/fr\/produit\/ride-on-electric-scrubber-nr1060\/","title":{"rendered":"NR1060"},"content":{"rendered":"","protected":false},"excerpt":{"rendered":"<p><span class=\"lh-1 font-size-20\">Les autolaveuses industrielles autoport\u00e9es NR1060 sont tr\u00e8s efficaces, rentables et n\u00e9cessitent peu d&rsquo;entretien. Elles sont con\u00e7ues pour nettoyer de grandes surfaces rapidement et en profondeur. \u00c9quip\u00e9e d&rsquo;un r\u00e9servoir de 52,8 gallons, d&rsquo;une batterie sans entretien de grande capacit\u00e9 et d&rsquo;un chemin de r\u00e9curage de 45,3 pouces, la NR1060 peut nettoyer 74 160 pieds carr\u00e9s par heure. Sa vitesse est variable et son d\u00e9bit d&rsquo;eau est r\u00e9glable. Les applications peuvent inclure les supermarch\u00e9s, les h\u00f4pitaux, les centres commerciaux, les a\u00e9roports, les stades, les entrep\u00f4ts et bien plus encore. Ces autolaveuses tr\u00e8s maniables vous permettent d&rsquo;\u00e9conomiser du temps et de l&rsquo;argent.     <\/span><\/p>\n<div>\n<div><span class=\"lh-1 font-size-20\"><b>Brosses disponibles pour : les<\/b> sols en \u00e9poxy, les carrelages, les sols en marbre, les sols en granit, les sols en terrazzo, les sols en chaux, les sols en briques, les sols en ciment, les carreaux de composition en vinyle (VCT), les sols en PVC, les sols r\u00e9sistants \u00e0 l&rsquo;usure et bien plus encore.<\/span><\/div>\n<\/div>\n","protected":false},"featured_media":18208,"comment_status":"closed","ping_status":"closed","template":"","meta":{"_acf_changed":false},"product_brand":[],"product_cat":[150],"product_tag":[],"class_list":{"0":"post-42792","1":"product","2":"type-product","3":"status-publish","4":"has-post-thumbnail","6":"product_cat-floor-scrubbers-fr","8":"first","9":"instock","10":"taxable","11":"shipping-taxable","12":"product-type-variable"},"exclude_global_add_ons":[],"addons":[],"acf":{"coming_soon":false,"item_description":"Ride-On Electric Scrubber<br \/>","brochure_button_label":"Brochure","brochure":18206,"location":"","video":null,"standard_features":"","alternative_numbers":"","erp_id":"","models":""},"yoast_head":"<!-- This site is optimized with the Yoast SEO plugin v27.2 - https:\/\/yoast.com\/product\/yoast-seo-wordpress\/ -->\n<title>NR1060 &#8212; Noblelift Canada<\/title>\n<meta name=\"description\" content=\"NR1060 by Noblelift Canada | | Inquire Now To Get Your Noblelift Equipment &amp; Parts\" \/>\n<meta name=\"robots\" content=\"index, follow, max-snippet:-1, max-image-preview:large, max-video-preview:-1\" \/>\n<link rel=\"canonical\" href=\"https:\/\/nobleliftcanada.com\/fr\/produit\/ride-on-electric-scrubber-nr1060\/\" \/>\n<meta property=\"og:locale\" content=\"fr_FR\" \/>\n<meta property=\"og:type\" content=\"article\" \/>\n<meta property=\"og:title\" content=\"NR1060 &#8212; Noblelift Canada\" \/>\n<meta property=\"og:description\" content=\"NR1060 by Noblelift Canada | | Inquire Now To Get Your Noblelift Equipment &amp; Parts\" \/>\n<meta property=\"og:url\" content=\"https:\/\/nobleliftcanada.com\/fr\/produit\/ride-on-electric-scrubber-nr1060\/\" \/>\n<meta property=\"og:site_name\" content=\"Noblelift Canada\" \/>\n<meta property=\"article:publisher\" content=\"https:\/\/www.facebook.com\/Noblelift-Canada-102966741541390\/\" \/>\n<meta property=\"article:modified_time\" content=\"2025-05-11T03:24:28+00:00\" \/>\n<meta property=\"og:image\" content=\"https:\/\/nobleliftcanada.com\/wp-content\/uploads\/2021\/06\/Noblelift-NR1060-Electric-Industrial-Scrubbers-All-1920-1.jpg\" \/>\n\t<meta property=\"og:image:width\" content=\"1\" \/>\n\t<meta property=\"og:image:height\" content=\"1\" \/>\n\t<meta property=\"og:image:type\" content=\"image\/jpeg\" \/>\n<meta name=\"twitter:card\" content=\"summary_large_image\" \/>\n<script type=\"application\/ld+json\" class=\"yoast-schema-graph\">{\"@context\":\"https:\/\/schema.org\",\"@graph\":[{\"@type\":\"WebPage\",\"@id\":\"https:\/\/nobleliftcanada.com\/fr\/produit\/ride-on-electric-scrubber-nr1060\/\",\"url\":\"https:\/\/nobleliftcanada.com\/fr\/produit\/ride-on-electric-scrubber-nr1060\/\",\"name\":\"NR1060 &#8212; Noblelift Canada\",\"isPartOf\":{\"@id\":\"https:\/\/nobleliftcanada.com\/fr\/#website\"},\"primaryImageOfPage\":{\"@id\":\"https:\/\/nobleliftcanada.com\/fr\/produit\/ride-on-electric-scrubber-nr1060\/#primaryimage\"},\"image\":{\"@id\":\"https:\/\/nobleliftcanada.com\/fr\/produit\/ride-on-electric-scrubber-nr1060\/#primaryimage\"},\"thumbnailUrl\":\"https:\/\/nobleliftcanada.com\/wp-content\/uploads\/2021\/06\/Noblelift-NR1060-Electric-Industrial-Scrubbers-All-1920-1.jpg\",\"datePublished\":\"2025-03-21T11:02:44+00:00\",\"dateModified\":\"2025-05-11T03:24:28+00:00\",\"description\":\"NR1060 by Noblelift Canada | | Inquire Now To Get Your Noblelift Equipment & Parts\",\"breadcrumb\":{\"@id\":\"https:\/\/nobleliftcanada.com\/fr\/produit\/ride-on-electric-scrubber-nr1060\/#breadcrumb\"},\"inLanguage\":\"fr-FR\",\"potentialAction\":[{\"@type\":\"ReadAction\",\"target\":[\"https:\/\/nobleliftcanada.com\/fr\/produit\/ride-on-electric-scrubber-nr1060\/\"]}]},{\"@type\":\"ImageObject\",\"inLanguage\":\"fr-FR\",\"@id\":\"https:\/\/nobleliftcanada.com\/fr\/produit\/ride-on-electric-scrubber-nr1060\/#primaryimage\",\"url\":\"https:\/\/nobleliftcanada.com\/wp-content\/uploads\/2021\/06\/Noblelift-NR1060-Electric-Industrial-Scrubbers-All-1920-1.jpg\",\"contentUrl\":\"https:\/\/nobleliftcanada.com\/wp-content\/uploads\/2021\/06\/Noblelift-NR1060-Electric-Industrial-Scrubbers-All-1920-1.jpg\"},{\"@type\":\"BreadcrumbList\",\"@id\":\"https:\/\/nobleliftcanada.com\/fr\/produit\/ride-on-electric-scrubber-nr1060\/#breadcrumb\",\"itemListElement\":[{\"@type\":\"ListItem\",\"position\":1,\"name\":\"Home\",\"item\":\"https:\/\/nobleliftcanada.com\/fr\/\"},{\"@type\":\"ListItem\",\"position\":2,\"name\":\"Boutique\",\"item\":\"https:\/\/nobleliftcanada.com\/shop\/\"},{\"@type\":\"ListItem\",\"position\":3,\"name\":\"NR1060\"}]},{\"@type\":\"WebSite\",\"@id\":\"https:\/\/nobleliftcanada.com\/fr\/#website\",\"url\":\"https:\/\/nobleliftcanada.com\/fr\/\",\"name\":\"Noblelift Canada\",\"description\":\"Canada&#039;s Leader | Material Handling Equipment\",\"publisher\":{\"@id\":\"https:\/\/nobleliftcanada.com\/fr\/#organization\"},\"potentialAction\":[{\"@type\":\"SearchAction\",\"target\":{\"@type\":\"EntryPoint\",\"urlTemplate\":\"https:\/\/nobleliftcanada.com\/fr\/?s={search_term_string}\"},\"query-input\":{\"@type\":\"PropertyValueSpecification\",\"valueRequired\":true,\"valueName\":\"search_term_string\"}}],\"inLanguage\":\"fr-FR\"},{\"@type\":\"Organization\",\"@id\":\"https:\/\/nobleliftcanada.com\/fr\/#organization\",\"name\":\"Noblelift Canada\",\"url\":\"https:\/\/nobleliftcanada.com\/fr\/\",\"logo\":{\"@type\":\"ImageObject\",\"inLanguage\":\"fr-FR\",\"@id\":\"https:\/\/nobleliftcanada.com\/fr\/#\/schema\/logo\/image\/\",\"url\":\"https:\/\/nobleliftcanada.com\/wp-content\/uploads\/2020\/08\/NOBLELIFTCANADA-1.png\",\"contentUrl\":\"https:\/\/nobleliftcanada.com\/wp-content\/uploads\/2020\/08\/NOBLELIFTCANADA-1.png\",\"width\":2413,\"height\":880,\"caption\":\"Noblelift Canada\"},\"image\":{\"@id\":\"https:\/\/nobleliftcanada.com\/fr\/#\/schema\/logo\/image\/\"},\"sameAs\":[\"https:\/\/www.facebook.com\/Noblelift-Canada-102966741541390\/\"]}]}<\/script>\n<!-- \/ Yoast SEO plugin. -->","yoast_head_json":{"title":"NR1060 &#8212; Noblelift Canada","description":"NR1060 by Noblelift Canada | | Inquire Now To Get Your Noblelift Equipment & Parts","robots":{"index":"index","follow":"follow","max-snippet":"max-snippet:-1","max-image-preview":"max-image-preview:large","max-video-preview":"max-video-preview:-1"},"canonical":"https:\/\/nobleliftcanada.com\/fr\/produit\/ride-on-electric-scrubber-nr1060\/","og_locale":"fr_FR","og_type":"article","og_title":"NR1060 &#8212; Noblelift Canada","og_description":"NR1060 by Noblelift Canada | | Inquire Now To Get Your Noblelift Equipment & Parts","og_url":"https:\/\/nobleliftcanada.com\/fr\/produit\/ride-on-electric-scrubber-nr1060\/","og_site_name":"Noblelift Canada","article_publisher":"https:\/\/www.facebook.com\/Noblelift-Canada-102966741541390\/","article_modified_time":"2025-05-11T03:24:28+00:00","og_image":[{"url":"https:\/\/nobleliftcanada.com\/wp-content\/uploads\/2021\/06\/Noblelift-NR1060-Electric-Industrial-Scrubbers-All-1920-1.jpg","width":1,"height":1,"type":"image\/jpeg"}],"twitter_card":"summary_large_image","schema":{"@context":"https:\/\/schema.org","@graph":[{"@type":"WebPage","@id":"https:\/\/nobleliftcanada.com\/fr\/produit\/ride-on-electric-scrubber-nr1060\/","url":"https:\/\/nobleliftcanada.com\/fr\/produit\/ride-on-electric-scrubber-nr1060\/","name":"NR1060 &#8212; Noblelift Canada","isPartOf":{"@id":"https:\/\/nobleliftcanada.com\/fr\/#website"},"primaryImageOfPage":{"@id":"https:\/\/nobleliftcanada.com\/fr\/produit\/ride-on-electric-scrubber-nr1060\/#primaryimage"},"image":{"@id":"https:\/\/nobleliftcanada.com\/fr\/produit\/ride-on-electric-scrubber-nr1060\/#primaryimage"},"thumbnailUrl":"https:\/\/nobleliftcanada.com\/wp-content\/uploads\/2021\/06\/Noblelift-NR1060-Electric-Industrial-Scrubbers-All-1920-1.jpg","datePublished":"2025-03-21T11:02:44+00:00","dateModified":"2025-05-11T03:24:28+00:00","description":"NR1060 by Noblelift Canada | | Inquire Now To Get Your Noblelift Equipment & Parts","breadcrumb":{"@id":"https:\/\/nobleliftcanada.com\/fr\/produit\/ride-on-electric-scrubber-nr1060\/#breadcrumb"},"inLanguage":"fr-FR","potentialAction":[{"@type":"ReadAction","target":["https:\/\/nobleliftcanada.com\/fr\/produit\/ride-on-electric-scrubber-nr1060\/"]}]},{"@type":"ImageObject","inLanguage":"fr-FR","@id":"https:\/\/nobleliftcanada.com\/fr\/produit\/ride-on-electric-scrubber-nr1060\/#primaryimage","url":"https:\/\/nobleliftcanada.com\/wp-content\/uploads\/2021\/06\/Noblelift-NR1060-Electric-Industrial-Scrubbers-All-1920-1.jpg","contentUrl":"https:\/\/nobleliftcanada.com\/wp-content\/uploads\/2021\/06\/Noblelift-NR1060-Electric-Industrial-Scrubbers-All-1920-1.jpg"},{"@type":"BreadcrumbList","@id":"https:\/\/nobleliftcanada.com\/fr\/produit\/ride-on-electric-scrubber-nr1060\/#breadcrumb","itemListElement":[{"@type":"ListItem","position":1,"name":"Home","item":"https:\/\/nobleliftcanada.com\/fr\/"},{"@type":"ListItem","position":2,"name":"Boutique","item":"https:\/\/nobleliftcanada.com\/shop\/"},{"@type":"ListItem","position":3,"name":"NR1060"}]},{"@type":"WebSite","@id":"https:\/\/nobleliftcanada.com\/fr\/#website","url":"https:\/\/nobleliftcanada.com\/fr\/","name":"Noblelift Canada","description":"Canada&#039;s Leader | Material Handling Equipment","publisher":{"@id":"https:\/\/nobleliftcanada.com\/fr\/#organization"},"potentialAction":[{"@type":"SearchAction","target":{"@type":"EntryPoint","urlTemplate":"https:\/\/nobleliftcanada.com\/fr\/?s={search_term_string}"},"query-input":{"@type":"PropertyValueSpecification","valueRequired":true,"valueName":"search_term_string"}}],"inLanguage":"fr-FR"},{"@type":"Organization","@id":"https:\/\/nobleliftcanada.com\/fr\/#organization","name":"Noblelift Canada","url":"https:\/\/nobleliftcanada.com\/fr\/","logo":{"@type":"ImageObject","inLanguage":"fr-FR","@id":"https:\/\/nobleliftcanada.com\/fr\/#\/schema\/logo\/image\/","url":"https:\/\/nobleliftcanada.com\/wp-content\/uploads\/2020\/08\/NOBLELIFTCANADA-1.png","contentUrl":"https:\/\/nobleliftcanada.com\/wp-content\/uploads\/2020\/08\/NOBLELIFTCANADA-1.png","width":2413,"height":880,"caption":"Noblelift Canada"},"image":{"@id":"https:\/\/nobleliftcanada.com\/fr\/#\/schema\/logo\/image\/"},"sameAs":["https:\/\/www.facebook.com\/Noblelift-Canada-102966741541390\/"]}]}},"_links":{"self":[{"href":"https:\/\/nobleliftcanada.com\/fr\/wp-json\/wp\/v2\/product\/42792","targetHints":{"allow":["GET"]}}],"collection":[{"href":"https:\/\/nobleliftcanada.com\/fr\/wp-json\/wp\/v2\/product"}],"about":[{"href":"https:\/\/nobleliftcanada.com\/fr\/wp-json\/wp\/v2\/types\/product"}],"replies":[{"embeddable":true,"href":"https:\/\/nobleliftcanada.com\/fr\/wp-json\/wp\/v2\/comments?post=42792"}],"version-history":[{"count":3,"href":"https:\/\/nobleliftcanada.com\/fr\/wp-json\/wp\/v2\/product\/42792\/revisions"}],"predecessor-version":[{"id":45174,"href":"https:\/\/nobleliftcanada.com\/fr\/wp-json\/wp\/v2\/product\/42792\/revisions\/45174"}],"wp:featuredmedia":[{"embeddable":true,"href":"https:\/\/nobleliftcanada.com\/fr\/wp-json\/wp\/v2\/media\/18208"}],"wp:attachment":[{"href":"https:\/\/nobleliftcanada.com\/fr\/wp-json\/wp\/v2\/media?parent=42792"}],"wp:term":[{"taxonomy":"product_brand","embeddable":true,"href":"https:\/\/nobleliftcanada.com\/fr\/wp-json\/wp\/v2\/product_brand?post=42792"},{"taxonomy":"product_cat","embeddable":true,"href":"https:\/\/nobleliftcanada.com\/fr\/wp-json\/wp\/v2\/product_cat?post=42792"},{"taxonomy":"product_tag","embeddable":true,"href":"https:\/\/nobleliftcanada.com\/fr\/wp-json\/wp\/v2\/product_tag?post=42792"}],"curies":[{"name":"wp","href":"https:\/\/api.w.org\/{rel}","templated":true}]}}