{"id":42791,"date":"2025-03-21T11:10:13","date_gmt":"2025-03-21T11:10:13","guid":{"rendered":"https:\/\/nobleliftcanada.com\/product\/ride-along-scrubber-nr810e\/"},"modified":"2025-05-11T03:24:25","modified_gmt":"2025-05-11T03:24:25","slug":"ride-along-scrubber-nr810e","status":"publish","type":"product","link":"https:\/\/nobleliftcanada.com\/fr\/produit\/ride-along-scrubber-nr810e\/","title":{"rendered":"NR810e"},"content":{"rendered":"<p><b>CARACT\u00c9RISTIQUES STANDARD :  <\/b><\/p>\n<p><b>Largeur de r\u00e9curage<br \/>\n<\/b>41.7 inch 1060mm<\/p>\n<p><b>Largeur de lavage<br \/>\n<\/b>31.9 pouces \/ 810mm<\/p>\n<p>R\u00c9SERVOIR <b>DE SOLUTION \/ R\u00c9SERVOIR DE R\u00c9CUP\u00c9RATION<br \/>\n<\/b>32 gallons \/ 120 litres &#8211; identique pour les deux r\u00e9servoirs<\/p>\n<p><b>PRODUCTIVIT\u00c9 PROPRE<br \/>\n<\/b>60 000 pi\u00b2\/h \/ 5 200 m \u00b2\/h<\/p>\n<p><b>PUISSANCE NOMINALE DU MOTEUR A BROSSE<br \/>\n<\/b>0,5 hp*2 \/ 380W*2<\/p>\n<p><b>PUISSANCE NOMINALE DU MOTEUR D&rsquo;ASPIRATION<br \/>\n<\/b>0,8 hp \/ 600W<\/p>\n<p><b>PUISSANCE NOMINALE DU MOTEUR D&rsquo;ENTRA\u00ceNEMENT<br \/>\n<\/b>0,87 hp \/ 650W<\/p>\n","protected":false},"excerpt":{"rendered":"<p><b>COMMANDES ET CARACT\u00c9RISTIQUES<br \/>\n<\/b>Panneau tactile \u00e9tanche int\u00e9gr\u00e9 avec \u00e9cran LCD standard<br \/>\nPanneau de commande multi-touch simple et fiable<br \/>\nPression r\u00e9glable de la brosse au sol<br \/>\nModes \u00e0 trois vitesses en option et d\u00e9bit d&rsquo;eau r\u00e9glable<br \/>\nLevage\/abaissement \u00e9lectrique de la brosse et du porte-raclette \u00e0 l&rsquo;aide d&rsquo;un seul bouton<br \/>\nConception brevet\u00e9e compacte et modulaire, avec un poids l\u00e9ger, un faible rayon de braquage et une grande souplesse de commande ;<br \/>\nCouvercle de brosse et raclette en aluminium moul\u00e9 sous pression<br \/>\nR\u00e9servoir \u00e0 grande ouverture avec couvercle sup\u00e9rieur amovible pour un acc\u00e8s facile au nettoyage et \u00e0 l&rsquo;entretien<br \/>\nArr\u00eat automatique lorsque le conducteur quitte son si\u00e8ge gr\u00e2ce \u00e0 un capteur de s\u00e9curit\u00e9<br \/>\nM\u00e9canisme efficace et fiable de d\u00e9moussage et d&rsquo;alarme de niveau d&rsquo;eau du r\u00e9servoir de solution<br \/>\nBrosse standard en nylon et raclette en caoutchouc<\/p>\n<p>Garantie d&rsquo;un an sur le ch\u00e2ssis.<\/p>\n","protected":false},"featured_media":18057,"comment_status":"closed","ping_status":"closed","template":"","meta":{"_acf_changed":false},"product_brand":[],"product_cat":[150],"product_tag":[],"class_list":{"0":"post-42791","1":"product","2":"type-product","3":"status-publish","4":"has-post-thumbnail","6":"product_cat-floor-scrubbers-fr","8":"first","9":"instock","10":"taxable","11":"shipping-taxable","12":"product-type-variable"},"exclude_global_add_ons":[],"addons":[],"acf":{"coming_soon":false,"item_description":"Ride along Scrubber<br \/>","brochure_button_label":"Brochure","brochure":18060,"location":"","video":null,"standard_features":"","alternative_numbers":"","erp_id":"","models":""},"yoast_head":"<!-- This site is optimized with the Yoast SEO plugin v27.2 - https:\/\/yoast.com\/product\/yoast-seo-wordpress\/ -->\n<title>NR810e &#8212; Noblelift Canada<\/title>\n<meta name=\"description\" content=\"NR810e by Noblelift Canada | | Inquire Now To Get Your Noblelift Equipment &amp; Parts\" \/>\n<meta name=\"robots\" content=\"index, follow, max-snippet:-1, max-image-preview:large, max-video-preview:-1\" \/>\n<link rel=\"canonical\" href=\"https:\/\/nobleliftcanada.com\/fr\/produit\/ride-along-scrubber-nr810e\/\" \/>\n<meta property=\"og:locale\" content=\"fr_FR\" \/>\n<meta property=\"og:type\" content=\"article\" \/>\n<meta property=\"og:title\" content=\"NR810e &#8212; Noblelift Canada\" \/>\n<meta property=\"og:description\" content=\"NR810e by Noblelift Canada | | Inquire Now To Get Your Noblelift Equipment &amp; Parts\" \/>\n<meta property=\"og:url\" content=\"https:\/\/nobleliftcanada.com\/fr\/produit\/ride-along-scrubber-nr810e\/\" \/>\n<meta property=\"og:site_name\" content=\"Noblelift Canada\" \/>\n<meta property=\"article:publisher\" content=\"https:\/\/www.facebook.com\/Noblelift-Canada-102966741541390\/\" \/>\n<meta property=\"article:modified_time\" content=\"2025-05-11T03:24:25+00:00\" \/>\n<meta property=\"og:image\" content=\"https:\/\/nobleliftcanada.com\/wp-content\/uploads\/2022\/10\/Noblelift-NR810e.png\" \/>\n\t<meta property=\"og:image:width\" content=\"650\" \/>\n\t<meta property=\"og:image:height\" content=\"650\" \/>\n\t<meta property=\"og:image:type\" content=\"image\/png\" \/>\n<meta name=\"twitter:card\" content=\"summary_large_image\" \/>\n<script type=\"application\/ld+json\" class=\"yoast-schema-graph\">{\"@context\":\"https:\/\/schema.org\",\"@graph\":[{\"@type\":\"WebPage\",\"@id\":\"https:\/\/nobleliftcanada.com\/fr\/produit\/ride-along-scrubber-nr810e\/\",\"url\":\"https:\/\/nobleliftcanada.com\/fr\/produit\/ride-along-scrubber-nr810e\/\",\"name\":\"NR810e &#8212; Noblelift Canada\",\"isPartOf\":{\"@id\":\"https:\/\/nobleliftcanada.com\/fr\/#website\"},\"primaryImageOfPage\":{\"@id\":\"https:\/\/nobleliftcanada.com\/fr\/produit\/ride-along-scrubber-nr810e\/#primaryimage\"},\"image\":{\"@id\":\"https:\/\/nobleliftcanada.com\/fr\/produit\/ride-along-scrubber-nr810e\/#primaryimage\"},\"thumbnailUrl\":\"https:\/\/nobleliftcanada.com\/wp-content\/uploads\/2022\/10\/Noblelift-NR810e.png\",\"datePublished\":\"2025-03-21T11:10:13+00:00\",\"dateModified\":\"2025-05-11T03:24:25+00:00\",\"description\":\"NR810e by Noblelift Canada | | Inquire Now To Get Your Noblelift Equipment & Parts\",\"breadcrumb\":{\"@id\":\"https:\/\/nobleliftcanada.com\/fr\/produit\/ride-along-scrubber-nr810e\/#breadcrumb\"},\"inLanguage\":\"fr-FR\",\"potentialAction\":[{\"@type\":\"ReadAction\",\"target\":[\"https:\/\/nobleliftcanada.com\/fr\/produit\/ride-along-scrubber-nr810e\/\"]}]},{\"@type\":\"ImageObject\",\"inLanguage\":\"fr-FR\",\"@id\":\"https:\/\/nobleliftcanada.com\/fr\/produit\/ride-along-scrubber-nr810e\/#primaryimage\",\"url\":\"https:\/\/nobleliftcanada.com\/wp-content\/uploads\/2022\/10\/Noblelift-NR810e.png\",\"contentUrl\":\"https:\/\/nobleliftcanada.com\/wp-content\/uploads\/2022\/10\/Noblelift-NR810e.png\",\"width\":650,\"height\":650},{\"@type\":\"BreadcrumbList\",\"@id\":\"https:\/\/nobleliftcanada.com\/fr\/produit\/ride-along-scrubber-nr810e\/#breadcrumb\",\"itemListElement\":[{\"@type\":\"ListItem\",\"position\":1,\"name\":\"Home\",\"item\":\"https:\/\/nobleliftcanada.com\/fr\/\"},{\"@type\":\"ListItem\",\"position\":2,\"name\":\"Boutique\",\"item\":\"https:\/\/nobleliftcanada.com\/shop\/\"},{\"@type\":\"ListItem\",\"position\":3,\"name\":\"NR810e\"}]},{\"@type\":\"WebSite\",\"@id\":\"https:\/\/nobleliftcanada.com\/fr\/#website\",\"url\":\"https:\/\/nobleliftcanada.com\/fr\/\",\"name\":\"Noblelift Canada\",\"description\":\"Canada&#039;s Leader | Material Handling Equipment\",\"publisher\":{\"@id\":\"https:\/\/nobleliftcanada.com\/fr\/#organization\"},\"potentialAction\":[{\"@type\":\"SearchAction\",\"target\":{\"@type\":\"EntryPoint\",\"urlTemplate\":\"https:\/\/nobleliftcanada.com\/fr\/?s={search_term_string}\"},\"query-input\":{\"@type\":\"PropertyValueSpecification\",\"valueRequired\":true,\"valueName\":\"search_term_string\"}}],\"inLanguage\":\"fr-FR\"},{\"@type\":\"Organization\",\"@id\":\"https:\/\/nobleliftcanada.com\/fr\/#organization\",\"name\":\"Noblelift Canada\",\"url\":\"https:\/\/nobleliftcanada.com\/fr\/\",\"logo\":{\"@type\":\"ImageObject\",\"inLanguage\":\"fr-FR\",\"@id\":\"https:\/\/nobleliftcanada.com\/fr\/#\/schema\/logo\/image\/\",\"url\":\"https:\/\/nobleliftcanada.com\/wp-content\/uploads\/2020\/08\/NOBLELIFTCANADA-1.png\",\"contentUrl\":\"https:\/\/nobleliftcanada.com\/wp-content\/uploads\/2020\/08\/NOBLELIFTCANADA-1.png\",\"width\":2413,\"height\":880,\"caption\":\"Noblelift Canada\"},\"image\":{\"@id\":\"https:\/\/nobleliftcanada.com\/fr\/#\/schema\/logo\/image\/\"},\"sameAs\":[\"https:\/\/www.facebook.com\/Noblelift-Canada-102966741541390\/\"]}]}<\/script>\n<!-- \/ Yoast SEO plugin. -->","yoast_head_json":{"title":"NR810e &#8212; Noblelift Canada","description":"NR810e by Noblelift Canada | | Inquire Now To Get Your Noblelift Equipment & Parts","robots":{"index":"index","follow":"follow","max-snippet":"max-snippet:-1","max-image-preview":"max-image-preview:large","max-video-preview":"max-video-preview:-1"},"canonical":"https:\/\/nobleliftcanada.com\/fr\/produit\/ride-along-scrubber-nr810e\/","og_locale":"fr_FR","og_type":"article","og_title":"NR810e &#8212; Noblelift Canada","og_description":"NR810e by Noblelift Canada | | Inquire Now To Get Your Noblelift Equipment & Parts","og_url":"https:\/\/nobleliftcanada.com\/fr\/produit\/ride-along-scrubber-nr810e\/","og_site_name":"Noblelift Canada","article_publisher":"https:\/\/www.facebook.com\/Noblelift-Canada-102966741541390\/","article_modified_time":"2025-05-11T03:24:25+00:00","og_image":[{"width":650,"height":650,"url":"https:\/\/nobleliftcanada.com\/wp-content\/uploads\/2022\/10\/Noblelift-NR810e.png","type":"image\/png"}],"twitter_card":"summary_large_image","schema":{"@context":"https:\/\/schema.org","@graph":[{"@type":"WebPage","@id":"https:\/\/nobleliftcanada.com\/fr\/produit\/ride-along-scrubber-nr810e\/","url":"https:\/\/nobleliftcanada.com\/fr\/produit\/ride-along-scrubber-nr810e\/","name":"NR810e &#8212; Noblelift Canada","isPartOf":{"@id":"https:\/\/nobleliftcanada.com\/fr\/#website"},"primaryImageOfPage":{"@id":"https:\/\/nobleliftcanada.com\/fr\/produit\/ride-along-scrubber-nr810e\/#primaryimage"},"image":{"@id":"https:\/\/nobleliftcanada.com\/fr\/produit\/ride-along-scrubber-nr810e\/#primaryimage"},"thumbnailUrl":"https:\/\/nobleliftcanada.com\/wp-content\/uploads\/2022\/10\/Noblelift-NR810e.png","datePublished":"2025-03-21T11:10:13+00:00","dateModified":"2025-05-11T03:24:25+00:00","description":"NR810e by Noblelift Canada | | Inquire Now To Get Your Noblelift Equipment & Parts","breadcrumb":{"@id":"https:\/\/nobleliftcanada.com\/fr\/produit\/ride-along-scrubber-nr810e\/#breadcrumb"},"inLanguage":"fr-FR","potentialAction":[{"@type":"ReadAction","target":["https:\/\/nobleliftcanada.com\/fr\/produit\/ride-along-scrubber-nr810e\/"]}]},{"@type":"ImageObject","inLanguage":"fr-FR","@id":"https:\/\/nobleliftcanada.com\/fr\/produit\/ride-along-scrubber-nr810e\/#primaryimage","url":"https:\/\/nobleliftcanada.com\/wp-content\/uploads\/2022\/10\/Noblelift-NR810e.png","contentUrl":"https:\/\/nobleliftcanada.com\/wp-content\/uploads\/2022\/10\/Noblelift-NR810e.png","width":650,"height":650},{"@type":"BreadcrumbList","@id":"https:\/\/nobleliftcanada.com\/fr\/produit\/ride-along-scrubber-nr810e\/#breadcrumb","itemListElement":[{"@type":"ListItem","position":1,"name":"Home","item":"https:\/\/nobleliftcanada.com\/fr\/"},{"@type":"ListItem","position":2,"name":"Boutique","item":"https:\/\/nobleliftcanada.com\/shop\/"},{"@type":"ListItem","position":3,"name":"NR810e"}]},{"@type":"WebSite","@id":"https:\/\/nobleliftcanada.com\/fr\/#website","url":"https:\/\/nobleliftcanada.com\/fr\/","name":"Noblelift Canada","description":"Canada&#039;s Leader | Material Handling Equipment","publisher":{"@id":"https:\/\/nobleliftcanada.com\/fr\/#organization"},"potentialAction":[{"@type":"SearchAction","target":{"@type":"EntryPoint","urlTemplate":"https:\/\/nobleliftcanada.com\/fr\/?s={search_term_string}"},"query-input":{"@type":"PropertyValueSpecification","valueRequired":true,"valueName":"search_term_string"}}],"inLanguage":"fr-FR"},{"@type":"Organization","@id":"https:\/\/nobleliftcanada.com\/fr\/#organization","name":"Noblelift Canada","url":"https:\/\/nobleliftcanada.com\/fr\/","logo":{"@type":"ImageObject","inLanguage":"fr-FR","@id":"https:\/\/nobleliftcanada.com\/fr\/#\/schema\/logo\/image\/","url":"https:\/\/nobleliftcanada.com\/wp-content\/uploads\/2020\/08\/NOBLELIFTCANADA-1.png","contentUrl":"https:\/\/nobleliftcanada.com\/wp-content\/uploads\/2020\/08\/NOBLELIFTCANADA-1.png","width":2413,"height":880,"caption":"Noblelift Canada"},"image":{"@id":"https:\/\/nobleliftcanada.com\/fr\/#\/schema\/logo\/image\/"},"sameAs":["https:\/\/www.facebook.com\/Noblelift-Canada-102966741541390\/"]}]}},"_links":{"self":[{"href":"https:\/\/nobleliftcanada.com\/fr\/wp-json\/wp\/v2\/product\/42791","targetHints":{"allow":["GET"]}}],"collection":[{"href":"https:\/\/nobleliftcanada.com\/fr\/wp-json\/wp\/v2\/product"}],"about":[{"href":"https:\/\/nobleliftcanada.com\/fr\/wp-json\/wp\/v2\/types\/product"}],"replies":[{"embeddable":true,"href":"https:\/\/nobleliftcanada.com\/fr\/wp-json\/wp\/v2\/comments?post=42791"}],"version-history":[{"count":2,"href":"https:\/\/nobleliftcanada.com\/fr\/wp-json\/wp\/v2\/product\/42791\/revisions"}],"predecessor-version":[{"id":45173,"href":"https:\/\/nobleliftcanada.com\/fr\/wp-json\/wp\/v2\/product\/42791\/revisions\/45173"}],"wp:featuredmedia":[{"embeddable":true,"href":"https:\/\/nobleliftcanada.com\/fr\/wp-json\/wp\/v2\/media\/18057"}],"wp:attachment":[{"href":"https:\/\/nobleliftcanada.com\/fr\/wp-json\/wp\/v2\/media?parent=42791"}],"wp:term":[{"taxonomy":"product_brand","embeddable":true,"href":"https:\/\/nobleliftcanada.com\/fr\/wp-json\/wp\/v2\/product_brand?post=42791"},{"taxonomy":"product_cat","embeddable":true,"href":"https:\/\/nobleliftcanada.com\/fr\/wp-json\/wp\/v2\/product_cat?post=42791"},{"taxonomy":"product_tag","embeddable":true,"href":"https:\/\/nobleliftcanada.com\/fr\/wp-json\/wp\/v2\/product_tag?post=42791"}],"curies":[{"name":"wp","href":"https:\/\/api.w.org\/{rel}","templated":true}]}}