{"id":42790,"date":"2025-03-21T11:16:53","date_gmt":"2025-03-21T11:16:53","guid":{"rendered":"https:\/\/nobleliftcanada.com\/product\/walk-behind-scrubber-nb530-nr530\/"},"modified":"2025-05-11T03:24:22","modified_gmt":"2025-05-11T03:24:22","slug":"walk-behind-scrubber-nb530-nr530","status":"publish","type":"product","link":"https:\/\/nobleliftcanada.com\/fr\/produit\/walk-behind-scrubber-nb530-nr530\/","title":{"rendered":"NB530\/NR530"},"content":{"rendered":"","protected":false},"excerpt":{"rendered":"<p>L&rsquo;autolaveuse NB530 est une toute nouvelle autolaveuse autoport\u00e9e qui convient aux petites et moyennes entreprises qui accueillent un grand nombre de personnes, mais aussi aux petites zones encombr\u00e9es, telles que les centres commerciaux, les immeubles de bureaux, les gares, les h\u00f4tels, les h\u00f4pitaux, etc. L&rsquo;autolaveuse fournit des r\u00e9sultats de nettoyage sup\u00e9rieurs gr\u00e2ce \u00e0 sa conception compacte, flexible et capable de contourner les obstacles.<\/p>\n<p>&nbsp;<\/p>\n<p>L&rsquo;autolaveuse NR530 est une toute nouvelle mini-laveuse autoport\u00e9e. Sa taille compacte facilite l&rsquo;entr\u00e9e et la sortie des ascenseurs et est id\u00e9ale pour le nettoyage des zones confin\u00e9es et des op\u00e9rations sur plusieurs \u00e9tages.<\/p>\n","protected":false},"featured_media":59020,"comment_status":"closed","ping_status":"closed","template":"","meta":{"_acf_changed":false},"product_brand":[],"product_cat":[150],"product_tag":[],"class_list":{"0":"post-42790","1":"product","2":"type-product","3":"status-publish","4":"has-post-thumbnail","6":"product_cat-floor-scrubbers-fr","8":"first","9":"instock","10":"taxable","11":"shipping-taxable","12":"product-type-variable"},"exclude_global_add_ons":[],"addons":[],"acf":{"coming_soon":false,"item_description":"Walk-Behind Scrubber<br \/>","brochure_button_label":"Brochure","brochure":17804,"location":"","video":null,"standard_features":"","alternative_numbers":"","erp_id":"","models":""},"yoast_head":"<!-- This site is optimized with the Yoast SEO plugin v27.2 - https:\/\/yoast.com\/product\/yoast-seo-wordpress\/ -->\n<title>NB530\/NR530 &#8212; Noblelift Canada<\/title>\n<meta name=\"description\" content=\"NB530\/NR530 by Noblelift Canada | | Inquire Now To Get Your Noblelift Equipment &amp; Parts\" \/>\n<meta name=\"robots\" content=\"index, follow, max-snippet:-1, max-image-preview:large, max-video-preview:-1\" \/>\n<link rel=\"canonical\" href=\"https:\/\/nobleliftcanada.com\/fr\/produit\/walk-behind-scrubber-nb530-nr530\/\" \/>\n<meta property=\"og:locale\" content=\"fr_FR\" \/>\n<meta property=\"og:type\" content=\"article\" \/>\n<meta property=\"og:title\" content=\"NB530\/NR530 &#8212; Noblelift Canada\" \/>\n<meta property=\"og:description\" content=\"NB530\/NR530 by Noblelift Canada | | Inquire Now To Get Your Noblelift Equipment &amp; Parts\" \/>\n<meta property=\"og:url\" content=\"https:\/\/nobleliftcanada.com\/fr\/produit\/walk-behind-scrubber-nb530-nr530\/\" \/>\n<meta property=\"og:site_name\" content=\"Noblelift Canada\" \/>\n<meta property=\"article:publisher\" content=\"https:\/\/www.facebook.com\/Noblelift-Canada-102966741541390\/\" \/>\n<meta property=\"article:modified_time\" content=\"2025-05-11T03:24:22+00:00\" \/>\n<meta property=\"og:image\" content=\"https:\/\/nobleliftcanada.com\/wp-content\/uploads\/2026\/02\/Noblelift-All-NB530-Electric-Scrubbers-Sunrise-1920w.jpg.webp\" \/>\n\t<meta property=\"og:image:width\" content=\"742\" \/>\n\t<meta property=\"og:image:height\" content=\"733\" \/>\n\t<meta property=\"og:image:type\" content=\"image\/webp\" \/>\n<meta name=\"twitter:card\" content=\"summary_large_image\" \/>\n<script type=\"application\/ld+json\" class=\"yoast-schema-graph\">{\"@context\":\"https:\/\/schema.org\",\"@graph\":[{\"@type\":\"WebPage\",\"@id\":\"https:\/\/nobleliftcanada.com\/fr\/produit\/walk-behind-scrubber-nb530-nr530\/\",\"url\":\"https:\/\/nobleliftcanada.com\/fr\/produit\/walk-behind-scrubber-nb530-nr530\/\",\"name\":\"NB530\/NR530 &#8212; Noblelift Canada\",\"isPartOf\":{\"@id\":\"https:\/\/nobleliftcanada.com\/fr\/#website\"},\"primaryImageOfPage\":{\"@id\":\"https:\/\/nobleliftcanada.com\/fr\/produit\/walk-behind-scrubber-nb530-nr530\/#primaryimage\"},\"image\":{\"@id\":\"https:\/\/nobleliftcanada.com\/fr\/produit\/walk-behind-scrubber-nb530-nr530\/#primaryimage\"},\"thumbnailUrl\":\"https:\/\/nobleliftcanada.com\/wp-content\/uploads\/2026\/02\/Noblelift-All-NB530-Electric-Scrubbers-Sunrise-1920w.jpg.webp\",\"datePublished\":\"2025-03-21T11:16:53+00:00\",\"dateModified\":\"2025-05-11T03:24:22+00:00\",\"description\":\"NB530\/NR530 by Noblelift Canada | | Inquire Now To Get Your Noblelift Equipment & Parts\",\"breadcrumb\":{\"@id\":\"https:\/\/nobleliftcanada.com\/fr\/produit\/walk-behind-scrubber-nb530-nr530\/#breadcrumb\"},\"inLanguage\":\"fr-FR\",\"potentialAction\":[{\"@type\":\"ReadAction\",\"target\":[\"https:\/\/nobleliftcanada.com\/fr\/produit\/walk-behind-scrubber-nb530-nr530\/\"]}]},{\"@type\":\"ImageObject\",\"inLanguage\":\"fr-FR\",\"@id\":\"https:\/\/nobleliftcanada.com\/fr\/produit\/walk-behind-scrubber-nb530-nr530\/#primaryimage\",\"url\":\"https:\/\/nobleliftcanada.com\/wp-content\/uploads\/2026\/02\/Noblelift-All-NB530-Electric-Scrubbers-Sunrise-1920w.jpg.webp\",\"contentUrl\":\"https:\/\/nobleliftcanada.com\/wp-content\/uploads\/2026\/02\/Noblelift-All-NB530-Electric-Scrubbers-Sunrise-1920w.jpg.webp\",\"width\":742,\"height\":733},{\"@type\":\"BreadcrumbList\",\"@id\":\"https:\/\/nobleliftcanada.com\/fr\/produit\/walk-behind-scrubber-nb530-nr530\/#breadcrumb\",\"itemListElement\":[{\"@type\":\"ListItem\",\"position\":1,\"name\":\"Home\",\"item\":\"https:\/\/nobleliftcanada.com\/fr\/\"},{\"@type\":\"ListItem\",\"position\":2,\"name\":\"Boutique\",\"item\":\"https:\/\/nobleliftcanada.com\/shop\/\"},{\"@type\":\"ListItem\",\"position\":3,\"name\":\"NB530\/NR530\"}]},{\"@type\":\"WebSite\",\"@id\":\"https:\/\/nobleliftcanada.com\/fr\/#website\",\"url\":\"https:\/\/nobleliftcanada.com\/fr\/\",\"name\":\"Noblelift Canada\",\"description\":\"Canada&#039;s Leader | Material Handling Equipment\",\"publisher\":{\"@id\":\"https:\/\/nobleliftcanada.com\/fr\/#organization\"},\"potentialAction\":[{\"@type\":\"SearchAction\",\"target\":{\"@type\":\"EntryPoint\",\"urlTemplate\":\"https:\/\/nobleliftcanada.com\/fr\/?s={search_term_string}\"},\"query-input\":{\"@type\":\"PropertyValueSpecification\",\"valueRequired\":true,\"valueName\":\"search_term_string\"}}],\"inLanguage\":\"fr-FR\"},{\"@type\":\"Organization\",\"@id\":\"https:\/\/nobleliftcanada.com\/fr\/#organization\",\"name\":\"Noblelift Canada\",\"url\":\"https:\/\/nobleliftcanada.com\/fr\/\",\"logo\":{\"@type\":\"ImageObject\",\"inLanguage\":\"fr-FR\",\"@id\":\"https:\/\/nobleliftcanada.com\/fr\/#\/schema\/logo\/image\/\",\"url\":\"https:\/\/nobleliftcanada.com\/wp-content\/uploads\/2020\/08\/NOBLELIFTCANADA-1.png\",\"contentUrl\":\"https:\/\/nobleliftcanada.com\/wp-content\/uploads\/2020\/08\/NOBLELIFTCANADA-1.png\",\"width\":2413,\"height\":880,\"caption\":\"Noblelift Canada\"},\"image\":{\"@id\":\"https:\/\/nobleliftcanada.com\/fr\/#\/schema\/logo\/image\/\"},\"sameAs\":[\"https:\/\/www.facebook.com\/Noblelift-Canada-102966741541390\/\"]}]}<\/script>\n<!-- \/ Yoast SEO plugin. -->","yoast_head_json":{"title":"NB530\/NR530 &#8212; Noblelift Canada","description":"NB530\/NR530 by Noblelift Canada | | Inquire Now To Get Your Noblelift Equipment & Parts","robots":{"index":"index","follow":"follow","max-snippet":"max-snippet:-1","max-image-preview":"max-image-preview:large","max-video-preview":"max-video-preview:-1"},"canonical":"https:\/\/nobleliftcanada.com\/fr\/produit\/walk-behind-scrubber-nb530-nr530\/","og_locale":"fr_FR","og_type":"article","og_title":"NB530\/NR530 &#8212; Noblelift Canada","og_description":"NB530\/NR530 by Noblelift Canada | | Inquire Now To Get Your Noblelift Equipment & Parts","og_url":"https:\/\/nobleliftcanada.com\/fr\/produit\/walk-behind-scrubber-nb530-nr530\/","og_site_name":"Noblelift Canada","article_publisher":"https:\/\/www.facebook.com\/Noblelift-Canada-102966741541390\/","article_modified_time":"2025-05-11T03:24:22+00:00","og_image":[{"width":742,"height":733,"url":"https:\/\/nobleliftcanada.com\/wp-content\/uploads\/2026\/02\/Noblelift-All-NB530-Electric-Scrubbers-Sunrise-1920w.jpg.webp","type":"image\/webp"}],"twitter_card":"summary_large_image","schema":{"@context":"https:\/\/schema.org","@graph":[{"@type":"WebPage","@id":"https:\/\/nobleliftcanada.com\/fr\/produit\/walk-behind-scrubber-nb530-nr530\/","url":"https:\/\/nobleliftcanada.com\/fr\/produit\/walk-behind-scrubber-nb530-nr530\/","name":"NB530\/NR530 &#8212; Noblelift Canada","isPartOf":{"@id":"https:\/\/nobleliftcanada.com\/fr\/#website"},"primaryImageOfPage":{"@id":"https:\/\/nobleliftcanada.com\/fr\/produit\/walk-behind-scrubber-nb530-nr530\/#primaryimage"},"image":{"@id":"https:\/\/nobleliftcanada.com\/fr\/produit\/walk-behind-scrubber-nb530-nr530\/#primaryimage"},"thumbnailUrl":"https:\/\/nobleliftcanada.com\/wp-content\/uploads\/2026\/02\/Noblelift-All-NB530-Electric-Scrubbers-Sunrise-1920w.jpg.webp","datePublished":"2025-03-21T11:16:53+00:00","dateModified":"2025-05-11T03:24:22+00:00","description":"NB530\/NR530 by Noblelift Canada | | Inquire Now To Get Your Noblelift Equipment & Parts","breadcrumb":{"@id":"https:\/\/nobleliftcanada.com\/fr\/produit\/walk-behind-scrubber-nb530-nr530\/#breadcrumb"},"inLanguage":"fr-FR","potentialAction":[{"@type":"ReadAction","target":["https:\/\/nobleliftcanada.com\/fr\/produit\/walk-behind-scrubber-nb530-nr530\/"]}]},{"@type":"ImageObject","inLanguage":"fr-FR","@id":"https:\/\/nobleliftcanada.com\/fr\/produit\/walk-behind-scrubber-nb530-nr530\/#primaryimage","url":"https:\/\/nobleliftcanada.com\/wp-content\/uploads\/2026\/02\/Noblelift-All-NB530-Electric-Scrubbers-Sunrise-1920w.jpg.webp","contentUrl":"https:\/\/nobleliftcanada.com\/wp-content\/uploads\/2026\/02\/Noblelift-All-NB530-Electric-Scrubbers-Sunrise-1920w.jpg.webp","width":742,"height":733},{"@type":"BreadcrumbList","@id":"https:\/\/nobleliftcanada.com\/fr\/produit\/walk-behind-scrubber-nb530-nr530\/#breadcrumb","itemListElement":[{"@type":"ListItem","position":1,"name":"Home","item":"https:\/\/nobleliftcanada.com\/fr\/"},{"@type":"ListItem","position":2,"name":"Boutique","item":"https:\/\/nobleliftcanada.com\/shop\/"},{"@type":"ListItem","position":3,"name":"NB530\/NR530"}]},{"@type":"WebSite","@id":"https:\/\/nobleliftcanada.com\/fr\/#website","url":"https:\/\/nobleliftcanada.com\/fr\/","name":"Noblelift Canada","description":"Canada&#039;s Leader | Material Handling Equipment","publisher":{"@id":"https:\/\/nobleliftcanada.com\/fr\/#organization"},"potentialAction":[{"@type":"SearchAction","target":{"@type":"EntryPoint","urlTemplate":"https:\/\/nobleliftcanada.com\/fr\/?s={search_term_string}"},"query-input":{"@type":"PropertyValueSpecification","valueRequired":true,"valueName":"search_term_string"}}],"inLanguage":"fr-FR"},{"@type":"Organization","@id":"https:\/\/nobleliftcanada.com\/fr\/#organization","name":"Noblelift Canada","url":"https:\/\/nobleliftcanada.com\/fr\/","logo":{"@type":"ImageObject","inLanguage":"fr-FR","@id":"https:\/\/nobleliftcanada.com\/fr\/#\/schema\/logo\/image\/","url":"https:\/\/nobleliftcanada.com\/wp-content\/uploads\/2020\/08\/NOBLELIFTCANADA-1.png","contentUrl":"https:\/\/nobleliftcanada.com\/wp-content\/uploads\/2020\/08\/NOBLELIFTCANADA-1.png","width":2413,"height":880,"caption":"Noblelift Canada"},"image":{"@id":"https:\/\/nobleliftcanada.com\/fr\/#\/schema\/logo\/image\/"},"sameAs":["https:\/\/www.facebook.com\/Noblelift-Canada-102966741541390\/"]}]}},"_links":{"self":[{"href":"https:\/\/nobleliftcanada.com\/fr\/wp-json\/wp\/v2\/product\/42790","targetHints":{"allow":["GET"]}}],"collection":[{"href":"https:\/\/nobleliftcanada.com\/fr\/wp-json\/wp\/v2\/product"}],"about":[{"href":"https:\/\/nobleliftcanada.com\/fr\/wp-json\/wp\/v2\/types\/product"}],"replies":[{"embeddable":true,"href":"https:\/\/nobleliftcanada.com\/fr\/wp-json\/wp\/v2\/comments?post=42790"}],"version-history":[{"count":1,"href":"https:\/\/nobleliftcanada.com\/fr\/wp-json\/wp\/v2\/product\/42790\/revisions"}],"predecessor-version":[{"id":45172,"href":"https:\/\/nobleliftcanada.com\/fr\/wp-json\/wp\/v2\/product\/42790\/revisions\/45172"}],"wp:featuredmedia":[{"embeddable":true,"href":"https:\/\/nobleliftcanada.com\/fr\/wp-json\/wp\/v2\/media\/59020"}],"wp:attachment":[{"href":"https:\/\/nobleliftcanada.com\/fr\/wp-json\/wp\/v2\/media?parent=42790"}],"wp:term":[{"taxonomy":"product_brand","embeddable":true,"href":"https:\/\/nobleliftcanada.com\/fr\/wp-json\/wp\/v2\/product_brand?post=42790"},{"taxonomy":"product_cat","embeddable":true,"href":"https:\/\/nobleliftcanada.com\/fr\/wp-json\/wp\/v2\/product_cat?post=42790"},{"taxonomy":"product_tag","embeddable":true,"href":"https:\/\/nobleliftcanada.com\/fr\/wp-json\/wp\/v2\/product_tag?post=42790"}],"curies":[{"name":"wp","href":"https:\/\/api.w.org\/{rel}","templated":true}]}}