{"id":42789,"date":"2025-03-21T11:18:26","date_gmt":"2025-03-21T11:18:26","guid":{"rendered":"https:\/\/nobleliftcanada.com\/product\/walk-behind-scrubber-nb380\/"},"modified":"2025-05-11T03:24:18","modified_gmt":"2025-05-11T03:24:18","slug":"walk-behind-scrubber-nb380","status":"publish","type":"product","link":"https:\/\/nobleliftcanada.com\/fr\/produit\/walk-behind-scrubber-nb380\/","title":{"rendered":"NB380"},"content":{"rendered":"","protected":false},"excerpt":{"rendered":"<p>Le nouveau Noblelift <strong>NB380<\/strong> allie haute performance et facilit\u00e9 d&rsquo;utilisation dans un design compact. Avec une largeur de travail de 380 mm, les sols peuvent \u00eatre nettoy\u00e9s rapidement, efficacement et en profondeur \u00e0 l&rsquo;aide d&rsquo;une brosse \u00e0 disque ou d&rsquo;un pad. De nombreux d\u00e9tails bien pens\u00e9s aident l&rsquo;utilisateur dans son travail quotidien. Par exemple, la forme ergonomique, la bonne accessibilit\u00e9 de tous les composants facilitant l&rsquo;entretien quotidien ou le couvercle du goulot de remplissage du r\u00e9servoir de solution, qui sert d&rsquo;aide au dosage des produits chimiques de nettoyage.<\/p>\n","protected":false},"featured_media":18243,"comment_status":"closed","ping_status":"closed","template":"","meta":{"_acf_changed":false},"product_brand":[],"product_cat":[150],"product_tag":[],"class_list":{"0":"post-42789","1":"product","2":"type-product","3":"status-publish","4":"has-post-thumbnail","6":"product_cat-floor-scrubbers-fr","8":"first","9":"instock","10":"taxable","11":"shipping-taxable","12":"product-type-variable"},"exclude_global_add_ons":[],"addons":[],"acf":{"coming_soon":false,"item_description":"Walk-Behind Scrubber<br \/>","brochure_button_label":"Brochure","brochure":18250,"location":"","video":null,"standard_features":"","alternative_numbers":"","erp_id":"","models":""},"yoast_head":"<!-- This site is optimized with the Yoast SEO plugin v27.2 - https:\/\/yoast.com\/product\/yoast-seo-wordpress\/ -->\n<title>NB380 &#8212; Noblelift Canada<\/title>\n<meta name=\"description\" content=\"NB380 by Noblelift Canada | | Inquire Now To Get Your Noblelift Equipment &amp; Parts\" \/>\n<meta name=\"robots\" content=\"index, follow, max-snippet:-1, max-image-preview:large, max-video-preview:-1\" \/>\n<link rel=\"canonical\" href=\"https:\/\/nobleliftcanada.com\/fr\/produit\/walk-behind-scrubber-nb380\/\" \/>\n<meta property=\"og:locale\" content=\"fr_FR\" \/>\n<meta property=\"og:type\" content=\"article\" \/>\n<meta property=\"og:title\" content=\"NB380 &#8212; Noblelift Canada\" \/>\n<meta property=\"og:description\" content=\"NB380 by Noblelift Canada | | Inquire Now To Get Your Noblelift Equipment &amp; Parts\" \/>\n<meta property=\"og:url\" content=\"https:\/\/nobleliftcanada.com\/fr\/produit\/walk-behind-scrubber-nb380\/\" \/>\n<meta property=\"og:site_name\" content=\"Noblelift Canada\" \/>\n<meta property=\"article:publisher\" content=\"https:\/\/www.facebook.com\/Noblelift-Canada-102966741541390\/\" \/>\n<meta property=\"article:modified_time\" content=\"2025-05-11T03:24:18+00:00\" \/>\n<meta property=\"og:image\" content=\"https:\/\/nobleliftcanada.com\/wp-content\/uploads\/2021\/06\/Noblelift-Product-Images-NB380-1.jpg\" \/>\n\t<meta property=\"og:image:width\" content=\"1\" \/>\n\t<meta property=\"og:image:height\" content=\"1\" \/>\n\t<meta property=\"og:image:type\" content=\"image\/jpeg\" \/>\n<meta name=\"twitter:card\" content=\"summary_large_image\" \/>\n<script type=\"application\/ld+json\" class=\"yoast-schema-graph\">{\"@context\":\"https:\/\/schema.org\",\"@graph\":[{\"@type\":\"WebPage\",\"@id\":\"https:\/\/nobleliftcanada.com\/fr\/produit\/walk-behind-scrubber-nb380\/\",\"url\":\"https:\/\/nobleliftcanada.com\/fr\/produit\/walk-behind-scrubber-nb380\/\",\"name\":\"NB380 &#8212; Noblelift Canada\",\"isPartOf\":{\"@id\":\"https:\/\/nobleliftcanada.com\/fr\/#website\"},\"primaryImageOfPage\":{\"@id\":\"https:\/\/nobleliftcanada.com\/fr\/produit\/walk-behind-scrubber-nb380\/#primaryimage\"},\"image\":{\"@id\":\"https:\/\/nobleliftcanada.com\/fr\/produit\/walk-behind-scrubber-nb380\/#primaryimage\"},\"thumbnailUrl\":\"https:\/\/nobleliftcanada.com\/wp-content\/uploads\/2021\/06\/Noblelift-Product-Images-NB380-1.jpg\",\"datePublished\":\"2025-03-21T11:18:26+00:00\",\"dateModified\":\"2025-05-11T03:24:18+00:00\",\"description\":\"NB380 by Noblelift Canada | | Inquire Now To Get Your Noblelift Equipment & Parts\",\"breadcrumb\":{\"@id\":\"https:\/\/nobleliftcanada.com\/fr\/produit\/walk-behind-scrubber-nb380\/#breadcrumb\"},\"inLanguage\":\"fr-FR\",\"potentialAction\":[{\"@type\":\"ReadAction\",\"target\":[\"https:\/\/nobleliftcanada.com\/fr\/produit\/walk-behind-scrubber-nb380\/\"]}]},{\"@type\":\"ImageObject\",\"inLanguage\":\"fr-FR\",\"@id\":\"https:\/\/nobleliftcanada.com\/fr\/produit\/walk-behind-scrubber-nb380\/#primaryimage\",\"url\":\"https:\/\/nobleliftcanada.com\/wp-content\/uploads\/2021\/06\/Noblelift-Product-Images-NB380-1.jpg\",\"contentUrl\":\"https:\/\/nobleliftcanada.com\/wp-content\/uploads\/2021\/06\/Noblelift-Product-Images-NB380-1.jpg\"},{\"@type\":\"BreadcrumbList\",\"@id\":\"https:\/\/nobleliftcanada.com\/fr\/produit\/walk-behind-scrubber-nb380\/#breadcrumb\",\"itemListElement\":[{\"@type\":\"ListItem\",\"position\":1,\"name\":\"Home\",\"item\":\"https:\/\/nobleliftcanada.com\/fr\/\"},{\"@type\":\"ListItem\",\"position\":2,\"name\":\"Boutique\",\"item\":\"https:\/\/nobleliftcanada.com\/shop\/\"},{\"@type\":\"ListItem\",\"position\":3,\"name\":\"NB380\"}]},{\"@type\":\"WebSite\",\"@id\":\"https:\/\/nobleliftcanada.com\/fr\/#website\",\"url\":\"https:\/\/nobleliftcanada.com\/fr\/\",\"name\":\"Noblelift Canada\",\"description\":\"Canada&#039;s Leader | Material Handling Equipment\",\"publisher\":{\"@id\":\"https:\/\/nobleliftcanada.com\/fr\/#organization\"},\"potentialAction\":[{\"@type\":\"SearchAction\",\"target\":{\"@type\":\"EntryPoint\",\"urlTemplate\":\"https:\/\/nobleliftcanada.com\/fr\/?s={search_term_string}\"},\"query-input\":{\"@type\":\"PropertyValueSpecification\",\"valueRequired\":true,\"valueName\":\"search_term_string\"}}],\"inLanguage\":\"fr-FR\"},{\"@type\":\"Organization\",\"@id\":\"https:\/\/nobleliftcanada.com\/fr\/#organization\",\"name\":\"Noblelift Canada\",\"url\":\"https:\/\/nobleliftcanada.com\/fr\/\",\"logo\":{\"@type\":\"ImageObject\",\"inLanguage\":\"fr-FR\",\"@id\":\"https:\/\/nobleliftcanada.com\/fr\/#\/schema\/logo\/image\/\",\"url\":\"https:\/\/nobleliftcanada.com\/wp-content\/uploads\/2020\/08\/NOBLELIFTCANADA-1.png\",\"contentUrl\":\"https:\/\/nobleliftcanada.com\/wp-content\/uploads\/2020\/08\/NOBLELIFTCANADA-1.png\",\"width\":2413,\"height\":880,\"caption\":\"Noblelift Canada\"},\"image\":{\"@id\":\"https:\/\/nobleliftcanada.com\/fr\/#\/schema\/logo\/image\/\"},\"sameAs\":[\"https:\/\/www.facebook.com\/Noblelift-Canada-102966741541390\/\"]}]}<\/script>\n<!-- \/ Yoast SEO plugin. -->","yoast_head_json":{"title":"NB380 &#8212; Noblelift Canada","description":"NB380 by Noblelift Canada | | Inquire Now To Get Your Noblelift Equipment & Parts","robots":{"index":"index","follow":"follow","max-snippet":"max-snippet:-1","max-image-preview":"max-image-preview:large","max-video-preview":"max-video-preview:-1"},"canonical":"https:\/\/nobleliftcanada.com\/fr\/produit\/walk-behind-scrubber-nb380\/","og_locale":"fr_FR","og_type":"article","og_title":"NB380 &#8212; Noblelift Canada","og_description":"NB380 by Noblelift Canada | | Inquire Now To Get Your Noblelift Equipment & Parts","og_url":"https:\/\/nobleliftcanada.com\/fr\/produit\/walk-behind-scrubber-nb380\/","og_site_name":"Noblelift Canada","article_publisher":"https:\/\/www.facebook.com\/Noblelift-Canada-102966741541390\/","article_modified_time":"2025-05-11T03:24:18+00:00","og_image":[{"url":"https:\/\/nobleliftcanada.com\/wp-content\/uploads\/2021\/06\/Noblelift-Product-Images-NB380-1.jpg","width":1,"height":1,"type":"image\/jpeg"}],"twitter_card":"summary_large_image","schema":{"@context":"https:\/\/schema.org","@graph":[{"@type":"WebPage","@id":"https:\/\/nobleliftcanada.com\/fr\/produit\/walk-behind-scrubber-nb380\/","url":"https:\/\/nobleliftcanada.com\/fr\/produit\/walk-behind-scrubber-nb380\/","name":"NB380 &#8212; Noblelift Canada","isPartOf":{"@id":"https:\/\/nobleliftcanada.com\/fr\/#website"},"primaryImageOfPage":{"@id":"https:\/\/nobleliftcanada.com\/fr\/produit\/walk-behind-scrubber-nb380\/#primaryimage"},"image":{"@id":"https:\/\/nobleliftcanada.com\/fr\/produit\/walk-behind-scrubber-nb380\/#primaryimage"},"thumbnailUrl":"https:\/\/nobleliftcanada.com\/wp-content\/uploads\/2021\/06\/Noblelift-Product-Images-NB380-1.jpg","datePublished":"2025-03-21T11:18:26+00:00","dateModified":"2025-05-11T03:24:18+00:00","description":"NB380 by Noblelift Canada | | Inquire Now To Get Your Noblelift Equipment & Parts","breadcrumb":{"@id":"https:\/\/nobleliftcanada.com\/fr\/produit\/walk-behind-scrubber-nb380\/#breadcrumb"},"inLanguage":"fr-FR","potentialAction":[{"@type":"ReadAction","target":["https:\/\/nobleliftcanada.com\/fr\/produit\/walk-behind-scrubber-nb380\/"]}]},{"@type":"ImageObject","inLanguage":"fr-FR","@id":"https:\/\/nobleliftcanada.com\/fr\/produit\/walk-behind-scrubber-nb380\/#primaryimage","url":"https:\/\/nobleliftcanada.com\/wp-content\/uploads\/2021\/06\/Noblelift-Product-Images-NB380-1.jpg","contentUrl":"https:\/\/nobleliftcanada.com\/wp-content\/uploads\/2021\/06\/Noblelift-Product-Images-NB380-1.jpg"},{"@type":"BreadcrumbList","@id":"https:\/\/nobleliftcanada.com\/fr\/produit\/walk-behind-scrubber-nb380\/#breadcrumb","itemListElement":[{"@type":"ListItem","position":1,"name":"Home","item":"https:\/\/nobleliftcanada.com\/fr\/"},{"@type":"ListItem","position":2,"name":"Boutique","item":"https:\/\/nobleliftcanada.com\/shop\/"},{"@type":"ListItem","position":3,"name":"NB380"}]},{"@type":"WebSite","@id":"https:\/\/nobleliftcanada.com\/fr\/#website","url":"https:\/\/nobleliftcanada.com\/fr\/","name":"Noblelift Canada","description":"Canada&#039;s Leader | Material Handling Equipment","publisher":{"@id":"https:\/\/nobleliftcanada.com\/fr\/#organization"},"potentialAction":[{"@type":"SearchAction","target":{"@type":"EntryPoint","urlTemplate":"https:\/\/nobleliftcanada.com\/fr\/?s={search_term_string}"},"query-input":{"@type":"PropertyValueSpecification","valueRequired":true,"valueName":"search_term_string"}}],"inLanguage":"fr-FR"},{"@type":"Organization","@id":"https:\/\/nobleliftcanada.com\/fr\/#organization","name":"Noblelift Canada","url":"https:\/\/nobleliftcanada.com\/fr\/","logo":{"@type":"ImageObject","inLanguage":"fr-FR","@id":"https:\/\/nobleliftcanada.com\/fr\/#\/schema\/logo\/image\/","url":"https:\/\/nobleliftcanada.com\/wp-content\/uploads\/2020\/08\/NOBLELIFTCANADA-1.png","contentUrl":"https:\/\/nobleliftcanada.com\/wp-content\/uploads\/2020\/08\/NOBLELIFTCANADA-1.png","width":2413,"height":880,"caption":"Noblelift Canada"},"image":{"@id":"https:\/\/nobleliftcanada.com\/fr\/#\/schema\/logo\/image\/"},"sameAs":["https:\/\/www.facebook.com\/Noblelift-Canada-102966741541390\/"]}]}},"_links":{"self":[{"href":"https:\/\/nobleliftcanada.com\/fr\/wp-json\/wp\/v2\/product\/42789","targetHints":{"allow":["GET"]}}],"collection":[{"href":"https:\/\/nobleliftcanada.com\/fr\/wp-json\/wp\/v2\/product"}],"about":[{"href":"https:\/\/nobleliftcanada.com\/fr\/wp-json\/wp\/v2\/types\/product"}],"replies":[{"embeddable":true,"href":"https:\/\/nobleliftcanada.com\/fr\/wp-json\/wp\/v2\/comments?post=42789"}],"version-history":[{"count":1,"href":"https:\/\/nobleliftcanada.com\/fr\/wp-json\/wp\/v2\/product\/42789\/revisions"}],"predecessor-version":[{"id":45171,"href":"https:\/\/nobleliftcanada.com\/fr\/wp-json\/wp\/v2\/product\/42789\/revisions\/45171"}],"wp:featuredmedia":[{"embeddable":true,"href":"https:\/\/nobleliftcanada.com\/fr\/wp-json\/wp\/v2\/media\/18243"}],"wp:attachment":[{"href":"https:\/\/nobleliftcanada.com\/fr\/wp-json\/wp\/v2\/media?parent=42789"}],"wp:term":[{"taxonomy":"product_brand","embeddable":true,"href":"https:\/\/nobleliftcanada.com\/fr\/wp-json\/wp\/v2\/product_brand?post=42789"},{"taxonomy":"product_cat","embeddable":true,"href":"https:\/\/nobleliftcanada.com\/fr\/wp-json\/wp\/v2\/product_cat?post=42789"},{"taxonomy":"product_tag","embeddable":true,"href":"https:\/\/nobleliftcanada.com\/fr\/wp-json\/wp\/v2\/product_tag?post=42789"}],"curies":[{"name":"wp","href":"https:\/\/api.w.org\/{rel}","templated":true}]}}