{"id":42788,"date":"2025-03-21T11:26:23","date_gmt":"2025-03-21T11:26:23","guid":{"rendered":"https:\/\/nobleliftcanada.com\/product\/electric-order-picker-1200kg-oph-12-12k\/"},"modified":"2025-05-11T03:25:18","modified_gmt":"2025-05-11T03:25:18","slug":"electric-order-picker-1200kg-oph-12-12k","status":"publish","type":"product","link":"https:\/\/nobleliftcanada.com\/fr\/produit\/electric-order-picker-1200kg-oph-12-12k\/","title":{"rendered":"OPH 12-12K"},"content":{"rendered":"","protected":false},"excerpt":{"rendered":"<p><strong>R\u00c9DUCTION DE LA VITESSE DANS LES VIRAGES<\/strong><\/p>\n<p>La r\u00e9duction de la vitesse dans les virages permet d&rsquo;assurer une meilleure man\u0153uvrabilit\u00e9, en particulier en mode haute vitesse.<\/p>\n<div class=\"layoutArea\">\n<div class=\"column\">\n<p><strong>VERROUILLAGE<\/strong> DES PALETTES<\/p>\n<p>Dispositif de verrouillage automatique des palettes &#8211; capable de bloquer en toute s\u00e9curit\u00e9 des palettes de 32 mm \u00e0 150 mm, de stabiliser instantan\u00e9ment la charge et d&rsquo;augmenter consid\u00e9rablement la vitesse de manutention.<\/p>\n<p><strong>DISPOSITIF DE S\u00c9CURIT\u00c9<\/strong><\/p>\n<p>\u00c9quip\u00e9 d&rsquo;un limiteur de chute \u00e0 r\u00e9traction automatique et d&rsquo;une ceinture de s\u00e9curit\u00e9, qui offre une bonne protection \u00e0 l&rsquo;op\u00e9rateur.<\/p>\n<p><strong>R\u00c9GLAGE DYNAMIQUE EN TEMPS R\u00c9EL DES PARAM\u00c8TRES CL\u00c9S EN FONCTION DE L&rsquo;\u00c9TAT ACTUEL DU CHARIOT<\/strong><\/p>\n<\/div>\n<\/div>\n<div class=\"layoutArea\">\n<div class=\"column\">\n<p>La vitesse de d\u00e9placement, la hauteur de levage et la capacit\u00e9 de chargement fonctionnent comme un syst\u00e8me int\u00e9gr\u00e9, garantissant des performances et une s\u00e9curit\u00e9 optimales.<\/p>\n<\/div>\n<\/div>\n","protected":false},"featured_media":18316,"comment_status":"closed","ping_status":"closed","template":"","meta":{"_acf_changed":false},"product_brand":[],"product_cat":[149],"product_tag":[],"class_list":{"0":"post-42788","1":"product","2":"type-product","3":"status-publish","4":"has-post-thumbnail","6":"product_cat-package-order-pickers-fr","8":"first","9":"instock","10":"taxable","11":"shipping-taxable","12":"product-type-variable"},"exclude_global_add_ons":false,"addons":[{"name":"Batterie","type":"multiple_choice","position":0,"required":true,"title_format":"label","default":"","description_enable":false,"description":null,"placeholder_enable":false,"placeholder":null,"display":"select","restrictions_type":"any_text","adjust_price":false,"price":"","price_type":"flat_fee","restrictions":false,"min":"0","max":"0","options":[{"label":"Batterie au plomb de 1000Ah","price":"12240","price_type":"quantity_based","image":0,"visibility":true},{"label":"Batterie au lithium 24V560Ah","price":"12240","price_type":"quantity_based","image":0,"visibility":true}],"id":1745622403},{"name":"Chargeur de batterie","type":"multiple_choice","position":1,"required":true,"title_format":"label","default":"","description_enable":false,"description":null,"placeholder_enable":false,"placeholder":null,"display":"radiobutton","restrictions_type":"any_text","adjust_price":false,"price":"","price_type":"flat_fee","restrictions":false,"min":"0","max":"0","options":[{"label":"Chargeur 24V\/420Ah - 600V 240VAC 1PH","price":"2090","price_type":"quantity_based","image":0,"visibility":true}],"id":1745622404},{"name":"Chargeur de batterie","type":"multiple_choice","position":2,"required":true,"title_format":"label","default":"","description_enable":false,"description":null,"placeholder_enable":false,"placeholder":null,"display":"radiobutton","restrictions_type":"any_text","adjust_price":false,"price":"","price_type":"flat_fee","restrictions":false,"min":"0","max":"0","options":[{"label":"Chargeur lithium 24V\/200Ah - 600V 480V 3PH","price":"10400","price_type":"quantity_based","image":0,"visibility":true}],"id":1745622568},{"name":"Batterie acide","type":"multiple_choice","position":3,"required":true,"title_format":"label","default":"","description_enable":false,"description":null,"placeholder_enable":false,"placeholder":null,"display":"radiobutton","restrictions_type":"any_text","adjust_price":false,"price":"","price_type":"flat_fee","restrictions":false,"min":"0","max":"0","options":[{"label":"Syst\u00e8me d'arrosage pour batterie acide","price":"1080","price_type":"quantity_based","image":0,"visibility":true}],"id":1745622903},{"name":"Longueur de fourche standard 42","type":"multiple_choice","position":4,"required":false,"title_format":"label","default":"","description_enable":false,"description":null,"placeholder_enable":false,"placeholder":null,"display":"select","restrictions_type":"any_text","adjust_price":false,"price":"","price_type":"flat_fee","restrictions":false,"min":"0","max":"0","options":[{"label":"Longueur de la fourche en option 45 pouces","price":"178","price_type":"quantity_based","image":0,"visibility":true},{"label":"Longueur de fourche optionnelle 48 pouces","price":"178","price_type":"quantity_based","image":0,"visibility":true},{"label":"Longueur de fourche optionnelle 54 pouces","price":"178","price_type":"quantity_based","image":0,"visibility":true},{"label":"Longueur de fourche optionnelle 60 pouces","price":"178","price_type":"quantity_based","image":0,"visibility":true}],"id":1745621533},{"name":"DES OPTIONS SUPPL\u00c9MENTAIRES :","type":"checkbox","position":5,"required":false,"title_format":"label","default":"","description_enable":false,"description":null,"placeholder_enable":false,"placeholder":null,"display":"select","restrictions_type":"any_text","adjust_price":false,"price":"","price_type":"flat_fee","restrictions":false,"min":"0","max":"0","options":[{"label":"Ensemble de syst\u00e8mes de guidage magn\u00e9tique","price":"10400","price_type":"quantity_based","image":0,"visibility":true},{"label":"Fil magn\u00e9tique par m\u00e8tre","price":"16.36","price_type":"quantity_based","image":0,"visibility":true},{"label":"Support de chargeur avec b\u00e2ton de pogo","price":"1100","price_type":"quantity_based","image":0,"visibility":true}],"id":1745621773}],"acf":{"coming_soon":false,"item_description":"Electric Order Picker<br \/> 1200 KG","brochure_button_label":"Brochure","brochure":18252,"location":"","video":null,"standard_features":"","alternative_numbers":"","erp_id":"","models":"","load_charts":null,"load_charts_2":null,"load_charts_3":null,"load_charts_4":null},"yoast_head":"<!-- This site is optimized with the Yoast SEO plugin v27.3 - https:\/\/yoast.com\/product\/yoast-seo-wordpress\/ -->\n<title>OPH 12-12K &#8212; Noblelift Canada<\/title>\n<meta name=\"description\" content=\"OPH 12-12K by Noblelift Canada | | Inquire Now To Get Your Noblelift Equipment &amp; Parts\" \/>\n<meta name=\"robots\" content=\"index, follow, max-snippet:-1, max-image-preview:large, max-video-preview:-1\" \/>\n<link rel=\"canonical\" href=\"https:\/\/nobleliftcanada.com\/fr\/produit\/electric-order-picker-1200kg-oph-12-12k\/\" \/>\n<meta property=\"og:locale\" content=\"fr_FR\" \/>\n<meta property=\"og:type\" content=\"article\" \/>\n<meta property=\"og:title\" content=\"OPH 12-12K &#8212; Noblelift Canada\" \/>\n<meta property=\"og:description\" content=\"OPH 12-12K by Noblelift Canada | | Inquire Now To Get Your Noblelift Equipment &amp; Parts\" \/>\n<meta property=\"og:url\" content=\"https:\/\/nobleliftcanada.com\/fr\/produit\/electric-order-picker-1200kg-oph-12-12k\/\" \/>\n<meta property=\"og:site_name\" content=\"Noblelift Canada\" \/>\n<meta property=\"article:publisher\" content=\"https:\/\/www.facebook.com\/Noblelift-Canada-102966741541390\/\" \/>\n<meta property=\"article:modified_time\" content=\"2025-05-11T03:25:18+00:00\" \/>\n<meta property=\"og:image\" content=\"https:\/\/nobleliftcanada.com\/wp-content\/uploads\/2020\/09\/Noblelift-Canada-OPH12-12K-e1724773927625.png\" \/>\n\t<meta property=\"og:image:width\" content=\"1384\" \/>\n\t<meta property=\"og:image:height\" content=\"1482\" \/>\n\t<meta property=\"og:image:type\" content=\"image\/png\" \/>\n<meta name=\"twitter:card\" content=\"summary_large_image\" \/>\n<script type=\"application\/ld+json\" class=\"yoast-schema-graph\">{\"@context\":\"https:\\\/\\\/schema.org\",\"@graph\":[{\"@type\":\"WebPage\",\"@id\":\"https:\\\/\\\/nobleliftcanada.com\\\/fr\\\/produit\\\/electric-order-picker-1200kg-oph-12-12k\\\/\",\"url\":\"https:\\\/\\\/nobleliftcanada.com\\\/fr\\\/produit\\\/electric-order-picker-1200kg-oph-12-12k\\\/\",\"name\":\"OPH 12-12K &#8212; Noblelift Canada\",\"isPartOf\":{\"@id\":\"https:\\\/\\\/nobleliftcanada.com\\\/fr\\\/#website\"},\"primaryImageOfPage\":{\"@id\":\"https:\\\/\\\/nobleliftcanada.com\\\/fr\\\/produit\\\/electric-order-picker-1200kg-oph-12-12k\\\/#primaryimage\"},\"image\":{\"@id\":\"https:\\\/\\\/nobleliftcanada.com\\\/fr\\\/produit\\\/electric-order-picker-1200kg-oph-12-12k\\\/#primaryimage\"},\"thumbnailUrl\":\"https:\\\/\\\/nobleliftcanada.com\\\/wp-content\\\/uploads\\\/2020\\\/09\\\/Noblelift-Canada-OPH12-12K-e1724773927625.png\",\"datePublished\":\"2025-03-21T11:26:23+00:00\",\"dateModified\":\"2025-05-11T03:25:18+00:00\",\"description\":\"OPH 12-12K by Noblelift Canada | | Inquire Now To Get Your Noblelift Equipment & Parts\",\"breadcrumb\":{\"@id\":\"https:\\\/\\\/nobleliftcanada.com\\\/fr\\\/produit\\\/electric-order-picker-1200kg-oph-12-12k\\\/#breadcrumb\"},\"inLanguage\":\"fr-FR\",\"potentialAction\":[{\"@type\":\"ReadAction\",\"target\":[\"https:\\\/\\\/nobleliftcanada.com\\\/fr\\\/produit\\\/electric-order-picker-1200kg-oph-12-12k\\\/\"]}]},{\"@type\":\"ImageObject\",\"inLanguage\":\"fr-FR\",\"@id\":\"https:\\\/\\\/nobleliftcanada.com\\\/fr\\\/produit\\\/electric-order-picker-1200kg-oph-12-12k\\\/#primaryimage\",\"url\":\"https:\\\/\\\/nobleliftcanada.com\\\/wp-content\\\/uploads\\\/2020\\\/09\\\/Noblelift-Canada-OPH12-12K-e1724773927625.png\",\"contentUrl\":\"https:\\\/\\\/nobleliftcanada.com\\\/wp-content\\\/uploads\\\/2020\\\/09\\\/Noblelift-Canada-OPH12-12K-e1724773927625.png\",\"width\":1384,\"height\":1482},{\"@type\":\"BreadcrumbList\",\"@id\":\"https:\\\/\\\/nobleliftcanada.com\\\/fr\\\/produit\\\/electric-order-picker-1200kg-oph-12-12k\\\/#breadcrumb\",\"itemListElement\":[{\"@type\":\"ListItem\",\"position\":1,\"name\":\"Home\",\"item\":\"https:\\\/\\\/nobleliftcanada.com\\\/fr\\\/\"},{\"@type\":\"ListItem\",\"position\":2,\"name\":\"Boutique\",\"item\":\"https:\\\/\\\/nobleliftcanada.com\\\/shop\\\/\"},{\"@type\":\"ListItem\",\"position\":3,\"name\":\"OPH 12-12K\"}]},{\"@type\":\"WebSite\",\"@id\":\"https:\\\/\\\/nobleliftcanada.com\\\/fr\\\/#website\",\"url\":\"https:\\\/\\\/nobleliftcanada.com\\\/fr\\\/\",\"name\":\"Noblelift Canada\",\"description\":\"Canada&#039;s Leader | Material Handling Equipment\",\"publisher\":{\"@id\":\"https:\\\/\\\/nobleliftcanada.com\\\/fr\\\/#organization\"},\"potentialAction\":[{\"@type\":\"SearchAction\",\"target\":{\"@type\":\"EntryPoint\",\"urlTemplate\":\"https:\\\/\\\/nobleliftcanada.com\\\/fr\\\/?s={search_term_string}\"},\"query-input\":{\"@type\":\"PropertyValueSpecification\",\"valueRequired\":true,\"valueName\":\"search_term_string\"}}],\"inLanguage\":\"fr-FR\"},{\"@type\":\"Organization\",\"@id\":\"https:\\\/\\\/nobleliftcanada.com\\\/fr\\\/#organization\",\"name\":\"Noblelift Canada\",\"url\":\"https:\\\/\\\/nobleliftcanada.com\\\/fr\\\/\",\"logo\":{\"@type\":\"ImageObject\",\"inLanguage\":\"fr-FR\",\"@id\":\"https:\\\/\\\/nobleliftcanada.com\\\/fr\\\/#\\\/schema\\\/logo\\\/image\\\/\",\"url\":\"https:\\\/\\\/nobleliftcanada.com\\\/wp-content\\\/uploads\\\/2020\\\/08\\\/NOBLELIFTCANADA-1.png\",\"contentUrl\":\"https:\\\/\\\/nobleliftcanada.com\\\/wp-content\\\/uploads\\\/2020\\\/08\\\/NOBLELIFTCANADA-1.png\",\"width\":2413,\"height\":880,\"caption\":\"Noblelift Canada\"},\"image\":{\"@id\":\"https:\\\/\\\/nobleliftcanada.com\\\/fr\\\/#\\\/schema\\\/logo\\\/image\\\/\"},\"sameAs\":[\"https:\\\/\\\/www.facebook.com\\\/Noblelift-Canada-102966741541390\\\/\"]}]}<\/script>\n<!-- \/ Yoast SEO plugin. -->","yoast_head_json":{"title":"OPH 12-12K &#8212; Noblelift Canada","description":"OPH 12-12K by Noblelift Canada | | Inquire Now To Get Your Noblelift Equipment & Parts","robots":{"index":"index","follow":"follow","max-snippet":"max-snippet:-1","max-image-preview":"max-image-preview:large","max-video-preview":"max-video-preview:-1"},"canonical":"https:\/\/nobleliftcanada.com\/fr\/produit\/electric-order-picker-1200kg-oph-12-12k\/","og_locale":"fr_FR","og_type":"article","og_title":"OPH 12-12K &#8212; Noblelift Canada","og_description":"OPH 12-12K by Noblelift Canada | | Inquire Now To Get Your Noblelift Equipment & Parts","og_url":"https:\/\/nobleliftcanada.com\/fr\/produit\/electric-order-picker-1200kg-oph-12-12k\/","og_site_name":"Noblelift Canada","article_publisher":"https:\/\/www.facebook.com\/Noblelift-Canada-102966741541390\/","article_modified_time":"2025-05-11T03:25:18+00:00","og_image":[{"width":1384,"height":1482,"url":"https:\/\/nobleliftcanada.com\/wp-content\/uploads\/2020\/09\/Noblelift-Canada-OPH12-12K-e1724773927625.png","type":"image\/png"}],"twitter_card":"summary_large_image","schema":{"@context":"https:\/\/schema.org","@graph":[{"@type":"WebPage","@id":"https:\/\/nobleliftcanada.com\/fr\/produit\/electric-order-picker-1200kg-oph-12-12k\/","url":"https:\/\/nobleliftcanada.com\/fr\/produit\/electric-order-picker-1200kg-oph-12-12k\/","name":"OPH 12-12K &#8212; Noblelift Canada","isPartOf":{"@id":"https:\/\/nobleliftcanada.com\/fr\/#website"},"primaryImageOfPage":{"@id":"https:\/\/nobleliftcanada.com\/fr\/produit\/electric-order-picker-1200kg-oph-12-12k\/#primaryimage"},"image":{"@id":"https:\/\/nobleliftcanada.com\/fr\/produit\/electric-order-picker-1200kg-oph-12-12k\/#primaryimage"},"thumbnailUrl":"https:\/\/nobleliftcanada.com\/wp-content\/uploads\/2020\/09\/Noblelift-Canada-OPH12-12K-e1724773927625.png","datePublished":"2025-03-21T11:26:23+00:00","dateModified":"2025-05-11T03:25:18+00:00","description":"OPH 12-12K by Noblelift Canada | | Inquire Now To Get Your Noblelift Equipment & Parts","breadcrumb":{"@id":"https:\/\/nobleliftcanada.com\/fr\/produit\/electric-order-picker-1200kg-oph-12-12k\/#breadcrumb"},"inLanguage":"fr-FR","potentialAction":[{"@type":"ReadAction","target":["https:\/\/nobleliftcanada.com\/fr\/produit\/electric-order-picker-1200kg-oph-12-12k\/"]}]},{"@type":"ImageObject","inLanguage":"fr-FR","@id":"https:\/\/nobleliftcanada.com\/fr\/produit\/electric-order-picker-1200kg-oph-12-12k\/#primaryimage","url":"https:\/\/nobleliftcanada.com\/wp-content\/uploads\/2020\/09\/Noblelift-Canada-OPH12-12K-e1724773927625.png","contentUrl":"https:\/\/nobleliftcanada.com\/wp-content\/uploads\/2020\/09\/Noblelift-Canada-OPH12-12K-e1724773927625.png","width":1384,"height":1482},{"@type":"BreadcrumbList","@id":"https:\/\/nobleliftcanada.com\/fr\/produit\/electric-order-picker-1200kg-oph-12-12k\/#breadcrumb","itemListElement":[{"@type":"ListItem","position":1,"name":"Home","item":"https:\/\/nobleliftcanada.com\/fr\/"},{"@type":"ListItem","position":2,"name":"Boutique","item":"https:\/\/nobleliftcanada.com\/shop\/"},{"@type":"ListItem","position":3,"name":"OPH 12-12K"}]},{"@type":"WebSite","@id":"https:\/\/nobleliftcanada.com\/fr\/#website","url":"https:\/\/nobleliftcanada.com\/fr\/","name":"Noblelift Canada","description":"Canada&#039;s Leader | Material Handling Equipment","publisher":{"@id":"https:\/\/nobleliftcanada.com\/fr\/#organization"},"potentialAction":[{"@type":"SearchAction","target":{"@type":"EntryPoint","urlTemplate":"https:\/\/nobleliftcanada.com\/fr\/?s={search_term_string}"},"query-input":{"@type":"PropertyValueSpecification","valueRequired":true,"valueName":"search_term_string"}}],"inLanguage":"fr-FR"},{"@type":"Organization","@id":"https:\/\/nobleliftcanada.com\/fr\/#organization","name":"Noblelift Canada","url":"https:\/\/nobleliftcanada.com\/fr\/","logo":{"@type":"ImageObject","inLanguage":"fr-FR","@id":"https:\/\/nobleliftcanada.com\/fr\/#\/schema\/logo\/image\/","url":"https:\/\/nobleliftcanada.com\/wp-content\/uploads\/2020\/08\/NOBLELIFTCANADA-1.png","contentUrl":"https:\/\/nobleliftcanada.com\/wp-content\/uploads\/2020\/08\/NOBLELIFTCANADA-1.png","width":2413,"height":880,"caption":"Noblelift Canada"},"image":{"@id":"https:\/\/nobleliftcanada.com\/fr\/#\/schema\/logo\/image\/"},"sameAs":["https:\/\/www.facebook.com\/Noblelift-Canada-102966741541390\/"]}]}},"_links":{"self":[{"href":"https:\/\/nobleliftcanada.com\/fr\/wp-json\/wp\/v2\/product\/42788","targetHints":{"allow":["GET"]}}],"collection":[{"href":"https:\/\/nobleliftcanada.com\/fr\/wp-json\/wp\/v2\/product"}],"about":[{"href":"https:\/\/nobleliftcanada.com\/fr\/wp-json\/wp\/v2\/types\/product"}],"replies":[{"embeddable":true,"href":"https:\/\/nobleliftcanada.com\/fr\/wp-json\/wp\/v2\/comments?post=42788"}],"version-history":[{"count":2,"href":"https:\/\/nobleliftcanada.com\/fr\/wp-json\/wp\/v2\/product\/42788\/revisions"}],"predecessor-version":[{"id":45183,"href":"https:\/\/nobleliftcanada.com\/fr\/wp-json\/wp\/v2\/product\/42788\/revisions\/45183"}],"wp:featuredmedia":[{"embeddable":true,"href":"https:\/\/nobleliftcanada.com\/fr\/wp-json\/wp\/v2\/media\/18316"}],"wp:attachment":[{"href":"https:\/\/nobleliftcanada.com\/fr\/wp-json\/wp\/v2\/media?parent=42788"}],"wp:term":[{"taxonomy":"product_brand","embeddable":true,"href":"https:\/\/nobleliftcanada.com\/fr\/wp-json\/wp\/v2\/product_brand?post=42788"},{"taxonomy":"product_cat","embeddable":true,"href":"https:\/\/nobleliftcanada.com\/fr\/wp-json\/wp\/v2\/product_cat?post=42788"},{"taxonomy":"product_tag","embeddable":true,"href":"https:\/\/nobleliftcanada.com\/fr\/wp-json\/wp\/v2\/product_tag?post=42788"}],"curies":[{"name":"wp","href":"https:\/\/api.w.org\/{rel}","templated":true}]}}