{"id":42787,"date":"2025-03-21T11:30:33","date_gmt":"2025-03-21T11:30:33","guid":{"rendered":"https:\/\/nobleliftcanada.com\/product\/low-level-order-picker-2500kg-opl25n\/"},"modified":"2025-05-11T03:25:12","modified_gmt":"2025-05-11T03:25:12","slug":"low-level-order-picker-2500kg-opl25n","status":"publish","type":"product","link":"https:\/\/nobleliftcanada.com\/fr\/produit\/low-level-order-picker-2500kg-opl25n\/","title":{"rendered":"OPL25N"},"content":{"rendered":"","protected":false},"excerpt":{"rendered":"<p>L&rsquo;OPL25N est un pr\u00e9parateur de commandes \u00e0 bas niveau qui dispose d&rsquo;une forte puissance et d&rsquo;une meilleure stabilit\u00e9 lors de l&rsquo;augmentation ou de la diminution de la vitesse gr\u00e2ce \u00e0 l&rsquo;entra\u00eenement \u00e0 courant alternatif allemand et au contr\u00f4leur italien. De plus, son syst\u00e8me de direction \u00e9lectrique et sa poign\u00e9e multifonctionnelle REMA lui conf\u00e8rent une grande efficacit\u00e9 de travail et un grand confort de conduite.<br \/>\nLa structure en 4 points de la plate-forme flottante d&rsquo;absorption des chocs et les coussinets en caoutchouc minimisent les vibrations. Le dossier ergonomique permet d&rsquo;\u00e9viter efficacement la fatigue du conducteur ; la conception lat\u00e9rale de la batterie permet un remplacement rapide et facile en cas de travail en plusieurs \u00e9quipes.<br \/>\nLes caract\u00e9ristiques enti\u00e8rement mises \u00e0 jour rendent le pr\u00e9l\u00e8vement plus facile et plus efficace et offrent diverses configurations en option telles que le support d&rsquo;extension, la lumi\u00e8re d&rsquo;avertissement, la lumi\u00e8re bleue, les rouleaux d&rsquo;entr\u00e9e, le plateau de stockage, le double port de charge USB, etc.   <\/p>\n","protected":false},"featured_media":49854,"comment_status":"closed","ping_status":"closed","template":"","meta":{"_acf_changed":false},"product_brand":[],"product_cat":[149],"product_tag":[],"class_list":{"0":"post-42787","1":"product","2":"type-product","3":"status-publish","4":"has-post-thumbnail","6":"product_cat-package-order-pickers-fr","8":"first","9":"outofstock","10":"taxable","11":"shipping-taxable","12":"product-type-variable"},"exclude_global_add_ons":false,"addons":[{"name":"Chargeur de batterie","type":"multiple_choice","position":0,"required":true,"title_format":"label","default":"","description_enable":false,"description":null,"placeholder_enable":false,"placeholder":null,"display":"radiobutton","restrictions_type":"any_text","adjust_price":false,"price":"","price_type":"flat_fee","restrictions":false,"min":"0","max":"0","options":[{"label":"Batterie LFP 24\/200Ah et chargeur monophas\u00e9 24V\/50A Homologu\u00e9 CSA","price":"3100","price_type":"quantity_based","image":0,"visibility":true},{"label":"Batterie LFP 24V\/300Ah et chargeur monophas\u00e9 24V\/50A homologu\u00e9s CSA","price":"5500","price_type":"quantity_based","image":0,"visibility":true}],"id":1745682641},{"name":"Longueur de fourche standard 42","type":"multiple_choice","position":1,"required":false,"title_format":"label","default":"","description_enable":false,"description":null,"placeholder_enable":false,"placeholder":null,"display":"select","restrictions_type":"any_text","adjust_price":false,"price":"","price_type":"flat_fee","restrictions":false,"min":"0","max":"0","options":[{"label":"Longueur de la fourche 95\" (2.4m)","price":"900","price_type":"quantity_based","image":0,"visibility":true}],"id":1745682639},{"name":"DES OPTIONS SUPPL\u00c9MENTAIRES :","type":"checkbox","position":2,"required":false,"title_format":"label","default":"","description_enable":false,"description":null,"placeholder_enable":false,"placeholder":null,"display":"select","restrictions_type":"any_text","adjust_price":false,"price":"","price_type":"flat_fee","restrictions":false,"min":"0","max":"0","options":[{"label":"LA PLATEFORME MAN UP","price":"1798","price_type":"quantity_based","image":0,"visibility":true},{"label":"ROULEAUX DE CHARGEMENT TANDEM","price":"396","price_type":"quantity_based","image":0,"visibility":true}],"id":1745682640}],"acf":{"coming_soon":false,"item_description":"Low-level order picker<br \/> 2500 KG","brochure_button_label":"Brochure","brochure":17774,"location":"","video":null,"standard_features":"","alternative_numbers":"","erp_id":"","models":"","load_charts":null,"load_charts_2":null,"load_charts_3":null,"load_charts_4":null},"yoast_head":"<!-- This site is optimized with the Yoast SEO plugin v27.3 - https:\/\/yoast.com\/product\/yoast-seo-wordpress\/ -->\n<title>OPL25N &#8212; Noblelift Canada<\/title>\n<meta name=\"description\" content=\"OPL25N by Noblelift Canada | | Inquire Now To Get Your Noblelift Equipment &amp; Parts\" \/>\n<meta name=\"robots\" content=\"index, follow, max-snippet:-1, max-image-preview:large, max-video-preview:-1\" \/>\n<link rel=\"canonical\" href=\"https:\/\/nobleliftcanada.com\/fr\/produit\/low-level-order-picker-2500kg-opl25n\/\" \/>\n<meta property=\"og:locale\" content=\"fr_FR\" \/>\n<meta property=\"og:type\" content=\"article\" \/>\n<meta property=\"og:title\" content=\"OPL25N &#8212; Noblelift Canada\" \/>\n<meta property=\"og:description\" content=\"OPL25N by Noblelift Canada | | Inquire Now To Get Your Noblelift Equipment &amp; Parts\" \/>\n<meta property=\"og:url\" content=\"https:\/\/nobleliftcanada.com\/fr\/produit\/low-level-order-picker-2500kg-opl25n\/\" \/>\n<meta property=\"og:site_name\" content=\"Noblelift Canada\" \/>\n<meta property=\"article:publisher\" content=\"https:\/\/www.facebook.com\/Noblelift-Canada-102966741541390\/\" \/>\n<meta property=\"article:modified_time\" content=\"2025-05-11T03:25:12+00:00\" \/>\n<meta property=\"og:image\" content=\"https:\/\/nobleliftcanada.com\/wp-content\/uploads\/2025\/03\/Noblelift-Product-Images-OPL25N.jpg\" \/>\n\t<meta property=\"og:image:width\" content=\"1080\" \/>\n\t<meta property=\"og:image:height\" content=\"1080\" \/>\n\t<meta property=\"og:image:type\" content=\"image\/jpeg\" \/>\n<meta name=\"twitter:card\" content=\"summary_large_image\" \/>\n<script type=\"application\/ld+json\" class=\"yoast-schema-graph\">{\"@context\":\"https:\\\/\\\/schema.org\",\"@graph\":[{\"@type\":\"WebPage\",\"@id\":\"https:\\\/\\\/nobleliftcanada.com\\\/fr\\\/produit\\\/low-level-order-picker-2500kg-opl25n\\\/\",\"url\":\"https:\\\/\\\/nobleliftcanada.com\\\/fr\\\/produit\\\/low-level-order-picker-2500kg-opl25n\\\/\",\"name\":\"OPL25N &#8212; Noblelift Canada\",\"isPartOf\":{\"@id\":\"https:\\\/\\\/nobleliftcanada.com\\\/fr\\\/#website\"},\"primaryImageOfPage\":{\"@id\":\"https:\\\/\\\/nobleliftcanada.com\\\/fr\\\/produit\\\/low-level-order-picker-2500kg-opl25n\\\/#primaryimage\"},\"image\":{\"@id\":\"https:\\\/\\\/nobleliftcanada.com\\\/fr\\\/produit\\\/low-level-order-picker-2500kg-opl25n\\\/#primaryimage\"},\"thumbnailUrl\":\"https:\\\/\\\/nobleliftcanada.com\\\/wp-content\\\/uploads\\\/2025\\\/03\\\/Noblelift-Product-Images-OPL25N.jpg\",\"datePublished\":\"2025-03-21T11:30:33+00:00\",\"dateModified\":\"2025-05-11T03:25:12+00:00\",\"description\":\"OPL25N by Noblelift Canada | | Inquire Now To Get Your Noblelift Equipment & Parts\",\"breadcrumb\":{\"@id\":\"https:\\\/\\\/nobleliftcanada.com\\\/fr\\\/produit\\\/low-level-order-picker-2500kg-opl25n\\\/#breadcrumb\"},\"inLanguage\":\"fr-FR\",\"potentialAction\":[{\"@type\":\"ReadAction\",\"target\":[\"https:\\\/\\\/nobleliftcanada.com\\\/fr\\\/produit\\\/low-level-order-picker-2500kg-opl25n\\\/\"]}]},{\"@type\":\"ImageObject\",\"inLanguage\":\"fr-FR\",\"@id\":\"https:\\\/\\\/nobleliftcanada.com\\\/fr\\\/produit\\\/low-level-order-picker-2500kg-opl25n\\\/#primaryimage\",\"url\":\"https:\\\/\\\/nobleliftcanada.com\\\/wp-content\\\/uploads\\\/2025\\\/03\\\/Noblelift-Product-Images-OPL25N.jpg\",\"contentUrl\":\"https:\\\/\\\/nobleliftcanada.com\\\/wp-content\\\/uploads\\\/2025\\\/03\\\/Noblelift-Product-Images-OPL25N.jpg\",\"width\":1080,\"height\":1080},{\"@type\":\"BreadcrumbList\",\"@id\":\"https:\\\/\\\/nobleliftcanada.com\\\/fr\\\/produit\\\/low-level-order-picker-2500kg-opl25n\\\/#breadcrumb\",\"itemListElement\":[{\"@type\":\"ListItem\",\"position\":1,\"name\":\"Home\",\"item\":\"https:\\\/\\\/nobleliftcanada.com\\\/fr\\\/\"},{\"@type\":\"ListItem\",\"position\":2,\"name\":\"Boutique\",\"item\":\"https:\\\/\\\/nobleliftcanada.com\\\/shop\\\/\"},{\"@type\":\"ListItem\",\"position\":3,\"name\":\"OPL25N\"}]},{\"@type\":\"WebSite\",\"@id\":\"https:\\\/\\\/nobleliftcanada.com\\\/fr\\\/#website\",\"url\":\"https:\\\/\\\/nobleliftcanada.com\\\/fr\\\/\",\"name\":\"Noblelift Canada\",\"description\":\"Canada&#039;s Leader | Material Handling Equipment\",\"publisher\":{\"@id\":\"https:\\\/\\\/nobleliftcanada.com\\\/fr\\\/#organization\"},\"potentialAction\":[{\"@type\":\"SearchAction\",\"target\":{\"@type\":\"EntryPoint\",\"urlTemplate\":\"https:\\\/\\\/nobleliftcanada.com\\\/fr\\\/?s={search_term_string}\"},\"query-input\":{\"@type\":\"PropertyValueSpecification\",\"valueRequired\":true,\"valueName\":\"search_term_string\"}}],\"inLanguage\":\"fr-FR\"},{\"@type\":\"Organization\",\"@id\":\"https:\\\/\\\/nobleliftcanada.com\\\/fr\\\/#organization\",\"name\":\"Noblelift Canada\",\"url\":\"https:\\\/\\\/nobleliftcanada.com\\\/fr\\\/\",\"logo\":{\"@type\":\"ImageObject\",\"inLanguage\":\"fr-FR\",\"@id\":\"https:\\\/\\\/nobleliftcanada.com\\\/fr\\\/#\\\/schema\\\/logo\\\/image\\\/\",\"url\":\"https:\\\/\\\/nobleliftcanada.com\\\/wp-content\\\/uploads\\\/2020\\\/08\\\/NOBLELIFTCANADA-1.png\",\"contentUrl\":\"https:\\\/\\\/nobleliftcanada.com\\\/wp-content\\\/uploads\\\/2020\\\/08\\\/NOBLELIFTCANADA-1.png\",\"width\":2413,\"height\":880,\"caption\":\"Noblelift Canada\"},\"image\":{\"@id\":\"https:\\\/\\\/nobleliftcanada.com\\\/fr\\\/#\\\/schema\\\/logo\\\/image\\\/\"},\"sameAs\":[\"https:\\\/\\\/www.facebook.com\\\/Noblelift-Canada-102966741541390\\\/\"]}]}<\/script>\n<!-- \/ Yoast SEO plugin. -->","yoast_head_json":{"title":"OPL25N &#8212; Noblelift Canada","description":"OPL25N by Noblelift Canada | | Inquire Now To Get Your Noblelift Equipment & Parts","robots":{"index":"index","follow":"follow","max-snippet":"max-snippet:-1","max-image-preview":"max-image-preview:large","max-video-preview":"max-video-preview:-1"},"canonical":"https:\/\/nobleliftcanada.com\/fr\/produit\/low-level-order-picker-2500kg-opl25n\/","og_locale":"fr_FR","og_type":"article","og_title":"OPL25N &#8212; Noblelift Canada","og_description":"OPL25N by Noblelift Canada | | Inquire Now To Get Your Noblelift Equipment & Parts","og_url":"https:\/\/nobleliftcanada.com\/fr\/produit\/low-level-order-picker-2500kg-opl25n\/","og_site_name":"Noblelift Canada","article_publisher":"https:\/\/www.facebook.com\/Noblelift-Canada-102966741541390\/","article_modified_time":"2025-05-11T03:25:12+00:00","og_image":[{"width":1080,"height":1080,"url":"https:\/\/nobleliftcanada.com\/wp-content\/uploads\/2025\/03\/Noblelift-Product-Images-OPL25N.jpg","type":"image\/jpeg"}],"twitter_card":"summary_large_image","schema":{"@context":"https:\/\/schema.org","@graph":[{"@type":"WebPage","@id":"https:\/\/nobleliftcanada.com\/fr\/produit\/low-level-order-picker-2500kg-opl25n\/","url":"https:\/\/nobleliftcanada.com\/fr\/produit\/low-level-order-picker-2500kg-opl25n\/","name":"OPL25N &#8212; Noblelift Canada","isPartOf":{"@id":"https:\/\/nobleliftcanada.com\/fr\/#website"},"primaryImageOfPage":{"@id":"https:\/\/nobleliftcanada.com\/fr\/produit\/low-level-order-picker-2500kg-opl25n\/#primaryimage"},"image":{"@id":"https:\/\/nobleliftcanada.com\/fr\/produit\/low-level-order-picker-2500kg-opl25n\/#primaryimage"},"thumbnailUrl":"https:\/\/nobleliftcanada.com\/wp-content\/uploads\/2025\/03\/Noblelift-Product-Images-OPL25N.jpg","datePublished":"2025-03-21T11:30:33+00:00","dateModified":"2025-05-11T03:25:12+00:00","description":"OPL25N by Noblelift Canada | | Inquire Now To Get Your Noblelift Equipment & Parts","breadcrumb":{"@id":"https:\/\/nobleliftcanada.com\/fr\/produit\/low-level-order-picker-2500kg-opl25n\/#breadcrumb"},"inLanguage":"fr-FR","potentialAction":[{"@type":"ReadAction","target":["https:\/\/nobleliftcanada.com\/fr\/produit\/low-level-order-picker-2500kg-opl25n\/"]}]},{"@type":"ImageObject","inLanguage":"fr-FR","@id":"https:\/\/nobleliftcanada.com\/fr\/produit\/low-level-order-picker-2500kg-opl25n\/#primaryimage","url":"https:\/\/nobleliftcanada.com\/wp-content\/uploads\/2025\/03\/Noblelift-Product-Images-OPL25N.jpg","contentUrl":"https:\/\/nobleliftcanada.com\/wp-content\/uploads\/2025\/03\/Noblelift-Product-Images-OPL25N.jpg","width":1080,"height":1080},{"@type":"BreadcrumbList","@id":"https:\/\/nobleliftcanada.com\/fr\/produit\/low-level-order-picker-2500kg-opl25n\/#breadcrumb","itemListElement":[{"@type":"ListItem","position":1,"name":"Home","item":"https:\/\/nobleliftcanada.com\/fr\/"},{"@type":"ListItem","position":2,"name":"Boutique","item":"https:\/\/nobleliftcanada.com\/shop\/"},{"@type":"ListItem","position":3,"name":"OPL25N"}]},{"@type":"WebSite","@id":"https:\/\/nobleliftcanada.com\/fr\/#website","url":"https:\/\/nobleliftcanada.com\/fr\/","name":"Noblelift Canada","description":"Canada&#039;s Leader | Material Handling Equipment","publisher":{"@id":"https:\/\/nobleliftcanada.com\/fr\/#organization"},"potentialAction":[{"@type":"SearchAction","target":{"@type":"EntryPoint","urlTemplate":"https:\/\/nobleliftcanada.com\/fr\/?s={search_term_string}"},"query-input":{"@type":"PropertyValueSpecification","valueRequired":true,"valueName":"search_term_string"}}],"inLanguage":"fr-FR"},{"@type":"Organization","@id":"https:\/\/nobleliftcanada.com\/fr\/#organization","name":"Noblelift Canada","url":"https:\/\/nobleliftcanada.com\/fr\/","logo":{"@type":"ImageObject","inLanguage":"fr-FR","@id":"https:\/\/nobleliftcanada.com\/fr\/#\/schema\/logo\/image\/","url":"https:\/\/nobleliftcanada.com\/wp-content\/uploads\/2020\/08\/NOBLELIFTCANADA-1.png","contentUrl":"https:\/\/nobleliftcanada.com\/wp-content\/uploads\/2020\/08\/NOBLELIFTCANADA-1.png","width":2413,"height":880,"caption":"Noblelift Canada"},"image":{"@id":"https:\/\/nobleliftcanada.com\/fr\/#\/schema\/logo\/image\/"},"sameAs":["https:\/\/www.facebook.com\/Noblelift-Canada-102966741541390\/"]}]}},"_links":{"self":[{"href":"https:\/\/nobleliftcanada.com\/fr\/wp-json\/wp\/v2\/product\/42787","targetHints":{"allow":["GET"]}}],"collection":[{"href":"https:\/\/nobleliftcanada.com\/fr\/wp-json\/wp\/v2\/product"}],"about":[{"href":"https:\/\/nobleliftcanada.com\/fr\/wp-json\/wp\/v2\/types\/product"}],"replies":[{"embeddable":true,"href":"https:\/\/nobleliftcanada.com\/fr\/wp-json\/wp\/v2\/comments?post=42787"}],"version-history":[{"count":2,"href":"https:\/\/nobleliftcanada.com\/fr\/wp-json\/wp\/v2\/product\/42787\/revisions"}],"predecessor-version":[{"id":45181,"href":"https:\/\/nobleliftcanada.com\/fr\/wp-json\/wp\/v2\/product\/42787\/revisions\/45181"}],"wp:featuredmedia":[{"embeddable":true,"href":"https:\/\/nobleliftcanada.com\/fr\/wp-json\/wp\/v2\/media\/49854"}],"wp:attachment":[{"href":"https:\/\/nobleliftcanada.com\/fr\/wp-json\/wp\/v2\/media?parent=42787"}],"wp:term":[{"taxonomy":"product_brand","embeddable":true,"href":"https:\/\/nobleliftcanada.com\/fr\/wp-json\/wp\/v2\/product_brand?post=42787"},{"taxonomy":"product_cat","embeddable":true,"href":"https:\/\/nobleliftcanada.com\/fr\/wp-json\/wp\/v2\/product_cat?post=42787"},{"taxonomy":"product_tag","embeddable":true,"href":"https:\/\/nobleliftcanada.com\/fr\/wp-json\/wp\/v2\/product_tag?post=42787"}],"curies":[{"name":"wp","href":"https:\/\/api.w.org\/{rel}","templated":true}]}}