{"id":42782,"date":"2025-03-21T11:33:09","date_gmt":"2025-03-21T11:33:09","guid":{"rendered":"https:\/\/nobleliftcanada.com\/product\/electric-order-picker-385kg-oph-01-01e-li\/"},"modified":"2025-05-11T03:25:14","modified_gmt":"2025-05-11T03:25:14","slug":"electric-order-picker-385kg-oph-01-01e-li","status":"publish","type":"product","link":"https:\/\/nobleliftcanada.com\/fr\/produit\/electric-order-picker-385kg-oph-01-01e-li\/","title":{"rendered":"OPH 01\/01E Li"},"content":{"rendered":"","protected":false},"excerpt":{"rendered":"<p>L&rsquo;OPH 01\/01e est un v\u00e9hicule de pr\u00e9paration de commandes multifonctionnel moderne, compact et efficace. La hauteur de travail maximale de Sm convient \u00e0 la pr\u00e9paration manuelle de colis dans presque toutes les installations connexes. Il est id\u00e9al pour de nombreuses applications, de l&#8217;empilage de mat\u00e9riaux \u00e0 la maintenance des installations. Sa largeur de 750 mm et sa hauteur la plus basse de 1454 mm lui permettent d&rsquo;entrer facilement dans les zones \u00e9troites (ascenseurs, portes, etc.). Le fonctionnement \u00e0 pleine charge et la longue dur\u00e9e de vie de la batterie en font l&rsquo;outil id\u00e9al pour les t\u00e2ches lourdes.   <\/p>\n","protected":false},"featured_media":18293,"comment_status":"closed","ping_status":"closed","template":"","meta":{"_acf_changed":false},"product_brand":[],"product_cat":[143,149],"product_tag":[],"class_list":{"0":"post-42782","1":"product","2":"type-product","3":"status-publish","4":"has-post-thumbnail","6":"product_cat-lithium-fr","7":"product_cat-package-order-pickers-fr","9":"first","10":"instock","11":"taxable","12":"shipping-taxable","13":"product-type-variable"},"exclude_global_add_ons":[],"addons":[],"acf":{"coming_soon":false,"item_description":"Electric Order Picker<br \/> 385 KG","brochure_button_label":"Brochure","brochure":18061,"location":"","video":"https:\/\/www.youtube.com\/watch?v=1sX5NmAmFbQ","standard_features":"","alternative_numbers":"","erp_id":"","models":"","load_charts":null,"load_charts_2":null,"load_charts_3":null,"load_charts_4":null},"yoast_head":"<!-- This site is optimized with the Yoast SEO plugin v27.3 - https:\/\/yoast.com\/product\/yoast-seo-wordpress\/ -->\n<title>OPH 01\/01E Li &#8212; Noblelift Canada<\/title>\n<meta name=\"description\" content=\"OPH 01\/01E Li by Noblelift Canada | | Inquire Now To Get Your Noblelift Equipment &amp; Parts\" \/>\n<meta name=\"robots\" content=\"index, follow, max-snippet:-1, max-image-preview:large, max-video-preview:-1\" \/>\n<link rel=\"canonical\" href=\"https:\/\/nobleliftcanada.com\/fr\/produit\/electric-order-picker-385kg-oph-01-01e-li\/\" \/>\n<meta property=\"og:locale\" content=\"fr_FR\" \/>\n<meta property=\"og:type\" content=\"article\" \/>\n<meta property=\"og:title\" content=\"OPH 01\/01E Li &#8212; Noblelift Canada\" \/>\n<meta property=\"og:description\" content=\"OPH 01\/01E Li by Noblelift Canada | | Inquire Now To Get Your Noblelift Equipment &amp; Parts\" \/>\n<meta property=\"og:url\" content=\"https:\/\/nobleliftcanada.com\/fr\/produit\/electric-order-picker-385kg-oph-01-01e-li\/\" \/>\n<meta property=\"og:site_name\" content=\"Noblelift Canada\" \/>\n<meta property=\"article:publisher\" content=\"https:\/\/www.facebook.com\/Noblelift-Canada-102966741541390\/\" \/>\n<meta property=\"article:modified_time\" content=\"2025-05-11T03:25:14+00:00\" \/>\n<meta property=\"og:image\" content=\"https:\/\/nobleliftcanada.com\/wp-content\/uploads\/2024\/01\/Noblelift-Canada-OPH-0101E\u200b.png\" \/>\n\t<meta property=\"og:image:width\" content=\"1080\" \/>\n\t<meta property=\"og:image:height\" content=\"1080\" \/>\n\t<meta property=\"og:image:type\" content=\"image\/png\" \/>\n<meta name=\"twitter:card\" content=\"summary_large_image\" \/>\n<script type=\"application\/ld+json\" class=\"yoast-schema-graph\">{\"@context\":\"https:\\\/\\\/schema.org\",\"@graph\":[{\"@type\":\"WebPage\",\"@id\":\"https:\\\/\\\/nobleliftcanada.com\\\/fr\\\/produit\\\/electric-order-picker-385kg-oph-01-01e-li\\\/\",\"url\":\"https:\\\/\\\/nobleliftcanada.com\\\/fr\\\/produit\\\/electric-order-picker-385kg-oph-01-01e-li\\\/\",\"name\":\"OPH 01\\\/01E Li &#8212; Noblelift Canada\",\"isPartOf\":{\"@id\":\"https:\\\/\\\/nobleliftcanada.com\\\/fr\\\/#website\"},\"primaryImageOfPage\":{\"@id\":\"https:\\\/\\\/nobleliftcanada.com\\\/fr\\\/produit\\\/electric-order-picker-385kg-oph-01-01e-li\\\/#primaryimage\"},\"image\":{\"@id\":\"https:\\\/\\\/nobleliftcanada.com\\\/fr\\\/produit\\\/electric-order-picker-385kg-oph-01-01e-li\\\/#primaryimage\"},\"thumbnailUrl\":\"https:\\\/\\\/nobleliftcanada.com\\\/wp-content\\\/uploads\\\/2024\\\/01\\\/Noblelift-Canada-OPH-0101E\u200b.png\",\"datePublished\":\"2025-03-21T11:33:09+00:00\",\"dateModified\":\"2025-05-11T03:25:14+00:00\",\"description\":\"OPH 01\\\/01E Li by Noblelift Canada | | Inquire Now To Get Your Noblelift Equipment & Parts\",\"breadcrumb\":{\"@id\":\"https:\\\/\\\/nobleliftcanada.com\\\/fr\\\/produit\\\/electric-order-picker-385kg-oph-01-01e-li\\\/#breadcrumb\"},\"inLanguage\":\"fr-FR\",\"potentialAction\":[{\"@type\":\"ReadAction\",\"target\":[\"https:\\\/\\\/nobleliftcanada.com\\\/fr\\\/produit\\\/electric-order-picker-385kg-oph-01-01e-li\\\/\"]}]},{\"@type\":\"ImageObject\",\"inLanguage\":\"fr-FR\",\"@id\":\"https:\\\/\\\/nobleliftcanada.com\\\/fr\\\/produit\\\/electric-order-picker-385kg-oph-01-01e-li\\\/#primaryimage\",\"url\":\"https:\\\/\\\/nobleliftcanada.com\\\/wp-content\\\/uploads\\\/2024\\\/01\\\/Noblelift-Canada-OPH-0101E\u200b.png\",\"contentUrl\":\"https:\\\/\\\/nobleliftcanada.com\\\/wp-content\\\/uploads\\\/2024\\\/01\\\/Noblelift-Canada-OPH-0101E\u200b.png\",\"width\":1080,\"height\":1080},{\"@type\":\"BreadcrumbList\",\"@id\":\"https:\\\/\\\/nobleliftcanada.com\\\/fr\\\/produit\\\/electric-order-picker-385kg-oph-01-01e-li\\\/#breadcrumb\",\"itemListElement\":[{\"@type\":\"ListItem\",\"position\":1,\"name\":\"Home\",\"item\":\"https:\\\/\\\/nobleliftcanada.com\\\/fr\\\/\"},{\"@type\":\"ListItem\",\"position\":2,\"name\":\"Boutique\",\"item\":\"https:\\\/\\\/nobleliftcanada.com\\\/shop\\\/\"},{\"@type\":\"ListItem\",\"position\":3,\"name\":\"OPH 01\\\/01E Li\"}]},{\"@type\":\"WebSite\",\"@id\":\"https:\\\/\\\/nobleliftcanada.com\\\/fr\\\/#website\",\"url\":\"https:\\\/\\\/nobleliftcanada.com\\\/fr\\\/\",\"name\":\"Noblelift Canada\",\"description\":\"Canada&#039;s Leader | Material Handling Equipment\",\"publisher\":{\"@id\":\"https:\\\/\\\/nobleliftcanada.com\\\/fr\\\/#organization\"},\"potentialAction\":[{\"@type\":\"SearchAction\",\"target\":{\"@type\":\"EntryPoint\",\"urlTemplate\":\"https:\\\/\\\/nobleliftcanada.com\\\/fr\\\/?s={search_term_string}\"},\"query-input\":{\"@type\":\"PropertyValueSpecification\",\"valueRequired\":true,\"valueName\":\"search_term_string\"}}],\"inLanguage\":\"fr-FR\"},{\"@type\":\"Organization\",\"@id\":\"https:\\\/\\\/nobleliftcanada.com\\\/fr\\\/#organization\",\"name\":\"Noblelift Canada\",\"url\":\"https:\\\/\\\/nobleliftcanada.com\\\/fr\\\/\",\"logo\":{\"@type\":\"ImageObject\",\"inLanguage\":\"fr-FR\",\"@id\":\"https:\\\/\\\/nobleliftcanada.com\\\/fr\\\/#\\\/schema\\\/logo\\\/image\\\/\",\"url\":\"https:\\\/\\\/nobleliftcanada.com\\\/wp-content\\\/uploads\\\/2020\\\/08\\\/NOBLELIFTCANADA-1.png\",\"contentUrl\":\"https:\\\/\\\/nobleliftcanada.com\\\/wp-content\\\/uploads\\\/2020\\\/08\\\/NOBLELIFTCANADA-1.png\",\"width\":2413,\"height\":880,\"caption\":\"Noblelift Canada\"},\"image\":{\"@id\":\"https:\\\/\\\/nobleliftcanada.com\\\/fr\\\/#\\\/schema\\\/logo\\\/image\\\/\"},\"sameAs\":[\"https:\\\/\\\/www.facebook.com\\\/Noblelift-Canada-102966741541390\\\/\"]}]}<\/script>\n<!-- \/ Yoast SEO plugin. -->","yoast_head_json":{"title":"OPH 01\/01E Li &#8212; Noblelift Canada","description":"OPH 01\/01E Li by Noblelift Canada | | Inquire Now To Get Your Noblelift Equipment & Parts","robots":{"index":"index","follow":"follow","max-snippet":"max-snippet:-1","max-image-preview":"max-image-preview:large","max-video-preview":"max-video-preview:-1"},"canonical":"https:\/\/nobleliftcanada.com\/fr\/produit\/electric-order-picker-385kg-oph-01-01e-li\/","og_locale":"fr_FR","og_type":"article","og_title":"OPH 01\/01E Li &#8212; Noblelift Canada","og_description":"OPH 01\/01E Li by Noblelift Canada | | Inquire Now To Get Your Noblelift Equipment & Parts","og_url":"https:\/\/nobleliftcanada.com\/fr\/produit\/electric-order-picker-385kg-oph-01-01e-li\/","og_site_name":"Noblelift Canada","article_publisher":"https:\/\/www.facebook.com\/Noblelift-Canada-102966741541390\/","article_modified_time":"2025-05-11T03:25:14+00:00","og_image":[{"width":1080,"height":1080,"url":"https:\/\/nobleliftcanada.com\/wp-content\/uploads\/2024\/01\/Noblelift-Canada-OPH-0101E\u200b.png","type":"image\/png"}],"twitter_card":"summary_large_image","schema":{"@context":"https:\/\/schema.org","@graph":[{"@type":"WebPage","@id":"https:\/\/nobleliftcanada.com\/fr\/produit\/electric-order-picker-385kg-oph-01-01e-li\/","url":"https:\/\/nobleliftcanada.com\/fr\/produit\/electric-order-picker-385kg-oph-01-01e-li\/","name":"OPH 01\/01E Li &#8212; Noblelift Canada","isPartOf":{"@id":"https:\/\/nobleliftcanada.com\/fr\/#website"},"primaryImageOfPage":{"@id":"https:\/\/nobleliftcanada.com\/fr\/produit\/electric-order-picker-385kg-oph-01-01e-li\/#primaryimage"},"image":{"@id":"https:\/\/nobleliftcanada.com\/fr\/produit\/electric-order-picker-385kg-oph-01-01e-li\/#primaryimage"},"thumbnailUrl":"https:\/\/nobleliftcanada.com\/wp-content\/uploads\/2024\/01\/Noblelift-Canada-OPH-0101E\u200b.png","datePublished":"2025-03-21T11:33:09+00:00","dateModified":"2025-05-11T03:25:14+00:00","description":"OPH 01\/01E Li by Noblelift Canada | | Inquire Now To Get Your Noblelift Equipment & Parts","breadcrumb":{"@id":"https:\/\/nobleliftcanada.com\/fr\/produit\/electric-order-picker-385kg-oph-01-01e-li\/#breadcrumb"},"inLanguage":"fr-FR","potentialAction":[{"@type":"ReadAction","target":["https:\/\/nobleliftcanada.com\/fr\/produit\/electric-order-picker-385kg-oph-01-01e-li\/"]}]},{"@type":"ImageObject","inLanguage":"fr-FR","@id":"https:\/\/nobleliftcanada.com\/fr\/produit\/electric-order-picker-385kg-oph-01-01e-li\/#primaryimage","url":"https:\/\/nobleliftcanada.com\/wp-content\/uploads\/2024\/01\/Noblelift-Canada-OPH-0101E\u200b.png","contentUrl":"https:\/\/nobleliftcanada.com\/wp-content\/uploads\/2024\/01\/Noblelift-Canada-OPH-0101E\u200b.png","width":1080,"height":1080},{"@type":"BreadcrumbList","@id":"https:\/\/nobleliftcanada.com\/fr\/produit\/electric-order-picker-385kg-oph-01-01e-li\/#breadcrumb","itemListElement":[{"@type":"ListItem","position":1,"name":"Home","item":"https:\/\/nobleliftcanada.com\/fr\/"},{"@type":"ListItem","position":2,"name":"Boutique","item":"https:\/\/nobleliftcanada.com\/shop\/"},{"@type":"ListItem","position":3,"name":"OPH 01\/01E Li"}]},{"@type":"WebSite","@id":"https:\/\/nobleliftcanada.com\/fr\/#website","url":"https:\/\/nobleliftcanada.com\/fr\/","name":"Noblelift Canada","description":"Canada&#039;s Leader | Material Handling Equipment","publisher":{"@id":"https:\/\/nobleliftcanada.com\/fr\/#organization"},"potentialAction":[{"@type":"SearchAction","target":{"@type":"EntryPoint","urlTemplate":"https:\/\/nobleliftcanada.com\/fr\/?s={search_term_string}"},"query-input":{"@type":"PropertyValueSpecification","valueRequired":true,"valueName":"search_term_string"}}],"inLanguage":"fr-FR"},{"@type":"Organization","@id":"https:\/\/nobleliftcanada.com\/fr\/#organization","name":"Noblelift Canada","url":"https:\/\/nobleliftcanada.com\/fr\/","logo":{"@type":"ImageObject","inLanguage":"fr-FR","@id":"https:\/\/nobleliftcanada.com\/fr\/#\/schema\/logo\/image\/","url":"https:\/\/nobleliftcanada.com\/wp-content\/uploads\/2020\/08\/NOBLELIFTCANADA-1.png","contentUrl":"https:\/\/nobleliftcanada.com\/wp-content\/uploads\/2020\/08\/NOBLELIFTCANADA-1.png","width":2413,"height":880,"caption":"Noblelift Canada"},"image":{"@id":"https:\/\/nobleliftcanada.com\/fr\/#\/schema\/logo\/image\/"},"sameAs":["https:\/\/www.facebook.com\/Noblelift-Canada-102966741541390\/"]}]}},"_links":{"self":[{"href":"https:\/\/nobleliftcanada.com\/fr\/wp-json\/wp\/v2\/product\/42782","targetHints":{"allow":["GET"]}}],"collection":[{"href":"https:\/\/nobleliftcanada.com\/fr\/wp-json\/wp\/v2\/product"}],"about":[{"href":"https:\/\/nobleliftcanada.com\/fr\/wp-json\/wp\/v2\/types\/product"}],"replies":[{"embeddable":true,"href":"https:\/\/nobleliftcanada.com\/fr\/wp-json\/wp\/v2\/comments?post=42782"}],"version-history":[{"count":1,"href":"https:\/\/nobleliftcanada.com\/fr\/wp-json\/wp\/v2\/product\/42782\/revisions"}],"predecessor-version":[{"id":45182,"href":"https:\/\/nobleliftcanada.com\/fr\/wp-json\/wp\/v2\/product\/42782\/revisions\/45182"}],"wp:featuredmedia":[{"embeddable":true,"href":"https:\/\/nobleliftcanada.com\/fr\/wp-json\/wp\/v2\/media\/18293"}],"wp:attachment":[{"href":"https:\/\/nobleliftcanada.com\/fr\/wp-json\/wp\/v2\/media?parent=42782"}],"wp:term":[{"taxonomy":"product_brand","embeddable":true,"href":"https:\/\/nobleliftcanada.com\/fr\/wp-json\/wp\/v2\/product_brand?post=42782"},{"taxonomy":"product_cat","embeddable":true,"href":"https:\/\/nobleliftcanada.com\/fr\/wp-json\/wp\/v2\/product_cat?post=42782"},{"taxonomy":"product_tag","embeddable":true,"href":"https:\/\/nobleliftcanada.com\/fr\/wp-json\/wp\/v2\/product_tag?post=42782"}],"curies":[{"name":"wp","href":"https:\/\/api.w.org\/{rel}","templated":true}]}}