{"id":42779,"date":"2025-03-21T11:46:11","date_gmt":"2025-03-21T11:46:11","guid":{"rendered":"https:\/\/nobleliftcanada.com\/product\/stand-on-3000-6000kg-t30-60q\/"},"modified":"2025-05-11T03:22:00","modified_gmt":"2025-05-11T03:22:00","slug":"stand-on-3000-6000kg-t30-60q","status":"publish","type":"product","link":"https:\/\/nobleliftcanada.com\/fr\/produit\/stand-on-3000-6000kg-t30-60q\/","title":{"rendered":"T30\/60Q"},"content":{"rendered":"","protected":false},"excerpt":{"rendered":"<p>Le T30\/50N s<span class=\"lh-1 font-size-20\">Les tracteurs au lithium it-down sont tr\u00e8s efficaces, rentables et n\u00e9cessitent peu d&rsquo;entretien. Ils sont con\u00e7us pour transporter en douceur les charges les plus lourdes horizontalement dans l&rsquo;ensemble d&rsquo;un \u00e9tablissement en tirant plusieurs chariots, remorques ou chariots roulants. Adapt\u00e9s aux zones \u00e9troites, ces tracteurs sont une solution id\u00e9ale pour la pr\u00e9paration de commandes et la manutention d&rsquo;articles. Les applications peuvent inclure la fabrication, les entrep\u00f4ts, la distribution, les a\u00e9roports, les gares et bien plus encore. Augmentez la productivit\u00e9 de votre travail gr\u00e2ce \u00e0 ces tracteurs de remorquage multipostes tr\u00e8s maniables.<\/span><\/p>\n<div>\n<div>\n<div><span class=\"lh-1 font-size-20\">Ce tracteur de remorquage ergonomique est \u00e9quip\u00e9 de nombreux dispositifs de s\u00e9curit\u00e9 et de composants de haute qualit\u00e9, tels qu&rsquo;un contr\u00f4leur am\u00e9ricain Curtis avec contr\u00f4le CAN-bus, un moteur d&rsquo;entra\u00eenement 48V AC et un \u00e9cran multifonctions avec autodiagnostic embarqu\u00e9. La grande vitesse du tracteur permet aux op\u00e9rateurs de d\u00e9placer plus de produits en moins de temps &#8211; Prix comp\u00e9titif &#8211; Tr\u00e8s productif &#8211; L&rsquo;une des meilleures valeurs sur le march\u00e9.<\/span><\/div>\n<\/div>\n<\/div>\n<p><b>Disponible en lithium.<\/b><\/p>\n","protected":false},"featured_media":18201,"comment_status":"closed","ping_status":"closed","template":"","meta":{"_acf_changed":false},"product_brand":[],"product_cat":[148],"product_tag":[],"class_list":{"0":"post-42779","1":"product","2":"type-product","3":"status-publish","4":"has-post-thumbnail","6":"product_cat-tow-trucks-fr","8":"first","9":"outofstock","10":"taxable","11":"shipping-taxable","12":"product-type-variable"},"exclude_global_add_ons":false,"addons":[{"name":"Batterie","type":"multiple_choice","position":0,"required":true,"title_format":"label","default":"","description_enable":false,"description":null,"placeholder_enable":false,"placeholder":null,"display":"select","restrictions_type":"any_text","adjust_price":false,"price":"","price_type":"flat_fee","restrictions":false,"min":"0","max":"0","options":[{"label":"T30Q 48V\/270Ah Batterie industrielle","price":"4200","price_type":"quantity_based","image":0,"visibility":true},{"label":"T60Q 48V\/465Ah Batterie industrielle plomb-acide","price":"5400","price_type":"quantity_based","image":0,"visibility":true},{"label":"Batterie au lithium T30Q 48V\/200Ah","price":"11600","price_type":"quantity_based","image":0,"visibility":true},{"label":"T60Q Batterie au lithium 200Ah","price":"12200","price_type":"quantity_based","image":0,"visibility":true}],"id":1745606539},{"name":"Chargeur de batterie","type":"multiple_choice","position":1,"required":true,"title_format":"label","default":"","description_enable":false,"description":null,"placeholder_enable":false,"placeholder":null,"display":"radiobutton","restrictions_type":"any_text","adjust_price":false,"price":"","price_type":"flat_fee","restrictions":false,"min":"0","max":"0","options":[{"label":"Chargeur 48V\/25Ah 120VAC 1PH","price":"1294","price_type":"quantity_based","image":0,"visibility":true},{"label":"Chargeur 48V\/50Ah 120VAC 1PH","price":"1294","price_type":"quantity_based","image":0,"visibility":true}],"id":1745606818},{"name":"Chargeur de batterie","type":"multiple_choice","position":2,"required":true,"title_format":"label","default":"","description_enable":false,"description":null,"placeholder_enable":false,"placeholder":null,"display":"radiobutton","restrictions_type":"any_text","adjust_price":false,"price":"","price_type":"flat_fee","restrictions":false,"min":"0","max":"0","options":[{"label":"Chargeur lithium 48V\/40Ah 120\/ 1PH","price":"10400","price_type":"quantity_based","image":0,"visibility":true},{"label":"Chargeur lithium 48V\/40Ah 240VAC 1PH","price":"5580","price_type":"quantity_based","image":0,"visibility":true}],"id":1745606819}],"acf":{"coming_soon":false,"item_description":"Stand-on<br \/> 3000-6000 KG","brochure_button_label":"Brochure","brochure":18294,"location":"","video":null,"standard_features":"","alternative_numbers":"","erp_id":"","models":"","load_charts":null},"yoast_head":"<!-- This site is optimized with the Yoast SEO plugin v27.3 - https:\/\/yoast.com\/product\/yoast-seo-wordpress\/ -->\n<title>T30\/60Q &#8212; Noblelift Canada<\/title>\n<meta name=\"description\" content=\"T30\/60Q by Noblelift Canada | | Inquire Now To Get Your Noblelift Equipment &amp; Parts\" \/>\n<meta name=\"robots\" content=\"index, follow, max-snippet:-1, max-image-preview:large, max-video-preview:-1\" \/>\n<link rel=\"canonical\" href=\"https:\/\/nobleliftcanada.com\/fr\/produit\/stand-on-3000-6000kg-t30-60q\/\" \/>\n<meta property=\"og:locale\" content=\"fr_FR\" \/>\n<meta property=\"og:type\" content=\"article\" \/>\n<meta property=\"og:title\" content=\"T30\/60Q &#8212; Noblelift Canada\" \/>\n<meta property=\"og:description\" content=\"T30\/60Q by Noblelift Canada | | Inquire Now To Get Your Noblelift Equipment &amp; Parts\" \/>\n<meta property=\"og:url\" content=\"https:\/\/nobleliftcanada.com\/fr\/produit\/stand-on-3000-6000kg-t30-60q\/\" \/>\n<meta property=\"og:site_name\" content=\"Noblelift Canada\" \/>\n<meta property=\"article:publisher\" content=\"https:\/\/www.facebook.com\/Noblelift-Canada-102966741541390\/\" \/>\n<meta property=\"article:modified_time\" content=\"2025-05-11T03:22:00+00:00\" \/>\n<meta property=\"og:image\" content=\"https:\/\/nobleliftcanada.com\/wp-content\/uploads\/2020\/09\/Noblelift-Canada-T30-60-Q.png\" \/>\n\t<meta property=\"og:image:width\" content=\"1\" \/>\n\t<meta property=\"og:image:height\" content=\"1\" \/>\n\t<meta property=\"og:image:type\" content=\"image\/png\" \/>\n<meta name=\"twitter:card\" content=\"summary_large_image\" \/>\n<script type=\"application\/ld+json\" class=\"yoast-schema-graph\">{\"@context\":\"https:\\\/\\\/schema.org\",\"@graph\":[{\"@type\":\"WebPage\",\"@id\":\"https:\\\/\\\/nobleliftcanada.com\\\/fr\\\/produit\\\/stand-on-3000-6000kg-t30-60q\\\/\",\"url\":\"https:\\\/\\\/nobleliftcanada.com\\\/fr\\\/produit\\\/stand-on-3000-6000kg-t30-60q\\\/\",\"name\":\"T30\\\/60Q &#8212; Noblelift Canada\",\"isPartOf\":{\"@id\":\"https:\\\/\\\/nobleliftcanada.com\\\/fr\\\/#website\"},\"primaryImageOfPage\":{\"@id\":\"https:\\\/\\\/nobleliftcanada.com\\\/fr\\\/produit\\\/stand-on-3000-6000kg-t30-60q\\\/#primaryimage\"},\"image\":{\"@id\":\"https:\\\/\\\/nobleliftcanada.com\\\/fr\\\/produit\\\/stand-on-3000-6000kg-t30-60q\\\/#primaryimage\"},\"thumbnailUrl\":\"https:\\\/\\\/nobleliftcanada.com\\\/wp-content\\\/uploads\\\/2020\\\/09\\\/Noblelift-Canada-T30-60-Q.png\",\"datePublished\":\"2025-03-21T11:46:11+00:00\",\"dateModified\":\"2025-05-11T03:22:00+00:00\",\"description\":\"T30\\\/60Q by Noblelift Canada | | Inquire Now To Get Your Noblelift Equipment & Parts\",\"breadcrumb\":{\"@id\":\"https:\\\/\\\/nobleliftcanada.com\\\/fr\\\/produit\\\/stand-on-3000-6000kg-t30-60q\\\/#breadcrumb\"},\"inLanguage\":\"fr-FR\",\"potentialAction\":[{\"@type\":\"ReadAction\",\"target\":[\"https:\\\/\\\/nobleliftcanada.com\\\/fr\\\/produit\\\/stand-on-3000-6000kg-t30-60q\\\/\"]}]},{\"@type\":\"ImageObject\",\"inLanguage\":\"fr-FR\",\"@id\":\"https:\\\/\\\/nobleliftcanada.com\\\/fr\\\/produit\\\/stand-on-3000-6000kg-t30-60q\\\/#primaryimage\",\"url\":\"https:\\\/\\\/nobleliftcanada.com\\\/wp-content\\\/uploads\\\/2020\\\/09\\\/Noblelift-Canada-T30-60-Q.png\",\"contentUrl\":\"https:\\\/\\\/nobleliftcanada.com\\\/wp-content\\\/uploads\\\/2020\\\/09\\\/Noblelift-Canada-T30-60-Q.png\"},{\"@type\":\"BreadcrumbList\",\"@id\":\"https:\\\/\\\/nobleliftcanada.com\\\/fr\\\/produit\\\/stand-on-3000-6000kg-t30-60q\\\/#breadcrumb\",\"itemListElement\":[{\"@type\":\"ListItem\",\"position\":1,\"name\":\"Home\",\"item\":\"https:\\\/\\\/nobleliftcanada.com\\\/fr\\\/\"},{\"@type\":\"ListItem\",\"position\":2,\"name\":\"Boutique\",\"item\":\"https:\\\/\\\/nobleliftcanada.com\\\/shop\\\/\"},{\"@type\":\"ListItem\",\"position\":3,\"name\":\"T30\\\/60Q\"}]},{\"@type\":\"WebSite\",\"@id\":\"https:\\\/\\\/nobleliftcanada.com\\\/fr\\\/#website\",\"url\":\"https:\\\/\\\/nobleliftcanada.com\\\/fr\\\/\",\"name\":\"Noblelift Canada\",\"description\":\"Canada&#039;s Leader | Material Handling Equipment\",\"publisher\":{\"@id\":\"https:\\\/\\\/nobleliftcanada.com\\\/fr\\\/#organization\"},\"potentialAction\":[{\"@type\":\"SearchAction\",\"target\":{\"@type\":\"EntryPoint\",\"urlTemplate\":\"https:\\\/\\\/nobleliftcanada.com\\\/fr\\\/?s={search_term_string}\"},\"query-input\":{\"@type\":\"PropertyValueSpecification\",\"valueRequired\":true,\"valueName\":\"search_term_string\"}}],\"inLanguage\":\"fr-FR\"},{\"@type\":\"Organization\",\"@id\":\"https:\\\/\\\/nobleliftcanada.com\\\/fr\\\/#organization\",\"name\":\"Noblelift Canada\",\"url\":\"https:\\\/\\\/nobleliftcanada.com\\\/fr\\\/\",\"logo\":{\"@type\":\"ImageObject\",\"inLanguage\":\"fr-FR\",\"@id\":\"https:\\\/\\\/nobleliftcanada.com\\\/fr\\\/#\\\/schema\\\/logo\\\/image\\\/\",\"url\":\"https:\\\/\\\/nobleliftcanada.com\\\/wp-content\\\/uploads\\\/2020\\\/08\\\/NOBLELIFTCANADA-1.png\",\"contentUrl\":\"https:\\\/\\\/nobleliftcanada.com\\\/wp-content\\\/uploads\\\/2020\\\/08\\\/NOBLELIFTCANADA-1.png\",\"width\":2413,\"height\":880,\"caption\":\"Noblelift Canada\"},\"image\":{\"@id\":\"https:\\\/\\\/nobleliftcanada.com\\\/fr\\\/#\\\/schema\\\/logo\\\/image\\\/\"},\"sameAs\":[\"https:\\\/\\\/www.facebook.com\\\/Noblelift-Canada-102966741541390\\\/\"]}]}<\/script>\n<!-- \/ Yoast SEO plugin. -->","yoast_head_json":{"title":"T30\/60Q &#8212; Noblelift Canada","description":"T30\/60Q by Noblelift Canada | | Inquire Now To Get Your Noblelift Equipment & Parts","robots":{"index":"index","follow":"follow","max-snippet":"max-snippet:-1","max-image-preview":"max-image-preview:large","max-video-preview":"max-video-preview:-1"},"canonical":"https:\/\/nobleliftcanada.com\/fr\/produit\/stand-on-3000-6000kg-t30-60q\/","og_locale":"fr_FR","og_type":"article","og_title":"T30\/60Q &#8212; Noblelift Canada","og_description":"T30\/60Q by Noblelift Canada | | Inquire Now To Get Your Noblelift Equipment & Parts","og_url":"https:\/\/nobleliftcanada.com\/fr\/produit\/stand-on-3000-6000kg-t30-60q\/","og_site_name":"Noblelift Canada","article_publisher":"https:\/\/www.facebook.com\/Noblelift-Canada-102966741541390\/","article_modified_time":"2025-05-11T03:22:00+00:00","og_image":[{"url":"https:\/\/nobleliftcanada.com\/wp-content\/uploads\/2020\/09\/Noblelift-Canada-T30-60-Q.png","width":1,"height":1,"type":"image\/png"}],"twitter_card":"summary_large_image","schema":{"@context":"https:\/\/schema.org","@graph":[{"@type":"WebPage","@id":"https:\/\/nobleliftcanada.com\/fr\/produit\/stand-on-3000-6000kg-t30-60q\/","url":"https:\/\/nobleliftcanada.com\/fr\/produit\/stand-on-3000-6000kg-t30-60q\/","name":"T30\/60Q &#8212; Noblelift Canada","isPartOf":{"@id":"https:\/\/nobleliftcanada.com\/fr\/#website"},"primaryImageOfPage":{"@id":"https:\/\/nobleliftcanada.com\/fr\/produit\/stand-on-3000-6000kg-t30-60q\/#primaryimage"},"image":{"@id":"https:\/\/nobleliftcanada.com\/fr\/produit\/stand-on-3000-6000kg-t30-60q\/#primaryimage"},"thumbnailUrl":"https:\/\/nobleliftcanada.com\/wp-content\/uploads\/2020\/09\/Noblelift-Canada-T30-60-Q.png","datePublished":"2025-03-21T11:46:11+00:00","dateModified":"2025-05-11T03:22:00+00:00","description":"T30\/60Q by Noblelift Canada | | Inquire Now To Get Your Noblelift Equipment & Parts","breadcrumb":{"@id":"https:\/\/nobleliftcanada.com\/fr\/produit\/stand-on-3000-6000kg-t30-60q\/#breadcrumb"},"inLanguage":"fr-FR","potentialAction":[{"@type":"ReadAction","target":["https:\/\/nobleliftcanada.com\/fr\/produit\/stand-on-3000-6000kg-t30-60q\/"]}]},{"@type":"ImageObject","inLanguage":"fr-FR","@id":"https:\/\/nobleliftcanada.com\/fr\/produit\/stand-on-3000-6000kg-t30-60q\/#primaryimage","url":"https:\/\/nobleliftcanada.com\/wp-content\/uploads\/2020\/09\/Noblelift-Canada-T30-60-Q.png","contentUrl":"https:\/\/nobleliftcanada.com\/wp-content\/uploads\/2020\/09\/Noblelift-Canada-T30-60-Q.png"},{"@type":"BreadcrumbList","@id":"https:\/\/nobleliftcanada.com\/fr\/produit\/stand-on-3000-6000kg-t30-60q\/#breadcrumb","itemListElement":[{"@type":"ListItem","position":1,"name":"Home","item":"https:\/\/nobleliftcanada.com\/fr\/"},{"@type":"ListItem","position":2,"name":"Boutique","item":"https:\/\/nobleliftcanada.com\/shop\/"},{"@type":"ListItem","position":3,"name":"T30\/60Q"}]},{"@type":"WebSite","@id":"https:\/\/nobleliftcanada.com\/fr\/#website","url":"https:\/\/nobleliftcanada.com\/fr\/","name":"Noblelift Canada","description":"Canada&#039;s Leader | Material Handling Equipment","publisher":{"@id":"https:\/\/nobleliftcanada.com\/fr\/#organization"},"potentialAction":[{"@type":"SearchAction","target":{"@type":"EntryPoint","urlTemplate":"https:\/\/nobleliftcanada.com\/fr\/?s={search_term_string}"},"query-input":{"@type":"PropertyValueSpecification","valueRequired":true,"valueName":"search_term_string"}}],"inLanguage":"fr-FR"},{"@type":"Organization","@id":"https:\/\/nobleliftcanada.com\/fr\/#organization","name":"Noblelift Canada","url":"https:\/\/nobleliftcanada.com\/fr\/","logo":{"@type":"ImageObject","inLanguage":"fr-FR","@id":"https:\/\/nobleliftcanada.com\/fr\/#\/schema\/logo\/image\/","url":"https:\/\/nobleliftcanada.com\/wp-content\/uploads\/2020\/08\/NOBLELIFTCANADA-1.png","contentUrl":"https:\/\/nobleliftcanada.com\/wp-content\/uploads\/2020\/08\/NOBLELIFTCANADA-1.png","width":2413,"height":880,"caption":"Noblelift Canada"},"image":{"@id":"https:\/\/nobleliftcanada.com\/fr\/#\/schema\/logo\/image\/"},"sameAs":["https:\/\/www.facebook.com\/Noblelift-Canada-102966741541390\/"]}]}},"_links":{"self":[{"href":"https:\/\/nobleliftcanada.com\/fr\/wp-json\/wp\/v2\/product\/42779","targetHints":{"allow":["GET"]}}],"collection":[{"href":"https:\/\/nobleliftcanada.com\/fr\/wp-json\/wp\/v2\/product"}],"about":[{"href":"https:\/\/nobleliftcanada.com\/fr\/wp-json\/wp\/v2\/types\/product"}],"replies":[{"embeddable":true,"href":"https:\/\/nobleliftcanada.com\/fr\/wp-json\/wp\/v2\/comments?post=42779"}],"version-history":[{"count":1,"href":"https:\/\/nobleliftcanada.com\/fr\/wp-json\/wp\/v2\/product\/42779\/revisions"}],"predecessor-version":[{"id":45158,"href":"https:\/\/nobleliftcanada.com\/fr\/wp-json\/wp\/v2\/product\/42779\/revisions\/45158"}],"wp:featuredmedia":[{"embeddable":true,"href":"https:\/\/nobleliftcanada.com\/fr\/wp-json\/wp\/v2\/media\/18201"}],"wp:attachment":[{"href":"https:\/\/nobleliftcanada.com\/fr\/wp-json\/wp\/v2\/media?parent=42779"}],"wp:term":[{"taxonomy":"product_brand","embeddable":true,"href":"https:\/\/nobleliftcanada.com\/fr\/wp-json\/wp\/v2\/product_brand?post=42779"},{"taxonomy":"product_cat","embeddable":true,"href":"https:\/\/nobleliftcanada.com\/fr\/wp-json\/wp\/v2\/product_cat?post=42779"},{"taxonomy":"product_tag","embeddable":true,"href":"https:\/\/nobleliftcanada.com\/fr\/wp-json\/wp\/v2\/product_tag?post=42779"}],"curies":[{"name":"wp","href":"https:\/\/api.w.org\/{rel}","templated":true}]}}