{"id":42773,"date":"2025-03-21T12:01:21","date_gmt":"2025-03-21T12:01:21","guid":{"rendered":"https:\/\/nobleliftcanada.com\/product\/electric-tow-tractor-1000kg-te10-li\/"},"modified":"2025-05-11T03:22:09","modified_gmt":"2025-05-11T03:22:09","slug":"electric-tow-tractor-1000kg-te10-li","status":"publish","type":"product","link":"https:\/\/nobleliftcanada.com\/fr\/produit\/electric-tow-tractor-1000kg-te10-li\/","title":{"rendered":"TE10-Li"},"content":{"rendered":"<p>Compact en apparence mais puissant en puissance. Gr\u00e2ce \u00e0 la densit\u00e9 \u00e9nerg\u00e9tique \u00e9lev\u00e9e de la batterie et \u00e0 l&rsquo;essieu moteur durable, le TE10Li peut d\u00e9placer des charges de 1000 kg, couvrant ainsi la quasi-totalit\u00e9 des besoins de l&rsquo;industrie l\u00e9g\u00e8re. <\/p>\n<p>La convivialit\u00e9 est l&rsquo;objectif de la conception du TE10Li. Le m\u00e9canisme innovant de r\u00e9glage de la poign\u00e9e et le mode basse vitesse permettent \u00e0 l&rsquo;op\u00e9rateur d&rsquo;ajuster la hauteur de la poign\u00e9e et de r\u00e9duire rapidement la vitesse de fonctionnement, en fonction des besoins de l&rsquo;application. La poign\u00e9e ergonomique assure un confort d&rsquo;utilisation.  <\/p>\n<p>Le chariot est \u00e9quip\u00e9 d&rsquo;un bouton de marche arri\u00e8re d&rsquo;urgence, qui force le chariot \u00e0 se d\u00e9placer en marche arri\u00e8re si l&rsquo;op\u00e9rateur est coinc\u00e9 dans une zone confin\u00e9e, ce qui minimise le risque de blessures. Le chariot est \u00e9quip\u00e9 d&rsquo;un bras d&rsquo;attelage amovible \u00e0 r\u00e9glage progressif de la hauteur, dont le point de pivot est proche de l&#8217;empattement, ce qui accro\u00eet la maniabilit\u00e9. Les diff\u00e9rentes options d&rsquo;attelage disponibles, y compris l&rsquo;attelage \u00e9lectrique, permettent au TE10Li de s&rsquo;adapter \u00e0 un grand nombre d&rsquo;applications. La structure existante permet \u00e9galement de concevoir et de connecter n&rsquo;importe quel type de crochet personnalis\u00e9, si n\u00e9cessaire.   <\/p>\n","protected":false},"excerpt":{"rendered":"<p>Le TE10Li est un tracteur \u00e9lectrique d&rsquo;entr\u00e9e de gamme pour tous les travaux l\u00e9gers. La compacit\u00e9 et la portabilit\u00e9 sont au c\u0153ur de la philosophie du TE10Li. Avec son empreinte ultra-compacte, il peut se d\u00e9placer librement dans des environnements complexes tels que les supermarch\u00e9s, les usines, les h\u00f4pitaux et les a\u00e9roports. La batterie Li-ion pr\u00eate \u00e0 l&#8217;emploi et facilement rempla\u00e7able offre une solide garantie de fonctionnement continu en cas de besoin ; en outre, le poids maximal de la batterie n&rsquo;est que d&rsquo;environ 8 kg, et tout le monde peut remplacer la batterie en quelques secondes.    <\/p>\n","protected":false},"featured_media":18200,"comment_status":"closed","ping_status":"closed","template":"","meta":{"_acf_changed":false},"product_brand":[],"product_cat":[148],"product_tag":[],"class_list":{"0":"post-42773","1":"product","2":"type-product","3":"status-publish","4":"has-post-thumbnail","6":"product_cat-tow-trucks-fr","8":"first","9":"outofstock","10":"taxable","11":"shipping-taxable","12":"product-type-variable"},"exclude_global_add_ons":false,"addons":[{"name":"DES OPTIONS SUPPL\u00c9MENTAIRES :","type":"checkbox","position":0,"required":false,"title_format":"label","default":"","description_enable":false,"description":null,"placeholder_enable":false,"placeholder":null,"display":"select","restrictions_type":"any_text","adjust_price":false,"price":"","price_type":"flat_fee","restrictions":false,"min":"0","max":"0","options":[{"label":"Diff\u00e9rents types de crochets","price":"350","price_type":"quantity_based","image":0,"visibility":true}],"id":1745602362}],"acf":{"coming_soon":false,"item_description":"Electric Tow Tractor<br \/> 1000 KG","brochure_button_label":"Bient\u00f4t disponible","brochure":"","location":"","video":null,"standard_features":"","alternative_numbers":"","erp_id":"","models":"","load_charts":null},"yoast_head":"<!-- This site is optimized with the Yoast SEO plugin v27.3 - https:\/\/yoast.com\/product\/yoast-seo-wordpress\/ -->\n<title>TE10-Li &#8212; Noblelift Canada<\/title>\n<meta name=\"description\" content=\"TE10-Li by Noblelift Canada | | Inquire Now To Get Your Noblelift Equipment &amp; Parts\" \/>\n<meta name=\"robots\" content=\"index, follow, max-snippet:-1, max-image-preview:large, max-video-preview:-1\" \/>\n<link rel=\"canonical\" href=\"https:\/\/nobleliftcanada.com\/fr\/produit\/electric-tow-tractor-1000kg-te10-li\/\" \/>\n<meta property=\"og:locale\" content=\"fr_FR\" \/>\n<meta property=\"og:type\" content=\"article\" \/>\n<meta property=\"og:title\" content=\"TE10-Li &#8212; Noblelift Canada\" \/>\n<meta property=\"og:description\" content=\"TE10-Li by Noblelift Canada | | Inquire Now To Get Your Noblelift Equipment &amp; Parts\" \/>\n<meta property=\"og:url\" content=\"https:\/\/nobleliftcanada.com\/fr\/produit\/electric-tow-tractor-1000kg-te10-li\/\" \/>\n<meta property=\"og:site_name\" content=\"Noblelift Canada\" \/>\n<meta property=\"article:publisher\" content=\"https:\/\/www.facebook.com\/Noblelift-Canada-102966741541390\/\" \/>\n<meta property=\"article:modified_time\" content=\"2025-05-11T03:22:09+00:00\" \/>\n<meta property=\"og:image\" content=\"https:\/\/nobleliftcanada.com\/wp-content\/uploads\/2023\/05\/Noblelift-Canada-TE10Li.png\" \/>\n\t<meta property=\"og:image:width\" content=\"1361\" \/>\n\t<meta property=\"og:image:height\" content=\"992\" \/>\n\t<meta property=\"og:image:type\" content=\"image\/png\" \/>\n<meta name=\"twitter:card\" content=\"summary_large_image\" \/>\n<meta name=\"twitter:label1\" content=\"Dur\u00e9e de lecture estim\u00e9e\" \/>\n\t<meta name=\"twitter:data1\" content=\"1 minute\" \/>\n<script type=\"application\/ld+json\" class=\"yoast-schema-graph\">{\"@context\":\"https:\\\/\\\/schema.org\",\"@graph\":[{\"@type\":\"WebPage\",\"@id\":\"https:\\\/\\\/nobleliftcanada.com\\\/fr\\\/produit\\\/electric-tow-tractor-1000kg-te10-li\\\/\",\"url\":\"https:\\\/\\\/nobleliftcanada.com\\\/fr\\\/produit\\\/electric-tow-tractor-1000kg-te10-li\\\/\",\"name\":\"TE10-Li &#8212; Noblelift Canada\",\"isPartOf\":{\"@id\":\"https:\\\/\\\/nobleliftcanada.com\\\/fr\\\/#website\"},\"primaryImageOfPage\":{\"@id\":\"https:\\\/\\\/nobleliftcanada.com\\\/fr\\\/produit\\\/electric-tow-tractor-1000kg-te10-li\\\/#primaryimage\"},\"image\":{\"@id\":\"https:\\\/\\\/nobleliftcanada.com\\\/fr\\\/produit\\\/electric-tow-tractor-1000kg-te10-li\\\/#primaryimage\"},\"thumbnailUrl\":\"https:\\\/\\\/nobleliftcanada.com\\\/wp-content\\\/uploads\\\/2023\\\/05\\\/Noblelift-Canada-TE10Li.png\",\"datePublished\":\"2025-03-21T12:01:21+00:00\",\"dateModified\":\"2025-05-11T03:22:09+00:00\",\"description\":\"TE10-Li by Noblelift Canada | | Inquire Now To Get Your Noblelift Equipment & Parts\",\"breadcrumb\":{\"@id\":\"https:\\\/\\\/nobleliftcanada.com\\\/fr\\\/produit\\\/electric-tow-tractor-1000kg-te10-li\\\/#breadcrumb\"},\"inLanguage\":\"fr-FR\",\"potentialAction\":[{\"@type\":\"ReadAction\",\"target\":[\"https:\\\/\\\/nobleliftcanada.com\\\/fr\\\/produit\\\/electric-tow-tractor-1000kg-te10-li\\\/\"]}]},{\"@type\":\"ImageObject\",\"inLanguage\":\"fr-FR\",\"@id\":\"https:\\\/\\\/nobleliftcanada.com\\\/fr\\\/produit\\\/electric-tow-tractor-1000kg-te10-li\\\/#primaryimage\",\"url\":\"https:\\\/\\\/nobleliftcanada.com\\\/wp-content\\\/uploads\\\/2023\\\/05\\\/Noblelift-Canada-TE10Li.png\",\"contentUrl\":\"https:\\\/\\\/nobleliftcanada.com\\\/wp-content\\\/uploads\\\/2023\\\/05\\\/Noblelift-Canada-TE10Li.png\",\"width\":1361,\"height\":992},{\"@type\":\"BreadcrumbList\",\"@id\":\"https:\\\/\\\/nobleliftcanada.com\\\/fr\\\/produit\\\/electric-tow-tractor-1000kg-te10-li\\\/#breadcrumb\",\"itemListElement\":[{\"@type\":\"ListItem\",\"position\":1,\"name\":\"Home\",\"item\":\"https:\\\/\\\/nobleliftcanada.com\\\/fr\\\/\"},{\"@type\":\"ListItem\",\"position\":2,\"name\":\"Boutique\",\"item\":\"https:\\\/\\\/nobleliftcanada.com\\\/shop\\\/\"},{\"@type\":\"ListItem\",\"position\":3,\"name\":\"TE10-Li\"}]},{\"@type\":\"WebSite\",\"@id\":\"https:\\\/\\\/nobleliftcanada.com\\\/fr\\\/#website\",\"url\":\"https:\\\/\\\/nobleliftcanada.com\\\/fr\\\/\",\"name\":\"Noblelift Canada\",\"description\":\"Canada&#039;s Leader | Material Handling Equipment\",\"publisher\":{\"@id\":\"https:\\\/\\\/nobleliftcanada.com\\\/fr\\\/#organization\"},\"potentialAction\":[{\"@type\":\"SearchAction\",\"target\":{\"@type\":\"EntryPoint\",\"urlTemplate\":\"https:\\\/\\\/nobleliftcanada.com\\\/fr\\\/?s={search_term_string}\"},\"query-input\":{\"@type\":\"PropertyValueSpecification\",\"valueRequired\":true,\"valueName\":\"search_term_string\"}}],\"inLanguage\":\"fr-FR\"},{\"@type\":\"Organization\",\"@id\":\"https:\\\/\\\/nobleliftcanada.com\\\/fr\\\/#organization\",\"name\":\"Noblelift Canada\",\"url\":\"https:\\\/\\\/nobleliftcanada.com\\\/fr\\\/\",\"logo\":{\"@type\":\"ImageObject\",\"inLanguage\":\"fr-FR\",\"@id\":\"https:\\\/\\\/nobleliftcanada.com\\\/fr\\\/#\\\/schema\\\/logo\\\/image\\\/\",\"url\":\"https:\\\/\\\/nobleliftcanada.com\\\/wp-content\\\/uploads\\\/2020\\\/08\\\/NOBLELIFTCANADA-1.png\",\"contentUrl\":\"https:\\\/\\\/nobleliftcanada.com\\\/wp-content\\\/uploads\\\/2020\\\/08\\\/NOBLELIFTCANADA-1.png\",\"width\":2413,\"height\":880,\"caption\":\"Noblelift Canada\"},\"image\":{\"@id\":\"https:\\\/\\\/nobleliftcanada.com\\\/fr\\\/#\\\/schema\\\/logo\\\/image\\\/\"},\"sameAs\":[\"https:\\\/\\\/www.facebook.com\\\/Noblelift-Canada-102966741541390\\\/\"]}]}<\/script>\n<!-- \/ Yoast SEO plugin. -->","yoast_head_json":{"title":"TE10-Li &#8212; Noblelift Canada","description":"TE10-Li by Noblelift Canada | | Inquire Now To Get Your Noblelift Equipment & Parts","robots":{"index":"index","follow":"follow","max-snippet":"max-snippet:-1","max-image-preview":"max-image-preview:large","max-video-preview":"max-video-preview:-1"},"canonical":"https:\/\/nobleliftcanada.com\/fr\/produit\/electric-tow-tractor-1000kg-te10-li\/","og_locale":"fr_FR","og_type":"article","og_title":"TE10-Li &#8212; Noblelift Canada","og_description":"TE10-Li by Noblelift Canada | | Inquire Now To Get Your Noblelift Equipment & Parts","og_url":"https:\/\/nobleliftcanada.com\/fr\/produit\/electric-tow-tractor-1000kg-te10-li\/","og_site_name":"Noblelift Canada","article_publisher":"https:\/\/www.facebook.com\/Noblelift-Canada-102966741541390\/","article_modified_time":"2025-05-11T03:22:09+00:00","og_image":[{"width":1361,"height":992,"url":"https:\/\/nobleliftcanada.com\/wp-content\/uploads\/2023\/05\/Noblelift-Canada-TE10Li.png","type":"image\/png"}],"twitter_card":"summary_large_image","twitter_misc":{"Dur\u00e9e de lecture estim\u00e9e":"1 minute"},"schema":{"@context":"https:\/\/schema.org","@graph":[{"@type":"WebPage","@id":"https:\/\/nobleliftcanada.com\/fr\/produit\/electric-tow-tractor-1000kg-te10-li\/","url":"https:\/\/nobleliftcanada.com\/fr\/produit\/electric-tow-tractor-1000kg-te10-li\/","name":"TE10-Li &#8212; Noblelift Canada","isPartOf":{"@id":"https:\/\/nobleliftcanada.com\/fr\/#website"},"primaryImageOfPage":{"@id":"https:\/\/nobleliftcanada.com\/fr\/produit\/electric-tow-tractor-1000kg-te10-li\/#primaryimage"},"image":{"@id":"https:\/\/nobleliftcanada.com\/fr\/produit\/electric-tow-tractor-1000kg-te10-li\/#primaryimage"},"thumbnailUrl":"https:\/\/nobleliftcanada.com\/wp-content\/uploads\/2023\/05\/Noblelift-Canada-TE10Li.png","datePublished":"2025-03-21T12:01:21+00:00","dateModified":"2025-05-11T03:22:09+00:00","description":"TE10-Li by Noblelift Canada | | Inquire Now To Get Your Noblelift Equipment & Parts","breadcrumb":{"@id":"https:\/\/nobleliftcanada.com\/fr\/produit\/electric-tow-tractor-1000kg-te10-li\/#breadcrumb"},"inLanguage":"fr-FR","potentialAction":[{"@type":"ReadAction","target":["https:\/\/nobleliftcanada.com\/fr\/produit\/electric-tow-tractor-1000kg-te10-li\/"]}]},{"@type":"ImageObject","inLanguage":"fr-FR","@id":"https:\/\/nobleliftcanada.com\/fr\/produit\/electric-tow-tractor-1000kg-te10-li\/#primaryimage","url":"https:\/\/nobleliftcanada.com\/wp-content\/uploads\/2023\/05\/Noblelift-Canada-TE10Li.png","contentUrl":"https:\/\/nobleliftcanada.com\/wp-content\/uploads\/2023\/05\/Noblelift-Canada-TE10Li.png","width":1361,"height":992},{"@type":"BreadcrumbList","@id":"https:\/\/nobleliftcanada.com\/fr\/produit\/electric-tow-tractor-1000kg-te10-li\/#breadcrumb","itemListElement":[{"@type":"ListItem","position":1,"name":"Home","item":"https:\/\/nobleliftcanada.com\/fr\/"},{"@type":"ListItem","position":2,"name":"Boutique","item":"https:\/\/nobleliftcanada.com\/shop\/"},{"@type":"ListItem","position":3,"name":"TE10-Li"}]},{"@type":"WebSite","@id":"https:\/\/nobleliftcanada.com\/fr\/#website","url":"https:\/\/nobleliftcanada.com\/fr\/","name":"Noblelift Canada","description":"Canada&#039;s Leader | Material Handling Equipment","publisher":{"@id":"https:\/\/nobleliftcanada.com\/fr\/#organization"},"potentialAction":[{"@type":"SearchAction","target":{"@type":"EntryPoint","urlTemplate":"https:\/\/nobleliftcanada.com\/fr\/?s={search_term_string}"},"query-input":{"@type":"PropertyValueSpecification","valueRequired":true,"valueName":"search_term_string"}}],"inLanguage":"fr-FR"},{"@type":"Organization","@id":"https:\/\/nobleliftcanada.com\/fr\/#organization","name":"Noblelift Canada","url":"https:\/\/nobleliftcanada.com\/fr\/","logo":{"@type":"ImageObject","inLanguage":"fr-FR","@id":"https:\/\/nobleliftcanada.com\/fr\/#\/schema\/logo\/image\/","url":"https:\/\/nobleliftcanada.com\/wp-content\/uploads\/2020\/08\/NOBLELIFTCANADA-1.png","contentUrl":"https:\/\/nobleliftcanada.com\/wp-content\/uploads\/2020\/08\/NOBLELIFTCANADA-1.png","width":2413,"height":880,"caption":"Noblelift Canada"},"image":{"@id":"https:\/\/nobleliftcanada.com\/fr\/#\/schema\/logo\/image\/"},"sameAs":["https:\/\/www.facebook.com\/Noblelift-Canada-102966741541390\/"]}]}},"_links":{"self":[{"href":"https:\/\/nobleliftcanada.com\/fr\/wp-json\/wp\/v2\/product\/42773","targetHints":{"allow":["GET"]}}],"collection":[{"href":"https:\/\/nobleliftcanada.com\/fr\/wp-json\/wp\/v2\/product"}],"about":[{"href":"https:\/\/nobleliftcanada.com\/fr\/wp-json\/wp\/v2\/types\/product"}],"replies":[{"embeddable":true,"href":"https:\/\/nobleliftcanada.com\/fr\/wp-json\/wp\/v2\/comments?post=42773"}],"version-history":[{"count":2,"href":"https:\/\/nobleliftcanada.com\/fr\/wp-json\/wp\/v2\/product\/42773\/revisions"}],"predecessor-version":[{"id":45162,"href":"https:\/\/nobleliftcanada.com\/fr\/wp-json\/wp\/v2\/product\/42773\/revisions\/45162"}],"wp:featuredmedia":[{"embeddable":true,"href":"https:\/\/nobleliftcanada.com\/fr\/wp-json\/wp\/v2\/media\/18200"}],"wp:attachment":[{"href":"https:\/\/nobleliftcanada.com\/fr\/wp-json\/wp\/v2\/media?parent=42773"}],"wp:term":[{"taxonomy":"product_brand","embeddable":true,"href":"https:\/\/nobleliftcanada.com\/fr\/wp-json\/wp\/v2\/product_brand?post=42773"},{"taxonomy":"product_cat","embeddable":true,"href":"https:\/\/nobleliftcanada.com\/fr\/wp-json\/wp\/v2\/product_cat?post=42773"},{"taxonomy":"product_tag","embeddable":true,"href":"https:\/\/nobleliftcanada.com\/fr\/wp-json\/wp\/v2\/product_tag?post=42773"}],"curies":[{"name":"wp","href":"https:\/\/api.w.org\/{rel}","templated":true}]}}