{"id":42762,"date":"2025-03-21T12:51:59","date_gmt":"2025-03-21T12:51:59","guid":{"rendered":"https:\/\/nobleliftcanada.com\/product\/2wd-diesel-forklift-fd2rt-25-35-2500-3500kg\/"},"modified":"2025-05-11T03:24:12","modified_gmt":"2025-05-11T03:24:12","slug":"2wd-diesel-forklift-fd2rt-25-35-2500-3500kg","status":"publish","type":"product","link":"https:\/\/nobleliftcanada.com\/fr\/produit\/2wd-diesel-forklift-fd2rt-25-35-2500-3500kg\/","title":{"rendered":"2500-3500KG"},"content":{"rendered":"","protected":false},"excerpt":{"rendered":"<p>Les chariots \u00e9l\u00e9vateurs pneumatiques \u00e0 2 roues motrices de la s\u00e9rie RT, d&rsquo;une capacit\u00e9 de 2 500 \u00e0 3 500 kg, sont des chariots \u00e9l\u00e9vateurs diesel tout-terrain tr\u00e8s efficaces et durables. Ils sont con\u00e7us pour transporter de grands volumes et de grosses charges en toute fiabilit\u00e9 sur les terrains les plus difficiles. Le syst\u00e8me de m\u00e2t, les essieux avant\/arri\u00e8re, le ch\u00e2ssis et le prot\u00e8ge-conducteur sont con\u00e7us pour des conditions extr\u00eames.<\/p>\n<p>Les applications peuvent inclure la sylviculture, les sites de construction \u00e0 surface perturb\u00e9e, les raffineries de p\u00e9trole, l&rsquo;arm\u00e9e et l&rsquo;agriculture. Ces chariots \u00e9l\u00e9vateurs \u00e0 hautes performances et \u00e0 faible entretien am\u00e9liorent la productivit\u00e9 tout en garantissant le confort de l&rsquo;op\u00e9rateur pendant toute la dur\u00e9e du travail.<\/p>\n<p>Ce chariot \u00e9l\u00e9vateur ergonomique \u00e0 conducteur assis est \u00e9quip\u00e9 d&rsquo;une direction assist\u00e9e enti\u00e8rement hydrostatique (FHPS) \u00e0 la demande, d&rsquo;un si\u00e8ge \u00e0 suspension de luxe, de pneus, d&rsquo;un syst\u00e8me de pr\u00e9sence de l&rsquo;op\u00e9rateur (OPS) et de nombreux dispositifs de s\u00e9curit\u00e9. Tr\u00e8s productif &#8211; Prix comp\u00e9titif &#8211; L&rsquo;un des meilleurs rapports qualit\u00e9-prix du march\u00e9.<\/p>\n","protected":false},"featured_media":18164,"comment_status":"closed","ping_status":"closed","template":"","meta":{"_acf_changed":false},"product_brand":[],"product_cat":[144],"product_tag":[],"class_list":{"0":"post-42762","1":"product","2":"type-product","3":"status-publish","4":"has-post-thumbnail","6":"product_cat-rough-terrain-forklift-fr","8":"first","9":"instock","10":"taxable","11":"shipping-taxable","12":"product-type-variable"},"exclude_global_add_ons":[],"addons":[],"acf":{"coming_soon":false,"item_description":"2WD Diesel Forklift<br \/> 2500-3500 KG","brochure_button_label":"Brochure","brochure":18231,"location":"","video":"https:\/\/www.youtube.com\/watch?v=1oRX83vIVNA","standard_features":"","alternative_numbers":"","erp_id":"","models":""},"yoast_head":"<!-- This site is optimized with the Yoast SEO plugin v27.3 - https:\/\/yoast.com\/product\/yoast-seo-wordpress\/ -->\n<title>2500-3500KG &#8212; Noblelift Canada<\/title>\n<meta name=\"description\" content=\"2500-3500KG by Noblelift Canada | | Inquire Now To Get Your Noblelift Equipment &amp; Parts\" \/>\n<meta name=\"robots\" content=\"index, follow, max-snippet:-1, max-image-preview:large, max-video-preview:-1\" \/>\n<link rel=\"canonical\" href=\"https:\/\/nobleliftcanada.com\/fr\/produit\/2wd-diesel-forklift-fd2rt-25-35-2500-3500kg\/\" \/>\n<meta property=\"og:locale\" content=\"fr_FR\" \/>\n<meta property=\"og:type\" content=\"article\" \/>\n<meta property=\"og:title\" content=\"2500-3500KG &#8212; Noblelift Canada\" \/>\n<meta property=\"og:description\" content=\"2500-3500KG by Noblelift Canada | | Inquire Now To Get Your Noblelift Equipment &amp; Parts\" \/>\n<meta property=\"og:url\" content=\"https:\/\/nobleliftcanada.com\/fr\/produit\/2wd-diesel-forklift-fd2rt-25-35-2500-3500kg\/\" \/>\n<meta property=\"og:site_name\" content=\"Noblelift Canada\" \/>\n<meta property=\"article:publisher\" content=\"https:\/\/www.facebook.com\/Noblelift-Canada-102966741541390\/\" \/>\n<meta property=\"article:modified_time\" content=\"2025-05-11T03:24:12+00:00\" \/>\n<meta property=\"og:image\" content=\"https:\/\/nobleliftcanada.com\/wp-content\/uploads\/2023\/02\/Noblelift-RT2D50-RT2D70-Diesel-Rough-Terrain-Forklifts-1920w.jpg-copy.jpg\" \/>\n\t<meta property=\"og:image:width\" content=\"1\" \/>\n\t<meta property=\"og:image:height\" content=\"1\" \/>\n\t<meta property=\"og:image:type\" content=\"image\/jpeg\" \/>\n<meta name=\"twitter:card\" content=\"summary_large_image\" \/>\n<script type=\"application\/ld+json\" class=\"yoast-schema-graph\">{\"@context\":\"https:\\\/\\\/schema.org\",\"@graph\":[{\"@type\":\"WebPage\",\"@id\":\"https:\\\/\\\/nobleliftcanada.com\\\/fr\\\/produit\\\/2wd-diesel-forklift-fd2rt-25-35-2500-3500kg\\\/\",\"url\":\"https:\\\/\\\/nobleliftcanada.com\\\/fr\\\/produit\\\/2wd-diesel-forklift-fd2rt-25-35-2500-3500kg\\\/\",\"name\":\"2500-3500KG &#8212; Noblelift Canada\",\"isPartOf\":{\"@id\":\"https:\\\/\\\/nobleliftcanada.com\\\/fr\\\/#website\"},\"primaryImageOfPage\":{\"@id\":\"https:\\\/\\\/nobleliftcanada.com\\\/fr\\\/produit\\\/2wd-diesel-forklift-fd2rt-25-35-2500-3500kg\\\/#primaryimage\"},\"image\":{\"@id\":\"https:\\\/\\\/nobleliftcanada.com\\\/fr\\\/produit\\\/2wd-diesel-forklift-fd2rt-25-35-2500-3500kg\\\/#primaryimage\"},\"thumbnailUrl\":\"https:\\\/\\\/nobleliftcanada.com\\\/wp-content\\\/uploads\\\/2023\\\/02\\\/Noblelift-RT2D50-RT2D70-Diesel-Rough-Terrain-Forklifts-1920w.jpg-copy.jpg\",\"datePublished\":\"2025-03-21T12:51:59+00:00\",\"dateModified\":\"2025-05-11T03:24:12+00:00\",\"description\":\"2500-3500KG by Noblelift Canada | | Inquire Now To Get Your Noblelift Equipment & Parts\",\"breadcrumb\":{\"@id\":\"https:\\\/\\\/nobleliftcanada.com\\\/fr\\\/produit\\\/2wd-diesel-forklift-fd2rt-25-35-2500-3500kg\\\/#breadcrumb\"},\"inLanguage\":\"fr-FR\",\"potentialAction\":[{\"@type\":\"ReadAction\",\"target\":[\"https:\\\/\\\/nobleliftcanada.com\\\/fr\\\/produit\\\/2wd-diesel-forklift-fd2rt-25-35-2500-3500kg\\\/\"]}]},{\"@type\":\"ImageObject\",\"inLanguage\":\"fr-FR\",\"@id\":\"https:\\\/\\\/nobleliftcanada.com\\\/fr\\\/produit\\\/2wd-diesel-forklift-fd2rt-25-35-2500-3500kg\\\/#primaryimage\",\"url\":\"https:\\\/\\\/nobleliftcanada.com\\\/wp-content\\\/uploads\\\/2023\\\/02\\\/Noblelift-RT2D50-RT2D70-Diesel-Rough-Terrain-Forklifts-1920w.jpg-copy.jpg\",\"contentUrl\":\"https:\\\/\\\/nobleliftcanada.com\\\/wp-content\\\/uploads\\\/2023\\\/02\\\/Noblelift-RT2D50-RT2D70-Diesel-Rough-Terrain-Forklifts-1920w.jpg-copy.jpg\"},{\"@type\":\"BreadcrumbList\",\"@id\":\"https:\\\/\\\/nobleliftcanada.com\\\/fr\\\/produit\\\/2wd-diesel-forklift-fd2rt-25-35-2500-3500kg\\\/#breadcrumb\",\"itemListElement\":[{\"@type\":\"ListItem\",\"position\":1,\"name\":\"Home\",\"item\":\"https:\\\/\\\/nobleliftcanada.com\\\/fr\\\/\"},{\"@type\":\"ListItem\",\"position\":2,\"name\":\"Boutique\",\"item\":\"https:\\\/\\\/nobleliftcanada.com\\\/shop\\\/\"},{\"@type\":\"ListItem\",\"position\":3,\"name\":\"2500-3500KG\"}]},{\"@type\":\"WebSite\",\"@id\":\"https:\\\/\\\/nobleliftcanada.com\\\/fr\\\/#website\",\"url\":\"https:\\\/\\\/nobleliftcanada.com\\\/fr\\\/\",\"name\":\"Noblelift Canada\",\"description\":\"Canada&#039;s Leader | Material Handling Equipment\",\"publisher\":{\"@id\":\"https:\\\/\\\/nobleliftcanada.com\\\/fr\\\/#organization\"},\"potentialAction\":[{\"@type\":\"SearchAction\",\"target\":{\"@type\":\"EntryPoint\",\"urlTemplate\":\"https:\\\/\\\/nobleliftcanada.com\\\/fr\\\/?s={search_term_string}\"},\"query-input\":{\"@type\":\"PropertyValueSpecification\",\"valueRequired\":true,\"valueName\":\"search_term_string\"}}],\"inLanguage\":\"fr-FR\"},{\"@type\":\"Organization\",\"@id\":\"https:\\\/\\\/nobleliftcanada.com\\\/fr\\\/#organization\",\"name\":\"Noblelift Canada\",\"url\":\"https:\\\/\\\/nobleliftcanada.com\\\/fr\\\/\",\"logo\":{\"@type\":\"ImageObject\",\"inLanguage\":\"fr-FR\",\"@id\":\"https:\\\/\\\/nobleliftcanada.com\\\/fr\\\/#\\\/schema\\\/logo\\\/image\\\/\",\"url\":\"https:\\\/\\\/nobleliftcanada.com\\\/wp-content\\\/uploads\\\/2020\\\/08\\\/NOBLELIFTCANADA-1.png\",\"contentUrl\":\"https:\\\/\\\/nobleliftcanada.com\\\/wp-content\\\/uploads\\\/2020\\\/08\\\/NOBLELIFTCANADA-1.png\",\"width\":2413,\"height\":880,\"caption\":\"Noblelift Canada\"},\"image\":{\"@id\":\"https:\\\/\\\/nobleliftcanada.com\\\/fr\\\/#\\\/schema\\\/logo\\\/image\\\/\"},\"sameAs\":[\"https:\\\/\\\/www.facebook.com\\\/Noblelift-Canada-102966741541390\\\/\"]}]}<\/script>\n<!-- \/ Yoast SEO plugin. -->","yoast_head_json":{"title":"2500-3500KG &#8212; Noblelift Canada","description":"2500-3500KG by Noblelift Canada | | Inquire Now To Get Your Noblelift Equipment & Parts","robots":{"index":"index","follow":"follow","max-snippet":"max-snippet:-1","max-image-preview":"max-image-preview:large","max-video-preview":"max-video-preview:-1"},"canonical":"https:\/\/nobleliftcanada.com\/fr\/produit\/2wd-diesel-forklift-fd2rt-25-35-2500-3500kg\/","og_locale":"fr_FR","og_type":"article","og_title":"2500-3500KG &#8212; Noblelift Canada","og_description":"2500-3500KG by Noblelift Canada | | Inquire Now To Get Your Noblelift Equipment & Parts","og_url":"https:\/\/nobleliftcanada.com\/fr\/produit\/2wd-diesel-forklift-fd2rt-25-35-2500-3500kg\/","og_site_name":"Noblelift Canada","article_publisher":"https:\/\/www.facebook.com\/Noblelift-Canada-102966741541390\/","article_modified_time":"2025-05-11T03:24:12+00:00","og_image":[{"url":"https:\/\/nobleliftcanada.com\/wp-content\/uploads\/2023\/02\/Noblelift-RT2D50-RT2D70-Diesel-Rough-Terrain-Forklifts-1920w.jpg-copy.jpg","width":1,"height":1,"type":"image\/jpeg"}],"twitter_card":"summary_large_image","schema":{"@context":"https:\/\/schema.org","@graph":[{"@type":"WebPage","@id":"https:\/\/nobleliftcanada.com\/fr\/produit\/2wd-diesel-forklift-fd2rt-25-35-2500-3500kg\/","url":"https:\/\/nobleliftcanada.com\/fr\/produit\/2wd-diesel-forklift-fd2rt-25-35-2500-3500kg\/","name":"2500-3500KG &#8212; Noblelift Canada","isPartOf":{"@id":"https:\/\/nobleliftcanada.com\/fr\/#website"},"primaryImageOfPage":{"@id":"https:\/\/nobleliftcanada.com\/fr\/produit\/2wd-diesel-forklift-fd2rt-25-35-2500-3500kg\/#primaryimage"},"image":{"@id":"https:\/\/nobleliftcanada.com\/fr\/produit\/2wd-diesel-forklift-fd2rt-25-35-2500-3500kg\/#primaryimage"},"thumbnailUrl":"https:\/\/nobleliftcanada.com\/wp-content\/uploads\/2023\/02\/Noblelift-RT2D50-RT2D70-Diesel-Rough-Terrain-Forklifts-1920w.jpg-copy.jpg","datePublished":"2025-03-21T12:51:59+00:00","dateModified":"2025-05-11T03:24:12+00:00","description":"2500-3500KG by Noblelift Canada | | Inquire Now To Get Your Noblelift Equipment & Parts","breadcrumb":{"@id":"https:\/\/nobleliftcanada.com\/fr\/produit\/2wd-diesel-forklift-fd2rt-25-35-2500-3500kg\/#breadcrumb"},"inLanguage":"fr-FR","potentialAction":[{"@type":"ReadAction","target":["https:\/\/nobleliftcanada.com\/fr\/produit\/2wd-diesel-forklift-fd2rt-25-35-2500-3500kg\/"]}]},{"@type":"ImageObject","inLanguage":"fr-FR","@id":"https:\/\/nobleliftcanada.com\/fr\/produit\/2wd-diesel-forklift-fd2rt-25-35-2500-3500kg\/#primaryimage","url":"https:\/\/nobleliftcanada.com\/wp-content\/uploads\/2023\/02\/Noblelift-RT2D50-RT2D70-Diesel-Rough-Terrain-Forklifts-1920w.jpg-copy.jpg","contentUrl":"https:\/\/nobleliftcanada.com\/wp-content\/uploads\/2023\/02\/Noblelift-RT2D50-RT2D70-Diesel-Rough-Terrain-Forklifts-1920w.jpg-copy.jpg"},{"@type":"BreadcrumbList","@id":"https:\/\/nobleliftcanada.com\/fr\/produit\/2wd-diesel-forklift-fd2rt-25-35-2500-3500kg\/#breadcrumb","itemListElement":[{"@type":"ListItem","position":1,"name":"Home","item":"https:\/\/nobleliftcanada.com\/fr\/"},{"@type":"ListItem","position":2,"name":"Boutique","item":"https:\/\/nobleliftcanada.com\/shop\/"},{"@type":"ListItem","position":3,"name":"2500-3500KG"}]},{"@type":"WebSite","@id":"https:\/\/nobleliftcanada.com\/fr\/#website","url":"https:\/\/nobleliftcanada.com\/fr\/","name":"Noblelift Canada","description":"Canada&#039;s Leader | Material Handling Equipment","publisher":{"@id":"https:\/\/nobleliftcanada.com\/fr\/#organization"},"potentialAction":[{"@type":"SearchAction","target":{"@type":"EntryPoint","urlTemplate":"https:\/\/nobleliftcanada.com\/fr\/?s={search_term_string}"},"query-input":{"@type":"PropertyValueSpecification","valueRequired":true,"valueName":"search_term_string"}}],"inLanguage":"fr-FR"},{"@type":"Organization","@id":"https:\/\/nobleliftcanada.com\/fr\/#organization","name":"Noblelift Canada","url":"https:\/\/nobleliftcanada.com\/fr\/","logo":{"@type":"ImageObject","inLanguage":"fr-FR","@id":"https:\/\/nobleliftcanada.com\/fr\/#\/schema\/logo\/image\/","url":"https:\/\/nobleliftcanada.com\/wp-content\/uploads\/2020\/08\/NOBLELIFTCANADA-1.png","contentUrl":"https:\/\/nobleliftcanada.com\/wp-content\/uploads\/2020\/08\/NOBLELIFTCANADA-1.png","width":2413,"height":880,"caption":"Noblelift Canada"},"image":{"@id":"https:\/\/nobleliftcanada.com\/fr\/#\/schema\/logo\/image\/"},"sameAs":["https:\/\/www.facebook.com\/Noblelift-Canada-102966741541390\/"]}]}},"_links":{"self":[{"href":"https:\/\/nobleliftcanada.com\/fr\/wp-json\/wp\/v2\/product\/42762","targetHints":{"allow":["GET"]}}],"collection":[{"href":"https:\/\/nobleliftcanada.com\/fr\/wp-json\/wp\/v2\/product"}],"about":[{"href":"https:\/\/nobleliftcanada.com\/fr\/wp-json\/wp\/v2\/types\/product"}],"replies":[{"embeddable":true,"href":"https:\/\/nobleliftcanada.com\/fr\/wp-json\/wp\/v2\/comments?post=42762"}],"version-history":[{"count":1,"href":"https:\/\/nobleliftcanada.com\/fr\/wp-json\/wp\/v2\/product\/42762\/revisions"}],"predecessor-version":[{"id":45169,"href":"https:\/\/nobleliftcanada.com\/fr\/wp-json\/wp\/v2\/product\/42762\/revisions\/45169"}],"wp:featuredmedia":[{"embeddable":true,"href":"https:\/\/nobleliftcanada.com\/fr\/wp-json\/wp\/v2\/media\/18164"}],"wp:attachment":[{"href":"https:\/\/nobleliftcanada.com\/fr\/wp-json\/wp\/v2\/media?parent=42762"}],"wp:term":[{"taxonomy":"product_brand","embeddable":true,"href":"https:\/\/nobleliftcanada.com\/fr\/wp-json\/wp\/v2\/product_brand?post=42762"},{"taxonomy":"product_cat","embeddable":true,"href":"https:\/\/nobleliftcanada.com\/fr\/wp-json\/wp\/v2\/product_cat?post=42762"},{"taxonomy":"product_tag","embeddable":true,"href":"https:\/\/nobleliftcanada.com\/fr\/wp-json\/wp\/v2\/product_tag?post=42762"}],"curies":[{"name":"wp","href":"https:\/\/api.w.org\/{rel}","templated":true}]}}