{"id":42761,"date":"2025-03-21T12:54:27","date_gmt":"2025-03-21T12:54:27","guid":{"rendered":"https:\/\/nobleliftcanada.com\/product\/4wd-diesel-forklift-fd4rt-25-35-2500-3500kg\/"},"modified":"2025-05-11T03:24:11","modified_gmt":"2025-05-11T03:24:11","slug":"4wd-diesel-forklift-fd4rt-25-35-2500-3500kg","status":"publish","type":"product","link":"https:\/\/nobleliftcanada.com\/fr\/produit\/4wd-diesel-forklift-fd4rt-25-35-2500-3500kg\/","title":{"rendered":"FD4RT 25-35"},"content":{"rendered":"","protected":false},"excerpt":{"rendered":"<p>Les chariots \u00e9l\u00e9vateurs pneumatiques \u00e0 4 roues motrices de la s\u00e9rie RT, d&rsquo;une capacit\u00e9 de 2 500 \u00e0 3 500 kg, sont des chariots \u00e9l\u00e9vateurs diesel tout-terrain tr\u00e8s efficaces et durables. Ils sont con\u00e7us pour d\u00e9placer des volumes importants et de grosses charges en toute fiabilit\u00e9 sur les terrains les plus difficiles. Le syst\u00e8me de m\u00e2t, les essieux avant\/arri\u00e8re, le ch\u00e2ssis et le prot\u00e8ge-conducteur sont con\u00e7us pour des conditions extr\u00eames.  <\/p>\n<p>Les applications peuvent inclure la sylviculture, les sites de construction \u00e0 surface perturb\u00e9e, les raffineries de p\u00e9trole, l&rsquo;arm\u00e9e et l&rsquo;agriculture. Ces chariots \u00e9l\u00e9vateurs \u00e0 hautes performances et \u00e0 faible entretien am\u00e9liorent la productivit\u00e9 tout en garantissant le confort de l&rsquo;op\u00e9rateur pendant toute la dur\u00e9e du travail.<\/p>\n<p>Ce chariot \u00e9l\u00e9vateur ergonomique \u00e0 conducteur assis est \u00e9quip\u00e9 d&rsquo;une direction assist\u00e9e enti\u00e8rement hydrostatique (FHPS) \u00e0 la demande, d&rsquo;un si\u00e8ge \u00e0 suspension de luxe, de pneus, d&rsquo;un syst\u00e8me de pr\u00e9sence de l&rsquo;op\u00e9rateur (OPS) et de nombreux dispositifs de s\u00e9curit\u00e9. Tr\u00e8s productif &#8211; Prix comp\u00e9titif &#8211; L&rsquo;un des meilleurs rapports qualit\u00e9-prix du march\u00e9.<\/p>\n","protected":false},"featured_media":18174,"comment_status":"closed","ping_status":"closed","template":"","meta":{"_acf_changed":false},"product_brand":[],"product_cat":[144],"product_tag":[],"class_list":{"0":"post-42761","1":"product","2":"type-product","3":"status-publish","4":"has-post-thumbnail","6":"product_cat-rough-terrain-forklift-fr","8":"first","9":"outofstock","10":"taxable","11":"shipping-taxable","12":"product-type-variable"},"exclude_global_add_ons":false,"addons":[{"name":"TYPE DE MAT","type":"multiple_choice","position":0,"required":true,"title_format":"label","default":"","description_enable":false,"description":null,"placeholder_enable":false,"placeholder":null,"display":"radiobutton","restrictions_type":"any_text","adjust_price":false,"price":"","price_type":"flat_fee","restrictions":false,"min":"0","max":"0","options":[{"label":"3 \u00e9tages Pleine vue libre 10\u00b0F\/12\u00b0B 157\" 81.7\" 35.2\"","price":"3500","price_type":"quantity_based","image":0,"visibility":true},{"label":"3 \u00e9tages Vue libre compl\u00e8te 10\u00b0F\/12\u00b0B 171\" 86.6\" 40.1\"","price":"4500","price_type":"quantity_based","image":0,"visibility":true},{"label":"3 \u00e9tages Vue libre compl\u00e8te 10\u00b0F\/12\u00b0B 185\" 91.1\" 44.6\"","price":"4970","price_type":"quantity_based","image":0,"visibility":true},{"label":"3 \u00e9tages Vue libre compl\u00e8te 6\u00b0F\/6\u00b0B 236\" 110.2\" 63.7\"","price":"7170","price_type":"quantity_based","image":0,"visibility":true}],"id":1745532961},{"name":"Hydraulique","type":"multiple_choice","position":1,"required":true,"title_format":"label","default":"","description_enable":false,"description":null,"placeholder_enable":false,"placeholder":null,"display":"radiobutton","restrictions_type":"any_text","adjust_price":false,"price":"","price_type":"flat_fee","restrictions":false,"min":"0","max":"0","options":[{"label":"Tuyau interne pour les m\u00e2ts \u00e0 3 \u00e9tages \u00e0 vue libre Valve \u00e0 3 voies","price":"898","price_type":"quantity_based","image":0,"visibility":true},{"label":"Tuyau interne pour les m\u00e2ts \u00e0 3 \u00e9tages \u00e0 vue libre Valve \u00e0 4 voies","price":"1138","price_type":"quantity_based","image":0,"visibility":true}],"id":1745533028},{"name":"Fourches standard 42' 2.5T","type":"multiple_choice","position":2,"required":true,"title_format":"label","default":"5","description_enable":false,"description":null,"placeholder_enable":false,"placeholder":null,"display":"select","restrictions_type":"any_text","adjust_price":false,"price":"","price_type":"flat_fee","restrictions":false,"min":"0","max":"0","options":[{"label":"","price":"314","price_type":"quantity_based","image":0,"visibility":true},{"label":"","price":"314","price_type":"quantity_based","image":0,"visibility":true},{"label":"","price":"314","price_type":"quantity_based","image":0,"visibility":true},{"label":"","price":"314","price_type":"quantity_based","image":0,"visibility":true},{"label":"","price":"314","price_type":"quantity_based","image":0,"visibility":true},{"label":"Fourches standard 42' 2.5T","price":"0","price_type":"quantity_based","image":0,"visibility":true}],"id":1746028320},{"name":"Fourches standard 42' 3.5T","type":"multiple_choice","position":3,"required":true,"title_format":"label","default":"5","description_enable":false,"description":null,"placeholder_enable":false,"placeholder":null,"display":"select","restrictions_type":"any_text","adjust_price":false,"price":"","price_type":"flat_fee","restrictions":false,"min":"0","max":"0","options":[{"label":"","price":"314","price_type":"quantity_based","image":0,"visibility":true},{"label":"","price":"314","price_type":"quantity_based","image":0,"visibility":true},{"label":"","price":"314","price_type":"quantity_based","image":0,"visibility":true},{"label":"","price":"314","price_type":"quantity_based","image":0,"visibility":true},{"label":"","price":"314","price_type":"quantity_based","image":0,"visibility":true},{"label":"Fourches standard 42' 3.5T","price":"0","price_type":"quantity_based","image":0,"visibility":true}],"id":1746028321},{"name":"Options suppl\u00e9mentaires pour 2.5T","type":"checkbox","position":4,"required":false,"title_format":"label","default":"","description_enable":false,"description":null,"placeholder_enable":false,"placeholder":null,"display":"select","restrictions_type":"any_text","adjust_price":false,"price":"","price_type":"flat_fee","restrictions":false,"min":"0","max":"0","options":[{"label":"Changement de vitesse lat\u00e9ral-Cascade 2.5T","price":"2344","price_type":"quantity_based","image":0,"visibility":true},{"label":"Positionneur de fourche \u00e0 d\u00e9placement lat\u00e9ral-Cascade 2.5T","price":"5784","price_type":"quantity_based","image":0,"visibility":true},{"label":"Cabine et ventilateur 2.5T","price":"5000","price_type":"quantity_based","image":0,"visibility":true},{"label":"Chauffage pour cabine 2.5T","price":"522","price_type":"quantity_based","image":0,"visibility":true},{"label":"Climatiseur 2.5T","price":"3500","price_type":"quantity_based","image":0,"visibility":true},{"label":"Essuie-glace arri\u00e8re 2.5T","price":"300","price_type":"quantity_based","image":0,"visibility":true}],"id":1746131432},{"name":"Options suppl\u00e9mentaires pour 3.5T","type":"checkbox","position":5,"required":false,"title_format":"label","default":"","description_enable":false,"description":null,"placeholder_enable":false,"placeholder":null,"display":"select","restrictions_type":"any_text","adjust_price":false,"price":"","price_type":"flat_fee","restrictions":false,"min":"0","max":"0","options":[{"label":"Changement de vitesse lat\u00e9ral-Cascade 3.5T","price":"2854","price_type":"quantity_based","image":0,"visibility":true},{"label":"Positionneur de fourche \u00e0 d\u00e9placement lat\u00e9ral - Cascade","price":"11300","price_type":"quantity_based","image":0,"visibility":true},{"label":"Cabine et ventilateur","price":"5000","price_type":"quantity_based","image":0,"visibility":true},{"label":"Chauffage de la cabine","price":"522","price_type":"quantity_based","image":0,"visibility":true},{"label":"Climatiseur","price":"3500","price_type":"quantity_based","image":0,"visibility":true},{"label":"Essuie-glace arri\u00e8re","price":"300","price_type":"quantity_based","image":0,"visibility":true}],"id":1746131433}],"acf":{"coming_soon":false,"item_description":"4WD Diesel Forklift<br \/> 2500-3500 KG","brochure_button_label":"Brochure","brochure":18231,"location":"","video":"https:\/\/www.youtube.com\/watch?v=1oRX83vIVNA","standard_features":"","alternative_numbers":"","erp_id":"","models":"","load_charts":null},"yoast_head":"<!-- This site is optimized with the Yoast SEO plugin v27.3 - https:\/\/yoast.com\/product\/yoast-seo-wordpress\/ -->\n<title>FD4RT 25-35 &#8212; Noblelift Canada<\/title>\n<meta name=\"description\" content=\"FD4RT 25-35 by Noblelift Canada | | Inquire Now To Get Your Noblelift Equipment &amp; Parts\" \/>\n<meta name=\"robots\" content=\"index, follow, max-snippet:-1, max-image-preview:large, max-video-preview:-1\" \/>\n<link rel=\"canonical\" href=\"https:\/\/nobleliftcanada.com\/fr\/produit\/4wd-diesel-forklift-fd4rt-25-35-2500-3500kg\/\" \/>\n<meta property=\"og:locale\" content=\"fr_FR\" \/>\n<meta property=\"og:type\" content=\"article\" \/>\n<meta property=\"og:title\" content=\"FD4RT 25-35 &#8212; Noblelift Canada\" \/>\n<meta property=\"og:description\" content=\"FD4RT 25-35 by Noblelift Canada | | Inquire Now To Get Your Noblelift Equipment &amp; Parts\" \/>\n<meta property=\"og:url\" content=\"https:\/\/nobleliftcanada.com\/fr\/produit\/4wd-diesel-forklift-fd4rt-25-35-2500-3500kg\/\" \/>\n<meta property=\"og:site_name\" content=\"Noblelift Canada\" \/>\n<meta property=\"article:publisher\" content=\"https:\/\/www.facebook.com\/Noblelift-Canada-102966741541390\/\" \/>\n<meta property=\"article:modified_time\" content=\"2025-05-11T03:24:11+00:00\" \/>\n<meta property=\"og:image\" content=\"https:\/\/nobleliftcanada.com\/wp-content\/uploads\/2023\/02\/Noblelift-RT4D50-RT4D70-Diesel-Rough-Terrain-Forklifts-1920w.jpg-copy-1.jpg\" \/>\n\t<meta property=\"og:image:width\" content=\"752\" \/>\n\t<meta property=\"og:image:height\" content=\"562\" \/>\n\t<meta property=\"og:image:type\" content=\"image\/jpeg\" \/>\n<meta name=\"twitter:card\" content=\"summary_large_image\" \/>\n<script type=\"application\/ld+json\" class=\"yoast-schema-graph\">{\"@context\":\"https:\\\/\\\/schema.org\",\"@graph\":[{\"@type\":\"WebPage\",\"@id\":\"https:\\\/\\\/nobleliftcanada.com\\\/fr\\\/produit\\\/4wd-diesel-forklift-fd4rt-25-35-2500-3500kg\\\/\",\"url\":\"https:\\\/\\\/nobleliftcanada.com\\\/fr\\\/produit\\\/4wd-diesel-forklift-fd4rt-25-35-2500-3500kg\\\/\",\"name\":\"FD4RT 25-35 &#8212; Noblelift Canada\",\"isPartOf\":{\"@id\":\"https:\\\/\\\/nobleliftcanada.com\\\/fr\\\/#website\"},\"primaryImageOfPage\":{\"@id\":\"https:\\\/\\\/nobleliftcanada.com\\\/fr\\\/produit\\\/4wd-diesel-forklift-fd4rt-25-35-2500-3500kg\\\/#primaryimage\"},\"image\":{\"@id\":\"https:\\\/\\\/nobleliftcanada.com\\\/fr\\\/produit\\\/4wd-diesel-forklift-fd4rt-25-35-2500-3500kg\\\/#primaryimage\"},\"thumbnailUrl\":\"https:\\\/\\\/nobleliftcanada.com\\\/wp-content\\\/uploads\\\/2023\\\/02\\\/Noblelift-RT4D50-RT4D70-Diesel-Rough-Terrain-Forklifts-1920w.jpg-copy-1.jpg\",\"datePublished\":\"2025-03-21T12:54:27+00:00\",\"dateModified\":\"2025-05-11T03:24:11+00:00\",\"description\":\"FD4RT 25-35 by Noblelift Canada | | Inquire Now To Get Your Noblelift Equipment & Parts\",\"breadcrumb\":{\"@id\":\"https:\\\/\\\/nobleliftcanada.com\\\/fr\\\/produit\\\/4wd-diesel-forklift-fd4rt-25-35-2500-3500kg\\\/#breadcrumb\"},\"inLanguage\":\"fr-FR\",\"potentialAction\":[{\"@type\":\"ReadAction\",\"target\":[\"https:\\\/\\\/nobleliftcanada.com\\\/fr\\\/produit\\\/4wd-diesel-forklift-fd4rt-25-35-2500-3500kg\\\/\"]}]},{\"@type\":\"ImageObject\",\"inLanguage\":\"fr-FR\",\"@id\":\"https:\\\/\\\/nobleliftcanada.com\\\/fr\\\/produit\\\/4wd-diesel-forklift-fd4rt-25-35-2500-3500kg\\\/#primaryimage\",\"url\":\"https:\\\/\\\/nobleliftcanada.com\\\/wp-content\\\/uploads\\\/2023\\\/02\\\/Noblelift-RT4D50-RT4D70-Diesel-Rough-Terrain-Forklifts-1920w.jpg-copy-1.jpg\",\"contentUrl\":\"https:\\\/\\\/nobleliftcanada.com\\\/wp-content\\\/uploads\\\/2023\\\/02\\\/Noblelift-RT4D50-RT4D70-Diesel-Rough-Terrain-Forklifts-1920w.jpg-copy-1.jpg\",\"width\":752,\"height\":562},{\"@type\":\"BreadcrumbList\",\"@id\":\"https:\\\/\\\/nobleliftcanada.com\\\/fr\\\/produit\\\/4wd-diesel-forklift-fd4rt-25-35-2500-3500kg\\\/#breadcrumb\",\"itemListElement\":[{\"@type\":\"ListItem\",\"position\":1,\"name\":\"Home\",\"item\":\"https:\\\/\\\/nobleliftcanada.com\\\/fr\\\/\"},{\"@type\":\"ListItem\",\"position\":2,\"name\":\"Boutique\",\"item\":\"https:\\\/\\\/nobleliftcanada.com\\\/shop\\\/\"},{\"@type\":\"ListItem\",\"position\":3,\"name\":\"FD4RT 25-35\"}]},{\"@type\":\"WebSite\",\"@id\":\"https:\\\/\\\/nobleliftcanada.com\\\/fr\\\/#website\",\"url\":\"https:\\\/\\\/nobleliftcanada.com\\\/fr\\\/\",\"name\":\"Noblelift Canada\",\"description\":\"Canada&#039;s Leader | Material Handling Equipment\",\"publisher\":{\"@id\":\"https:\\\/\\\/nobleliftcanada.com\\\/fr\\\/#organization\"},\"potentialAction\":[{\"@type\":\"SearchAction\",\"target\":{\"@type\":\"EntryPoint\",\"urlTemplate\":\"https:\\\/\\\/nobleliftcanada.com\\\/fr\\\/?s={search_term_string}\"},\"query-input\":{\"@type\":\"PropertyValueSpecification\",\"valueRequired\":true,\"valueName\":\"search_term_string\"}}],\"inLanguage\":\"fr-FR\"},{\"@type\":\"Organization\",\"@id\":\"https:\\\/\\\/nobleliftcanada.com\\\/fr\\\/#organization\",\"name\":\"Noblelift Canada\",\"url\":\"https:\\\/\\\/nobleliftcanada.com\\\/fr\\\/\",\"logo\":{\"@type\":\"ImageObject\",\"inLanguage\":\"fr-FR\",\"@id\":\"https:\\\/\\\/nobleliftcanada.com\\\/fr\\\/#\\\/schema\\\/logo\\\/image\\\/\",\"url\":\"https:\\\/\\\/nobleliftcanada.com\\\/wp-content\\\/uploads\\\/2020\\\/08\\\/NOBLELIFTCANADA-1.png\",\"contentUrl\":\"https:\\\/\\\/nobleliftcanada.com\\\/wp-content\\\/uploads\\\/2020\\\/08\\\/NOBLELIFTCANADA-1.png\",\"width\":2413,\"height\":880,\"caption\":\"Noblelift Canada\"},\"image\":{\"@id\":\"https:\\\/\\\/nobleliftcanada.com\\\/fr\\\/#\\\/schema\\\/logo\\\/image\\\/\"},\"sameAs\":[\"https:\\\/\\\/www.facebook.com\\\/Noblelift-Canada-102966741541390\\\/\"]}]}<\/script>\n<!-- \/ Yoast SEO plugin. -->","yoast_head_json":{"title":"FD4RT 25-35 &#8212; Noblelift Canada","description":"FD4RT 25-35 by Noblelift Canada | | Inquire Now To Get Your Noblelift Equipment & Parts","robots":{"index":"index","follow":"follow","max-snippet":"max-snippet:-1","max-image-preview":"max-image-preview:large","max-video-preview":"max-video-preview:-1"},"canonical":"https:\/\/nobleliftcanada.com\/fr\/produit\/4wd-diesel-forklift-fd4rt-25-35-2500-3500kg\/","og_locale":"fr_FR","og_type":"article","og_title":"FD4RT 25-35 &#8212; Noblelift Canada","og_description":"FD4RT 25-35 by Noblelift Canada | | Inquire Now To Get Your Noblelift Equipment & Parts","og_url":"https:\/\/nobleliftcanada.com\/fr\/produit\/4wd-diesel-forklift-fd4rt-25-35-2500-3500kg\/","og_site_name":"Noblelift Canada","article_publisher":"https:\/\/www.facebook.com\/Noblelift-Canada-102966741541390\/","article_modified_time":"2025-05-11T03:24:11+00:00","og_image":[{"width":752,"height":562,"url":"https:\/\/nobleliftcanada.com\/wp-content\/uploads\/2023\/02\/Noblelift-RT4D50-RT4D70-Diesel-Rough-Terrain-Forklifts-1920w.jpg-copy-1.jpg","type":"image\/jpeg"}],"twitter_card":"summary_large_image","schema":{"@context":"https:\/\/schema.org","@graph":[{"@type":"WebPage","@id":"https:\/\/nobleliftcanada.com\/fr\/produit\/4wd-diesel-forklift-fd4rt-25-35-2500-3500kg\/","url":"https:\/\/nobleliftcanada.com\/fr\/produit\/4wd-diesel-forklift-fd4rt-25-35-2500-3500kg\/","name":"FD4RT 25-35 &#8212; Noblelift Canada","isPartOf":{"@id":"https:\/\/nobleliftcanada.com\/fr\/#website"},"primaryImageOfPage":{"@id":"https:\/\/nobleliftcanada.com\/fr\/produit\/4wd-diesel-forklift-fd4rt-25-35-2500-3500kg\/#primaryimage"},"image":{"@id":"https:\/\/nobleliftcanada.com\/fr\/produit\/4wd-diesel-forklift-fd4rt-25-35-2500-3500kg\/#primaryimage"},"thumbnailUrl":"https:\/\/nobleliftcanada.com\/wp-content\/uploads\/2023\/02\/Noblelift-RT4D50-RT4D70-Diesel-Rough-Terrain-Forklifts-1920w.jpg-copy-1.jpg","datePublished":"2025-03-21T12:54:27+00:00","dateModified":"2025-05-11T03:24:11+00:00","description":"FD4RT 25-35 by Noblelift Canada | | Inquire Now To Get Your Noblelift Equipment & Parts","breadcrumb":{"@id":"https:\/\/nobleliftcanada.com\/fr\/produit\/4wd-diesel-forklift-fd4rt-25-35-2500-3500kg\/#breadcrumb"},"inLanguage":"fr-FR","potentialAction":[{"@type":"ReadAction","target":["https:\/\/nobleliftcanada.com\/fr\/produit\/4wd-diesel-forklift-fd4rt-25-35-2500-3500kg\/"]}]},{"@type":"ImageObject","inLanguage":"fr-FR","@id":"https:\/\/nobleliftcanada.com\/fr\/produit\/4wd-diesel-forklift-fd4rt-25-35-2500-3500kg\/#primaryimage","url":"https:\/\/nobleliftcanada.com\/wp-content\/uploads\/2023\/02\/Noblelift-RT4D50-RT4D70-Diesel-Rough-Terrain-Forklifts-1920w.jpg-copy-1.jpg","contentUrl":"https:\/\/nobleliftcanada.com\/wp-content\/uploads\/2023\/02\/Noblelift-RT4D50-RT4D70-Diesel-Rough-Terrain-Forklifts-1920w.jpg-copy-1.jpg","width":752,"height":562},{"@type":"BreadcrumbList","@id":"https:\/\/nobleliftcanada.com\/fr\/produit\/4wd-diesel-forklift-fd4rt-25-35-2500-3500kg\/#breadcrumb","itemListElement":[{"@type":"ListItem","position":1,"name":"Home","item":"https:\/\/nobleliftcanada.com\/fr\/"},{"@type":"ListItem","position":2,"name":"Boutique","item":"https:\/\/nobleliftcanada.com\/shop\/"},{"@type":"ListItem","position":3,"name":"FD4RT 25-35"}]},{"@type":"WebSite","@id":"https:\/\/nobleliftcanada.com\/fr\/#website","url":"https:\/\/nobleliftcanada.com\/fr\/","name":"Noblelift Canada","description":"Canada&#039;s Leader | Material Handling Equipment","publisher":{"@id":"https:\/\/nobleliftcanada.com\/fr\/#organization"},"potentialAction":[{"@type":"SearchAction","target":{"@type":"EntryPoint","urlTemplate":"https:\/\/nobleliftcanada.com\/fr\/?s={search_term_string}"},"query-input":{"@type":"PropertyValueSpecification","valueRequired":true,"valueName":"search_term_string"}}],"inLanguage":"fr-FR"},{"@type":"Organization","@id":"https:\/\/nobleliftcanada.com\/fr\/#organization","name":"Noblelift Canada","url":"https:\/\/nobleliftcanada.com\/fr\/","logo":{"@type":"ImageObject","inLanguage":"fr-FR","@id":"https:\/\/nobleliftcanada.com\/fr\/#\/schema\/logo\/image\/","url":"https:\/\/nobleliftcanada.com\/wp-content\/uploads\/2020\/08\/NOBLELIFTCANADA-1.png","contentUrl":"https:\/\/nobleliftcanada.com\/wp-content\/uploads\/2020\/08\/NOBLELIFTCANADA-1.png","width":2413,"height":880,"caption":"Noblelift Canada"},"image":{"@id":"https:\/\/nobleliftcanada.com\/fr\/#\/schema\/logo\/image\/"},"sameAs":["https:\/\/www.facebook.com\/Noblelift-Canada-102966741541390\/"]}]}},"_links":{"self":[{"href":"https:\/\/nobleliftcanada.com\/fr\/wp-json\/wp\/v2\/product\/42761","targetHints":{"allow":["GET"]}}],"collection":[{"href":"https:\/\/nobleliftcanada.com\/fr\/wp-json\/wp\/v2\/product"}],"about":[{"href":"https:\/\/nobleliftcanada.com\/fr\/wp-json\/wp\/v2\/types\/product"}],"replies":[{"embeddable":true,"href":"https:\/\/nobleliftcanada.com\/fr\/wp-json\/wp\/v2\/comments?post=42761"}],"version-history":[{"count":2,"href":"https:\/\/nobleliftcanada.com\/fr\/wp-json\/wp\/v2\/product\/42761\/revisions"}],"predecessor-version":[{"id":45168,"href":"https:\/\/nobleliftcanada.com\/fr\/wp-json\/wp\/v2\/product\/42761\/revisions\/45168"}],"wp:featuredmedia":[{"embeddable":true,"href":"https:\/\/nobleliftcanada.com\/fr\/wp-json\/wp\/v2\/media\/18174"}],"wp:attachment":[{"href":"https:\/\/nobleliftcanada.com\/fr\/wp-json\/wp\/v2\/media?parent=42761"}],"wp:term":[{"taxonomy":"product_brand","embeddable":true,"href":"https:\/\/nobleliftcanada.com\/fr\/wp-json\/wp\/v2\/product_brand?post=42761"},{"taxonomy":"product_cat","embeddable":true,"href":"https:\/\/nobleliftcanada.com\/fr\/wp-json\/wp\/v2\/product_cat?post=42761"},{"taxonomy":"product_tag","embeddable":true,"href":"https:\/\/nobleliftcanada.com\/fr\/wp-json\/wp\/v2\/product_tag?post=42761"}],"curies":[{"name":"wp","href":"https:\/\/api.w.org\/{rel}","templated":true}]}}