{"id":42760,"date":"2025-03-21T13:04:27","date_gmt":"2025-03-21T13:04:27","guid":{"rendered":"https:\/\/nobleliftcanada.com\/product\/compact-4wd-telehandler-2500-3000kg-fth-25-30n\/"},"modified":"2025-05-11T03:24:06","modified_gmt":"2025-05-11T03:24:06","slug":"compact-4wd-telehandler-2500-3000kg-fth-25-30n","status":"publish","type":"product","link":"https:\/\/nobleliftcanada.com\/fr\/produit\/compact-4wd-telehandler-2500-3000kg-fth-25-30n\/","title":{"rendered":"FTH 25-30N"},"content":{"rendered":"","protected":false},"excerpt":{"rendered":"<p>Tirant parti de la plate-forme de chariot \u00e9l\u00e9vateur tout terrain, il est \u00e9quip\u00e9 d&rsquo;un moteur diesel cor\u00e9en LS EU V&amp;EPAstage VI, d&rsquo;une transmission hydraulique 2WD &amp; 4WD, d&rsquo;un syst\u00e8me de transmission, qui a \u00e9t\u00e9 largement reconnu par le march\u00e9 depuis<br \/>\n10 ans.<\/p>\n<p>Le ch\u00e2ssis \u00e0 haute intensit\u00e9 et la fl\u00e8che en acier HG70 garantissent une plus longue dur\u00e9e de vie. La fl\u00e8che adopte un tube de remorquage externe facile \u00e0 entretenir. <\/p>\n<p>Excellent syst\u00e8me d&rsquo;autonivelage avec le tablier et les fourches inclin\u00e9es \u00e0 10,5\u00b0 pr\u00e8s, garantissant la s\u00e9curit\u00e9 des marchandises pendant le processus de levage.<\/p>\n","protected":false},"featured_media":18210,"comment_status":"closed","ping_status":"closed","template":"","meta":{"_acf_changed":false},"product_brand":[],"product_cat":[144],"product_tag":[],"class_list":{"0":"post-42760","1":"product","2":"type-product","3":"status-publish","4":"has-post-thumbnail","6":"product_cat-rough-terrain-forklift-fr","8":"first","9":"outofstock","10":"taxable","11":"shipping-taxable","12":"product-type-variable"},"exclude_global_add_ons":false,"addons":[{"name":"Options","type":"checkbox","position":0,"required":false,"title_format":"label","default":"","description_enable":false,"description":null,"placeholder_enable":false,"placeholder":null,"display":"select","restrictions_type":"any_text","adjust_price":false,"price":"","price_type":"flat_fee","restrictions":false,"min":"0","max":"0","options":[{"label":"Cabin &amp; Heater pour Cabin &amp; Air Conditioning","price":"9256","price_type":"quantity_based","image":0,"visibility":true},{"label":"Syst\u00e8me d'accouplement rapide manuel","price":"1988","price_type":"quantity_based","image":0,"visibility":true},{"label":"Godet l\u00e9ger pour le sable et le gravier","price":"2306","price_type":"quantity_based","image":0,"visibility":true}],"id":1745599955}],"acf":{"coming_soon":false,"item_description":"Compact 4WD Telehandler<br \/> 2500-3000 KG","brochure_button_label":"Brochure","brochure":18229,"location":"","video":null,"standard_features":"","alternative_numbers":"","erp_id":"","models":""},"yoast_head":"<!-- This site is optimized with the Yoast SEO plugin v27.3 - https:\/\/yoast.com\/product\/yoast-seo-wordpress\/ -->\n<title>FTH 25-30N &#8212; Noblelift Canada<\/title>\n<meta name=\"description\" content=\"FTH 25-30N by Noblelift Canada | | Inquire Now To Get Your Noblelift Equipment &amp; Parts\" \/>\n<meta name=\"robots\" content=\"index, follow, max-snippet:-1, max-image-preview:large, max-video-preview:-1\" \/>\n<link rel=\"canonical\" href=\"https:\/\/nobleliftcanada.com\/fr\/produit\/compact-4wd-telehandler-2500-3000kg-fth-25-30n\/\" \/>\n<meta property=\"og:locale\" content=\"fr_FR\" \/>\n<meta property=\"og:type\" content=\"article\" \/>\n<meta property=\"og:title\" content=\"FTH 25-30N &#8212; Noblelift Canada\" \/>\n<meta property=\"og:description\" content=\"FTH 25-30N by Noblelift Canada | | Inquire Now To Get Your Noblelift Equipment &amp; Parts\" \/>\n<meta property=\"og:url\" content=\"https:\/\/nobleliftcanada.com\/fr\/produit\/compact-4wd-telehandler-2500-3000kg-fth-25-30n\/\" \/>\n<meta property=\"og:site_name\" content=\"Noblelift Canada\" \/>\n<meta property=\"article:publisher\" content=\"https:\/\/www.facebook.com\/Noblelift-Canada-102966741541390\/\" \/>\n<meta property=\"article:modified_time\" content=\"2025-05-11T03:24:06+00:00\" \/>\n<meta property=\"og:image\" content=\"https:\/\/nobleliftcanada.com\/wp-content\/uploads\/2023\/02\/Noblelift-Canada-Telehandler-FTH50-FTH60.jpg\" \/>\n\t<meta property=\"og:image:width\" content=\"1\" \/>\n\t<meta property=\"og:image:height\" content=\"1\" \/>\n\t<meta property=\"og:image:type\" content=\"image\/jpeg\" \/>\n<meta name=\"twitter:card\" content=\"summary_large_image\" \/>\n<script type=\"application\/ld+json\" class=\"yoast-schema-graph\">{\"@context\":\"https:\\\/\\\/schema.org\",\"@graph\":[{\"@type\":\"WebPage\",\"@id\":\"https:\\\/\\\/nobleliftcanada.com\\\/fr\\\/produit\\\/compact-4wd-telehandler-2500-3000kg-fth-25-30n\\\/\",\"url\":\"https:\\\/\\\/nobleliftcanada.com\\\/fr\\\/produit\\\/compact-4wd-telehandler-2500-3000kg-fth-25-30n\\\/\",\"name\":\"FTH 25-30N &#8212; Noblelift Canada\",\"isPartOf\":{\"@id\":\"https:\\\/\\\/nobleliftcanada.com\\\/fr\\\/#website\"},\"primaryImageOfPage\":{\"@id\":\"https:\\\/\\\/nobleliftcanada.com\\\/fr\\\/produit\\\/compact-4wd-telehandler-2500-3000kg-fth-25-30n\\\/#primaryimage\"},\"image\":{\"@id\":\"https:\\\/\\\/nobleliftcanada.com\\\/fr\\\/produit\\\/compact-4wd-telehandler-2500-3000kg-fth-25-30n\\\/#primaryimage\"},\"thumbnailUrl\":\"https:\\\/\\\/nobleliftcanada.com\\\/wp-content\\\/uploads\\\/2023\\\/02\\\/Noblelift-Canada-Telehandler-FTH50-FTH60.jpg\",\"datePublished\":\"2025-03-21T13:04:27+00:00\",\"dateModified\":\"2025-05-11T03:24:06+00:00\",\"description\":\"FTH 25-30N by Noblelift Canada | | Inquire Now To Get Your Noblelift Equipment & Parts\",\"breadcrumb\":{\"@id\":\"https:\\\/\\\/nobleliftcanada.com\\\/fr\\\/produit\\\/compact-4wd-telehandler-2500-3000kg-fth-25-30n\\\/#breadcrumb\"},\"inLanguage\":\"fr-FR\",\"potentialAction\":[{\"@type\":\"ReadAction\",\"target\":[\"https:\\\/\\\/nobleliftcanada.com\\\/fr\\\/produit\\\/compact-4wd-telehandler-2500-3000kg-fth-25-30n\\\/\"]}]},{\"@type\":\"ImageObject\",\"inLanguage\":\"fr-FR\",\"@id\":\"https:\\\/\\\/nobleliftcanada.com\\\/fr\\\/produit\\\/compact-4wd-telehandler-2500-3000kg-fth-25-30n\\\/#primaryimage\",\"url\":\"https:\\\/\\\/nobleliftcanada.com\\\/wp-content\\\/uploads\\\/2023\\\/02\\\/Noblelift-Canada-Telehandler-FTH50-FTH60.jpg\",\"contentUrl\":\"https:\\\/\\\/nobleliftcanada.com\\\/wp-content\\\/uploads\\\/2023\\\/02\\\/Noblelift-Canada-Telehandler-FTH50-FTH60.jpg\"},{\"@type\":\"BreadcrumbList\",\"@id\":\"https:\\\/\\\/nobleliftcanada.com\\\/fr\\\/produit\\\/compact-4wd-telehandler-2500-3000kg-fth-25-30n\\\/#breadcrumb\",\"itemListElement\":[{\"@type\":\"ListItem\",\"position\":1,\"name\":\"Home\",\"item\":\"https:\\\/\\\/nobleliftcanada.com\\\/fr\\\/\"},{\"@type\":\"ListItem\",\"position\":2,\"name\":\"Boutique\",\"item\":\"https:\\\/\\\/nobleliftcanada.com\\\/shop\\\/\"},{\"@type\":\"ListItem\",\"position\":3,\"name\":\"FTH 25-30N\"}]},{\"@type\":\"WebSite\",\"@id\":\"https:\\\/\\\/nobleliftcanada.com\\\/fr\\\/#website\",\"url\":\"https:\\\/\\\/nobleliftcanada.com\\\/fr\\\/\",\"name\":\"Noblelift Canada\",\"description\":\"Canada&#039;s Leader | Material Handling Equipment\",\"publisher\":{\"@id\":\"https:\\\/\\\/nobleliftcanada.com\\\/fr\\\/#organization\"},\"potentialAction\":[{\"@type\":\"SearchAction\",\"target\":{\"@type\":\"EntryPoint\",\"urlTemplate\":\"https:\\\/\\\/nobleliftcanada.com\\\/fr\\\/?s={search_term_string}\"},\"query-input\":{\"@type\":\"PropertyValueSpecification\",\"valueRequired\":true,\"valueName\":\"search_term_string\"}}],\"inLanguage\":\"fr-FR\"},{\"@type\":\"Organization\",\"@id\":\"https:\\\/\\\/nobleliftcanada.com\\\/fr\\\/#organization\",\"name\":\"Noblelift Canada\",\"url\":\"https:\\\/\\\/nobleliftcanada.com\\\/fr\\\/\",\"logo\":{\"@type\":\"ImageObject\",\"inLanguage\":\"fr-FR\",\"@id\":\"https:\\\/\\\/nobleliftcanada.com\\\/fr\\\/#\\\/schema\\\/logo\\\/image\\\/\",\"url\":\"https:\\\/\\\/nobleliftcanada.com\\\/wp-content\\\/uploads\\\/2020\\\/08\\\/NOBLELIFTCANADA-1.png\",\"contentUrl\":\"https:\\\/\\\/nobleliftcanada.com\\\/wp-content\\\/uploads\\\/2020\\\/08\\\/NOBLELIFTCANADA-1.png\",\"width\":2413,\"height\":880,\"caption\":\"Noblelift Canada\"},\"image\":{\"@id\":\"https:\\\/\\\/nobleliftcanada.com\\\/fr\\\/#\\\/schema\\\/logo\\\/image\\\/\"},\"sameAs\":[\"https:\\\/\\\/www.facebook.com\\\/Noblelift-Canada-102966741541390\\\/\"]}]}<\/script>\n<!-- \/ Yoast SEO plugin. -->","yoast_head_json":{"title":"FTH 25-30N &#8212; Noblelift Canada","description":"FTH 25-30N by Noblelift Canada | | Inquire Now To Get Your Noblelift Equipment & Parts","robots":{"index":"index","follow":"follow","max-snippet":"max-snippet:-1","max-image-preview":"max-image-preview:large","max-video-preview":"max-video-preview:-1"},"canonical":"https:\/\/nobleliftcanada.com\/fr\/produit\/compact-4wd-telehandler-2500-3000kg-fth-25-30n\/","og_locale":"fr_FR","og_type":"article","og_title":"FTH 25-30N &#8212; Noblelift Canada","og_description":"FTH 25-30N by Noblelift Canada | | Inquire Now To Get Your Noblelift Equipment & Parts","og_url":"https:\/\/nobleliftcanada.com\/fr\/produit\/compact-4wd-telehandler-2500-3000kg-fth-25-30n\/","og_site_name":"Noblelift Canada","article_publisher":"https:\/\/www.facebook.com\/Noblelift-Canada-102966741541390\/","article_modified_time":"2025-05-11T03:24:06+00:00","og_image":[{"url":"https:\/\/nobleliftcanada.com\/wp-content\/uploads\/2023\/02\/Noblelift-Canada-Telehandler-FTH50-FTH60.jpg","width":1,"height":1,"type":"image\/jpeg"}],"twitter_card":"summary_large_image","schema":{"@context":"https:\/\/schema.org","@graph":[{"@type":"WebPage","@id":"https:\/\/nobleliftcanada.com\/fr\/produit\/compact-4wd-telehandler-2500-3000kg-fth-25-30n\/","url":"https:\/\/nobleliftcanada.com\/fr\/produit\/compact-4wd-telehandler-2500-3000kg-fth-25-30n\/","name":"FTH 25-30N &#8212; Noblelift Canada","isPartOf":{"@id":"https:\/\/nobleliftcanada.com\/fr\/#website"},"primaryImageOfPage":{"@id":"https:\/\/nobleliftcanada.com\/fr\/produit\/compact-4wd-telehandler-2500-3000kg-fth-25-30n\/#primaryimage"},"image":{"@id":"https:\/\/nobleliftcanada.com\/fr\/produit\/compact-4wd-telehandler-2500-3000kg-fth-25-30n\/#primaryimage"},"thumbnailUrl":"https:\/\/nobleliftcanada.com\/wp-content\/uploads\/2023\/02\/Noblelift-Canada-Telehandler-FTH50-FTH60.jpg","datePublished":"2025-03-21T13:04:27+00:00","dateModified":"2025-05-11T03:24:06+00:00","description":"FTH 25-30N by Noblelift Canada | | Inquire Now To Get Your Noblelift Equipment & Parts","breadcrumb":{"@id":"https:\/\/nobleliftcanada.com\/fr\/produit\/compact-4wd-telehandler-2500-3000kg-fth-25-30n\/#breadcrumb"},"inLanguage":"fr-FR","potentialAction":[{"@type":"ReadAction","target":["https:\/\/nobleliftcanada.com\/fr\/produit\/compact-4wd-telehandler-2500-3000kg-fth-25-30n\/"]}]},{"@type":"ImageObject","inLanguage":"fr-FR","@id":"https:\/\/nobleliftcanada.com\/fr\/produit\/compact-4wd-telehandler-2500-3000kg-fth-25-30n\/#primaryimage","url":"https:\/\/nobleliftcanada.com\/wp-content\/uploads\/2023\/02\/Noblelift-Canada-Telehandler-FTH50-FTH60.jpg","contentUrl":"https:\/\/nobleliftcanada.com\/wp-content\/uploads\/2023\/02\/Noblelift-Canada-Telehandler-FTH50-FTH60.jpg"},{"@type":"BreadcrumbList","@id":"https:\/\/nobleliftcanada.com\/fr\/produit\/compact-4wd-telehandler-2500-3000kg-fth-25-30n\/#breadcrumb","itemListElement":[{"@type":"ListItem","position":1,"name":"Home","item":"https:\/\/nobleliftcanada.com\/fr\/"},{"@type":"ListItem","position":2,"name":"Boutique","item":"https:\/\/nobleliftcanada.com\/shop\/"},{"@type":"ListItem","position":3,"name":"FTH 25-30N"}]},{"@type":"WebSite","@id":"https:\/\/nobleliftcanada.com\/fr\/#website","url":"https:\/\/nobleliftcanada.com\/fr\/","name":"Noblelift Canada","description":"Canada&#039;s Leader | Material Handling Equipment","publisher":{"@id":"https:\/\/nobleliftcanada.com\/fr\/#organization"},"potentialAction":[{"@type":"SearchAction","target":{"@type":"EntryPoint","urlTemplate":"https:\/\/nobleliftcanada.com\/fr\/?s={search_term_string}"},"query-input":{"@type":"PropertyValueSpecification","valueRequired":true,"valueName":"search_term_string"}}],"inLanguage":"fr-FR"},{"@type":"Organization","@id":"https:\/\/nobleliftcanada.com\/fr\/#organization","name":"Noblelift Canada","url":"https:\/\/nobleliftcanada.com\/fr\/","logo":{"@type":"ImageObject","inLanguage":"fr-FR","@id":"https:\/\/nobleliftcanada.com\/fr\/#\/schema\/logo\/image\/","url":"https:\/\/nobleliftcanada.com\/wp-content\/uploads\/2020\/08\/NOBLELIFTCANADA-1.png","contentUrl":"https:\/\/nobleliftcanada.com\/wp-content\/uploads\/2020\/08\/NOBLELIFTCANADA-1.png","width":2413,"height":880,"caption":"Noblelift Canada"},"image":{"@id":"https:\/\/nobleliftcanada.com\/fr\/#\/schema\/logo\/image\/"},"sameAs":["https:\/\/www.facebook.com\/Noblelift-Canada-102966741541390\/"]}]}},"_links":{"self":[{"href":"https:\/\/nobleliftcanada.com\/fr\/wp-json\/wp\/v2\/product\/42760","targetHints":{"allow":["GET"]}}],"collection":[{"href":"https:\/\/nobleliftcanada.com\/fr\/wp-json\/wp\/v2\/product"}],"about":[{"href":"https:\/\/nobleliftcanada.com\/fr\/wp-json\/wp\/v2\/types\/product"}],"replies":[{"embeddable":true,"href":"https:\/\/nobleliftcanada.com\/fr\/wp-json\/wp\/v2\/comments?post=42760"}],"version-history":[{"count":2,"href":"https:\/\/nobleliftcanada.com\/fr\/wp-json\/wp\/v2\/product\/42760\/revisions"}],"predecessor-version":[{"id":45167,"href":"https:\/\/nobleliftcanada.com\/fr\/wp-json\/wp\/v2\/product\/42760\/revisions\/45167"}],"wp:featuredmedia":[{"embeddable":true,"href":"https:\/\/nobleliftcanada.com\/fr\/wp-json\/wp\/v2\/media\/18210"}],"wp:attachment":[{"href":"https:\/\/nobleliftcanada.com\/fr\/wp-json\/wp\/v2\/media?parent=42760"}],"wp:term":[{"taxonomy":"product_brand","embeddable":true,"href":"https:\/\/nobleliftcanada.com\/fr\/wp-json\/wp\/v2\/product_brand?post=42760"},{"taxonomy":"product_cat","embeddable":true,"href":"https:\/\/nobleliftcanada.com\/fr\/wp-json\/wp\/v2\/product_cat?post=42760"},{"taxonomy":"product_tag","embeddable":true,"href":"https:\/\/nobleliftcanada.com\/fr\/wp-json\/wp\/v2\/product_tag?post=42760"}],"curies":[{"name":"wp","href":"https:\/\/api.w.org\/{rel}","templated":true}]}}