{"id":42759,"date":"2025-03-21T19:24:07","date_gmt":"2025-03-21T19:24:07","guid":{"rendered":"https:\/\/nobleliftcanada.com\/product\/lithium-ion-truck3000-3500kg-fe4p-30-35-gb-gh\/"},"modified":"2025-05-11T03:17:30","modified_gmt":"2025-05-11T03:17:30","slug":"lithium-ion-truck3000-3500kg-fe4p-30-35-gb-gh","status":"publish","type":"product","link":"https:\/\/nobleliftcanada.com\/fr\/produit\/lithium-ion-truck3000-3500kg-fe4p-30-35-gb-gh\/","title":{"rendered":"FE4P 30-35 GB-GH"},"content":{"rendered":"","protected":false},"excerpt":{"rendered":"<p>Le chariot \u00e9l\u00e9vateur \u00e9lectrique au lithium de <strong>la s\u00e9rie G de Noblelift<\/strong>, n\u00e9 de plus de deux d\u00e9cennies d&rsquo;expertise dans le domaine des chariots \u00e9l\u00e9vateurs \u00e9lectriques, rompt avec la conception traditionnelle tout en conservant les principes de conception de la famille. Cette nouvelle ligne de produits comprend le mod\u00e8le GH haut de gamme et le mod\u00e8le GB de base, avec des capacit\u00e9s de charge nominale optionnelles de 3 et 3,5 tonnes. Cette s\u00e9rie red\u00e9finit la nouvelle g\u00e9n\u00e9ration de chariots \u00e9l\u00e9vateurs \u00e9lectriques, rivalisant avec les chariots \u00e9l\u00e9vateurs \u00e0 combustion interne en termes d&rsquo;efficacit\u00e9, de puissance et de fiabilit\u00e9.  <\/p>\n<div class=\"page\" title=\"Page 2\">\n<div class=\"section\">\n<div class=\"layoutArea\">\n<div class=\"column\">\n<p><strong>APPARENCE ROBUSTE<\/strong><\/p>\n<p>Reprenant et am\u00e9liorant le design ext\u00e9rieur classique des chariots \u00e9l\u00e9vateurs au lithium de la s\u00e9rie Q, il pr\u00e9sente une structure exquise et compacte, ainsi qu&rsquo;une apparence \u00e9l\u00e9gante et robuste.<\/p>\n<div class=\"page\" title=\"Page 2\">\n<div class=\"section\">\n<div class=\"layoutArea\">\n<div class=\"column\">\n<p><strong>PUISSANT<\/strong><\/p>\n<p>\u00c9quip\u00e9 d&rsquo;un moteur \u00e0 haut rendement et \u00e0 couple \u00e9lev\u00e9, la vitesse de d\u00e9placement, la vitesse de levage et la capacit\u00e9 de nivellement sont comparables \u00e0 celles des chariots \u00e9l\u00e9vateurs \u00e0 combustion interne.<\/p>\n<div class=\"page\" title=\"Page 2\">\n<div class=\"section\">\n<div class=\"layoutArea\">\n<div class=\"column\">\n<p><strong>UNE ALTERNATIVE ROBUSTE AUX CHARIOTS \u00c9L\u00c9VATEURS \u00c0 FOURCHE<\/strong><\/p>\n<p>Le chariot \u00e9l\u00e9vateur de la s\u00e9rie G adopte un syst\u00e8me \u00e0 courant alternatif tout en conservant l&rsquo;essieu moteur, l&rsquo;essieu directeur, les pneus et le syst\u00e8me de m\u00e2t durables des chariots \u00e9l\u00e9vateurs \u00e0 combustion interne. Il peut servir d&rsquo;alternative viable aux chariots \u00e9l\u00e9vateurs \u00e0 combustion interne et r\u00e9pondre aux exigences de diverses conditions de travail. <\/p>\n<\/div>\n<\/div>\n<\/div>\n<\/div>\n<\/div>\n<\/div>\n<\/div>\n<\/div>\n<\/div>\n<\/div>\n<\/div>\n<\/div>\n","protected":false},"featured_media":18304,"comment_status":"closed","ping_status":"closed","template":"","meta":{"_acf_changed":false},"product_brand":[],"product_cat":[142,143],"product_tag":[],"class_list":{"0":"post-42759","1":"product","2":"type-product","3":"status-publish","4":"has-post-thumbnail","6":"product_cat-electric-forklift-fr","7":"product_cat-lithium-fr","9":"first","10":"instock","11":"taxable","12":"shipping-taxable","13":"product-type-variable"},"exclude_global_add_ons":[],"addons":[],"acf":{"coming_soon":false,"item_description":"Lithium-ion Truck<br \/> 3000-3500 KG","brochure_button_label":"Brochure","brochure":18248,"location":"","video":null,"standard_features":"","alternative_numbers":"","erp_id":"","models":"","load_charts":null,"load_charts_2":null,"load_charts_3":null,"load_charts_4":null},"yoast_head":"<!-- This site is optimized with the Yoast SEO plugin v27.3 - https:\/\/yoast.com\/product\/yoast-seo-wordpress\/ -->\n<title>FE4P 30-35 GB-GH &#8212; Noblelift Canada<\/title>\n<meta name=\"description\" content=\"FE4P 30-35 GB-GH by Noblelift Canada | | Inquire Now To Get Your Noblelift Equipment &amp; Parts\" \/>\n<meta name=\"robots\" content=\"index, follow, max-snippet:-1, max-image-preview:large, max-video-preview:-1\" \/>\n<link rel=\"canonical\" href=\"https:\/\/nobleliftcanada.com\/fr\/produit\/lithium-ion-truck3000-3500kg-fe4p-30-35-gb-gh\/\" \/>\n<meta property=\"og:locale\" content=\"fr_FR\" \/>\n<meta property=\"og:type\" content=\"article\" \/>\n<meta property=\"og:title\" content=\"FE4P 30-35 GB-GH &#8212; Noblelift Canada\" \/>\n<meta property=\"og:description\" content=\"FE4P 30-35 GB-GH by Noblelift Canada | | Inquire Now To Get Your Noblelift Equipment &amp; Parts\" \/>\n<meta property=\"og:url\" content=\"https:\/\/nobleliftcanada.com\/fr\/produit\/lithium-ion-truck3000-3500kg-fe4p-30-35-gb-gh\/\" \/>\n<meta property=\"og:site_name\" content=\"Noblelift Canada\" \/>\n<meta property=\"article:publisher\" content=\"https:\/\/www.facebook.com\/Noblelift-Canada-102966741541390\/\" \/>\n<meta property=\"article:modified_time\" content=\"2025-05-11T03:17:30+00:00\" \/>\n<meta property=\"og:image\" content=\"https:\/\/nobleliftcanada.com\/wp-content\/uploads\/2020\/09\/Noblelift-Canada-FE4P30-35GB.png\" \/>\n\t<meta property=\"og:image:width\" content=\"1253\" \/>\n\t<meta property=\"og:image:height\" content=\"1253\" \/>\n\t<meta property=\"og:image:type\" content=\"image\/png\" \/>\n<meta name=\"twitter:card\" content=\"summary_large_image\" \/>\n<script type=\"application\/ld+json\" class=\"yoast-schema-graph\">{\"@context\":\"https:\\\/\\\/schema.org\",\"@graph\":[{\"@type\":\"WebPage\",\"@id\":\"https:\\\/\\\/nobleliftcanada.com\\\/fr\\\/produit\\\/lithium-ion-truck3000-3500kg-fe4p-30-35-gb-gh\\\/\",\"url\":\"https:\\\/\\\/nobleliftcanada.com\\\/fr\\\/produit\\\/lithium-ion-truck3000-3500kg-fe4p-30-35-gb-gh\\\/\",\"name\":\"FE4P 30-35 GB-GH &#8212; Noblelift Canada\",\"isPartOf\":{\"@id\":\"https:\\\/\\\/nobleliftcanada.com\\\/fr\\\/#website\"},\"primaryImageOfPage\":{\"@id\":\"https:\\\/\\\/nobleliftcanada.com\\\/fr\\\/produit\\\/lithium-ion-truck3000-3500kg-fe4p-30-35-gb-gh\\\/#primaryimage\"},\"image\":{\"@id\":\"https:\\\/\\\/nobleliftcanada.com\\\/fr\\\/produit\\\/lithium-ion-truck3000-3500kg-fe4p-30-35-gb-gh\\\/#primaryimage\"},\"thumbnailUrl\":\"https:\\\/\\\/nobleliftcanada.com\\\/wp-content\\\/uploads\\\/2020\\\/09\\\/Noblelift-Canada-FE4P30-35GB.png\",\"datePublished\":\"2025-03-21T19:24:07+00:00\",\"dateModified\":\"2025-05-11T03:17:30+00:00\",\"description\":\"FE4P 30-35 GB-GH by Noblelift Canada | | Inquire Now To Get Your Noblelift Equipment & Parts\",\"breadcrumb\":{\"@id\":\"https:\\\/\\\/nobleliftcanada.com\\\/fr\\\/produit\\\/lithium-ion-truck3000-3500kg-fe4p-30-35-gb-gh\\\/#breadcrumb\"},\"inLanguage\":\"fr-FR\",\"potentialAction\":[{\"@type\":\"ReadAction\",\"target\":[\"https:\\\/\\\/nobleliftcanada.com\\\/fr\\\/produit\\\/lithium-ion-truck3000-3500kg-fe4p-30-35-gb-gh\\\/\"]}]},{\"@type\":\"ImageObject\",\"inLanguage\":\"fr-FR\",\"@id\":\"https:\\\/\\\/nobleliftcanada.com\\\/fr\\\/produit\\\/lithium-ion-truck3000-3500kg-fe4p-30-35-gb-gh\\\/#primaryimage\",\"url\":\"https:\\\/\\\/nobleliftcanada.com\\\/wp-content\\\/uploads\\\/2020\\\/09\\\/Noblelift-Canada-FE4P30-35GB.png\",\"contentUrl\":\"https:\\\/\\\/nobleliftcanada.com\\\/wp-content\\\/uploads\\\/2020\\\/09\\\/Noblelift-Canada-FE4P30-35GB.png\",\"width\":1253,\"height\":1253},{\"@type\":\"BreadcrumbList\",\"@id\":\"https:\\\/\\\/nobleliftcanada.com\\\/fr\\\/produit\\\/lithium-ion-truck3000-3500kg-fe4p-30-35-gb-gh\\\/#breadcrumb\",\"itemListElement\":[{\"@type\":\"ListItem\",\"position\":1,\"name\":\"Home\",\"item\":\"https:\\\/\\\/nobleliftcanada.com\\\/fr\\\/\"},{\"@type\":\"ListItem\",\"position\":2,\"name\":\"Boutique\",\"item\":\"https:\\\/\\\/nobleliftcanada.com\\\/shop\\\/\"},{\"@type\":\"ListItem\",\"position\":3,\"name\":\"FE4P 30-35 GB-GH\"}]},{\"@type\":\"WebSite\",\"@id\":\"https:\\\/\\\/nobleliftcanada.com\\\/fr\\\/#website\",\"url\":\"https:\\\/\\\/nobleliftcanada.com\\\/fr\\\/\",\"name\":\"Noblelift Canada\",\"description\":\"Canada&#039;s Leader | Material Handling Equipment\",\"publisher\":{\"@id\":\"https:\\\/\\\/nobleliftcanada.com\\\/fr\\\/#organization\"},\"potentialAction\":[{\"@type\":\"SearchAction\",\"target\":{\"@type\":\"EntryPoint\",\"urlTemplate\":\"https:\\\/\\\/nobleliftcanada.com\\\/fr\\\/?s={search_term_string}\"},\"query-input\":{\"@type\":\"PropertyValueSpecification\",\"valueRequired\":true,\"valueName\":\"search_term_string\"}}],\"inLanguage\":\"fr-FR\"},{\"@type\":\"Organization\",\"@id\":\"https:\\\/\\\/nobleliftcanada.com\\\/fr\\\/#organization\",\"name\":\"Noblelift Canada\",\"url\":\"https:\\\/\\\/nobleliftcanada.com\\\/fr\\\/\",\"logo\":{\"@type\":\"ImageObject\",\"inLanguage\":\"fr-FR\",\"@id\":\"https:\\\/\\\/nobleliftcanada.com\\\/fr\\\/#\\\/schema\\\/logo\\\/image\\\/\",\"url\":\"https:\\\/\\\/nobleliftcanada.com\\\/wp-content\\\/uploads\\\/2020\\\/08\\\/NOBLELIFTCANADA-1.png\",\"contentUrl\":\"https:\\\/\\\/nobleliftcanada.com\\\/wp-content\\\/uploads\\\/2020\\\/08\\\/NOBLELIFTCANADA-1.png\",\"width\":2413,\"height\":880,\"caption\":\"Noblelift Canada\"},\"image\":{\"@id\":\"https:\\\/\\\/nobleliftcanada.com\\\/fr\\\/#\\\/schema\\\/logo\\\/image\\\/\"},\"sameAs\":[\"https:\\\/\\\/www.facebook.com\\\/Noblelift-Canada-102966741541390\\\/\"]}]}<\/script>\n<!-- \/ Yoast SEO plugin. -->","yoast_head_json":{"title":"FE4P 30-35 GB-GH &#8212; Noblelift Canada","description":"FE4P 30-35 GB-GH by Noblelift Canada | | Inquire Now To Get Your Noblelift Equipment & Parts","robots":{"index":"index","follow":"follow","max-snippet":"max-snippet:-1","max-image-preview":"max-image-preview:large","max-video-preview":"max-video-preview:-1"},"canonical":"https:\/\/nobleliftcanada.com\/fr\/produit\/lithium-ion-truck3000-3500kg-fe4p-30-35-gb-gh\/","og_locale":"fr_FR","og_type":"article","og_title":"FE4P 30-35 GB-GH &#8212; Noblelift Canada","og_description":"FE4P 30-35 GB-GH by Noblelift Canada | | Inquire Now To Get Your Noblelift Equipment & Parts","og_url":"https:\/\/nobleliftcanada.com\/fr\/produit\/lithium-ion-truck3000-3500kg-fe4p-30-35-gb-gh\/","og_site_name":"Noblelift Canada","article_publisher":"https:\/\/www.facebook.com\/Noblelift-Canada-102966741541390\/","article_modified_time":"2025-05-11T03:17:30+00:00","og_image":[{"width":1253,"height":1253,"url":"https:\/\/nobleliftcanada.com\/wp-content\/uploads\/2020\/09\/Noblelift-Canada-FE4P30-35GB.png","type":"image\/png"}],"twitter_card":"summary_large_image","schema":{"@context":"https:\/\/schema.org","@graph":[{"@type":"WebPage","@id":"https:\/\/nobleliftcanada.com\/fr\/produit\/lithium-ion-truck3000-3500kg-fe4p-30-35-gb-gh\/","url":"https:\/\/nobleliftcanada.com\/fr\/produit\/lithium-ion-truck3000-3500kg-fe4p-30-35-gb-gh\/","name":"FE4P 30-35 GB-GH &#8212; Noblelift Canada","isPartOf":{"@id":"https:\/\/nobleliftcanada.com\/fr\/#website"},"primaryImageOfPage":{"@id":"https:\/\/nobleliftcanada.com\/fr\/produit\/lithium-ion-truck3000-3500kg-fe4p-30-35-gb-gh\/#primaryimage"},"image":{"@id":"https:\/\/nobleliftcanada.com\/fr\/produit\/lithium-ion-truck3000-3500kg-fe4p-30-35-gb-gh\/#primaryimage"},"thumbnailUrl":"https:\/\/nobleliftcanada.com\/wp-content\/uploads\/2020\/09\/Noblelift-Canada-FE4P30-35GB.png","datePublished":"2025-03-21T19:24:07+00:00","dateModified":"2025-05-11T03:17:30+00:00","description":"FE4P 30-35 GB-GH by Noblelift Canada | | Inquire Now To Get Your Noblelift Equipment & Parts","breadcrumb":{"@id":"https:\/\/nobleliftcanada.com\/fr\/produit\/lithium-ion-truck3000-3500kg-fe4p-30-35-gb-gh\/#breadcrumb"},"inLanguage":"fr-FR","potentialAction":[{"@type":"ReadAction","target":["https:\/\/nobleliftcanada.com\/fr\/produit\/lithium-ion-truck3000-3500kg-fe4p-30-35-gb-gh\/"]}]},{"@type":"ImageObject","inLanguage":"fr-FR","@id":"https:\/\/nobleliftcanada.com\/fr\/produit\/lithium-ion-truck3000-3500kg-fe4p-30-35-gb-gh\/#primaryimage","url":"https:\/\/nobleliftcanada.com\/wp-content\/uploads\/2020\/09\/Noblelift-Canada-FE4P30-35GB.png","contentUrl":"https:\/\/nobleliftcanada.com\/wp-content\/uploads\/2020\/09\/Noblelift-Canada-FE4P30-35GB.png","width":1253,"height":1253},{"@type":"BreadcrumbList","@id":"https:\/\/nobleliftcanada.com\/fr\/produit\/lithium-ion-truck3000-3500kg-fe4p-30-35-gb-gh\/#breadcrumb","itemListElement":[{"@type":"ListItem","position":1,"name":"Home","item":"https:\/\/nobleliftcanada.com\/fr\/"},{"@type":"ListItem","position":2,"name":"Boutique","item":"https:\/\/nobleliftcanada.com\/shop\/"},{"@type":"ListItem","position":3,"name":"FE4P 30-35 GB-GH"}]},{"@type":"WebSite","@id":"https:\/\/nobleliftcanada.com\/fr\/#website","url":"https:\/\/nobleliftcanada.com\/fr\/","name":"Noblelift Canada","description":"Canada&#039;s Leader | Material Handling Equipment","publisher":{"@id":"https:\/\/nobleliftcanada.com\/fr\/#organization"},"potentialAction":[{"@type":"SearchAction","target":{"@type":"EntryPoint","urlTemplate":"https:\/\/nobleliftcanada.com\/fr\/?s={search_term_string}"},"query-input":{"@type":"PropertyValueSpecification","valueRequired":true,"valueName":"search_term_string"}}],"inLanguage":"fr-FR"},{"@type":"Organization","@id":"https:\/\/nobleliftcanada.com\/fr\/#organization","name":"Noblelift Canada","url":"https:\/\/nobleliftcanada.com\/fr\/","logo":{"@type":"ImageObject","inLanguage":"fr-FR","@id":"https:\/\/nobleliftcanada.com\/fr\/#\/schema\/logo\/image\/","url":"https:\/\/nobleliftcanada.com\/wp-content\/uploads\/2020\/08\/NOBLELIFTCANADA-1.png","contentUrl":"https:\/\/nobleliftcanada.com\/wp-content\/uploads\/2020\/08\/NOBLELIFTCANADA-1.png","width":2413,"height":880,"caption":"Noblelift Canada"},"image":{"@id":"https:\/\/nobleliftcanada.com\/fr\/#\/schema\/logo\/image\/"},"sameAs":["https:\/\/www.facebook.com\/Noblelift-Canada-102966741541390\/"]}]}},"_links":{"self":[{"href":"https:\/\/nobleliftcanada.com\/fr\/wp-json\/wp\/v2\/product\/42759","targetHints":{"allow":["GET"]}}],"collection":[{"href":"https:\/\/nobleliftcanada.com\/fr\/wp-json\/wp\/v2\/product"}],"about":[{"href":"https:\/\/nobleliftcanada.com\/fr\/wp-json\/wp\/v2\/types\/product"}],"replies":[{"embeddable":true,"href":"https:\/\/nobleliftcanada.com\/fr\/wp-json\/wp\/v2\/comments?post=42759"}],"version-history":[{"count":1,"href":"https:\/\/nobleliftcanada.com\/fr\/wp-json\/wp\/v2\/product\/42759\/revisions"}],"predecessor-version":[{"id":45151,"href":"https:\/\/nobleliftcanada.com\/fr\/wp-json\/wp\/v2\/product\/42759\/revisions\/45151"}],"wp:featuredmedia":[{"embeddable":true,"href":"https:\/\/nobleliftcanada.com\/fr\/wp-json\/wp\/v2\/media\/18304"}],"wp:attachment":[{"href":"https:\/\/nobleliftcanada.com\/fr\/wp-json\/wp\/v2\/media?parent=42759"}],"wp:term":[{"taxonomy":"product_brand","embeddable":true,"href":"https:\/\/nobleliftcanada.com\/fr\/wp-json\/wp\/v2\/product_brand?post=42759"},{"taxonomy":"product_cat","embeddable":true,"href":"https:\/\/nobleliftcanada.com\/fr\/wp-json\/wp\/v2\/product_cat?post=42759"},{"taxonomy":"product_tag","embeddable":true,"href":"https:\/\/nobleliftcanada.com\/fr\/wp-json\/wp\/v2\/product_tag?post=42759"}],"curies":[{"name":"wp","href":"https:\/\/api.w.org\/{rel}","templated":true}]}}