{"id":42754,"date":"2025-03-21T19:36:41","date_gmt":"2025-03-21T19:36:41","guid":{"rendered":"https:\/\/nobleliftcanada.com\/product\/lithium-li-on-cushion-truck-2500-3200kg-fe4p-25-32c\/"},"modified":"2025-05-11T03:16:56","modified_gmt":"2025-05-11T03:16:56","slug":"lithium-li-on-cushion-truck-2500-3200kg-fe4p-25-32c","status":"publish","type":"product","link":"https:\/\/nobleliftcanada.com\/fr\/produit\/lithium-li-on-cushion-truck-2500-3200kg-fe4p-25-32c\/","title":{"rendered":"FE4P 25-32C"},"content":{"rendered":"","protected":false},"excerpt":{"rendered":"<p>Le chariot \u00e9l\u00e9vateur \u00e9lectrique \u00e0 coussin Noblelift est petit et flexible gr\u00e2ce \u00e0 sa conception compacte et ergonomique. Cela permet aux op\u00e9rateurs d&rsquo;\u00eatre \u00e0 l&rsquo;aise lorsqu&rsquo;ils l&rsquo;utilisent dans des espaces int\u00e9rieurs et des applications confin\u00e9s. <\/p>\n","protected":false},"featured_media":44926,"comment_status":"closed","ping_status":"closed","template":"","meta":{"_acf_changed":false},"product_brand":[],"product_cat":[142,143],"product_tag":[],"class_list":{"0":"post-42754","1":"product","2":"type-product","3":"status-publish","4":"has-post-thumbnail","6":"product_cat-electric-forklift-fr","7":"product_cat-lithium-fr","9":"first","10":"instock","11":"taxable","12":"shipping-taxable","13":"product-type-variable"},"exclude_global_add_ons":true,"addons":[{"name":"Chargeur de batterie","type":"multiple_choice","position":0,"required":true,"title_format":"label","default":"","description_enable":false,"description":null,"placeholder_enable":false,"placeholder":null,"display":"radiobutton","restrictions_type":"any_text","adjust_price":false,"price":"","price_type":"flat_fee","restrictions":false,"min":"0","max":"0","options":[{"label":"Chargeur 80V\/200Ah 480\/600VAC 3PH Lithium-ion","price":"11600","price_type":"quantity_based","image":0,"visibility":true},{"label":"Chargeur 80V\/200Ah 480\/600VAC 3PH Lithium-ion FST","price":"7900","price_type":"quantity_based","image":0,"visibility":true},{"label":"Chargeur 80V100Ah 600V 3Ph Lithium-ion","price":"7000","price_type":"quantity_based","image":0,"visibility":true}],"id":1744914132},{"name":"TYPE DE MAT","type":"multiple_choice","position":1,"required":true,"title_format":"label","default":"","description_enable":false,"description":null,"placeholder_enable":false,"placeholder":null,"display":"radiobutton","restrictions_type":"any_text","adjust_price":false,"price":"","price_type":"flat_fee","restrictions":false,"min":"0","max":"0","options":[{"label":"2-Stage Full Free View 6\/8 118 81.5 38.9","price":"2146","price_type":"quantity_based","image":0,"visibility":true},{"label":"2-Stage Free View 6\/6 157 103.1 5.3","price":"3274","price_type":"quantity_based","image":0,"visibility":true},{"label":"2-Stage Free View 6\/6 177 113 5.3","price":"3546","price_type":"quantity_based","image":0,"visibility":true},{"label":"3 \u00e9tapes Pleine vue libre 6\/6 157 76.6 33.9","price":"3698","price_type":"quantity_based","image":0,"visibility":true},{"label":"3 \u00e9tapes Pleine vue libre 6\/6 177 83,5 40,8","price":"4984","price_type":"quantity_based","image":0,"visibility":true},{"label":"3 \u00e9tapes Pleine vue libre 6\/6 189 87.4 44.8","price":"4200","price_type":"quantity_based","image":0,"visibility":true},{"label":"3 \u00e9tapes Pleine vue libre 6\/6 197 93 50.4","price":"4588","price_type":"quantity_based","image":0,"visibility":true},{"label":"3 \u00e9tapes Pleine vue libre 6\/6 217 102.2 59.6","price":"4952","price_type":"quantity_based","image":0,"visibility":true},{"label":"3-Stage Full Free View 6\/6 236 111.4 68.8","price":"5732","price_type":"quantity_based","image":0,"visibility":true},{"label":"4 \u00e9tapes Pleine vue libre 3\/5 240 84.1 41.4","price":"7098","price_type":"quantity_based","image":0,"visibility":true},{"label":"4 \u00e9tapes Pleine vue libre 3\/5 260 89 46.3","price":"10024","price_type":"quantity_based","image":0,"visibility":true},{"label":"4 \u00e9tapes Pleine vue libre 3\/5 275 96.1 53.4","price":"11168","price_type":"quantity_based","image":0,"visibility":true}],"id":1744823559},{"name":"Hydraulique","type":"multiple_choice","position":2,"required":true,"title_format":"label","default":"","description_enable":false,"description":null,"placeholder_enable":false,"placeholder":null,"display":"radiobutton","restrictions_type":"any_text","adjust_price":false,"price":"","price_type":"flat_fee","restrictions":false,"min":"0","max":"0","options":[{"label":"Tuyau interne pour m\u00e2ts \u00e0 2 \u00e9tages \u00e0 vue libre Vanne \u00e0 3 voies","price":"460","price_type":"quantity_based","image":0,"visibility":true},{"label":"Tuyau interne pour m\u00e2ts \u00e0 2 \u00e9tages \u00e0 vue libre Vanne \u00e0 4 voies","price":"780","price_type":"quantity_based","image":0,"visibility":true},{"label":"Tuyau interne pour m\u00e2ts \u00e0 2 \u00e9tages \u00e0 vue libre Valve \u00e0 3 voies","price":"592","price_type":"quantity_based","image":0,"visibility":true},{"label":"Tuyau interne pour m\u00e2ts \u00e0 2 \u00e9tages \u00e0 vue libre Valve \u00e0 4 voies","price":"964","price_type":"quantity_based","image":0,"visibility":true}],"id":1744823952},{"name":"Hydraulique","type":"multiple_choice","position":3,"required":true,"title_format":"label","default":"","description_enable":false,"description":null,"placeholder_enable":false,"placeholder":null,"display":"radiobutton","restrictions_type":"any_text","adjust_price":false,"price":"","price_type":"flat_fee","restrictions":false,"min":"0","max":"0","options":[{"label":"Tuyau interne pour les m\u00e2ts \u00e0 3 \u00e9tages \u00e0 vue libre Valve \u00e0 3 voies","price":"732","price_type":"quantity_based","image":0,"visibility":true},{"label":"Tuyau interne pour les m\u00e2ts \u00e0 3 \u00e9tages \u00e0 vue libre Valve \u00e0 4 voies","price":"1284","price_type":"quantity_based","image":0,"visibility":true}],"id":1744825380},{"name":"Hydraulique","type":"multiple_choice","position":4,"required":true,"title_format":"label","default":"","description_enable":false,"description":null,"placeholder_enable":false,"placeholder":null,"display":"radiobutton","restrictions_type":"any_text","adjust_price":false,"price":"","price_type":"flat_fee","restrictions":false,"min":"0","max":"0","options":[{"label":"Tuyau interne pour les m\u00e2ts \u00e0 4 \u00e9tages \u00e0 vue libre Valve \u00e0 3 voies","price":"1100","price_type":"quantity_based","image":0,"visibility":true},{"label":"Tuyau interne pour les m\u00e2ts \u00e0 4 \u00e9tages \u00e0 vue libre Valve \u00e0 4 voies","price":"1468","price_type":"quantity_based","image":0,"visibility":true}],"id":1744826280},{"name":"Longueur des fourches (standard 42\")","type":"multiple_choice","position":5,"required":false,"title_format":"label","default":"","description_enable":false,"description":null,"placeholder_enable":false,"placeholder":null,"display":"select","restrictions_type":"any_text","adjust_price":false,"price":"","price_type":"flat_fee","restrictions":false,"min":"0","max":"0","options":[{"label":"Longueur de la fourche : 48","price":"208","price_type":"quantity_based","image":0,"visibility":true},{"label":"Longueur de la fourche : 54","price":"208","price_type":"quantity_based","image":0,"visibility":true},{"label":"Longueur de la fourche : 60","price":"208","price_type":"quantity_based","image":0,"visibility":true},{"label":"Longueur de la fourche : 66","price":"208","price_type":"quantity_based","image":0,"visibility":true},{"label":"Longueur de la fourche : 72","price":"208","price_type":"quantity_based","image":0,"visibility":true},{"label":"Longueur de la fourche : 78","price":"208","price_type":"quantity_based","image":0,"visibility":true}],"id":1745536964},{"name":"Options suppl\u00e9mentaires","type":"checkbox","position":6,"required":false,"title_format":"label","default":"","description_enable":false,"description":null,"placeholder_enable":false,"placeholder":null,"display":"select","restrictions_type":"any_text","adjust_price":false,"price":"","price_type":"flat_fee","restrictions":false,"min":"0","max":"0","options":[{"label":"Cascade Side Shift","price":"1096","price_type":"quantity_based","image":0,"visibility":true},{"label":"Positionneur de fourche Cascade Side Shift","price":"6132","price_type":"quantity_based","image":0,"visibility":true},{"label":"Commande au bout des doigts pour la 4\u00e8me soupape GRAMMER Commande au bout des doigts + si\u00e8ge GRAMMER+Import\u00e9e REXROTH","price":"11200","price_type":"quantity_based","image":0,"visibility":true},{"label":"Pneu \u00e0 coussin solide non marquant","price":"1312","price_type":"quantity_based","image":0,"visibility":true},{"label":"Chauffage de la batterie","price":"1650","price_type":"quantity_based","image":0,"visibility":true},{"label":"Cam\u00e9ra de recul avec capteur de pi\u00e9tons","price":"3306","price_type":"quantity_based","image":0,"visibility":true},{"label":"Support de chargeur et b\u00e2ton de pogo","price":"1100","price_type":"quantity_based","image":0,"visibility":true}],"id":1744821539}],"acf":{"coming_soon":false,"item_description":"Lithium Li-On Cushion Truck<br \/> 2500-3200 KG","brochure_button_label":"Brochure","brochure":18325,"location":"","video":"https:\/\/www.youtube.com\/watch?v=LOyR7qIGZgk&t=31s","standard_features":"","alternative_numbers":"","erp_id":"","models":"","load_charts":null,"load_charts_2":null,"load_charts_3":null,"load_charts_4":null},"yoast_head":"<!-- This site is optimized with the Yoast SEO plugin v27.3 - https:\/\/yoast.com\/product\/yoast-seo-wordpress\/ -->\n<title>FE4P 25-32C &#8212; Noblelift Canada<\/title>\n<meta name=\"description\" content=\"FE4P 25-32C by Noblelift Canada | | Inquire Now To Get Your Noblelift Equipment &amp; Parts\" \/>\n<meta name=\"robots\" content=\"index, follow, max-snippet:-1, max-image-preview:large, max-video-preview:-1\" \/>\n<link rel=\"canonical\" href=\"https:\/\/nobleliftcanada.com\/fr\/produit\/lithium-li-on-cushion-truck-2500-3200kg-fe4p-25-32c\/\" \/>\n<meta property=\"og:locale\" content=\"fr_FR\" \/>\n<meta property=\"og:type\" content=\"article\" \/>\n<meta property=\"og:title\" content=\"FE4P 25-32C &#8212; Noblelift Canada\" \/>\n<meta property=\"og:description\" content=\"FE4P 25-32C by Noblelift Canada | | Inquire Now To Get Your Noblelift Equipment &amp; Parts\" \/>\n<meta property=\"og:url\" content=\"https:\/\/nobleliftcanada.com\/fr\/produit\/lithium-li-on-cushion-truck-2500-3200kg-fe4p-25-32c\/\" \/>\n<meta property=\"og:site_name\" content=\"Noblelift Canada\" \/>\n<meta property=\"article:publisher\" content=\"https:\/\/www.facebook.com\/Noblelift-Canada-102966741541390\/\" \/>\n<meta property=\"article:modified_time\" content=\"2025-05-11T03:16:56+00:00\" \/>\n<meta property=\"og:image\" content=\"https:\/\/nobleliftcanada.com\/wp-content\/uploads\/2025\/03\/NobleliftCanada_FE4P-25-32C_1.png\" \/>\n\t<meta property=\"og:image:width\" content=\"1080\" \/>\n\t<meta property=\"og:image:height\" content=\"1080\" \/>\n\t<meta property=\"og:image:type\" content=\"image\/png\" \/>\n<meta name=\"twitter:card\" content=\"summary_large_image\" \/>\n<script type=\"application\/ld+json\" class=\"yoast-schema-graph\">{\"@context\":\"https:\\\/\\\/schema.org\",\"@graph\":[{\"@type\":\"WebPage\",\"@id\":\"https:\\\/\\\/nobleliftcanada.com\\\/fr\\\/produit\\\/lithium-li-on-cushion-truck-2500-3200kg-fe4p-25-32c\\\/\",\"url\":\"https:\\\/\\\/nobleliftcanada.com\\\/fr\\\/produit\\\/lithium-li-on-cushion-truck-2500-3200kg-fe4p-25-32c\\\/\",\"name\":\"FE4P 25-32C &#8212; Noblelift Canada\",\"isPartOf\":{\"@id\":\"https:\\\/\\\/nobleliftcanada.com\\\/fr\\\/#website\"},\"primaryImageOfPage\":{\"@id\":\"https:\\\/\\\/nobleliftcanada.com\\\/fr\\\/produit\\\/lithium-li-on-cushion-truck-2500-3200kg-fe4p-25-32c\\\/#primaryimage\"},\"image\":{\"@id\":\"https:\\\/\\\/nobleliftcanada.com\\\/fr\\\/produit\\\/lithium-li-on-cushion-truck-2500-3200kg-fe4p-25-32c\\\/#primaryimage\"},\"thumbnailUrl\":\"https:\\\/\\\/nobleliftcanada.com\\\/wp-content\\\/uploads\\\/2025\\\/03\\\/NobleliftCanada_FE4P-25-32C_1.png\",\"datePublished\":\"2025-03-21T19:36:41+00:00\",\"dateModified\":\"2025-05-11T03:16:56+00:00\",\"description\":\"FE4P 25-32C by Noblelift Canada | | Inquire Now To Get Your Noblelift Equipment & Parts\",\"breadcrumb\":{\"@id\":\"https:\\\/\\\/nobleliftcanada.com\\\/fr\\\/produit\\\/lithium-li-on-cushion-truck-2500-3200kg-fe4p-25-32c\\\/#breadcrumb\"},\"inLanguage\":\"fr-FR\",\"potentialAction\":[{\"@type\":\"ReadAction\",\"target\":[\"https:\\\/\\\/nobleliftcanada.com\\\/fr\\\/produit\\\/lithium-li-on-cushion-truck-2500-3200kg-fe4p-25-32c\\\/\"]}]},{\"@type\":\"ImageObject\",\"inLanguage\":\"fr-FR\",\"@id\":\"https:\\\/\\\/nobleliftcanada.com\\\/fr\\\/produit\\\/lithium-li-on-cushion-truck-2500-3200kg-fe4p-25-32c\\\/#primaryimage\",\"url\":\"https:\\\/\\\/nobleliftcanada.com\\\/wp-content\\\/uploads\\\/2025\\\/03\\\/NobleliftCanada_FE4P-25-32C_1.png\",\"contentUrl\":\"https:\\\/\\\/nobleliftcanada.com\\\/wp-content\\\/uploads\\\/2025\\\/03\\\/NobleliftCanada_FE4P-25-32C_1.png\",\"width\":1080,\"height\":1080},{\"@type\":\"BreadcrumbList\",\"@id\":\"https:\\\/\\\/nobleliftcanada.com\\\/fr\\\/produit\\\/lithium-li-on-cushion-truck-2500-3200kg-fe4p-25-32c\\\/#breadcrumb\",\"itemListElement\":[{\"@type\":\"ListItem\",\"position\":1,\"name\":\"Home\",\"item\":\"https:\\\/\\\/nobleliftcanada.com\\\/fr\\\/\"},{\"@type\":\"ListItem\",\"position\":2,\"name\":\"Boutique\",\"item\":\"https:\\\/\\\/nobleliftcanada.com\\\/shop\\\/\"},{\"@type\":\"ListItem\",\"position\":3,\"name\":\"FE4P 25-32C\"}]},{\"@type\":\"WebSite\",\"@id\":\"https:\\\/\\\/nobleliftcanada.com\\\/fr\\\/#website\",\"url\":\"https:\\\/\\\/nobleliftcanada.com\\\/fr\\\/\",\"name\":\"Noblelift Canada\",\"description\":\"Canada&#039;s Leader | Material Handling Equipment\",\"publisher\":{\"@id\":\"https:\\\/\\\/nobleliftcanada.com\\\/fr\\\/#organization\"},\"potentialAction\":[{\"@type\":\"SearchAction\",\"target\":{\"@type\":\"EntryPoint\",\"urlTemplate\":\"https:\\\/\\\/nobleliftcanada.com\\\/fr\\\/?s={search_term_string}\"},\"query-input\":{\"@type\":\"PropertyValueSpecification\",\"valueRequired\":true,\"valueName\":\"search_term_string\"}}],\"inLanguage\":\"fr-FR\"},{\"@type\":\"Organization\",\"@id\":\"https:\\\/\\\/nobleliftcanada.com\\\/fr\\\/#organization\",\"name\":\"Noblelift Canada\",\"url\":\"https:\\\/\\\/nobleliftcanada.com\\\/fr\\\/\",\"logo\":{\"@type\":\"ImageObject\",\"inLanguage\":\"fr-FR\",\"@id\":\"https:\\\/\\\/nobleliftcanada.com\\\/fr\\\/#\\\/schema\\\/logo\\\/image\\\/\",\"url\":\"https:\\\/\\\/nobleliftcanada.com\\\/wp-content\\\/uploads\\\/2020\\\/08\\\/NOBLELIFTCANADA-1.png\",\"contentUrl\":\"https:\\\/\\\/nobleliftcanada.com\\\/wp-content\\\/uploads\\\/2020\\\/08\\\/NOBLELIFTCANADA-1.png\",\"width\":2413,\"height\":880,\"caption\":\"Noblelift Canada\"},\"image\":{\"@id\":\"https:\\\/\\\/nobleliftcanada.com\\\/fr\\\/#\\\/schema\\\/logo\\\/image\\\/\"},\"sameAs\":[\"https:\\\/\\\/www.facebook.com\\\/Noblelift-Canada-102966741541390\\\/\"]}]}<\/script>\n<!-- \/ Yoast SEO plugin. -->","yoast_head_json":{"title":"FE4P 25-32C &#8212; Noblelift Canada","description":"FE4P 25-32C by Noblelift Canada | | Inquire Now To Get Your Noblelift Equipment & Parts","robots":{"index":"index","follow":"follow","max-snippet":"max-snippet:-1","max-image-preview":"max-image-preview:large","max-video-preview":"max-video-preview:-1"},"canonical":"https:\/\/nobleliftcanada.com\/fr\/produit\/lithium-li-on-cushion-truck-2500-3200kg-fe4p-25-32c\/","og_locale":"fr_FR","og_type":"article","og_title":"FE4P 25-32C &#8212; Noblelift Canada","og_description":"FE4P 25-32C by Noblelift Canada | | Inquire Now To Get Your Noblelift Equipment & Parts","og_url":"https:\/\/nobleliftcanada.com\/fr\/produit\/lithium-li-on-cushion-truck-2500-3200kg-fe4p-25-32c\/","og_site_name":"Noblelift Canada","article_publisher":"https:\/\/www.facebook.com\/Noblelift-Canada-102966741541390\/","article_modified_time":"2025-05-11T03:16:56+00:00","og_image":[{"width":1080,"height":1080,"url":"https:\/\/nobleliftcanada.com\/wp-content\/uploads\/2025\/03\/NobleliftCanada_FE4P-25-32C_1.png","type":"image\/png"}],"twitter_card":"summary_large_image","schema":{"@context":"https:\/\/schema.org","@graph":[{"@type":"WebPage","@id":"https:\/\/nobleliftcanada.com\/fr\/produit\/lithium-li-on-cushion-truck-2500-3200kg-fe4p-25-32c\/","url":"https:\/\/nobleliftcanada.com\/fr\/produit\/lithium-li-on-cushion-truck-2500-3200kg-fe4p-25-32c\/","name":"FE4P 25-32C &#8212; Noblelift Canada","isPartOf":{"@id":"https:\/\/nobleliftcanada.com\/fr\/#website"},"primaryImageOfPage":{"@id":"https:\/\/nobleliftcanada.com\/fr\/produit\/lithium-li-on-cushion-truck-2500-3200kg-fe4p-25-32c\/#primaryimage"},"image":{"@id":"https:\/\/nobleliftcanada.com\/fr\/produit\/lithium-li-on-cushion-truck-2500-3200kg-fe4p-25-32c\/#primaryimage"},"thumbnailUrl":"https:\/\/nobleliftcanada.com\/wp-content\/uploads\/2025\/03\/NobleliftCanada_FE4P-25-32C_1.png","datePublished":"2025-03-21T19:36:41+00:00","dateModified":"2025-05-11T03:16:56+00:00","description":"FE4P 25-32C by Noblelift Canada | | Inquire Now To Get Your Noblelift Equipment & Parts","breadcrumb":{"@id":"https:\/\/nobleliftcanada.com\/fr\/produit\/lithium-li-on-cushion-truck-2500-3200kg-fe4p-25-32c\/#breadcrumb"},"inLanguage":"fr-FR","potentialAction":[{"@type":"ReadAction","target":["https:\/\/nobleliftcanada.com\/fr\/produit\/lithium-li-on-cushion-truck-2500-3200kg-fe4p-25-32c\/"]}]},{"@type":"ImageObject","inLanguage":"fr-FR","@id":"https:\/\/nobleliftcanada.com\/fr\/produit\/lithium-li-on-cushion-truck-2500-3200kg-fe4p-25-32c\/#primaryimage","url":"https:\/\/nobleliftcanada.com\/wp-content\/uploads\/2025\/03\/NobleliftCanada_FE4P-25-32C_1.png","contentUrl":"https:\/\/nobleliftcanada.com\/wp-content\/uploads\/2025\/03\/NobleliftCanada_FE4P-25-32C_1.png","width":1080,"height":1080},{"@type":"BreadcrumbList","@id":"https:\/\/nobleliftcanada.com\/fr\/produit\/lithium-li-on-cushion-truck-2500-3200kg-fe4p-25-32c\/#breadcrumb","itemListElement":[{"@type":"ListItem","position":1,"name":"Home","item":"https:\/\/nobleliftcanada.com\/fr\/"},{"@type":"ListItem","position":2,"name":"Boutique","item":"https:\/\/nobleliftcanada.com\/shop\/"},{"@type":"ListItem","position":3,"name":"FE4P 25-32C"}]},{"@type":"WebSite","@id":"https:\/\/nobleliftcanada.com\/fr\/#website","url":"https:\/\/nobleliftcanada.com\/fr\/","name":"Noblelift Canada","description":"Canada&#039;s Leader | Material Handling Equipment","publisher":{"@id":"https:\/\/nobleliftcanada.com\/fr\/#organization"},"potentialAction":[{"@type":"SearchAction","target":{"@type":"EntryPoint","urlTemplate":"https:\/\/nobleliftcanada.com\/fr\/?s={search_term_string}"},"query-input":{"@type":"PropertyValueSpecification","valueRequired":true,"valueName":"search_term_string"}}],"inLanguage":"fr-FR"},{"@type":"Organization","@id":"https:\/\/nobleliftcanada.com\/fr\/#organization","name":"Noblelift Canada","url":"https:\/\/nobleliftcanada.com\/fr\/","logo":{"@type":"ImageObject","inLanguage":"fr-FR","@id":"https:\/\/nobleliftcanada.com\/fr\/#\/schema\/logo\/image\/","url":"https:\/\/nobleliftcanada.com\/wp-content\/uploads\/2020\/08\/NOBLELIFTCANADA-1.png","contentUrl":"https:\/\/nobleliftcanada.com\/wp-content\/uploads\/2020\/08\/NOBLELIFTCANADA-1.png","width":2413,"height":880,"caption":"Noblelift Canada"},"image":{"@id":"https:\/\/nobleliftcanada.com\/fr\/#\/schema\/logo\/image\/"},"sameAs":["https:\/\/www.facebook.com\/Noblelift-Canada-102966741541390\/"]}]}},"_links":{"self":[{"href":"https:\/\/nobleliftcanada.com\/fr\/wp-json\/wp\/v2\/product\/42754","targetHints":{"allow":["GET"]}}],"collection":[{"href":"https:\/\/nobleliftcanada.com\/fr\/wp-json\/wp\/v2\/product"}],"about":[{"href":"https:\/\/nobleliftcanada.com\/fr\/wp-json\/wp\/v2\/types\/product"}],"replies":[{"embeddable":true,"href":"https:\/\/nobleliftcanada.com\/fr\/wp-json\/wp\/v2\/comments?post=42754"}],"version-history":[{"count":2,"href":"https:\/\/nobleliftcanada.com\/fr\/wp-json\/wp\/v2\/product\/42754\/revisions"}],"predecessor-version":[{"id":45139,"href":"https:\/\/nobleliftcanada.com\/fr\/wp-json\/wp\/v2\/product\/42754\/revisions\/45139"}],"wp:featuredmedia":[{"embeddable":true,"href":"https:\/\/nobleliftcanada.com\/fr\/wp-json\/wp\/v2\/media\/44926"}],"wp:attachment":[{"href":"https:\/\/nobleliftcanada.com\/fr\/wp-json\/wp\/v2\/media?parent=42754"}],"wp:term":[{"taxonomy":"product_brand","embeddable":true,"href":"https:\/\/nobleliftcanada.com\/fr\/wp-json\/wp\/v2\/product_brand?post=42754"},{"taxonomy":"product_cat","embeddable":true,"href":"https:\/\/nobleliftcanada.com\/fr\/wp-json\/wp\/v2\/product_cat?post=42754"},{"taxonomy":"product_tag","embeddable":true,"href":"https:\/\/nobleliftcanada.com\/fr\/wp-json\/wp\/v2\/product_tag?post=42754"}],"curies":[{"name":"wp","href":"https:\/\/api.w.org\/{rel}","templated":true}]}}