{"id":42752,"date":"2025-03-21T19:42:00","date_gmt":"2025-03-21T19:42:00","guid":{"rendered":"https:\/\/nobleliftcanada.com\/product\/4-wheel-li-ion-electric-forklift-3000-3500kg-fe4p-30-35-q-li\/"},"modified":"2025-05-27T18:34:13","modified_gmt":"2025-05-27T18:34:13","slug":"4-wheel-li-ion-electric-forklift-3000-3500kg-fe4p-30-35-q-li","status":"publish","type":"product","link":"https:\/\/nobleliftcanada.com\/fr\/produit\/4-wheel-li-ion-electric-forklift-3000-3500kg-fe4p-30-35-q-li\/","title":{"rendered":"FE4P 30-35 Q-Li"},"content":{"rendered":"\t\t<div data-elementor-type=\"product-post\" data-elementor-id=\"42752\" class=\"elementor elementor-42752 elementor-29388\" data-elementor-post-type=\"product\">\n\t\t\t\t\t\t<section class=\"elementor-section elementor-top-section elementor-element elementor-element-1a9070b elementor-section-full_width elementor-section-height-default elementor-section-height-default\" data-id=\"1a9070b\" data-element_type=\"section\" data-e-type=\"section\">\n\t\t\t\t\t\t<div class=\"elementor-container elementor-column-gap-default\">\n\t\t\t\t\t<div class=\"elementor-column elementor-col-100 elementor-top-column elementor-element elementor-element-9cc164c\" data-id=\"9cc164c\" data-element_type=\"column\" data-e-type=\"column\">\n\t\t\t<div class=\"elementor-widget-wrap elementor-element-populated\">\n\t\t\t\t\t\t<div class=\"elementor-element elementor-element-e1ccb4c elementor-widget elementor-widget-heading\" data-id=\"e1ccb4c\" data-element_type=\"widget\" data-e-type=\"widget\" data-widget_type=\"heading.default\">\n\t\t\t\t<div class=\"elementor-widget-container\">\n\t\t\t\t\t<h2 class=\"elementor-heading-title elementor-size-medium\">Les principaux param\u00e8tres<\/h2>\t\t\t\t<\/div>\n\t\t\t\t<\/div>\n\t\t\t\t<div class=\"elementor-element elementor-element-c8955f6 elementor-tabs-alignment-center elementor-tabs-view-horizontal elementor-widget elementor-widget-tabs\" data-id=\"c8955f6\" data-element_type=\"widget\" data-e-type=\"widget\" data-widget_type=\"tabs.default\">\n\t\t\t\t<div class=\"elementor-widget-container\">\n\t\t\t\t\t\t\t<div class=\"elementor-tabs\">\n\t\t\t<div class=\"elementor-tabs-wrapper\" role=\"tablist\" >\n\t\t\t\t\t\t\t\t\t<div id=\"elementor-tab-title-2101\" class=\"elementor-tab-title elementor-tab-desktop-title\" aria-selected=\"true\" data-tab=\"1\" role=\"tab\" tabindex=\"0\" aria-controls=\"elementor-tab-content-2101\" aria-expanded=\"false\">Imp\u00e9rial<\/div>\n\t\t\t\t\t\t\t\t\t<div id=\"elementor-tab-title-2102\" class=\"elementor-tab-title elementor-tab-desktop-title\" aria-selected=\"false\" data-tab=\"2\" role=\"tab\" tabindex=\"-1\" aria-controls=\"elementor-tab-content-2102\" aria-expanded=\"false\">M\u00e9trique<\/div>\n\t\t\t\t\t\t\t<\/div>\n\t\t\t<div class=\"elementor-tabs-content-wrapper\" role=\"tablist\" aria-orientation=\"vertical\">\n\t\t\t\t\t\t\t\t\t<div class=\"elementor-tab-title elementor-tab-mobile-title\" aria-selected=\"true\" data-tab=\"1\" role=\"tab\" tabindex=\"0\" aria-controls=\"elementor-tab-content-2101\" aria-expanded=\"false\">Imp\u00e9rial<\/div>\n\t\t\t\t\t<div id=\"elementor-tab-content-2101\" class=\"elementor-tab-content elementor-clearfix\" data-tab=\"1\" role=\"tabpanel\" aria-labelledby=\"elementor-tab-title-2101\" tabindex=\"0\" hidden=\"false\"><div id=\"imperial\" class=\"tab-pane fade show active\" role=\"tabpanel\" aria-labelledby=\"imperial-tab\">\n<table class=\"table\">\n<thead class=\"thead\">\n<tr>\n<th class=\"thead-title\" scope=\"col\">Mod\u00e8le<\/th>\n<th class=\"thead-title\" scope=\"col\">FE4P30Q-LI<\/th>\n<th class=\"thead-title\" scope=\"col\">FE4P35Q-LI<\/th>\n<\/tr>\n<\/thead>\n<tbody>\n<tr>\n<td class=\"thead-parameter\" data-label=\"Model\">S\u00e9rie Q<\/td>\n<td class=\"thead-parameter\" data-label=\"FE3R08\">S\u00e9rie Q<\/td>\n<td class=\"thead-parameter\" data-label=\"FE3R10\">S\u00e9rie Q<\/td>\n<\/tr>\n<tr>\n<td class=\"thead-parameter\" data-label=\"Model\">Capacit\u00e9 de charge Q(lbs)<\/td>\n<td class=\"thead-parameter\" data-label=\"FE3R08\">6000.0<\/td>\n<td class=\"thead-parameter\" data-label=\"FE3R10\">7000.0<\/td>\n<\/tr>\n<tr>\n<td class=\"thead-parameter\" data-label=\"Model\">Centre de charge C(in)<\/td>\n<td class=\"thead-parameter\" data-label=\"FE3R08\">19.7<\/td>\n<td class=\"thead-parameter\" data-label=\"FE3R10\">19.7<\/td>\n<\/tr>\n<tr>\n<td class=\"thead-parameter\" data-label=\"Model\">Type d&rsquo;op\u00e9rateur<\/td>\n<td class=\"thead-parameter\" data-label=\"FE3R08\">Assis<\/td>\n<td class=\"thead-parameter\" data-label=\"FE3R10\">Assis<\/td>\n<\/tr>\n<tr>\n<td class=\"thead-parameter\" data-label=\"Model\">Hauteur du garde-corps h6(in)<\/td>\n<td class=\"thead-parameter\" data-label=\"FE3R08\">84.6<\/td>\n<td class=\"thead-parameter\" data-label=\"FE3R10\">84.6<\/td>\n<\/tr>\n<tr>\n<td class=\"thead-parameter\" data-label=\"Model\">Longueur \u00e0 la face de la fourche l2(in)<\/td>\n<td class=\"thead-parameter\" data-label=\"FE3R08\">102.5<\/td>\n<td class=\"thead-parameter\" data-label=\"FE3R10\">102.5<\/td>\n<\/tr>\n<tr>\n<td class=\"thead-parameter\" data-label=\"Model\">Largeur totale b1(in)<\/td>\n<td class=\"thead-parameter\" data-label=\"FE3R08\">48.3<\/td>\n<td class=\"thead-parameter\" data-label=\"FE3R10\">48.3<\/td>\n<\/tr>\n<tr>\n<td class=\"thead-parameter\" data-label=\"Model\">Rayon de braquage (dans le compartiment \u00e0 piles standard) Wa(in)<\/td>\n<td class=\"thead-parameter\" data-label=\"FE3R08\">92.5<\/td>\n<td class=\"thead-parameter\" data-label=\"FE3R10\">92.5<\/td>\n<\/tr>\n<tr>\n<td class=\"thead-parameter\" data-label=\"Model\">Largeur de l&rsquo;all\u00e9e de gerbage \u00e0 droite pour les palettes 1000&#215;1200<\/td>\n<td class=\"thead-parameter\" data-label=\"FE3R08\">158.9<\/td>\n<td class=\"thead-parameter\" data-label=\"FE3R10\">159.1<\/td>\n<\/tr>\n<tr>\n<td class=\"thead-parameter\" data-label=\"Model\">Largeur de l&rsquo;all\u00e9e de gerbage \u00e0 droite pour les palettes 800&#215;1200<\/td>\n<td class=\"thead-parameter\" data-label=\"FE3R08\">166.8<\/td>\n<td class=\"thead-parameter\" data-label=\"FE3R10\">167.0<\/td>\n<\/tr>\n<tr>\n<td class=\"thead-parameter\" data-label=\"Model\">Type de pneu<\/td>\n<td class=\"thead-parameter\" data-label=\"FE3R08\">Pneumatique<\/td>\n<td class=\"thead-parameter\" data-label=\"FE3R10\">Pneumatique<\/td>\n<\/tr>\n<tr>\n<td class=\"thead-parameter\" data-label=\"Model\">Poids total approximatif (sans batterie) (lbs)<\/td>\n<td class=\"thead-parameter\" data-label=\"FE3R08\">8300<\/td>\n<td class=\"thead-parameter\" data-label=\"FE3R10\">9240<\/td>\n<\/tr>\n<tr>\n<td class=\"thead-parameter\" data-label=\"Model\">Vitesse de d\u00e9placement max. Vitesse de d\u00e9placement (charg\u00e9\/d\u00e9charg\u00e9) miine\/h <\/td>\n<td class=\"thead-parameter\" data-label=\"FE3R08\">6.8\/7.5<\/td>\n<td class=\"thead-parameter\" data-label=\"FE3R10\">6.2\/6.8<\/td>\n<\/tr>\n<tr>\n<td class=\"thead-parameter\" data-label=\"Model\">Batterie Li-ion Tension\/Capacit\u00e9 nominale : V\/Ah<\/td>\n<td class=\"thead-parameter\" data-label=\"FE3R08\">\u00ab\u00a080\/200<br \/>80\/300\/400&Prime;<\/td>\n<td class=\"thead-parameter\" data-label=\"FE3R10\">\u00ab\u00a080\/200<br \/>80\/300\/400&Prime;<\/td>\n<\/tr>\n<tr>\n<td class=\"thead-parameter\" data-label=\"Model\">Moteur d&rsquo;entra\u00eenement &#8211; 60 min. nominal : hp<\/td>\n<td class=\"thead-parameter\" data-label=\"FE3R08\">14.7<\/td>\n<td class=\"thead-parameter\" data-label=\"FE3R10\">14.7<\/td>\n<\/tr>\n<tr>\n<td class=\"thead-parameter\" data-label=\"Model\">Moteur de la pompe &#8211; 15 min. rating : hp<\/td>\n<td class=\"thead-parameter\" data-label=\"FE3R08\">16.0<\/td>\n<td class=\"thead-parameter\" data-label=\"FE3R10\">16.0<\/td>\n<\/tr>\n<tr>\n<td class=\"thead-parameter\" data-label=\"Model\">M\u00e9thode de contr\u00f4le du moteur d&rsquo;entra\u00eenement :<\/td>\n<td class=\"thead-parameter\" data-label=\"FE3R08\">AC<\/td>\n<td class=\"thead-parameter\" data-label=\"FE3R10\">CA<\/td>\n<\/tr>\n<tr>\n<td class=\"thead-parameter\" data-label=\"Model\">Contr\u00f4les :<\/td>\n<td class=\"thead-parameter\" data-label=\"FE3R08\">Curtis<\/td>\n<td class=\"thead-parameter\" data-label=\"FE3R10\">Curtis<\/td>\n<\/tr>\n<\/tbody>\n<\/table>\n<\/div>\n<\/div>\n\t\t\t\t\t\t\t\t\t<div class=\"elementor-tab-title elementor-tab-mobile-title\" aria-selected=\"false\" data-tab=\"2\" role=\"tab\" tabindex=\"-1\" aria-controls=\"elementor-tab-content-2102\" aria-expanded=\"false\">M\u00e9trique<\/div>\n\t\t\t\t\t<div id=\"elementor-tab-content-2102\" class=\"elementor-tab-content elementor-clearfix\" data-tab=\"2\" role=\"tabpanel\" aria-labelledby=\"elementor-tab-title-2102\" tabindex=\"0\" hidden=\"hidden\"><div id=\"imperial\" class=\"tab-pane fade show active\" role=\"tabpanel\" aria-labelledby=\"imperial-tab\">\n<table class=\"table\">\n<thead class=\"thead\">\n<tr>\n<th class=\"thead-title\" scope=\"col\">Mod\u00e8le<\/th>\n<th class=\"thead-title\" scope=\"col\">FE4P30Q-LI<\/th>\n<th class=\"thead-title\" scope=\"col\">FE4P35Q-LI<\/th>\n<\/tr>\n<\/thead>\n<tbody>\n<tr>\n<td class=\"thead-parameter\" data-label=\"Model\">S\u00e9rie Q<\/td>\n<td class=\"thead-parameter\" data-label=\"FE3R08\">S\u00e9rie Q<\/td>\n<td class=\"thead-parameter\" data-label=\"FE3R10\">S\u00e9rie Q<\/td>\n<\/tr>\n<tr>\n<td class=\"thead-parameter\" data-label=\"Model\">Capacit\u00e9 de charge Q(Kg)<\/td>\n<td class=\"thead-parameter\" data-label=\"FE3R08\">3000.0<\/td>\n<td class=\"thead-parameter\" data-label=\"FE3R10\">3500.0<\/td>\n<\/tr>\n<tr>\n<td class=\"thead-parameter\" data-label=\"Model\">Centre de charge C(mm)<\/td>\n<td class=\"thead-parameter\" data-label=\"FE3R08\">500.0<\/td>\n<td class=\"thead-parameter\" data-label=\"FE3R10\">500.0<\/td>\n<\/tr>\n<tr>\n<td class=\"thead-parameter\" data-label=\"Model\">Type d&rsquo;op\u00e9rateur<\/td>\n<td class=\"thead-parameter\" data-label=\"FE3R08\">Assis<\/td>\n<td class=\"thead-parameter\" data-label=\"FE3R10\">Assis<\/td>\n<\/tr>\n<tr>\n<td class=\"thead-parameter\" data-label=\"Model\">Hauteur du garde-corps h6(mm)<\/td>\n<td class=\"thead-parameter\" data-label=\"FE3R08\">2150.0<\/td>\n<td class=\"thead-parameter\" data-label=\"FE3R10\">2150.0<\/td>\n<\/tr>\n<tr>\n<td class=\"thead-parameter\" data-label=\"Model\">Longueur \u00e0 la face de la fourche l2(mm)<\/td>\n<td class=\"thead-parameter\" data-label=\"FE3R08\">2603.0<\/td>\n<td class=\"thead-parameter\" data-label=\"FE3R10\">2603.0<\/td>\n<\/tr>\n<tr>\n<td class=\"thead-parameter\" data-label=\"Model\">Largeur totale b1(mm)<\/td>\n<td class=\"thead-parameter\" data-label=\"FE3R08\">\n<p>1226.0<\/p>\n<\/td>\n<td class=\"thead-parameter\" data-label=\"FE3R10\">\n<p>1226.0<\/p>\n<\/td>\n<\/tr>\n<tr>\n<td class=\"thead-parameter\" data-label=\"Model\">Rayon de braquage (dans le compartiment \u00e0 piles standard) Wa(mm)<\/td>\n<td class=\"thead-parameter\" data-label=\"FE3R08\">\n<p>2350.0<\/p>\n<\/td>\n<td class=\"thead-parameter\" data-label=\"FE3R10\">\n<p>2350.0<\/p>\n<\/td>\n<\/tr>\n<tr>\n<td class=\"thead-parameter\" data-label=\"Model\">Largeur de l&rsquo;all\u00e9e de gerbage \u00e0 droite pour les palettes 1000&#215;1200 Ast (mm)<\/td>\n<td class=\"thead-parameter\" data-label=\"FE3R08\">\n<p>4037.0<\/p>\n<\/td>\n<td class=\"thead-parameter\" data-label=\"FE3R10\">\n<p>4042.0<\/p>\n<\/td>\n<\/tr>\n<tr>\n<td class=\"thead-parameter\" data-label=\"Model\">Largeur de l&rsquo;all\u00e9e de gerbage \u00e0 droite pour les palettes 800&#215;1200 Ast (mm)<\/td>\n<td class=\"thead-parameter\" data-label=\"FE3R08\">4037.0<\/td>\n<td class=\"thead-parameter\" data-label=\"FE3R10\">4042.0<\/td>\n<\/tr>\n<tr>\n<td class=\"thead-parameter\" data-label=\"Model\">Type de pneu<\/td>\n<td class=\"thead-parameter\" data-label=\"FE3R08\">Pneumatique<\/td>\n<td class=\"thead-parameter\" data-label=\"FE3R10\">Pneumatique<\/td>\n<\/tr>\n<tr>\n<td class=\"thead-parameter\" data-label=\"Model\">Poids total approximatif (sans batterie) (kg)<\/td>\n<td class=\"thead-parameter\" data-label=\"FE3R08\">\n<p>4150.0<\/p>\n<\/td>\n<td class=\"thead-parameter\" data-label=\"FE3R10\">\n<p>4620.0<\/p>\n<\/td>\n<\/tr>\n<tr>\n<td class=\"thead-parameter\" data-label=\"Model\">Vitesse de d\u00e9placement max. Vitesse de d\u00e9placement (charg\u00e9\/d\u00e9charg\u00e9) km\/h <\/td>\n<td class=\"thead-parameter\" data-label=\"FE3R08\">11\/12<\/td>\n<td class=\"thead-parameter\" data-label=\"FE3R10\">10\/11<\/td>\n<\/tr>\n<tr>\n<td class=\"thead-parameter\" data-label=\"Model\">Batterie Li-ion Tension\/Capacit\u00e9 nominale : V\/Ah<\/td>\n<td class=\"thead-parameter\" data-label=\"FE3R08\">\u00ab\u00a080\/200ah<br \/>80\/300\/400&Prime;<\/td>\n<td class=\"thead-parameter\" data-label=\"FE3R10\">\u00ab\u00a080\/200ah<br \/>80\/300\/400&Prime;<\/td>\n<\/tr>\n<tr>\n<td class=\"thead-parameter\" data-label=\"Model\">Moteur d&rsquo;entra\u00eenement &#8211; 60 min. : kW<\/td>\n<td class=\"thead-parameter\" data-label=\"FE3R08\">11.0<\/td>\n<td class=\"thead-parameter\" data-label=\"FE3R10\">11.0<\/td>\n<\/tr>\n<tr>\n<td class=\"thead-parameter\" data-label=\"Model\">Moteur de la pompe &#8211; 15 min. rating : hp<\/td>\n<td class=\"thead-parameter\" data-label=\"FE3R08\">12.0<\/td>\n<td class=\"thead-parameter\" data-label=\"FE3R10\">12.0<\/td>\n<\/tr>\n<tr>\n<td class=\"thead-parameter\" data-label=\"Model\">M\u00e9thode de contr\u00f4le du moteur d&rsquo;entra\u00eenement : kW<\/td>\n<td class=\"thead-parameter\" data-label=\"FE3R08\">CA<\/td>\n<td class=\"thead-parameter\" data-label=\"FE3R10\">CA<\/td>\n<\/tr>\n<tr>\n<td class=\"thead-parameter\" data-label=\"Model\">Contr\u00f4les :<\/td>\n<td class=\"thead-parameter\" data-label=\"FE3R08\">Curtis<\/td>\n<td class=\"thead-parameter\" data-label=\"FE3R10\">Curtis<\/td>\n<\/tr>\n<\/tbody>\n<\/table>\n<\/div>\n<\/div>\n\t\t\t\t\t\t\t<\/div>\n\t\t<\/div>\n\t\t\t\t\t\t<\/div>\n\t\t\t\t<\/div>\n\t\t\t\t\t<\/div>\n\t\t<\/div>\n\t\t\t\t\t<\/div>\n\t\t<\/section>\n\t\t\t\t<\/div>\n\t\t","protected":false},"excerpt":{"rendered":"<p>Le FE4P 30\/35 Q-Li est un chariot \u00e9l\u00e9vateur \u00e9lectrique rentable qui combine le chariot \u00e9l\u00e9vateur \u00e0 combustion interne traditionnel et le chariot \u00e9l\u00e9vateur \u00e9lectrique aliment\u00e9 au lithium-fer. Il pr\u00e9sente les caract\u00e9ristiques d&rsquo;un grand espace de conduite et d&rsquo;un fonctionnement confortable. La configuration standard est une batterie au phosphate de fer lithium (LFP) avec une charge rapide efficace. En option, diff\u00e9rentes capacit\u00e9s de batterie : la configuration standard est 80V200ah, en option 80V300ah et 400ah.   <\/p>\n","protected":false},"featured_media":44936,"comment_status":"closed","ping_status":"closed","template":"","meta":{"_acf_changed":false},"product_brand":[],"product_cat":[142,143],"product_tag":[],"class_list":{"0":"post-42752","1":"product","2":"type-product","3":"status-publish","4":"has-post-thumbnail","6":"product_cat-electric-forklift-fr","7":"product_cat-lithium-fr","9":"first","10":"instock","11":"taxable","12":"shipping-taxable","13":"product-type-variable"},"exclude_global_add_ons":[],"addons":[],"acf":{"coming_soon":false,"item_description":"4 Wheel Li-ion Electric Forklift<br \/> 3000-3500 KG","brochure_button_label":"Brochure","brochure":17775,"location":"","video":null,"standard_features":"","alternative_numbers":"","erp_id":"","models":"","load_charts":null,"load_charts_2":null,"load_charts_3":null,"load_charts_4":null},"yoast_head":"<!-- This site is optimized with the Yoast SEO plugin v27.3 - https:\/\/yoast.com\/product\/yoast-seo-wordpress\/ -->\n<title>FE4P 30-35 Q-Li &#8212; Noblelift Canada<\/title>\n<meta name=\"description\" content=\"FE4P 30-35 Q-Li by Noblelift Canada | | Inquire Now To Get Your Noblelift Equipment &amp; Parts\" \/>\n<meta name=\"robots\" content=\"index, follow, max-snippet:-1, max-image-preview:large, max-video-preview:-1\" \/>\n<link rel=\"canonical\" href=\"https:\/\/nobleliftcanada.com\/fr\/produit\/4-wheel-li-ion-electric-forklift-3000-3500kg-fe4p-30-35-q-li\/\" \/>\n<meta property=\"og:locale\" content=\"fr_FR\" \/>\n<meta property=\"og:type\" content=\"article\" \/>\n<meta property=\"og:title\" content=\"FE4P 30-35 Q-Li &#8212; Noblelift Canada\" \/>\n<meta property=\"og:description\" content=\"FE4P 30-35 Q-Li by Noblelift Canada | | Inquire Now To Get Your Noblelift Equipment &amp; Parts\" \/>\n<meta property=\"og:url\" content=\"https:\/\/nobleliftcanada.com\/fr\/produit\/4-wheel-li-ion-electric-forklift-3000-3500kg-fe4p-30-35-q-li\/\" \/>\n<meta property=\"og:site_name\" content=\"Noblelift Canada\" \/>\n<meta property=\"article:publisher\" content=\"https:\/\/www.facebook.com\/Noblelift-Canada-102966741541390\/\" \/>\n<meta property=\"article:modified_time\" content=\"2025-05-27T18:34:13+00:00\" \/>\n<meta property=\"og:image\" content=\"https:\/\/nobleliftcanada.com\/wp-content\/uploads\/2025\/03\/NobleliftCanada_FE4P25-28Q-1.png\" \/>\n\t<meta property=\"og:image:width\" content=\"1080\" \/>\n\t<meta property=\"og:image:height\" content=\"1080\" \/>\n\t<meta property=\"og:image:type\" content=\"image\/png\" \/>\n<meta name=\"twitter:card\" content=\"summary_large_image\" \/>\n<meta name=\"twitter:label1\" content=\"Dur\u00e9e de lecture estim\u00e9e\" \/>\n\t<meta name=\"twitter:data1\" content=\"2 minutes\" \/>\n<script type=\"application\/ld+json\" class=\"yoast-schema-graph\">{\"@context\":\"https:\\\/\\\/schema.org\",\"@graph\":[{\"@type\":\"WebPage\",\"@id\":\"https:\\\/\\\/nobleliftcanada.com\\\/fr\\\/produit\\\/4-wheel-li-ion-electric-forklift-3000-3500kg-fe4p-30-35-q-li\\\/\",\"url\":\"https:\\\/\\\/nobleliftcanada.com\\\/fr\\\/produit\\\/4-wheel-li-ion-electric-forklift-3000-3500kg-fe4p-30-35-q-li\\\/\",\"name\":\"FE4P 30-35 Q-Li &#8212; Noblelift Canada\",\"isPartOf\":{\"@id\":\"https:\\\/\\\/nobleliftcanada.com\\\/fr\\\/#website\"},\"primaryImageOfPage\":{\"@id\":\"https:\\\/\\\/nobleliftcanada.com\\\/fr\\\/produit\\\/4-wheel-li-ion-electric-forklift-3000-3500kg-fe4p-30-35-q-li\\\/#primaryimage\"},\"image\":{\"@id\":\"https:\\\/\\\/nobleliftcanada.com\\\/fr\\\/produit\\\/4-wheel-li-ion-electric-forklift-3000-3500kg-fe4p-30-35-q-li\\\/#primaryimage\"},\"thumbnailUrl\":\"https:\\\/\\\/nobleliftcanada.com\\\/wp-content\\\/uploads\\\/2025\\\/03\\\/NobleliftCanada_FE4P25-28Q-1.png\",\"datePublished\":\"2025-03-21T19:42:00+00:00\",\"dateModified\":\"2025-05-27T18:34:13+00:00\",\"description\":\"FE4P 30-35 Q-Li by Noblelift Canada | | Inquire Now To Get Your Noblelift Equipment & Parts\",\"breadcrumb\":{\"@id\":\"https:\\\/\\\/nobleliftcanada.com\\\/fr\\\/produit\\\/4-wheel-li-ion-electric-forklift-3000-3500kg-fe4p-30-35-q-li\\\/#breadcrumb\"},\"inLanguage\":\"fr-FR\",\"potentialAction\":[{\"@type\":\"ReadAction\",\"target\":[\"https:\\\/\\\/nobleliftcanada.com\\\/fr\\\/produit\\\/4-wheel-li-ion-electric-forklift-3000-3500kg-fe4p-30-35-q-li\\\/\"]}]},{\"@type\":\"ImageObject\",\"inLanguage\":\"fr-FR\",\"@id\":\"https:\\\/\\\/nobleliftcanada.com\\\/fr\\\/produit\\\/4-wheel-li-ion-electric-forklift-3000-3500kg-fe4p-30-35-q-li\\\/#primaryimage\",\"url\":\"https:\\\/\\\/nobleliftcanada.com\\\/wp-content\\\/uploads\\\/2025\\\/03\\\/NobleliftCanada_FE4P25-28Q-1.png\",\"contentUrl\":\"https:\\\/\\\/nobleliftcanada.com\\\/wp-content\\\/uploads\\\/2025\\\/03\\\/NobleliftCanada_FE4P25-28Q-1.png\",\"width\":1080,\"height\":1080},{\"@type\":\"BreadcrumbList\",\"@id\":\"https:\\\/\\\/nobleliftcanada.com\\\/fr\\\/produit\\\/4-wheel-li-ion-electric-forklift-3000-3500kg-fe4p-30-35-q-li\\\/#breadcrumb\",\"itemListElement\":[{\"@type\":\"ListItem\",\"position\":1,\"name\":\"Home\",\"item\":\"https:\\\/\\\/nobleliftcanada.com\\\/fr\\\/\"},{\"@type\":\"ListItem\",\"position\":2,\"name\":\"Boutique\",\"item\":\"https:\\\/\\\/nobleliftcanada.com\\\/shop\\\/\"},{\"@type\":\"ListItem\",\"position\":3,\"name\":\"FE4P 30-35 Q-Li\"}]},{\"@type\":\"WebSite\",\"@id\":\"https:\\\/\\\/nobleliftcanada.com\\\/fr\\\/#website\",\"url\":\"https:\\\/\\\/nobleliftcanada.com\\\/fr\\\/\",\"name\":\"Noblelift Canada\",\"description\":\"Canada&#039;s Leader | Material Handling Equipment\",\"publisher\":{\"@id\":\"https:\\\/\\\/nobleliftcanada.com\\\/fr\\\/#organization\"},\"potentialAction\":[{\"@type\":\"SearchAction\",\"target\":{\"@type\":\"EntryPoint\",\"urlTemplate\":\"https:\\\/\\\/nobleliftcanada.com\\\/fr\\\/?s={search_term_string}\"},\"query-input\":{\"@type\":\"PropertyValueSpecification\",\"valueRequired\":true,\"valueName\":\"search_term_string\"}}],\"inLanguage\":\"fr-FR\"},{\"@type\":\"Organization\",\"@id\":\"https:\\\/\\\/nobleliftcanada.com\\\/fr\\\/#organization\",\"name\":\"Noblelift Canada\",\"url\":\"https:\\\/\\\/nobleliftcanada.com\\\/fr\\\/\",\"logo\":{\"@type\":\"ImageObject\",\"inLanguage\":\"fr-FR\",\"@id\":\"https:\\\/\\\/nobleliftcanada.com\\\/fr\\\/#\\\/schema\\\/logo\\\/image\\\/\",\"url\":\"https:\\\/\\\/nobleliftcanada.com\\\/wp-content\\\/uploads\\\/2020\\\/08\\\/NOBLELIFTCANADA-1.png\",\"contentUrl\":\"https:\\\/\\\/nobleliftcanada.com\\\/wp-content\\\/uploads\\\/2020\\\/08\\\/NOBLELIFTCANADA-1.png\",\"width\":2413,\"height\":880,\"caption\":\"Noblelift Canada\"},\"image\":{\"@id\":\"https:\\\/\\\/nobleliftcanada.com\\\/fr\\\/#\\\/schema\\\/logo\\\/image\\\/\"},\"sameAs\":[\"https:\\\/\\\/www.facebook.com\\\/Noblelift-Canada-102966741541390\\\/\"]}]}<\/script>\n<!-- \/ Yoast SEO plugin. -->","yoast_head_json":{"title":"FE4P 30-35 Q-Li &#8212; Noblelift Canada","description":"FE4P 30-35 Q-Li by Noblelift Canada | | Inquire Now To Get Your Noblelift Equipment & Parts","robots":{"index":"index","follow":"follow","max-snippet":"max-snippet:-1","max-image-preview":"max-image-preview:large","max-video-preview":"max-video-preview:-1"},"canonical":"https:\/\/nobleliftcanada.com\/fr\/produit\/4-wheel-li-ion-electric-forklift-3000-3500kg-fe4p-30-35-q-li\/","og_locale":"fr_FR","og_type":"article","og_title":"FE4P 30-35 Q-Li &#8212; Noblelift Canada","og_description":"FE4P 30-35 Q-Li by Noblelift Canada | | Inquire Now To Get Your Noblelift Equipment & Parts","og_url":"https:\/\/nobleliftcanada.com\/fr\/produit\/4-wheel-li-ion-electric-forklift-3000-3500kg-fe4p-30-35-q-li\/","og_site_name":"Noblelift Canada","article_publisher":"https:\/\/www.facebook.com\/Noblelift-Canada-102966741541390\/","article_modified_time":"2025-05-27T18:34:13+00:00","og_image":[{"width":1080,"height":1080,"url":"https:\/\/nobleliftcanada.com\/wp-content\/uploads\/2025\/03\/NobleliftCanada_FE4P25-28Q-1.png","type":"image\/png"}],"twitter_card":"summary_large_image","twitter_misc":{"Dur\u00e9e de lecture estim\u00e9e":"2 minutes"},"schema":{"@context":"https:\/\/schema.org","@graph":[{"@type":"WebPage","@id":"https:\/\/nobleliftcanada.com\/fr\/produit\/4-wheel-li-ion-electric-forklift-3000-3500kg-fe4p-30-35-q-li\/","url":"https:\/\/nobleliftcanada.com\/fr\/produit\/4-wheel-li-ion-electric-forklift-3000-3500kg-fe4p-30-35-q-li\/","name":"FE4P 30-35 Q-Li &#8212; Noblelift Canada","isPartOf":{"@id":"https:\/\/nobleliftcanada.com\/fr\/#website"},"primaryImageOfPage":{"@id":"https:\/\/nobleliftcanada.com\/fr\/produit\/4-wheel-li-ion-electric-forklift-3000-3500kg-fe4p-30-35-q-li\/#primaryimage"},"image":{"@id":"https:\/\/nobleliftcanada.com\/fr\/produit\/4-wheel-li-ion-electric-forklift-3000-3500kg-fe4p-30-35-q-li\/#primaryimage"},"thumbnailUrl":"https:\/\/nobleliftcanada.com\/wp-content\/uploads\/2025\/03\/NobleliftCanada_FE4P25-28Q-1.png","datePublished":"2025-03-21T19:42:00+00:00","dateModified":"2025-05-27T18:34:13+00:00","description":"FE4P 30-35 Q-Li by Noblelift Canada | | Inquire Now To Get Your Noblelift Equipment & Parts","breadcrumb":{"@id":"https:\/\/nobleliftcanada.com\/fr\/produit\/4-wheel-li-ion-electric-forklift-3000-3500kg-fe4p-30-35-q-li\/#breadcrumb"},"inLanguage":"fr-FR","potentialAction":[{"@type":"ReadAction","target":["https:\/\/nobleliftcanada.com\/fr\/produit\/4-wheel-li-ion-electric-forklift-3000-3500kg-fe4p-30-35-q-li\/"]}]},{"@type":"ImageObject","inLanguage":"fr-FR","@id":"https:\/\/nobleliftcanada.com\/fr\/produit\/4-wheel-li-ion-electric-forklift-3000-3500kg-fe4p-30-35-q-li\/#primaryimage","url":"https:\/\/nobleliftcanada.com\/wp-content\/uploads\/2025\/03\/NobleliftCanada_FE4P25-28Q-1.png","contentUrl":"https:\/\/nobleliftcanada.com\/wp-content\/uploads\/2025\/03\/NobleliftCanada_FE4P25-28Q-1.png","width":1080,"height":1080},{"@type":"BreadcrumbList","@id":"https:\/\/nobleliftcanada.com\/fr\/produit\/4-wheel-li-ion-electric-forklift-3000-3500kg-fe4p-30-35-q-li\/#breadcrumb","itemListElement":[{"@type":"ListItem","position":1,"name":"Home","item":"https:\/\/nobleliftcanada.com\/fr\/"},{"@type":"ListItem","position":2,"name":"Boutique","item":"https:\/\/nobleliftcanada.com\/shop\/"},{"@type":"ListItem","position":3,"name":"FE4P 30-35 Q-Li"}]},{"@type":"WebSite","@id":"https:\/\/nobleliftcanada.com\/fr\/#website","url":"https:\/\/nobleliftcanada.com\/fr\/","name":"Noblelift Canada","description":"Canada&#039;s Leader | Material Handling Equipment","publisher":{"@id":"https:\/\/nobleliftcanada.com\/fr\/#organization"},"potentialAction":[{"@type":"SearchAction","target":{"@type":"EntryPoint","urlTemplate":"https:\/\/nobleliftcanada.com\/fr\/?s={search_term_string}"},"query-input":{"@type":"PropertyValueSpecification","valueRequired":true,"valueName":"search_term_string"}}],"inLanguage":"fr-FR"},{"@type":"Organization","@id":"https:\/\/nobleliftcanada.com\/fr\/#organization","name":"Noblelift Canada","url":"https:\/\/nobleliftcanada.com\/fr\/","logo":{"@type":"ImageObject","inLanguage":"fr-FR","@id":"https:\/\/nobleliftcanada.com\/fr\/#\/schema\/logo\/image\/","url":"https:\/\/nobleliftcanada.com\/wp-content\/uploads\/2020\/08\/NOBLELIFTCANADA-1.png","contentUrl":"https:\/\/nobleliftcanada.com\/wp-content\/uploads\/2020\/08\/NOBLELIFTCANADA-1.png","width":2413,"height":880,"caption":"Noblelift Canada"},"image":{"@id":"https:\/\/nobleliftcanada.com\/fr\/#\/schema\/logo\/image\/"},"sameAs":["https:\/\/www.facebook.com\/Noblelift-Canada-102966741541390\/"]}]}},"_links":{"self":[{"href":"https:\/\/nobleliftcanada.com\/fr\/wp-json\/wp\/v2\/product\/42752","targetHints":{"allow":["GET"]}}],"collection":[{"href":"https:\/\/nobleliftcanada.com\/fr\/wp-json\/wp\/v2\/product"}],"about":[{"href":"https:\/\/nobleliftcanada.com\/fr\/wp-json\/wp\/v2\/types\/product"}],"replies":[{"embeddable":true,"href":"https:\/\/nobleliftcanada.com\/fr\/wp-json\/wp\/v2\/comments?post=42752"}],"version-history":[{"count":4,"href":"https:\/\/nobleliftcanada.com\/fr\/wp-json\/wp\/v2\/product\/42752\/revisions"}],"predecessor-version":[{"id":47142,"href":"https:\/\/nobleliftcanada.com\/fr\/wp-json\/wp\/v2\/product\/42752\/revisions\/47142"}],"wp:featuredmedia":[{"embeddable":true,"href":"https:\/\/nobleliftcanada.com\/fr\/wp-json\/wp\/v2\/media\/44936"}],"wp:attachment":[{"href":"https:\/\/nobleliftcanada.com\/fr\/wp-json\/wp\/v2\/media?parent=42752"}],"wp:term":[{"taxonomy":"product_brand","embeddable":true,"href":"https:\/\/nobleliftcanada.com\/fr\/wp-json\/wp\/v2\/product_brand?post=42752"},{"taxonomy":"product_cat","embeddable":true,"href":"https:\/\/nobleliftcanada.com\/fr\/wp-json\/wp\/v2\/product_cat?post=42752"},{"taxonomy":"product_tag","embeddable":true,"href":"https:\/\/nobleliftcanada.com\/fr\/wp-json\/wp\/v2\/product_tag?post=42752"}],"curies":[{"name":"wp","href":"https:\/\/api.w.org\/{rel}","templated":true}]}}