{"id":42749,"date":"2025-03-21T19:54:20","date_gmt":"2025-03-21T19:54:20","guid":{"rendered":"https:\/\/nobleliftcanada.com\/product\/counter-balance-electric-forklift-6000-8000kg-fe4p-60-80n\/"},"modified":"2025-05-11T03:17:10","modified_gmt":"2025-05-11T03:17:10","slug":"counter-balance-electric-forklift-6000-8000kg-fe4p-60-80n","status":"publish","type":"product","link":"https:\/\/nobleliftcanada.com\/fr\/produit\/counter-balance-electric-forklift-6000-8000kg-fe4p-60-80n\/","title":{"rendered":"FE4P 60-80N"},"content":{"rendered":"","protected":false},"excerpt":{"rendered":"<p>Bienvenue dans l&rsquo;avenir du levage lourd avec notre toute nouvelle <strong>s\u00e9rie FE4P60-80 N<\/strong>, un ajout remarquable \u00e0 nos chariots \u00e9l\u00e9vateurs \u00e0 contrepoids de grand tonnage d\u00e9velopp\u00e9s de mani\u00e8re ind\u00e9pendante. Cette innovation \u00e9tablit de nouvelles normes en mati\u00e8re d&rsquo;apparence, d&rsquo;efficacit\u00e9, de confort, de s\u00e9curit\u00e9 et de fiabilit\u00e9. Avec trois options de capacit\u00e9 de charge polyvalente de 6, 7 et 8 tonnes, il s&rsquo;adapte \u00e0 vos besoins uniques.  <\/p>\n<p>Dot\u00e9 d&rsquo;une conception robuste et rationalis\u00e9e, d&rsquo;une ing\u00e9nierie structurelle optimis\u00e9e, d&rsquo;une largeur r\u00e9duite et d&rsquo;un poids propre plus faible, ce chariot \u00e9l\u00e9vateur \u00e0 fourche se faufile sans effort dans les passages \u00e9troits avec une consommation d&rsquo;\u00e9nergie remarquablement faible. Il est con\u00e7u pour exceller dans les industries les plus exigeantes, telles que<br \/>\n, la m\u00e9tallurgie, les ports, les parcs \u00e0 conteneurs, l&rsquo;automobile et la fabrication de moules, o\u00f9 la protection de l&rsquo;environnement est primordiale. Il remplace les chariots \u00e9l\u00e9vateurs traditionnels \u00e0 combustion interne et fonctionne efficacement sans bruit ni \u00e9missions, ce qui favorise un espace de travail plus sain et plus respectueux de l&rsquo;environnement.  <\/p>\n","protected":false},"featured_media":18301,"comment_status":"closed","ping_status":"closed","template":"","meta":{"_acf_changed":false},"product_brand":[],"product_cat":[142,143],"product_tag":[],"class_list":{"0":"post-42749","1":"product","2":"type-product","3":"status-publish","4":"has-post-thumbnail","6":"product_cat-electric-forklift-fr","7":"product_cat-lithium-fr","9":"first","10":"outofstock","11":"taxable","12":"shipping-taxable","13":"product-type-variable"},"exclude_global_add_ons":false,"addons":[{"name":"Pile au lithium","type":"multiple_choice","position":0,"required":false,"title_format":"label","default":"","description_enable":false,"description":null,"placeholder_enable":false,"placeholder":null,"display":"select","restrictions_type":"any_text","adjust_price":false,"price":"","price_type":"flat_fee","restrictions":false,"min":"0","max":"0","options":[{"label":"Option-96V 554Ah batterie au lithium","price":"5954","price_type":"quantity_based","image":0,"visibility":true},{"label":"Option-96V 618Ah batterie au lithium","price":"7166","price_type":"quantity_based","image":0,"visibility":true},{"label":"Option-96V 840Ah batterie au lithium","price":"15748","price_type":"quantity_based","image":0,"visibility":true}],"id":1745523982},{"name":"Batterie acide","type":"multiple_choice","position":1,"required":false,"title_format":"label","default":"","description_enable":false,"description":null,"placeholder_enable":false,"placeholder":null,"display":"select","restrictions_type":"any_text","adjust_price":false,"price":"","price_type":"flat_fee","restrictions":false,"min":"0","max":"0","options":[{"label":"Option-96V810Ah batterie plomb-acide","price":"3250","price_type":"quantity_based","image":0,"visibility":true},{"label":"Option-96V945Ah batterie plomb-acide","price":"11106","price_type":"quantity_based","image":0,"visibility":true}],"id":1745524199},{"name":"Chargeur de batterie","type":"multiple_choice","position":2,"required":true,"title_format":"label","default":"","description_enable":false,"description":null,"placeholder_enable":false,"placeholder":null,"display":"radiobutton","restrictions_type":"any_text","adjust_price":false,"price":"","price_type":"flat_fee","restrictions":false,"min":"0","max":"0","options":[{"label":"Chargeur au lithium 96V\/200AH 3PH 600VAC","price":"17600","price_type":"quantity_based","image":0,"visibility":true},{"label":"Chargeur au lithium 96V\/200AH 3PH 600VAC FST","price":"8500","price_type":"quantity_based","image":0,"visibility":true}],"id":1745528944},{"name":"Chargeur de batterie","type":"multiple_choice","position":3,"required":true,"title_format":"label","default":"","description_enable":false,"description":null,"placeholder_enable":false,"placeholder":null,"display":"select","restrictions_type":"any_text","adjust_price":false,"price":"","price_type":"flat_fee","restrictions":false,"min":"0","max":"0","options":[{"label":"Chargeur acide 96V 600v 3PH","price":"6508","price_type":"quantity_based","image":0,"visibility":true}],"id":1745528942},{"name":"Chargeur de batterie","type":"multiple_choice","position":4,"required":true,"title_format":"label","default":"","description_enable":false,"description":null,"placeholder_enable":false,"placeholder":null,"display":"radiobutton","restrictions_type":"any_text","adjust_price":false,"price":"","price_type":"flat_fee","restrictions":false,"min":"0","max":"0","options":[{"label":"Syst\u00e8me d'arrosage pour batterie acide","price":"1450","price_type":"quantity_based","image":0,"visibility":true}],"id":1745528943},{"name":"TYPE DE MAT","type":"multiple_choice","position":5,"required":true,"title_format":"label","default":"","description_enable":false,"description":null,"placeholder_enable":false,"placeholder":null,"display":"radiobutton","restrictions_type":"any_text","adjust_price":false,"price":"","price_type":"flat_fee","restrictions":false,"min":"0","max":"0","options":[{"label":"Vue libre \u00e0 2 niveaux","price":"2798","price_type":"quantity_based","image":0,"visibility":true},{"label":"Vue libre \u00e0 2 niveaux","price":"4218","price_type":"quantity_based","image":0,"visibility":true},{"label":"Vue libre \u00e0 2 niveaux","price":"5578","price_type":"quantity_based","image":0,"visibility":true},{"label":"Vue libre en 3 \u00e9tapes","price":"9612","price_type":"quantity_based","image":0,"visibility":true},{"label":"Vue libre en 3 \u00e9tapes","price":"9918","price_type":"quantity_based","image":0,"visibility":true},{"label":"Vue libre en 3 \u00e9tapes","price":"11446","price_type":"quantity_based","image":0,"visibility":true},{"label":"Vue libre en 3 \u00e9tapes","price":"12238","price_type":"quantity_based","image":0,"visibility":true},{"label":"Vue libre compl\u00e8te en 3 \u00e9tapes","price":"12818","price_type":"quantity_based","image":0,"visibility":true},{"label":"Vue libre compl\u00e8te en 3 \u00e9tapes","price":"14406","price_type":"quantity_based","image":0,"visibility":true}],"id":1745524965},{"name":"Hydraulique","type":"multiple_choice","position":6,"required":true,"title_format":"label","default":"","description_enable":false,"description":null,"placeholder_enable":false,"placeholder":null,"display":"radiobutton","restrictions_type":"any_text","adjust_price":false,"price":"","price_type":"flat_fee","restrictions":false,"min":"0","max":"0","options":[{"label":"Tuyau interne pour m\u00e2ts \u00e0 2 \u00e9tages \u00e0 vue libre Vanne \u00e0 4 voies","price":"1676","price_type":"quantity_based","image":0,"visibility":true},{"label":"Tuyau interne pour m\u00e2ts \u00e0 2 \u00e9tages \u00e0 vue libre Valve \u00e0 4 voies","price":"2074","price_type":"quantity_based","image":0,"visibility":true}],"id":1745525225},{"name":"Hydraulique","type":"multiple_choice","position":7,"required":true,"title_format":"label","default":"","description_enable":false,"description":null,"placeholder_enable":false,"placeholder":null,"display":"radiobutton","restrictions_type":"any_text","adjust_price":false,"price":"","price_type":"flat_fee","restrictions":false,"min":"0","max":"0","options":[{"label":"Tuyau interne pour les m\u00e2ts \u00e0 3 \u00e9tages \u00e0 vue libre Valve \u00e0 4 voies","price":"2760","price_type":"quantity_based","image":0,"visibility":true}],"id":1745525226},{"name":"Longueur de la fourche Standard 42","type":"multiple_choice","position":8,"required":false,"title_format":"label","default":"","description_enable":false,"description":null,"placeholder_enable":false,"placeholder":null,"display":"select","restrictions_type":"any_text","adjust_price":false,"price":"","price_type":"flat_fee","restrictions":false,"min":"0","max":"0","options":[{"label":"Longueur de fourche disponible : 48","price":"320","price_type":"quantity_based","image":0,"visibility":true},{"label":"Longueur de fourche disponible : 54","price":"320","price_type":"quantity_based","image":0,"visibility":true},{"label":"Longueur de fourche disponible : 60","price":"320","price_type":"quantity_based","image":0,"visibility":true},{"label":"Longueur de fourche disponible : 66\"","price":"320","price_type":"quantity_based","image":0,"visibility":true},{"label":"Longueur de fourche disponible : 72","price":"320","price_type":"quantity_based","image":0,"visibility":true},{"label":"Longueur de fourche disponible : 78","price":"320","price_type":"quantity_based","image":0,"visibility":true}],"id":1746130450},{"name":"\u00c9quipement en option","type":"checkbox","position":9,"required":false,"title_format":"label","default":"","description_enable":false,"description":null,"placeholder_enable":false,"placeholder":null,"display":"select","restrictions_type":"any_text","adjust_price":false,"price":"","price_type":"flat_fee","restrictions":false,"min":"0","max":"0","options":[{"label":"Longhe S\/S-F\/P avec fourches de 48'' (1220mm)","price":"10400","price_type":"quantity_based","image":0,"visibility":true},{"label":"Longhe S\/S-F\/P avec fourches de 54'' (1370mm)","price":"10800","price_type":"quantity_based","image":0,"visibility":true},{"label":"Longhe S\/S-F\/P avec fourches de 60''(1520mm)","price":"11200","price_type":"quantity_based","image":0,"visibility":true},{"label":"Longhe S\/S-F\/P avec fourches de 72''(1820mm)","price":"11600","price_type":"quantity_based","image":0,"visibility":true},{"label":"Longhe S\/S-F\/\/P avec fourches de 84\"(2133mm)","price":"12200","price_type":"quantity_based","image":0,"visibility":true},{"label":"Longhe S\/S-FP avec fourches de 96''(2440mm)","price":"12600","price_type":"quantity_based","image":0,"visibility":true}],"id":1745525758},{"name":"En option","type":"checkbox","position":10,"required":false,"title_format":"label","default":"","description_enable":false,"description":null,"placeholder_enable":false,"placeholder":null,"display":"select","restrictions_type":"any_text","adjust_price":false,"price":"","price_type":"flat_fee","restrictions":false,"min":"0","max":"0","options":[{"label":"Cabine avec portes + ventilateur","price":"5846","price_type":"quantity_based","image":0,"visibility":true},{"label":"Essuie-glace arri\u00e8re","price":"300","price_type":"quantity_based","image":0,"visibility":true},{"label":"Climatisation","price":"5306","price_type":"quantity_based","image":0,"visibility":true},{"label":"Chauffage de la cabine","price":"722","price_type":"quantity_based","image":0,"visibility":true},{"label":"Contr\u00f4le du bout des doigts (TBD)","price":"","price_type":"quantity_based","image":0,"visibility":true},{"label":"Chauffe-batterie Lithium","price":"2250","price_type":"quantity_based","image":0,"visibility":true},{"label":"Support de chargeur et b\u00e2ton de pogo","price":"1100","price_type":"quantity_based","image":0,"visibility":true},{"label":"Cam\u00e9ra de recul avec capteur de pi\u00e9tons","price":"3306","price_type":"quantity_based","image":0,"visibility":true}],"id":1745526465}],"acf":{"coming_soon":false,"item_description":"Counter-balance Electric Forklift<br \/> 6000-8000 KG","brochure_button_label":"Brochure","brochure":18272,"location":"","video":"https:\/\/www.youtube.com\/watch?v=DtmOg_y4fAk","standard_features":"","alternative_numbers":"","erp_id":"","models":"","load_charts":null,"load_charts_2":null,"load_charts_3":null,"load_charts_4":null},"yoast_head":"<!-- This site is optimized with the Yoast SEO plugin v27.3 - https:\/\/yoast.com\/product\/yoast-seo-wordpress\/ -->\n<title>FE4P 60-80N &#8212; Noblelift Canada<\/title>\n<meta name=\"description\" content=\"FE4P 60-80N by Noblelift Canada | | Inquire Now To Get Your Noblelift Equipment &amp; Parts\" \/>\n<meta name=\"robots\" content=\"index, follow, max-snippet:-1, max-image-preview:large, max-video-preview:-1\" \/>\n<link rel=\"canonical\" href=\"https:\/\/nobleliftcanada.com\/fr\/produit\/counter-balance-electric-forklift-6000-8000kg-fe4p-60-80n\/\" \/>\n<meta property=\"og:locale\" content=\"fr_FR\" \/>\n<meta property=\"og:type\" content=\"article\" \/>\n<meta property=\"og:title\" content=\"FE4P 60-80N &#8212; Noblelift Canada\" \/>\n<meta property=\"og:description\" content=\"FE4P 60-80N by Noblelift Canada | | Inquire Now To Get Your Noblelift Equipment &amp; Parts\" \/>\n<meta property=\"og:url\" content=\"https:\/\/nobleliftcanada.com\/fr\/produit\/counter-balance-electric-forklift-6000-8000kg-fe4p-60-80n\/\" \/>\n<meta property=\"og:site_name\" content=\"Noblelift Canada\" \/>\n<meta property=\"article:publisher\" content=\"https:\/\/www.facebook.com\/Noblelift-Canada-102966741541390\/\" \/>\n<meta property=\"article:modified_time\" content=\"2025-05-11T03:17:10+00:00\" \/>\n<meta property=\"og:image\" content=\"https:\/\/nobleliftcanada.com\/wp-content\/uploads\/2020\/09\/06-FE4P60-80N.png\" \/>\n\t<meta property=\"og:image:width\" content=\"1253\" \/>\n\t<meta property=\"og:image:height\" content=\"1253\" \/>\n\t<meta property=\"og:image:type\" content=\"image\/png\" \/>\n<meta name=\"twitter:card\" content=\"summary_large_image\" \/>\n<script type=\"application\/ld+json\" class=\"yoast-schema-graph\">{\"@context\":\"https:\\\/\\\/schema.org\",\"@graph\":[{\"@type\":\"WebPage\",\"@id\":\"https:\\\/\\\/nobleliftcanada.com\\\/fr\\\/produit\\\/counter-balance-electric-forklift-6000-8000kg-fe4p-60-80n\\\/\",\"url\":\"https:\\\/\\\/nobleliftcanada.com\\\/fr\\\/produit\\\/counter-balance-electric-forklift-6000-8000kg-fe4p-60-80n\\\/\",\"name\":\"FE4P 60-80N &#8212; Noblelift Canada\",\"isPartOf\":{\"@id\":\"https:\\\/\\\/nobleliftcanada.com\\\/fr\\\/#website\"},\"primaryImageOfPage\":{\"@id\":\"https:\\\/\\\/nobleliftcanada.com\\\/fr\\\/produit\\\/counter-balance-electric-forklift-6000-8000kg-fe4p-60-80n\\\/#primaryimage\"},\"image\":{\"@id\":\"https:\\\/\\\/nobleliftcanada.com\\\/fr\\\/produit\\\/counter-balance-electric-forklift-6000-8000kg-fe4p-60-80n\\\/#primaryimage\"},\"thumbnailUrl\":\"https:\\\/\\\/nobleliftcanada.com\\\/wp-content\\\/uploads\\\/2020\\\/09\\\/06-FE4P60-80N.png\",\"datePublished\":\"2025-03-21T19:54:20+00:00\",\"dateModified\":\"2025-05-11T03:17:10+00:00\",\"description\":\"FE4P 60-80N by Noblelift Canada | | Inquire Now To Get Your Noblelift Equipment & Parts\",\"breadcrumb\":{\"@id\":\"https:\\\/\\\/nobleliftcanada.com\\\/fr\\\/produit\\\/counter-balance-electric-forklift-6000-8000kg-fe4p-60-80n\\\/#breadcrumb\"},\"inLanguage\":\"fr-FR\",\"potentialAction\":[{\"@type\":\"ReadAction\",\"target\":[\"https:\\\/\\\/nobleliftcanada.com\\\/fr\\\/produit\\\/counter-balance-electric-forklift-6000-8000kg-fe4p-60-80n\\\/\"]}]},{\"@type\":\"ImageObject\",\"inLanguage\":\"fr-FR\",\"@id\":\"https:\\\/\\\/nobleliftcanada.com\\\/fr\\\/produit\\\/counter-balance-electric-forklift-6000-8000kg-fe4p-60-80n\\\/#primaryimage\",\"url\":\"https:\\\/\\\/nobleliftcanada.com\\\/wp-content\\\/uploads\\\/2020\\\/09\\\/06-FE4P60-80N.png\",\"contentUrl\":\"https:\\\/\\\/nobleliftcanada.com\\\/wp-content\\\/uploads\\\/2020\\\/09\\\/06-FE4P60-80N.png\",\"width\":1253,\"height\":1253},{\"@type\":\"BreadcrumbList\",\"@id\":\"https:\\\/\\\/nobleliftcanada.com\\\/fr\\\/produit\\\/counter-balance-electric-forklift-6000-8000kg-fe4p-60-80n\\\/#breadcrumb\",\"itemListElement\":[{\"@type\":\"ListItem\",\"position\":1,\"name\":\"Home\",\"item\":\"https:\\\/\\\/nobleliftcanada.com\\\/fr\\\/\"},{\"@type\":\"ListItem\",\"position\":2,\"name\":\"Boutique\",\"item\":\"https:\\\/\\\/nobleliftcanada.com\\\/shop\\\/\"},{\"@type\":\"ListItem\",\"position\":3,\"name\":\"FE4P 60-80N\"}]},{\"@type\":\"WebSite\",\"@id\":\"https:\\\/\\\/nobleliftcanada.com\\\/fr\\\/#website\",\"url\":\"https:\\\/\\\/nobleliftcanada.com\\\/fr\\\/\",\"name\":\"Noblelift Canada\",\"description\":\"Canada&#039;s Leader | Material Handling Equipment\",\"publisher\":{\"@id\":\"https:\\\/\\\/nobleliftcanada.com\\\/fr\\\/#organization\"},\"potentialAction\":[{\"@type\":\"SearchAction\",\"target\":{\"@type\":\"EntryPoint\",\"urlTemplate\":\"https:\\\/\\\/nobleliftcanada.com\\\/fr\\\/?s={search_term_string}\"},\"query-input\":{\"@type\":\"PropertyValueSpecification\",\"valueRequired\":true,\"valueName\":\"search_term_string\"}}],\"inLanguage\":\"fr-FR\"},{\"@type\":\"Organization\",\"@id\":\"https:\\\/\\\/nobleliftcanada.com\\\/fr\\\/#organization\",\"name\":\"Noblelift Canada\",\"url\":\"https:\\\/\\\/nobleliftcanada.com\\\/fr\\\/\",\"logo\":{\"@type\":\"ImageObject\",\"inLanguage\":\"fr-FR\",\"@id\":\"https:\\\/\\\/nobleliftcanada.com\\\/fr\\\/#\\\/schema\\\/logo\\\/image\\\/\",\"url\":\"https:\\\/\\\/nobleliftcanada.com\\\/wp-content\\\/uploads\\\/2020\\\/08\\\/NOBLELIFTCANADA-1.png\",\"contentUrl\":\"https:\\\/\\\/nobleliftcanada.com\\\/wp-content\\\/uploads\\\/2020\\\/08\\\/NOBLELIFTCANADA-1.png\",\"width\":2413,\"height\":880,\"caption\":\"Noblelift Canada\"},\"image\":{\"@id\":\"https:\\\/\\\/nobleliftcanada.com\\\/fr\\\/#\\\/schema\\\/logo\\\/image\\\/\"},\"sameAs\":[\"https:\\\/\\\/www.facebook.com\\\/Noblelift-Canada-102966741541390\\\/\"]}]}<\/script>\n<!-- \/ Yoast SEO plugin. -->","yoast_head_json":{"title":"FE4P 60-80N &#8212; Noblelift Canada","description":"FE4P 60-80N by Noblelift Canada | | Inquire Now To Get Your Noblelift Equipment & Parts","robots":{"index":"index","follow":"follow","max-snippet":"max-snippet:-1","max-image-preview":"max-image-preview:large","max-video-preview":"max-video-preview:-1"},"canonical":"https:\/\/nobleliftcanada.com\/fr\/produit\/counter-balance-electric-forklift-6000-8000kg-fe4p-60-80n\/","og_locale":"fr_FR","og_type":"article","og_title":"FE4P 60-80N &#8212; Noblelift Canada","og_description":"FE4P 60-80N by Noblelift Canada | | Inquire Now To Get Your Noblelift Equipment & Parts","og_url":"https:\/\/nobleliftcanada.com\/fr\/produit\/counter-balance-electric-forklift-6000-8000kg-fe4p-60-80n\/","og_site_name":"Noblelift Canada","article_publisher":"https:\/\/www.facebook.com\/Noblelift-Canada-102966741541390\/","article_modified_time":"2025-05-11T03:17:10+00:00","og_image":[{"width":1253,"height":1253,"url":"https:\/\/nobleliftcanada.com\/wp-content\/uploads\/2020\/09\/06-FE4P60-80N.png","type":"image\/png"}],"twitter_card":"summary_large_image","schema":{"@context":"https:\/\/schema.org","@graph":[{"@type":"WebPage","@id":"https:\/\/nobleliftcanada.com\/fr\/produit\/counter-balance-electric-forklift-6000-8000kg-fe4p-60-80n\/","url":"https:\/\/nobleliftcanada.com\/fr\/produit\/counter-balance-electric-forklift-6000-8000kg-fe4p-60-80n\/","name":"FE4P 60-80N &#8212; Noblelift Canada","isPartOf":{"@id":"https:\/\/nobleliftcanada.com\/fr\/#website"},"primaryImageOfPage":{"@id":"https:\/\/nobleliftcanada.com\/fr\/produit\/counter-balance-electric-forklift-6000-8000kg-fe4p-60-80n\/#primaryimage"},"image":{"@id":"https:\/\/nobleliftcanada.com\/fr\/produit\/counter-balance-electric-forklift-6000-8000kg-fe4p-60-80n\/#primaryimage"},"thumbnailUrl":"https:\/\/nobleliftcanada.com\/wp-content\/uploads\/2020\/09\/06-FE4P60-80N.png","datePublished":"2025-03-21T19:54:20+00:00","dateModified":"2025-05-11T03:17:10+00:00","description":"FE4P 60-80N by Noblelift Canada | | Inquire Now To Get Your Noblelift Equipment & Parts","breadcrumb":{"@id":"https:\/\/nobleliftcanada.com\/fr\/produit\/counter-balance-electric-forklift-6000-8000kg-fe4p-60-80n\/#breadcrumb"},"inLanguage":"fr-FR","potentialAction":[{"@type":"ReadAction","target":["https:\/\/nobleliftcanada.com\/fr\/produit\/counter-balance-electric-forklift-6000-8000kg-fe4p-60-80n\/"]}]},{"@type":"ImageObject","inLanguage":"fr-FR","@id":"https:\/\/nobleliftcanada.com\/fr\/produit\/counter-balance-electric-forklift-6000-8000kg-fe4p-60-80n\/#primaryimage","url":"https:\/\/nobleliftcanada.com\/wp-content\/uploads\/2020\/09\/06-FE4P60-80N.png","contentUrl":"https:\/\/nobleliftcanada.com\/wp-content\/uploads\/2020\/09\/06-FE4P60-80N.png","width":1253,"height":1253},{"@type":"BreadcrumbList","@id":"https:\/\/nobleliftcanada.com\/fr\/produit\/counter-balance-electric-forklift-6000-8000kg-fe4p-60-80n\/#breadcrumb","itemListElement":[{"@type":"ListItem","position":1,"name":"Home","item":"https:\/\/nobleliftcanada.com\/fr\/"},{"@type":"ListItem","position":2,"name":"Boutique","item":"https:\/\/nobleliftcanada.com\/shop\/"},{"@type":"ListItem","position":3,"name":"FE4P 60-80N"}]},{"@type":"WebSite","@id":"https:\/\/nobleliftcanada.com\/fr\/#website","url":"https:\/\/nobleliftcanada.com\/fr\/","name":"Noblelift Canada","description":"Canada&#039;s Leader | Material Handling Equipment","publisher":{"@id":"https:\/\/nobleliftcanada.com\/fr\/#organization"},"potentialAction":[{"@type":"SearchAction","target":{"@type":"EntryPoint","urlTemplate":"https:\/\/nobleliftcanada.com\/fr\/?s={search_term_string}"},"query-input":{"@type":"PropertyValueSpecification","valueRequired":true,"valueName":"search_term_string"}}],"inLanguage":"fr-FR"},{"@type":"Organization","@id":"https:\/\/nobleliftcanada.com\/fr\/#organization","name":"Noblelift Canada","url":"https:\/\/nobleliftcanada.com\/fr\/","logo":{"@type":"ImageObject","inLanguage":"fr-FR","@id":"https:\/\/nobleliftcanada.com\/fr\/#\/schema\/logo\/image\/","url":"https:\/\/nobleliftcanada.com\/wp-content\/uploads\/2020\/08\/NOBLELIFTCANADA-1.png","contentUrl":"https:\/\/nobleliftcanada.com\/wp-content\/uploads\/2020\/08\/NOBLELIFTCANADA-1.png","width":2413,"height":880,"caption":"Noblelift Canada"},"image":{"@id":"https:\/\/nobleliftcanada.com\/fr\/#\/schema\/logo\/image\/"},"sameAs":["https:\/\/www.facebook.com\/Noblelift-Canada-102966741541390\/"]}]}},"_links":{"self":[{"href":"https:\/\/nobleliftcanada.com\/fr\/wp-json\/wp\/v2\/product\/42749","targetHints":{"allow":["GET"]}}],"collection":[{"href":"https:\/\/nobleliftcanada.com\/fr\/wp-json\/wp\/v2\/product"}],"about":[{"href":"https:\/\/nobleliftcanada.com\/fr\/wp-json\/wp\/v2\/types\/product"}],"replies":[{"embeddable":true,"href":"https:\/\/nobleliftcanada.com\/fr\/wp-json\/wp\/v2\/comments?post=42749"}],"version-history":[{"count":2,"href":"https:\/\/nobleliftcanada.com\/fr\/wp-json\/wp\/v2\/product\/42749\/revisions"}],"predecessor-version":[{"id":45147,"href":"https:\/\/nobleliftcanada.com\/fr\/wp-json\/wp\/v2\/product\/42749\/revisions\/45147"}],"wp:featuredmedia":[{"embeddable":true,"href":"https:\/\/nobleliftcanada.com\/fr\/wp-json\/wp\/v2\/media\/18301"}],"wp:attachment":[{"href":"https:\/\/nobleliftcanada.com\/fr\/wp-json\/wp\/v2\/media?parent=42749"}],"wp:term":[{"taxonomy":"product_brand","embeddable":true,"href":"https:\/\/nobleliftcanada.com\/fr\/wp-json\/wp\/v2\/product_brand?post=42749"},{"taxonomy":"product_cat","embeddable":true,"href":"https:\/\/nobleliftcanada.com\/fr\/wp-json\/wp\/v2\/product_cat?post=42749"},{"taxonomy":"product_tag","embeddable":true,"href":"https:\/\/nobleliftcanada.com\/fr\/wp-json\/wp\/v2\/product_tag?post=42749"}],"curies":[{"name":"wp","href":"https:\/\/api.w.org\/{rel}","templated":true}]}}