{"id":42747,"date":"2025-03-21T19:58:26","date_gmt":"2025-03-21T19:58:26","guid":{"rendered":"https:\/\/nobleliftcanada.com\/product\/4-wheel-electric-forklift-1600-3500kg-fe4p-16-18-20-25-30-35-n\/"},"modified":"2025-05-11T03:17:23","modified_gmt":"2025-05-11T03:17:23","slug":"4-wheel-electric-forklift-1600-3500kg-fe4p-16-18-20-25-30-35-n","status":"publish","type":"product","link":"https:\/\/nobleliftcanada.com\/fr\/produit\/4-wheel-electric-forklift-1600-3500kg-fe4p-16-18-20-25-30-35-n\/","title":{"rendered":"FE4P 16-18-20-25-30-35 N"},"content":{"rendered":"\t\t<div data-elementor-type=\"product-post\" data-elementor-id=\"42747\" class=\"elementor elementor-42747 elementor-29417\" data-elementor-post-type=\"product\">\n\t\t\t\t\t\t<section class=\"elementor-section elementor-top-section elementor-element elementor-element-f28c7be elementor-section-full_width elementor-section-height-default elementor-section-height-default\" data-id=\"f28c7be\" data-element_type=\"section\" data-e-type=\"section\">\n\t\t\t\t\t\t<div class=\"elementor-container elementor-column-gap-default\">\n\t\t\t\t\t<div class=\"elementor-column elementor-col-100 elementor-top-column elementor-element elementor-element-7d83fa5\" data-id=\"7d83fa5\" data-element_type=\"column\" data-e-type=\"column\">\n\t\t\t<div class=\"elementor-widget-wrap elementor-element-populated\">\n\t\t\t\t\t\t<div class=\"elementor-element elementor-element-c33b4c9 elementor-widget elementor-widget-heading\" data-id=\"c33b4c9\" data-element_type=\"widget\" data-e-type=\"widget\" data-widget_type=\"heading.default\">\n\t\t\t\t<div class=\"elementor-widget-container\">\n\t\t\t\t\t<h2 class=\"elementor-heading-title elementor-size-default\">Les principaux param\u00e8tres<\/h2>\t\t\t\t<\/div>\n\t\t\t\t<\/div>\n\t\t\t\t<div class=\"elementor-element elementor-element-2caecb2 elementor-tabs-alignment-center elementor-hidden-phone elementor-tabs-view-horizontal elementor-widget elementor-widget-tabs\" data-id=\"2caecb2\" data-element_type=\"widget\" data-e-type=\"widget\" data-widget_type=\"tabs.default\">\n\t\t\t\t<div class=\"elementor-widget-container\">\n\t\t\t\t\t\t\t<div class=\"elementor-tabs\">\n\t\t\t<div class=\"elementor-tabs-wrapper\" role=\"tablist\" >\n\t\t\t\t\t\t\t\t\t<div id=\"elementor-tab-title-4681\" class=\"elementor-tab-title elementor-tab-desktop-title\" aria-selected=\"true\" data-tab=\"1\" role=\"tab\" tabindex=\"0\" aria-controls=\"elementor-tab-content-4681\" aria-expanded=\"false\">Imp\u00e9rial<\/div>\n\t\t\t\t\t\t\t\t\t<div id=\"elementor-tab-title-4682\" class=\"elementor-tab-title elementor-tab-desktop-title\" aria-selected=\"false\" data-tab=\"2\" role=\"tab\" tabindex=\"-1\" aria-controls=\"elementor-tab-content-4682\" aria-expanded=\"false\">M\u00e9trique<\/div>\n\t\t\t\t\t\t\t<\/div>\n\t\t\t<div class=\"elementor-tabs-content-wrapper\" role=\"tablist\" aria-orientation=\"vertical\">\n\t\t\t\t\t\t\t\t\t<div class=\"elementor-tab-title elementor-tab-mobile-title\" aria-selected=\"true\" data-tab=\"1\" role=\"tab\" tabindex=\"0\" aria-controls=\"elementor-tab-content-4681\" aria-expanded=\"false\">Imp\u00e9rial<\/div>\n\t\t\t\t\t<div id=\"elementor-tab-content-4681\" class=\"elementor-tab-content elementor-clearfix\" data-tab=\"1\" role=\"tabpanel\" aria-labelledby=\"elementor-tab-title-4681\" tabindex=\"0\" hidden=\"false\"><table>\n<tbody>\n<tr>\n<th>Mod\u00e8le :<\/th>\n<th> <\/th>\n<th>FE4P16N<\/th>\n<th>FE4P18N<\/th>\n<th>FE4P20N<\/th>\n<th>FE4P25N<\/th>\n<th>FE4P30N<\/th>\n<th>FE4P35N<\/th>\n<\/tr>\n<tr>\n<td>S\u00e9rie :<\/td>\n<td> <\/td>\n<td>  S\u00e9rie N<\/td>\n<td>  S\u00e9rie N<\/td>\n<td>  S\u00e9rie N<\/td>\n<td>  S\u00e9rie N<\/td>\n<td>  S\u00e9rie N<\/td>\n<td>  S\u00e9rie N<\/td>\n<\/tr>\n<tr>\n<td>Capacit\u00e9 de charge :<\/td>\n<td>Q(lbs)<\/td>\n<td>3200.0<\/td>\n<td>3600.0<\/td>\n<td>4000.0<\/td>\n<td>5000.0<\/td>\n<td>6000<\/td>\n<td>7000<\/td>\n<\/tr>\n<tr>\n<td>Centre de charge :<\/td>\n<td>C(in)<\/td>\n<td>23.6<\/td>\n<td>23.6<\/td>\n<td>23.6<\/td>\n<td>23.6<\/td>\n<td>23.6<\/td>\n<td>23.6<\/td>\n<\/tr>\n<tr>\n<td>Type d&rsquo;op\u00e9rateur :<\/td>\n<td> <\/td>\n<td>assis<\/td>\n<td>assis<\/td>\n<td>assis<\/td>\n<td>assis<\/td>\n<td>assis<\/td>\n<td>assis<\/td>\n<\/tr>\n<tr>\n<td>Hauteur du garde-corps :<\/td>\n<td>h6(in)<\/td>\n<td>86.6<\/td>\n<td>86.6<\/td>\n<td>86.2<\/td>\n<td>86.2<\/td>\n<td>86.2<\/td>\n<td>86.2<\/td>\n<\/tr>\n<tr>\n<td>Longueur jusqu&rsquo;\u00e0 la face des fourches<\/td>\n<td>l2(en)<\/td>\n<td>81.1<\/td>\n<td>81.1<\/td>\n<td>91.5<\/td>\n<td>91.7<\/td>\n<td>99.8<\/td>\n<td>101.4<\/td>\n<\/tr>\n<tr>\n<td>Largeur totale :<\/td>\n<td>b1(en)<\/td>\n<td>45<\/td>\n<td>45<\/td>\n<td>49.6<\/td>\n<td>49.6<\/td>\n<td>49.6<\/td>\n<td>50.8<\/td>\n<\/tr>\n<tr>\n<td>Rayon de braquage (dans le compartiment de la batterie standard) :<\/td>\n<td>Wa(in)<\/td>\n<td>71.6<\/td>\n<td>71.6<\/td>\n<td>80.7<\/td>\n<td>80.7<\/td>\n<td>87.8<\/td>\n<td>90.6<\/td>\n<\/tr>\n<tr>\n<td>Empilement \u00e0 droiteLargeur d&rsquo;all\u00e9e pour palettes 1000 x 1200 (40&Prime; x 48&Prime;)<\/td>\n<td>Ast(in)<\/td>\n<td>124.4<\/td>\n<td>124.4<\/td>\n<td>146.4<\/td>\n<td>146.4<\/td>\n<td>156.2<\/td>\n<td>156.2<\/td>\n<\/tr>\n<tr>\n<td>Empilement \u00e0 droite Largeur d&rsquo;all\u00e9e pour les palettes<br \/>800 x 1200 (32&Prime; x 48&Prime;)<\/td>\n<td>Ast(in)<\/td>\n<td>132.3<\/td>\n<td>132.3<\/td>\n<td>154.3<\/td>\n<td>154.3<\/td>\n<td>164.1<\/td>\n<td>164.1<\/td>\n<\/tr>\n<tr>\n<td>Type de pneu :<\/td>\n<td> <\/td>\n<td><span class=\"JsGRdQ\">Pneumatique\/Caoutchouc solide<\/span><\/td>\n<td><span class=\"JsGRdQ\">Pneumatique\/Caoutchouc solide<\/span><\/td>\n<td><span class=\"JsGRdQ\">Pneumatique\/Caoutchouc solide<\/span><\/td>\n<td><span class=\"JsGRdQ\">Pneumatique\/Caoutchouc solide<\/span><\/td>\n<td><span class=\"JsGRdQ\">Pneumatique\/Caoutchouc solide<\/span><\/td>\n<td><span class=\"JsGRdQ\">Pneumatique\/Caoutchouc solide<\/span><\/td>\n<\/tr>\n<tr>\n<td>Poids total approximatif (sans batterie) :<\/td>\n<td>livres<\/td>\n<td>5335<\/td>\n<td>5500<\/td>\n<td>6738.6<\/td>\n<td>7289.04<\/td>\n<td>7788<\/td>\n<td>8624.0<\/td>\n<\/tr>\n<tr>\n<td>Vitesse de d\u00e9placement max. Vitesse de d\u00e9placement (charg\u00e9\/d\u00e9charg\u00e9) : <\/td>\n<td>miine\/h<\/td>\n<td>8.07\/9.32<\/td>\n<td>8.07\/9.32<\/td>\n<td>8.07\/8.70<\/td>\n<td>8.07\/8.70<\/td>\n<td>8.07\/8.70<\/td>\n<td>7.44\/8.06<\/td>\n<\/tr>\n<tr>\n<td>Batterie plomb-acide Tension\/capacit\u00e9 nominale :<\/td>\n<td>V\/Ah<\/td>\n<td>48\/400<br \/>(48\/450 48\/500 en option)<\/td>\n<td>48\/450<br \/>(48\/500 en option)<\/td>\n<td>48\/600<br \/>(48\/630\/700\/770 en option)<\/td>\n<td>  48\/600<br \/>(48\/630\/700\/770 en option)<\/td>\n<td>  80\/500<br \/>80\/560 (en option)<\/td>\n<td>  80\/500<br \/>80\/560 (en option)<\/td>\n<\/tr>\n<tr>\n<td>Batterie Li-ion\/capacit\u00e9 nominale<\/td>\n<td>V\/Ah<\/td>\n<td>48\/300\/400<\/td>\n<td>48\/300\/400<\/td>\n<td>48\/400\/500<\/td>\n<td>48\/400\/500<\/td>\n<td>80\/300\/400\/500<\/td>\n<td>80\/300\/400\/500<\/td>\n<\/tr>\n<tr>\n<td>Moteur d&rsquo;entra\u00eenement &#8211; 60 min :<\/td>\n<td>hp<\/td>\n<td>9<\/td>\n<td>9<\/td>\n<td>14.7<\/td>\n<td>14.7<\/td>\n<td>20<\/td>\n<td>20<\/td>\n<\/tr>\n<tr>\n<td>Moteur de la pompe &#8211; 15 min :<\/td>\n<td>hp<\/td>\n<td>11.5<\/td>\n<td>11.5<\/td>\n<td>11.5<\/td>\n<td>11.5<\/td>\n<td>13\/15<\/td>\n<td>13\/15<\/td>\n<\/tr>\n<tr>\n<td>M\u00e9thode de contr\u00f4le du moteur d&rsquo;entra\u00eenement :<\/td>\n<td> <\/td>\n<td>AC<\/td>\n<td>AC<\/td>\n<td>AC<\/td>\n<td>AC<\/td>\n<td>AC<\/td>\n<td>AC<\/td>\n<\/tr>\n<tr>\n<td>Contr\u00f4les :<\/td>\n<td> <\/td>\n<td>Curtis<\/td>\n<td>Curtis<\/td>\n<td>Curtis<\/td>\n<td>Curtis<\/td>\n<td>Curtis<\/td>\n<td>Curtis<\/td>\n<\/tr>\n<\/tbody>\n<\/table>\n<\/div>\n\t\t\t\t\t\t\t\t\t<div class=\"elementor-tab-title elementor-tab-mobile-title\" aria-selected=\"false\" data-tab=\"2\" role=\"tab\" tabindex=\"-1\" aria-controls=\"elementor-tab-content-4682\" aria-expanded=\"false\">M\u00e9trique<\/div>\n\t\t\t\t\t<div id=\"elementor-tab-content-4682\" class=\"elementor-tab-content elementor-clearfix\" data-tab=\"2\" role=\"tabpanel\" aria-labelledby=\"elementor-tab-title-4682\" tabindex=\"0\" hidden=\"hidden\"><table>\n<tbody>\n<tr>\n<th>Mod\u00e8le :<\/th>\n<th> <\/th>\n<th>FE4P16N<\/th>\n<th>FE4P18N<\/th>\n<th>FE4P20N<\/th>\n<th>FE4P25N<\/th>\n<th>FE4P30N<\/th>\n<th>FE4P35N<\/th>\n<\/tr>\n<tr>\n<td>S\u00e9rie :<\/td>\n<td> <\/td>\n<td width=\"70\">  S\u00e9rie N<\/td>\n<td width=\"70\">  S\u00e9rie N<\/td>\n<td width=\"70\">  S\u00e9rie N<\/td>\n<td width=\"70\">  S\u00e9rie N<\/td>\n<td width=\"70\">  S\u00e9rie N<\/td>\n<td width=\"70\">  S\u00e9rie N<\/td>\n<\/tr>\n<tr>\n<td>Capacit\u00e9 de charge :<\/td>\n<td>Q(lbs)<\/td>\n<td>3200.0<\/td>\n<td>3600.0<\/td>\n<td>4000.0<\/td>\n<td>5000.0<\/td>\n<td>6000<\/td>\n<td>7000<\/td>\n<\/tr>\n<tr>\n<td>Centre de charge :<\/td>\n<td>C(in)<\/td>\n<td>23.6<\/td>\n<td>23.6<\/td>\n<td>23.6<\/td>\n<td>23.6<\/td>\n<td>23.6<\/td>\n<td>23.6<\/td>\n<\/tr>\n<tr>\n<td>Type d&rsquo;op\u00e9rateur :<\/td>\n<td> <\/td>\n<td>assis<\/td>\n<td>assis<\/td>\n<td>assis<\/td>\n<td>assis<\/td>\n<td>assis<\/td>\n<td>assis<\/td>\n<\/tr>\n<tr>\n<td>Hauteur du garde-corps :<\/td>\n<td>h6(in)<\/td>\n<td>86.6<\/td>\n<td>86.6<\/td>\n<td> <\/td>\n<td>86.2<\/td>\n<td>86.2<\/td>\n<td>86.2<\/td>\n<\/tr>\n<tr>\n<td>Longueur jusqu&rsquo;\u00e0 la face des fourches<\/td>\n<td>l2(en)<\/td>\n<td>81.1<\/td>\n<td>81.1<\/td>\n<td>91.5<\/td>\n<td>91.7<\/td>\n<td>99.8<\/td>\n<td>101.4<\/td>\n<\/tr>\n<tr>\n<td>Largeur totale :<\/td>\n<td>b1(en)<\/td>\n<td>45<\/td>\n<td>45<\/td>\n<td>49.6<\/td>\n<td>49.6<\/td>\n<td>49.6<\/td>\n<td>50.8<\/td>\n<\/tr>\n<tr>\n<td>Rayon de braquage (dans le compartiment de la batterie standard) :<\/td>\n<td>Wa(in)<\/td>\n<td>71.6<\/td>\n<td>71.6<\/td>\n<td>80.7<\/td>\n<td>80.7<\/td>\n<td>87.8<\/td>\n<td>90.6<\/td>\n<\/tr>\n<tr>\n<td>Empilement \u00e0 droiteLargeur d&rsquo;all\u00e9e pour palettes 1000 x 1200 (40&Prime; x 48&Prime;)<\/td>\n<td>Ast(in)<\/td>\n<td>124.4<\/td>\n<td>124.4<\/td>\n<td>146.4<\/td>\n<td>146.4<\/td>\n<td>156.2<\/td>\n<td>156.2<\/td>\n<\/tr>\n<tr>\n<td>Empilement \u00e0 droite Largeur d&rsquo;all\u00e9e pour les palettes<br \/>800 x 1200 (32&Prime; x 48&Prime;)<\/td>\n<td>Ast(in)<\/td>\n<td>132.3<\/td>\n<td>132.3<\/td>\n<td>154.3<\/td>\n<td>154.3<\/td>\n<td>164.1<\/td>\n<td>164.1<\/td>\n<\/tr>\n<tr>\n<td>Type de pneu :<\/td>\n<td> <\/td>\n<td width=\"70\"><span class=\"JsGRdQ\">Pneumatique\/Caoutchouc solide<\/span><\/td>\n<td width=\"70\"><span class=\"JsGRdQ\">Pneumatique\/Caoutchouc solide<\/span><\/td>\n<td width=\"70\"><span class=\"JsGRdQ\">Pneumatique\/Caoutchouc solide<\/span><\/td>\n<td width=\"70\"><span class=\"JsGRdQ\">Pneumatique\/Caoutchouc solide<\/span><\/td>\n<td width=\"70\"><span class=\"JsGRdQ\">Pneumatique\/Caoutchouc solide<\/span><\/td>\n<td width=\"70\"><span class=\"JsGRdQ\">Pneumatique\/Caoutchouc solide<\/span><\/td>\n<\/tr>\n<tr>\n<td>Poids total approximatif (sans batterie) :<\/td>\n<td>livres<\/td>\n<td>5335<\/td>\n<td>5500<\/td>\n<td>6738.6<\/td>\n<td>7289.04<\/td>\n<td>7788<\/td>\n<td>8624.0<\/td>\n<\/tr>\n<tr>\n<td>Vitesse de d\u00e9placement max. Vitesse de d\u00e9placement (charg\u00e9\/d\u00e9charg\u00e9) : <\/td>\n<td>miine\/h<\/td>\n<td>8.07\/9.32<\/td>\n<td>8.07\/9.32<\/td>\n<td>8.07\/8.70<\/td>\n<td>8.07\/8.70<\/td>\n<td>8.07\/8.70<\/td>\n<td>7.44\/8.06<\/td>\n<\/tr>\n<tr>\n<td>Batterie plomb-acide Tension\/capacit\u00e9 nominale :<\/td>\n<td>V\/Ah<\/td>\n<td width=\"70\">48\/400<br \/>(48\/450 48\/500 en option)<\/td>\n<td width=\"70\">48\/450<br \/>(48\/500 en option)<\/td>\n<td width=\"70\">48\/600<br \/>(48\/630\/700\/770 en option)<\/td>\n<td width=\"70\">  48\/600<br \/>(48\/630\/700\/770 en option)<\/td>\n<td width=\"70\">  80\/500<br \/>80\/560 (en option)<\/td>\n<td width=\"70\">  80\/500<br \/>80\/560 (en option)<\/td>\n<\/tr>\n<tr>\n<td>Batterie Li-ion\/capacit\u00e9 nominale<\/td>\n<td>V\/Ah<\/td>\n<td width=\"70\">48\/300\/400<\/td>\n<td width=\"70\">48\/300\/400<\/td>\n<td width=\"70\">48\/400\/500<\/td>\n<td width=\"70\">48\/400\/500<\/td>\n<td width=\"70\">80\/300\/400\/500<\/td>\n<td width=\"70\">80\/300\/400\/500<\/td>\n<\/tr>\n<tr>\n<td>Moteur d&rsquo;entra\u00eenement &#8211; 60 min :<\/td>\n<td>hp<\/td>\n<td>9<\/td>\n<td>9<\/td>\n<td>14.7<\/td>\n<td>14.7<\/td>\n<td>20<\/td>\n<td>20<\/td>\n<\/tr>\n<tr>\n<td>Moteur de la pompe &#8211; 15 min :<\/td>\n<td>hp<\/td>\n<td>11.5<\/td>\n<td>11.5<\/td>\n<td>11.5<\/td>\n<td>11.5<\/td>\n<td>13\/15<\/td>\n<td>13\/15<\/td>\n<\/tr>\n<tr>\n<td>M\u00e9thode de contr\u00f4le du moteur d&rsquo;entra\u00eenement :<\/td>\n<td> <\/td>\n<td>AC<\/td>\n<td>AC<\/td>\n<td>AC<\/td>\n<td>AC<\/td>\n<td>AC<\/td>\n<td>AC<\/td>\n<\/tr>\n<tr>\n<td>Contr\u00f4les :<\/td>\n<td> <\/td>\n<td>Curtis<\/td>\n<td>Curtis<\/td>\n<td>Curtis<\/td>\n<td>Curtis<\/td>\n<td>Curtis<\/td>\n<td>Curtis<\/td>\n<\/tr>\n<\/tbody>\n<\/table>\n<\/div>\n\t\t\t\t\t\t\t<\/div>\n\t\t<\/div>\n\t\t\t\t\t\t<\/div>\n\t\t\t\t<\/div>\n\t\t\t\t\t<\/div>\n\t\t<\/div>\n\t\t\t\t\t<\/div>\n\t\t<\/section>\n\t\t\t\t<\/div>\n\t\t","protected":false},"excerpt":{"rendered":"<p>2500-6000mm<\/p>\n<p>Le design cr\u00e9atif, dynamique et \u00e9l\u00e9gant de son apparence en fait un v\u00e9hicule priv\u00e9 \u00e0 la mode pour les op\u00e9rateurs, le moulage m\u00e9tallique robuste des couvercles ext\u00e9rieurs assure le style ainsi que la s\u00e9curit\u00e9. L&rsquo;excellente conception ergonomique garantit une grande fiabilit\u00e9, un entretien facile, un fonctionnement efficace et confortable, ainsi qu&rsquo;une s\u00e9curit\u00e9 et un respect de l&rsquo;environnement. <\/p>\n","protected":false},"featured_media":18300,"comment_status":"closed","ping_status":"closed","template":"","meta":{"_acf_changed":false},"product_brand":[],"product_cat":[142,143],"product_tag":[],"class_list":{"0":"post-42747","1":"product","2":"type-product","3":"status-publish","4":"has-post-thumbnail","6":"product_cat-electric-forklift-fr","7":"product_cat-lithium-fr","9":"first","10":"instock","11":"taxable","12":"shipping-taxable","13":"product-type-variable"},"exclude_global_add_ons":[],"addons":[],"acf":{"coming_soon":false,"item_description":"4 Wheel Electric Forklift<br \/> 1600-3500 KG","brochure_button_label":"Brochure","brochure":17765,"location":"","video":null,"standard_features":"","alternative_numbers":"","erp_id":"","models":"","load_charts":null,"load_charts_2":null,"load_charts_3":null,"load_charts_4":null},"yoast_head":"<!-- This site is optimized with the Yoast SEO plugin v27.3 - https:\/\/yoast.com\/product\/yoast-seo-wordpress\/ -->\n<title>FE4P 16-18-20-25-30-35 N &#8212; Noblelift Canada<\/title>\n<meta name=\"description\" content=\"FE4P 16-18-20-25-30-35 N by Noblelift Canada | | Inquire Now To Get Your Noblelift Equipment &amp; Parts\" \/>\n<meta name=\"robots\" content=\"index, follow, max-snippet:-1, max-image-preview:large, max-video-preview:-1\" \/>\n<link rel=\"canonical\" href=\"https:\/\/nobleliftcanada.com\/fr\/produit\/4-wheel-electric-forklift-1600-3500kg-fe4p-16-18-20-25-30-35-n\/\" \/>\n<meta property=\"og:locale\" content=\"fr_FR\" \/>\n<meta property=\"og:type\" content=\"article\" \/>\n<meta property=\"og:title\" content=\"FE4P 16-18-20-25-30-35 N &#8212; Noblelift Canada\" \/>\n<meta property=\"og:description\" content=\"FE4P 16-18-20-25-30-35 N by Noblelift Canada | | Inquire Now To Get Your Noblelift Equipment &amp; Parts\" \/>\n<meta property=\"og:url\" content=\"https:\/\/nobleliftcanada.com\/fr\/produit\/4-wheel-electric-forklift-1600-3500kg-fe4p-16-18-20-25-30-35-n\/\" \/>\n<meta property=\"og:site_name\" content=\"Noblelift Canada\" \/>\n<meta property=\"article:publisher\" content=\"https:\/\/www.facebook.com\/Noblelift-Canada-102966741541390\/\" \/>\n<meta property=\"article:modified_time\" content=\"2025-05-11T03:17:23+00:00\" \/>\n<meta property=\"og:image\" content=\"https:\/\/nobleliftcanada.com\/wp-content\/uploads\/2020\/09\/Noblelift-Canada-FE4P16-25N.png\" \/>\n\t<meta property=\"og:image:width\" content=\"1253\" \/>\n\t<meta property=\"og:image:height\" content=\"1253\" \/>\n\t<meta property=\"og:image:type\" content=\"image\/png\" \/>\n<meta name=\"twitter:card\" content=\"summary_large_image\" \/>\n<meta name=\"twitter:label1\" content=\"Dur\u00e9e de lecture estim\u00e9e\" \/>\n\t<meta name=\"twitter:data1\" content=\"2 minutes\" \/>\n<script type=\"application\/ld+json\" class=\"yoast-schema-graph\">{\"@context\":\"https:\\\/\\\/schema.org\",\"@graph\":[{\"@type\":\"WebPage\",\"@id\":\"https:\\\/\\\/nobleliftcanada.com\\\/fr\\\/produit\\\/4-wheel-electric-forklift-1600-3500kg-fe4p-16-18-20-25-30-35-n\\\/\",\"url\":\"https:\\\/\\\/nobleliftcanada.com\\\/fr\\\/produit\\\/4-wheel-electric-forklift-1600-3500kg-fe4p-16-18-20-25-30-35-n\\\/\",\"name\":\"FE4P 16-18-20-25-30-35 N &#8212; Noblelift Canada\",\"isPartOf\":{\"@id\":\"https:\\\/\\\/nobleliftcanada.com\\\/fr\\\/#website\"},\"primaryImageOfPage\":{\"@id\":\"https:\\\/\\\/nobleliftcanada.com\\\/fr\\\/produit\\\/4-wheel-electric-forklift-1600-3500kg-fe4p-16-18-20-25-30-35-n\\\/#primaryimage\"},\"image\":{\"@id\":\"https:\\\/\\\/nobleliftcanada.com\\\/fr\\\/produit\\\/4-wheel-electric-forklift-1600-3500kg-fe4p-16-18-20-25-30-35-n\\\/#primaryimage\"},\"thumbnailUrl\":\"https:\\\/\\\/nobleliftcanada.com\\\/wp-content\\\/uploads\\\/2020\\\/09\\\/Noblelift-Canada-FE4P16-25N.png\",\"datePublished\":\"2025-03-21T19:58:26+00:00\",\"dateModified\":\"2025-05-11T03:17:23+00:00\",\"description\":\"FE4P 16-18-20-25-30-35 N by Noblelift Canada | | Inquire Now To Get Your Noblelift Equipment & Parts\",\"breadcrumb\":{\"@id\":\"https:\\\/\\\/nobleliftcanada.com\\\/fr\\\/produit\\\/4-wheel-electric-forklift-1600-3500kg-fe4p-16-18-20-25-30-35-n\\\/#breadcrumb\"},\"inLanguage\":\"fr-FR\",\"potentialAction\":[{\"@type\":\"ReadAction\",\"target\":[\"https:\\\/\\\/nobleliftcanada.com\\\/fr\\\/produit\\\/4-wheel-electric-forklift-1600-3500kg-fe4p-16-18-20-25-30-35-n\\\/\"]}]},{\"@type\":\"ImageObject\",\"inLanguage\":\"fr-FR\",\"@id\":\"https:\\\/\\\/nobleliftcanada.com\\\/fr\\\/produit\\\/4-wheel-electric-forklift-1600-3500kg-fe4p-16-18-20-25-30-35-n\\\/#primaryimage\",\"url\":\"https:\\\/\\\/nobleliftcanada.com\\\/wp-content\\\/uploads\\\/2020\\\/09\\\/Noblelift-Canada-FE4P16-25N.png\",\"contentUrl\":\"https:\\\/\\\/nobleliftcanada.com\\\/wp-content\\\/uploads\\\/2020\\\/09\\\/Noblelift-Canada-FE4P16-25N.png\",\"width\":1253,\"height\":1253},{\"@type\":\"BreadcrumbList\",\"@id\":\"https:\\\/\\\/nobleliftcanada.com\\\/fr\\\/produit\\\/4-wheel-electric-forklift-1600-3500kg-fe4p-16-18-20-25-30-35-n\\\/#breadcrumb\",\"itemListElement\":[{\"@type\":\"ListItem\",\"position\":1,\"name\":\"Home\",\"item\":\"https:\\\/\\\/nobleliftcanada.com\\\/fr\\\/\"},{\"@type\":\"ListItem\",\"position\":2,\"name\":\"Boutique\",\"item\":\"https:\\\/\\\/nobleliftcanada.com\\\/shop\\\/\"},{\"@type\":\"ListItem\",\"position\":3,\"name\":\"FE4P 16-18-20-25-30-35 N\"}]},{\"@type\":\"WebSite\",\"@id\":\"https:\\\/\\\/nobleliftcanada.com\\\/fr\\\/#website\",\"url\":\"https:\\\/\\\/nobleliftcanada.com\\\/fr\\\/\",\"name\":\"Noblelift Canada\",\"description\":\"Canada&#039;s Leader | Material Handling Equipment\",\"publisher\":{\"@id\":\"https:\\\/\\\/nobleliftcanada.com\\\/fr\\\/#organization\"},\"potentialAction\":[{\"@type\":\"SearchAction\",\"target\":{\"@type\":\"EntryPoint\",\"urlTemplate\":\"https:\\\/\\\/nobleliftcanada.com\\\/fr\\\/?s={search_term_string}\"},\"query-input\":{\"@type\":\"PropertyValueSpecification\",\"valueRequired\":true,\"valueName\":\"search_term_string\"}}],\"inLanguage\":\"fr-FR\"},{\"@type\":\"Organization\",\"@id\":\"https:\\\/\\\/nobleliftcanada.com\\\/fr\\\/#organization\",\"name\":\"Noblelift Canada\",\"url\":\"https:\\\/\\\/nobleliftcanada.com\\\/fr\\\/\",\"logo\":{\"@type\":\"ImageObject\",\"inLanguage\":\"fr-FR\",\"@id\":\"https:\\\/\\\/nobleliftcanada.com\\\/fr\\\/#\\\/schema\\\/logo\\\/image\\\/\",\"url\":\"https:\\\/\\\/nobleliftcanada.com\\\/wp-content\\\/uploads\\\/2020\\\/08\\\/NOBLELIFTCANADA-1.png\",\"contentUrl\":\"https:\\\/\\\/nobleliftcanada.com\\\/wp-content\\\/uploads\\\/2020\\\/08\\\/NOBLELIFTCANADA-1.png\",\"width\":2413,\"height\":880,\"caption\":\"Noblelift Canada\"},\"image\":{\"@id\":\"https:\\\/\\\/nobleliftcanada.com\\\/fr\\\/#\\\/schema\\\/logo\\\/image\\\/\"},\"sameAs\":[\"https:\\\/\\\/www.facebook.com\\\/Noblelift-Canada-102966741541390\\\/\"]}]}<\/script>\n<!-- \/ Yoast SEO plugin. -->","yoast_head_json":{"title":"FE4P 16-18-20-25-30-35 N &#8212; Noblelift Canada","description":"FE4P 16-18-20-25-30-35 N by Noblelift Canada | | Inquire Now To Get Your Noblelift Equipment & Parts","robots":{"index":"index","follow":"follow","max-snippet":"max-snippet:-1","max-image-preview":"max-image-preview:large","max-video-preview":"max-video-preview:-1"},"canonical":"https:\/\/nobleliftcanada.com\/fr\/produit\/4-wheel-electric-forklift-1600-3500kg-fe4p-16-18-20-25-30-35-n\/","og_locale":"fr_FR","og_type":"article","og_title":"FE4P 16-18-20-25-30-35 N &#8212; Noblelift Canada","og_description":"FE4P 16-18-20-25-30-35 N by Noblelift Canada | | Inquire Now To Get Your Noblelift Equipment & Parts","og_url":"https:\/\/nobleliftcanada.com\/fr\/produit\/4-wheel-electric-forklift-1600-3500kg-fe4p-16-18-20-25-30-35-n\/","og_site_name":"Noblelift Canada","article_publisher":"https:\/\/www.facebook.com\/Noblelift-Canada-102966741541390\/","article_modified_time":"2025-05-11T03:17:23+00:00","og_image":[{"width":1253,"height":1253,"url":"https:\/\/nobleliftcanada.com\/wp-content\/uploads\/2020\/09\/Noblelift-Canada-FE4P16-25N.png","type":"image\/png"}],"twitter_card":"summary_large_image","twitter_misc":{"Dur\u00e9e de lecture estim\u00e9e":"2 minutes"},"schema":{"@context":"https:\/\/schema.org","@graph":[{"@type":"WebPage","@id":"https:\/\/nobleliftcanada.com\/fr\/produit\/4-wheel-electric-forklift-1600-3500kg-fe4p-16-18-20-25-30-35-n\/","url":"https:\/\/nobleliftcanada.com\/fr\/produit\/4-wheel-electric-forklift-1600-3500kg-fe4p-16-18-20-25-30-35-n\/","name":"FE4P 16-18-20-25-30-35 N &#8212; Noblelift Canada","isPartOf":{"@id":"https:\/\/nobleliftcanada.com\/fr\/#website"},"primaryImageOfPage":{"@id":"https:\/\/nobleliftcanada.com\/fr\/produit\/4-wheel-electric-forklift-1600-3500kg-fe4p-16-18-20-25-30-35-n\/#primaryimage"},"image":{"@id":"https:\/\/nobleliftcanada.com\/fr\/produit\/4-wheel-electric-forklift-1600-3500kg-fe4p-16-18-20-25-30-35-n\/#primaryimage"},"thumbnailUrl":"https:\/\/nobleliftcanada.com\/wp-content\/uploads\/2020\/09\/Noblelift-Canada-FE4P16-25N.png","datePublished":"2025-03-21T19:58:26+00:00","dateModified":"2025-05-11T03:17:23+00:00","description":"FE4P 16-18-20-25-30-35 N by Noblelift Canada | | Inquire Now To Get Your Noblelift Equipment & Parts","breadcrumb":{"@id":"https:\/\/nobleliftcanada.com\/fr\/produit\/4-wheel-electric-forklift-1600-3500kg-fe4p-16-18-20-25-30-35-n\/#breadcrumb"},"inLanguage":"fr-FR","potentialAction":[{"@type":"ReadAction","target":["https:\/\/nobleliftcanada.com\/fr\/produit\/4-wheel-electric-forklift-1600-3500kg-fe4p-16-18-20-25-30-35-n\/"]}]},{"@type":"ImageObject","inLanguage":"fr-FR","@id":"https:\/\/nobleliftcanada.com\/fr\/produit\/4-wheel-electric-forklift-1600-3500kg-fe4p-16-18-20-25-30-35-n\/#primaryimage","url":"https:\/\/nobleliftcanada.com\/wp-content\/uploads\/2020\/09\/Noblelift-Canada-FE4P16-25N.png","contentUrl":"https:\/\/nobleliftcanada.com\/wp-content\/uploads\/2020\/09\/Noblelift-Canada-FE4P16-25N.png","width":1253,"height":1253},{"@type":"BreadcrumbList","@id":"https:\/\/nobleliftcanada.com\/fr\/produit\/4-wheel-electric-forklift-1600-3500kg-fe4p-16-18-20-25-30-35-n\/#breadcrumb","itemListElement":[{"@type":"ListItem","position":1,"name":"Home","item":"https:\/\/nobleliftcanada.com\/fr\/"},{"@type":"ListItem","position":2,"name":"Boutique","item":"https:\/\/nobleliftcanada.com\/shop\/"},{"@type":"ListItem","position":3,"name":"FE4P 16-18-20-25-30-35 N"}]},{"@type":"WebSite","@id":"https:\/\/nobleliftcanada.com\/fr\/#website","url":"https:\/\/nobleliftcanada.com\/fr\/","name":"Noblelift Canada","description":"Canada&#039;s Leader | Material Handling Equipment","publisher":{"@id":"https:\/\/nobleliftcanada.com\/fr\/#organization"},"potentialAction":[{"@type":"SearchAction","target":{"@type":"EntryPoint","urlTemplate":"https:\/\/nobleliftcanada.com\/fr\/?s={search_term_string}"},"query-input":{"@type":"PropertyValueSpecification","valueRequired":true,"valueName":"search_term_string"}}],"inLanguage":"fr-FR"},{"@type":"Organization","@id":"https:\/\/nobleliftcanada.com\/fr\/#organization","name":"Noblelift Canada","url":"https:\/\/nobleliftcanada.com\/fr\/","logo":{"@type":"ImageObject","inLanguage":"fr-FR","@id":"https:\/\/nobleliftcanada.com\/fr\/#\/schema\/logo\/image\/","url":"https:\/\/nobleliftcanada.com\/wp-content\/uploads\/2020\/08\/NOBLELIFTCANADA-1.png","contentUrl":"https:\/\/nobleliftcanada.com\/wp-content\/uploads\/2020\/08\/NOBLELIFTCANADA-1.png","width":2413,"height":880,"caption":"Noblelift Canada"},"image":{"@id":"https:\/\/nobleliftcanada.com\/fr\/#\/schema\/logo\/image\/"},"sameAs":["https:\/\/www.facebook.com\/Noblelift-Canada-102966741541390\/"]}]}},"_links":{"self":[{"href":"https:\/\/nobleliftcanada.com\/fr\/wp-json\/wp\/v2\/product\/42747","targetHints":{"allow":["GET"]}}],"collection":[{"href":"https:\/\/nobleliftcanada.com\/fr\/wp-json\/wp\/v2\/product"}],"about":[{"href":"https:\/\/nobleliftcanada.com\/fr\/wp-json\/wp\/v2\/types\/product"}],"replies":[{"embeddable":true,"href":"https:\/\/nobleliftcanada.com\/fr\/wp-json\/wp\/v2\/comments?post=42747"}],"version-history":[{"count":2,"href":"https:\/\/nobleliftcanada.com\/fr\/wp-json\/wp\/v2\/product\/42747\/revisions"}],"predecessor-version":[{"id":45149,"href":"https:\/\/nobleliftcanada.com\/fr\/wp-json\/wp\/v2\/product\/42747\/revisions\/45149"}],"wp:featuredmedia":[{"embeddable":true,"href":"https:\/\/nobleliftcanada.com\/fr\/wp-json\/wp\/v2\/media\/18300"}],"wp:attachment":[{"href":"https:\/\/nobleliftcanada.com\/fr\/wp-json\/wp\/v2\/media?parent=42747"}],"wp:term":[{"taxonomy":"product_brand","embeddable":true,"href":"https:\/\/nobleliftcanada.com\/fr\/wp-json\/wp\/v2\/product_brand?post=42747"},{"taxonomy":"product_cat","embeddable":true,"href":"https:\/\/nobleliftcanada.com\/fr\/wp-json\/wp\/v2\/product_cat?post=42747"},{"taxonomy":"product_tag","embeddable":true,"href":"https:\/\/nobleliftcanada.com\/fr\/wp-json\/wp\/v2\/product_tag?post=42747"}],"curies":[{"name":"wp","href":"https:\/\/api.w.org\/{rel}","templated":true}]}}