{"id":42745,"date":"2025-03-21T20:04:33","date_gmt":"2025-03-21T20:04:33","guid":{"rendered":"https:\/\/nobleliftcanada.com\/product\/3-wheel-li-on-1600-2000kg-fe3d-16-20-c\/"},"modified":"2025-05-11T03:16:51","modified_gmt":"2025-05-11T03:16:51","slug":"3-wheel-li-on-1600-2000kg-fe3d-16-20-c","status":"publish","type":"product","link":"https:\/\/nobleliftcanada.com\/fr\/produit\/3-wheel-li-on-1600-2000kg-fe3d-16-20-c\/","title":{"rendered":"FE3D 16-20 C"},"content":{"rendered":"","protected":false},"excerpt":{"rendered":"<div class=\"elementor-element elementor-element-271ef6e elementor-widget elementor-widget-text-editor\" data-id=\"271ef6e\" data-element_type=\"widget\" data-widget_type=\"text-editor.default\">\n<div class=\"elementor-widget-container\">\n<div class=\"page\" title=\"Page 2\">\n<div class=\"section\">\n<div class=\"layoutArea\">\n<div class=\"column\">\n<div class=\"page\" title=\"Page 2\">\n<div class=\"section\">\n<div class=\"layoutArea\">\n<div class=\"column\">\n<p>Inspir\u00e9e par l&rsquo;apparence classique des trois roues de la s\u00e9rie N, la gamme<br \/>\nC pr\u00e9sente des lignes fortes et douces pour un look compact, \u00e9l\u00e9gant et robuste.<\/p>\n<\/div>\n<\/div>\n<\/div>\n<\/div>\n<p>Notre syst\u00e8me de transmission de pointe utilise deux bo\u00eetes de vitesses et deux moteurs, ce qui permet une vitesse maximale de 15 km\/h et une capacit\u00e9 d&rsquo;inclinaison maximale impressionnante de 20 % \u00e0 pleine charge. Gr\u00e2ce \u00e0 un moteur de pompe \u00e0 huile haute puissance et \u00e0 une pompe \u00e0 engrenages silencieuse, la vitesse de levage a \u00e9t\u00e9 consid\u00e9rablement am\u00e9lior\u00e9e, atteignant 450 mm\/s m\u00eame \u00e0 vide.<\/p>\n<div class=\"page\" title=\"Page 2\">\n<div class=\"section\">\n<div class=\"layoutArea\">\n<div class=\"column\">\n<p>L&rsquo;op\u00e9rateur peut s\u00e9lectionner diff\u00e9rents modes de performance sur l&rsquo;\u00e9cran LCD pour r\u00e9pondre \u00e0 diff\u00e9rentes applications. L&rsquo;\u00e9cran couleur LCD facile \u00e0 lire fournit des informations sur la vitesse, l&rsquo;angle de braquage et le sens de marche, l&rsquo;indicateur de d\u00e9charge de la batterie, le compteur d&rsquo;heures et le mode de travail, ce qui permet \u00e0 l&rsquo;op\u00e9rateur de travailler facilement et efficacement.<\/p>\n<\/div>\n<\/div>\n<\/div>\n<\/div>\n<\/div>\n<\/div>\n<\/div>\n<\/div>\n<\/div>\n<\/div>\n<div class=\"elementor-element elementor-element-3de764a elementor-widget elementor-widget-button\" data-id=\"3de764a\" data-element_type=\"widget\" data-widget_type=\"button.default\">\n<div class=\"elementor-widget-container\">\n<div class=\"elementor-button-wrapper\"><\/div>\n<\/div>\n<\/div>\n","protected":false},"featured_media":45304,"comment_status":"closed","ping_status":"closed","template":"","meta":{"_acf_changed":false},"product_brand":[],"product_cat":[142,143],"product_tag":[],"class_list":{"0":"post-42745","1":"product","2":"type-product","3":"status-publish","4":"has-post-thumbnail","6":"product_cat-electric-forklift-fr","7":"product_cat-lithium-fr","9":"first","10":"instock","11":"taxable","12":"shipping-taxable","13":"product-type-variable"},"exclude_global_add_ons":[],"addons":[],"acf":{"coming_soon":false,"item_description":"3 Wheel Li-on<br \/> 1600-2000 KG","brochure_button_label":"Brochure","brochure":44525,"location":"","video":"https:\/\/www.youtube.com\/watch?v=hmoRqgYO8S0","standard_features":"","alternative_numbers":"","erp_id":"","models":"","load_charts":null,"load_charts_2":null,"load_charts_3":null,"load_charts_4":null},"yoast_head":"<!-- This site is optimized with the Yoast SEO plugin v27.3 - https:\/\/yoast.com\/product\/yoast-seo-wordpress\/ -->\n<title>FE3D 16-20 C &#8212; Noblelift Canada<\/title>\n<meta name=\"description\" content=\"FE3D 16-20 C by Noblelift Canada | | Inquire Now To Get Your Noblelift Equipment &amp; Parts\" \/>\n<meta name=\"robots\" content=\"index, follow, max-snippet:-1, max-image-preview:large, max-video-preview:-1\" \/>\n<link rel=\"canonical\" href=\"https:\/\/nobleliftcanada.com\/fr\/produit\/3-wheel-li-on-1600-2000kg-fe3d-16-20-c\/\" \/>\n<meta property=\"og:locale\" content=\"fr_FR\" \/>\n<meta property=\"og:type\" content=\"article\" \/>\n<meta property=\"og:title\" content=\"FE3D 16-20 C &#8212; Noblelift Canada\" \/>\n<meta property=\"og:description\" content=\"FE3D 16-20 C by Noblelift Canada | | Inquire Now To Get Your Noblelift Equipment &amp; Parts\" \/>\n<meta property=\"og:url\" content=\"https:\/\/nobleliftcanada.com\/fr\/produit\/3-wheel-li-on-1600-2000kg-fe3d-16-20-c\/\" \/>\n<meta property=\"og:site_name\" content=\"Noblelift Canada\" \/>\n<meta property=\"article:publisher\" content=\"https:\/\/www.facebook.com\/Noblelift-Canada-102966741541390\/\" \/>\n<meta property=\"article:modified_time\" content=\"2025-05-11T03:16:51+00:00\" \/>\n<meta property=\"og:image\" content=\"https:\/\/nobleliftcanada.com\/wp-content\/uploads\/2023\/11\/Noblelift-Product-Images-FE3D.jpg\" \/>\n\t<meta property=\"og:image:width\" content=\"1080\" \/>\n\t<meta property=\"og:image:height\" content=\"1080\" \/>\n\t<meta property=\"og:image:type\" content=\"image\/jpeg\" \/>\n<meta name=\"twitter:card\" content=\"summary_large_image\" \/>\n<script type=\"application\/ld+json\" class=\"yoast-schema-graph\">{\"@context\":\"https:\\\/\\\/schema.org\",\"@graph\":[{\"@type\":\"WebPage\",\"@id\":\"https:\\\/\\\/nobleliftcanada.com\\\/fr\\\/produit\\\/3-wheel-li-on-1600-2000kg-fe3d-16-20-c\\\/\",\"url\":\"https:\\\/\\\/nobleliftcanada.com\\\/fr\\\/produit\\\/3-wheel-li-on-1600-2000kg-fe3d-16-20-c\\\/\",\"name\":\"FE3D 16-20 C &#8212; Noblelift Canada\",\"isPartOf\":{\"@id\":\"https:\\\/\\\/nobleliftcanada.com\\\/fr\\\/#website\"},\"primaryImageOfPage\":{\"@id\":\"https:\\\/\\\/nobleliftcanada.com\\\/fr\\\/produit\\\/3-wheel-li-on-1600-2000kg-fe3d-16-20-c\\\/#primaryimage\"},\"image\":{\"@id\":\"https:\\\/\\\/nobleliftcanada.com\\\/fr\\\/produit\\\/3-wheel-li-on-1600-2000kg-fe3d-16-20-c\\\/#primaryimage\"},\"thumbnailUrl\":\"https:\\\/\\\/nobleliftcanada.com\\\/wp-content\\\/uploads\\\/2025\\\/03\\\/Noblelift_Canada_Web_Product_FE3D16-20C-Main.png\",\"datePublished\":\"2025-03-21T20:04:33+00:00\",\"dateModified\":\"2025-05-11T03:16:51+00:00\",\"description\":\"FE3D 16-20 C by Noblelift Canada | | Inquire Now To Get Your Noblelift Equipment & Parts\",\"breadcrumb\":{\"@id\":\"https:\\\/\\\/nobleliftcanada.com\\\/fr\\\/produit\\\/3-wheel-li-on-1600-2000kg-fe3d-16-20-c\\\/#breadcrumb\"},\"inLanguage\":\"fr-FR\",\"potentialAction\":[{\"@type\":\"ReadAction\",\"target\":[\"https:\\\/\\\/nobleliftcanada.com\\\/fr\\\/produit\\\/3-wheel-li-on-1600-2000kg-fe3d-16-20-c\\\/\"]}]},{\"@type\":\"ImageObject\",\"inLanguage\":\"fr-FR\",\"@id\":\"https:\\\/\\\/nobleliftcanada.com\\\/fr\\\/produit\\\/3-wheel-li-on-1600-2000kg-fe3d-16-20-c\\\/#primaryimage\",\"url\":\"https:\\\/\\\/nobleliftcanada.com\\\/wp-content\\\/uploads\\\/2025\\\/03\\\/Noblelift_Canada_Web_Product_FE3D16-20C-Main.png\",\"contentUrl\":\"https:\\\/\\\/nobleliftcanada.com\\\/wp-content\\\/uploads\\\/2025\\\/03\\\/Noblelift_Canada_Web_Product_FE3D16-20C-Main.png\",\"width\":1080,\"height\":1080},{\"@type\":\"BreadcrumbList\",\"@id\":\"https:\\\/\\\/nobleliftcanada.com\\\/fr\\\/produit\\\/3-wheel-li-on-1600-2000kg-fe3d-16-20-c\\\/#breadcrumb\",\"itemListElement\":[{\"@type\":\"ListItem\",\"position\":1,\"name\":\"Home\",\"item\":\"https:\\\/\\\/nobleliftcanada.com\\\/fr\\\/\"},{\"@type\":\"ListItem\",\"position\":2,\"name\":\"Boutique\",\"item\":\"https:\\\/\\\/nobleliftcanada.com\\\/shop\\\/\"},{\"@type\":\"ListItem\",\"position\":3,\"name\":\"FE3D 16-20 C\"}]},{\"@type\":\"WebSite\",\"@id\":\"https:\\\/\\\/nobleliftcanada.com\\\/fr\\\/#website\",\"url\":\"https:\\\/\\\/nobleliftcanada.com\\\/fr\\\/\",\"name\":\"Noblelift Canada\",\"description\":\"Canada&#039;s Leader | Material Handling Equipment\",\"publisher\":{\"@id\":\"https:\\\/\\\/nobleliftcanada.com\\\/fr\\\/#organization\"},\"potentialAction\":[{\"@type\":\"SearchAction\",\"target\":{\"@type\":\"EntryPoint\",\"urlTemplate\":\"https:\\\/\\\/nobleliftcanada.com\\\/fr\\\/?s={search_term_string}\"},\"query-input\":{\"@type\":\"PropertyValueSpecification\",\"valueRequired\":true,\"valueName\":\"search_term_string\"}}],\"inLanguage\":\"fr-FR\"},{\"@type\":\"Organization\",\"@id\":\"https:\\\/\\\/nobleliftcanada.com\\\/fr\\\/#organization\",\"name\":\"Noblelift Canada\",\"url\":\"https:\\\/\\\/nobleliftcanada.com\\\/fr\\\/\",\"logo\":{\"@type\":\"ImageObject\",\"inLanguage\":\"fr-FR\",\"@id\":\"https:\\\/\\\/nobleliftcanada.com\\\/fr\\\/#\\\/schema\\\/logo\\\/image\\\/\",\"url\":\"https:\\\/\\\/nobleliftcanada.com\\\/wp-content\\\/uploads\\\/2020\\\/08\\\/NOBLELIFTCANADA-1.png\",\"contentUrl\":\"https:\\\/\\\/nobleliftcanada.com\\\/wp-content\\\/uploads\\\/2020\\\/08\\\/NOBLELIFTCANADA-1.png\",\"width\":2413,\"height\":880,\"caption\":\"Noblelift Canada\"},\"image\":{\"@id\":\"https:\\\/\\\/nobleliftcanada.com\\\/fr\\\/#\\\/schema\\\/logo\\\/image\\\/\"},\"sameAs\":[\"https:\\\/\\\/www.facebook.com\\\/Noblelift-Canada-102966741541390\\\/\"]}]}<\/script>\n<!-- \/ Yoast SEO plugin. -->","yoast_head_json":{"title":"FE3D 16-20 C &#8212; Noblelift Canada","description":"FE3D 16-20 C by Noblelift Canada | | Inquire Now To Get Your Noblelift Equipment & Parts","robots":{"index":"index","follow":"follow","max-snippet":"max-snippet:-1","max-image-preview":"max-image-preview:large","max-video-preview":"max-video-preview:-1"},"canonical":"https:\/\/nobleliftcanada.com\/fr\/produit\/3-wheel-li-on-1600-2000kg-fe3d-16-20-c\/","og_locale":"fr_FR","og_type":"article","og_title":"FE3D 16-20 C &#8212; Noblelift Canada","og_description":"FE3D 16-20 C by Noblelift Canada | | Inquire Now To Get Your Noblelift Equipment & Parts","og_url":"https:\/\/nobleliftcanada.com\/fr\/produit\/3-wheel-li-on-1600-2000kg-fe3d-16-20-c\/","og_site_name":"Noblelift Canada","article_publisher":"https:\/\/www.facebook.com\/Noblelift-Canada-102966741541390\/","article_modified_time":"2025-05-11T03:16:51+00:00","og_image":[{"width":1080,"height":1080,"url":"https:\/\/nobleliftcanada.com\/wp-content\/uploads\/2023\/11\/Noblelift-Product-Images-FE3D.jpg","type":"image\/jpeg"}],"twitter_card":"summary_large_image","schema":{"@context":"https:\/\/schema.org","@graph":[{"@type":"WebPage","@id":"https:\/\/nobleliftcanada.com\/fr\/produit\/3-wheel-li-on-1600-2000kg-fe3d-16-20-c\/","url":"https:\/\/nobleliftcanada.com\/fr\/produit\/3-wheel-li-on-1600-2000kg-fe3d-16-20-c\/","name":"FE3D 16-20 C &#8212; Noblelift Canada","isPartOf":{"@id":"https:\/\/nobleliftcanada.com\/fr\/#website"},"primaryImageOfPage":{"@id":"https:\/\/nobleliftcanada.com\/fr\/produit\/3-wheel-li-on-1600-2000kg-fe3d-16-20-c\/#primaryimage"},"image":{"@id":"https:\/\/nobleliftcanada.com\/fr\/produit\/3-wheel-li-on-1600-2000kg-fe3d-16-20-c\/#primaryimage"},"thumbnailUrl":"https:\/\/nobleliftcanada.com\/wp-content\/uploads\/2025\/03\/Noblelift_Canada_Web_Product_FE3D16-20C-Main.png","datePublished":"2025-03-21T20:04:33+00:00","dateModified":"2025-05-11T03:16:51+00:00","description":"FE3D 16-20 C by Noblelift Canada | | Inquire Now To Get Your Noblelift Equipment & Parts","breadcrumb":{"@id":"https:\/\/nobleliftcanada.com\/fr\/produit\/3-wheel-li-on-1600-2000kg-fe3d-16-20-c\/#breadcrumb"},"inLanguage":"fr-FR","potentialAction":[{"@type":"ReadAction","target":["https:\/\/nobleliftcanada.com\/fr\/produit\/3-wheel-li-on-1600-2000kg-fe3d-16-20-c\/"]}]},{"@type":"ImageObject","inLanguage":"fr-FR","@id":"https:\/\/nobleliftcanada.com\/fr\/produit\/3-wheel-li-on-1600-2000kg-fe3d-16-20-c\/#primaryimage","url":"https:\/\/nobleliftcanada.com\/wp-content\/uploads\/2025\/03\/Noblelift_Canada_Web_Product_FE3D16-20C-Main.png","contentUrl":"https:\/\/nobleliftcanada.com\/wp-content\/uploads\/2025\/03\/Noblelift_Canada_Web_Product_FE3D16-20C-Main.png","width":1080,"height":1080},{"@type":"BreadcrumbList","@id":"https:\/\/nobleliftcanada.com\/fr\/produit\/3-wheel-li-on-1600-2000kg-fe3d-16-20-c\/#breadcrumb","itemListElement":[{"@type":"ListItem","position":1,"name":"Home","item":"https:\/\/nobleliftcanada.com\/fr\/"},{"@type":"ListItem","position":2,"name":"Boutique","item":"https:\/\/nobleliftcanada.com\/shop\/"},{"@type":"ListItem","position":3,"name":"FE3D 16-20 C"}]},{"@type":"WebSite","@id":"https:\/\/nobleliftcanada.com\/fr\/#website","url":"https:\/\/nobleliftcanada.com\/fr\/","name":"Noblelift Canada","description":"Canada&#039;s Leader | Material Handling Equipment","publisher":{"@id":"https:\/\/nobleliftcanada.com\/fr\/#organization"},"potentialAction":[{"@type":"SearchAction","target":{"@type":"EntryPoint","urlTemplate":"https:\/\/nobleliftcanada.com\/fr\/?s={search_term_string}"},"query-input":{"@type":"PropertyValueSpecification","valueRequired":true,"valueName":"search_term_string"}}],"inLanguage":"fr-FR"},{"@type":"Organization","@id":"https:\/\/nobleliftcanada.com\/fr\/#organization","name":"Noblelift Canada","url":"https:\/\/nobleliftcanada.com\/fr\/","logo":{"@type":"ImageObject","inLanguage":"fr-FR","@id":"https:\/\/nobleliftcanada.com\/fr\/#\/schema\/logo\/image\/","url":"https:\/\/nobleliftcanada.com\/wp-content\/uploads\/2020\/08\/NOBLELIFTCANADA-1.png","contentUrl":"https:\/\/nobleliftcanada.com\/wp-content\/uploads\/2020\/08\/NOBLELIFTCANADA-1.png","width":2413,"height":880,"caption":"Noblelift Canada"},"image":{"@id":"https:\/\/nobleliftcanada.com\/fr\/#\/schema\/logo\/image\/"},"sameAs":["https:\/\/www.facebook.com\/Noblelift-Canada-102966741541390\/"]}]}},"_links":{"self":[{"href":"https:\/\/nobleliftcanada.com\/fr\/wp-json\/wp\/v2\/product\/42745","targetHints":{"allow":["GET"]}}],"collection":[{"href":"https:\/\/nobleliftcanada.com\/fr\/wp-json\/wp\/v2\/product"}],"about":[{"href":"https:\/\/nobleliftcanada.com\/fr\/wp-json\/wp\/v2\/types\/product"}],"replies":[{"embeddable":true,"href":"https:\/\/nobleliftcanada.com\/fr\/wp-json\/wp\/v2\/comments?post=42745"}],"version-history":[{"count":3,"href":"https:\/\/nobleliftcanada.com\/fr\/wp-json\/wp\/v2\/product\/42745\/revisions"}],"predecessor-version":[{"id":45138,"href":"https:\/\/nobleliftcanada.com\/fr\/wp-json\/wp\/v2\/product\/42745\/revisions\/45138"}],"wp:featuredmedia":[{"embeddable":true,"href":"https:\/\/nobleliftcanada.com\/fr\/wp-json\/wp\/v2\/media\/45304"}],"wp:attachment":[{"href":"https:\/\/nobleliftcanada.com\/fr\/wp-json\/wp\/v2\/media?parent=42745"}],"wp:term":[{"taxonomy":"product_brand","embeddable":true,"href":"https:\/\/nobleliftcanada.com\/fr\/wp-json\/wp\/v2\/product_brand?post=42745"},{"taxonomy":"product_cat","embeddable":true,"href":"https:\/\/nobleliftcanada.com\/fr\/wp-json\/wp\/v2\/product_cat?post=42745"},{"taxonomy":"product_tag","embeddable":true,"href":"https:\/\/nobleliftcanada.com\/fr\/wp-json\/wp\/v2\/product_tag?post=42745"}],"curies":[{"name":"wp","href":"https:\/\/api.w.org\/{rel}","templated":true}]}}