{"id":42737,"date":"2025-03-21T23:59:39","date_gmt":"2025-03-21T23:59:39","guid":{"rendered":"https:\/\/nobleliftcanada.com\/product\/ergo-electric-lift-1500kg-dgb33\/"},"modified":"2025-05-11T03:33:14","modified_gmt":"2025-05-11T03:33:14","slug":"ergo-electric-lift-1500kg-dgb33","status":"publish","type":"product","link":"https:\/\/nobleliftcanada.com\/fr\/produit\/ergo-electric-lift-1500kg-dgb33\/","title":{"rendered":"DGB33"},"content":{"rendered":"","protected":false},"excerpt":{"rendered":"<div>Le transpalette \u00e9lectrique \u00e0 ciseaux DGB33 Ergo Lift a une capacit\u00e9 de charge de 3 300 livres. Aliment\u00e9 par une batterie de 12 volts et entra\u00een\u00e9 par une station de pompage efficace, le DGB33 Ergo Lift est <b>con\u00e7u pour charger et d\u00e9charger les convoyeurs, les presses d&rsquo;alimentation et toutes les applications qui n\u00e9cessitent le d\u00e9placement et le positionnement de palettes ou de conteneurs de mat\u00e9riaux.<\/b> Utilis\u00e9 comme table de travail ou comme transpalette, il peut aller de haut en bas en seulement 10 \u00e0 12 secondes. <\/div>\n<div><\/div>\n<div>Ce transpalette ergonomique, rev\u00eatu de poudre, offre un fonctionnement fiable et robuste. Il est facile \u00e0 man\u0153uvrer et tr\u00e8s efficace. <\/div>\n","protected":false},"featured_media":17688,"comment_status":"open","ping_status":"closed","template":"","meta":{"_acf_changed":false},"product_brand":[],"product_cat":[141],"product_tag":[],"class_list":{"0":"post-42737","1":"product","2":"type-product","3":"status-publish","4":"has-post-thumbnail","6":"product_cat-hand-pallet-trucks-other-products-fr","8":"first","9":"instock","10":"taxable","11":"shipping-taxable","12":"product-type-variable"},"exclude_global_add_ons":[],"addons":[],"acf":{"coming_soon":false,"item_description":"Ergo Electric Lift<br \/> 1500 KG","brochure_button_label":"Brochure","brochure":17704,"location":"","video":null,"standard_features":"","alternative_numbers":"","erp_id":"","models":""},"yoast_head":"<!-- This site is optimized with the Yoast SEO plugin v27.3 - https:\/\/yoast.com\/product\/yoast-seo-wordpress\/ -->\n<title>DGB33 &#8212; Noblelift Canada<\/title>\n<meta name=\"description\" content=\"DGB33 by Noblelift Canada | | Inquire Now To Get Your Noblelift Equipment &amp; Parts\" \/>\n<meta name=\"robots\" content=\"index, follow, max-snippet:-1, max-image-preview:large, max-video-preview:-1\" \/>\n<link rel=\"canonical\" href=\"https:\/\/nobleliftcanada.com\/fr\/produit\/ergo-electric-lift-1500kg-dgb33\/\" \/>\n<meta property=\"og:locale\" content=\"fr_FR\" \/>\n<meta property=\"og:type\" content=\"article\" \/>\n<meta property=\"og:title\" content=\"DGB33 &#8212; Noblelift Canada\" \/>\n<meta property=\"og:description\" content=\"DGB33 by Noblelift Canada | | Inquire Now To Get Your Noblelift Equipment &amp; Parts\" \/>\n<meta property=\"og:url\" content=\"https:\/\/nobleliftcanada.com\/fr\/produit\/ergo-electric-lift-1500kg-dgb33\/\" \/>\n<meta property=\"og:site_name\" content=\"Noblelift Canada\" \/>\n<meta property=\"article:publisher\" content=\"https:\/\/www.facebook.com\/Noblelift-Canada-102966741541390\/\" \/>\n<meta property=\"article:modified_time\" content=\"2025-05-11T03:33:14+00:00\" \/>\n<meta property=\"og:image\" content=\"https:\/\/nobleliftcanada.com\/wp-content\/uploads\/2020\/09\/dgb33.jpg\" \/>\n\t<meta property=\"og:image:width\" content=\"2542\" \/>\n\t<meta property=\"og:image:height\" content=\"1876\" \/>\n\t<meta property=\"og:image:type\" content=\"image\/jpeg\" \/>\n<meta name=\"twitter:card\" content=\"summary_large_image\" \/>\n<script type=\"application\/ld+json\" class=\"yoast-schema-graph\">{\"@context\":\"https:\\\/\\\/schema.org\",\"@graph\":[{\"@type\":\"WebPage\",\"@id\":\"https:\\\/\\\/nobleliftcanada.com\\\/fr\\\/produit\\\/ergo-electric-lift-1500kg-dgb33\\\/\",\"url\":\"https:\\\/\\\/nobleliftcanada.com\\\/fr\\\/produit\\\/ergo-electric-lift-1500kg-dgb33\\\/\",\"name\":\"DGB33 &#8212; Noblelift Canada\",\"isPartOf\":{\"@id\":\"https:\\\/\\\/nobleliftcanada.com\\\/fr\\\/#website\"},\"primaryImageOfPage\":{\"@id\":\"https:\\\/\\\/nobleliftcanada.com\\\/fr\\\/produit\\\/ergo-electric-lift-1500kg-dgb33\\\/#primaryimage\"},\"image\":{\"@id\":\"https:\\\/\\\/nobleliftcanada.com\\\/fr\\\/produit\\\/ergo-electric-lift-1500kg-dgb33\\\/#primaryimage\"},\"thumbnailUrl\":\"https:\\\/\\\/nobleliftcanada.com\\\/wp-content\\\/uploads\\\/2020\\\/09\\\/dgb33.jpg\",\"datePublished\":\"2025-03-21T23:59:39+00:00\",\"dateModified\":\"2025-05-11T03:33:14+00:00\",\"description\":\"DGB33 by Noblelift Canada | | Inquire Now To Get Your Noblelift Equipment & Parts\",\"breadcrumb\":{\"@id\":\"https:\\\/\\\/nobleliftcanada.com\\\/fr\\\/produit\\\/ergo-electric-lift-1500kg-dgb33\\\/#breadcrumb\"},\"inLanguage\":\"fr-FR\",\"potentialAction\":[{\"@type\":\"ReadAction\",\"target\":[\"https:\\\/\\\/nobleliftcanada.com\\\/fr\\\/produit\\\/ergo-electric-lift-1500kg-dgb33\\\/\"]}]},{\"@type\":\"ImageObject\",\"inLanguage\":\"fr-FR\",\"@id\":\"https:\\\/\\\/nobleliftcanada.com\\\/fr\\\/produit\\\/ergo-electric-lift-1500kg-dgb33\\\/#primaryimage\",\"url\":\"https:\\\/\\\/nobleliftcanada.com\\\/wp-content\\\/uploads\\\/2020\\\/09\\\/dgb33.jpg\",\"contentUrl\":\"https:\\\/\\\/nobleliftcanada.com\\\/wp-content\\\/uploads\\\/2020\\\/09\\\/dgb33.jpg\",\"width\":2542,\"height\":1876},{\"@type\":\"BreadcrumbList\",\"@id\":\"https:\\\/\\\/nobleliftcanada.com\\\/fr\\\/produit\\\/ergo-electric-lift-1500kg-dgb33\\\/#breadcrumb\",\"itemListElement\":[{\"@type\":\"ListItem\",\"position\":1,\"name\":\"Home\",\"item\":\"https:\\\/\\\/nobleliftcanada.com\\\/fr\\\/\"},{\"@type\":\"ListItem\",\"position\":2,\"name\":\"Boutique\",\"item\":\"https:\\\/\\\/nobleliftcanada.com\\\/shop\\\/\"},{\"@type\":\"ListItem\",\"position\":3,\"name\":\"DGB33\"}]},{\"@type\":\"WebSite\",\"@id\":\"https:\\\/\\\/nobleliftcanada.com\\\/fr\\\/#website\",\"url\":\"https:\\\/\\\/nobleliftcanada.com\\\/fr\\\/\",\"name\":\"Noblelift Canada\",\"description\":\"Canada&#039;s Leader | Material Handling Equipment\",\"publisher\":{\"@id\":\"https:\\\/\\\/nobleliftcanada.com\\\/fr\\\/#organization\"},\"potentialAction\":[{\"@type\":\"SearchAction\",\"target\":{\"@type\":\"EntryPoint\",\"urlTemplate\":\"https:\\\/\\\/nobleliftcanada.com\\\/fr\\\/?s={search_term_string}\"},\"query-input\":{\"@type\":\"PropertyValueSpecification\",\"valueRequired\":true,\"valueName\":\"search_term_string\"}}],\"inLanguage\":\"fr-FR\"},{\"@type\":\"Organization\",\"@id\":\"https:\\\/\\\/nobleliftcanada.com\\\/fr\\\/#organization\",\"name\":\"Noblelift Canada\",\"url\":\"https:\\\/\\\/nobleliftcanada.com\\\/fr\\\/\",\"logo\":{\"@type\":\"ImageObject\",\"inLanguage\":\"fr-FR\",\"@id\":\"https:\\\/\\\/nobleliftcanada.com\\\/fr\\\/#\\\/schema\\\/logo\\\/image\\\/\",\"url\":\"https:\\\/\\\/nobleliftcanada.com\\\/wp-content\\\/uploads\\\/2020\\\/08\\\/NOBLELIFTCANADA-1.png\",\"contentUrl\":\"https:\\\/\\\/nobleliftcanada.com\\\/wp-content\\\/uploads\\\/2020\\\/08\\\/NOBLELIFTCANADA-1.png\",\"width\":2413,\"height\":880,\"caption\":\"Noblelift Canada\"},\"image\":{\"@id\":\"https:\\\/\\\/nobleliftcanada.com\\\/fr\\\/#\\\/schema\\\/logo\\\/image\\\/\"},\"sameAs\":[\"https:\\\/\\\/www.facebook.com\\\/Noblelift-Canada-102966741541390\\\/\"]}]}<\/script>\n<!-- \/ Yoast SEO plugin. -->","yoast_head_json":{"title":"DGB33 &#8212; Noblelift Canada","description":"DGB33 by Noblelift Canada | | Inquire Now To Get Your Noblelift Equipment & Parts","robots":{"index":"index","follow":"follow","max-snippet":"max-snippet:-1","max-image-preview":"max-image-preview:large","max-video-preview":"max-video-preview:-1"},"canonical":"https:\/\/nobleliftcanada.com\/fr\/produit\/ergo-electric-lift-1500kg-dgb33\/","og_locale":"fr_FR","og_type":"article","og_title":"DGB33 &#8212; Noblelift Canada","og_description":"DGB33 by Noblelift Canada | | Inquire Now To Get Your Noblelift Equipment & Parts","og_url":"https:\/\/nobleliftcanada.com\/fr\/produit\/ergo-electric-lift-1500kg-dgb33\/","og_site_name":"Noblelift Canada","article_publisher":"https:\/\/www.facebook.com\/Noblelift-Canada-102966741541390\/","article_modified_time":"2025-05-11T03:33:14+00:00","og_image":[{"width":2542,"height":1876,"url":"https:\/\/nobleliftcanada.com\/wp-content\/uploads\/2020\/09\/dgb33.jpg","type":"image\/jpeg"}],"twitter_card":"summary_large_image","schema":{"@context":"https:\/\/schema.org","@graph":[{"@type":"WebPage","@id":"https:\/\/nobleliftcanada.com\/fr\/produit\/ergo-electric-lift-1500kg-dgb33\/","url":"https:\/\/nobleliftcanada.com\/fr\/produit\/ergo-electric-lift-1500kg-dgb33\/","name":"DGB33 &#8212; Noblelift Canada","isPartOf":{"@id":"https:\/\/nobleliftcanada.com\/fr\/#website"},"primaryImageOfPage":{"@id":"https:\/\/nobleliftcanada.com\/fr\/produit\/ergo-electric-lift-1500kg-dgb33\/#primaryimage"},"image":{"@id":"https:\/\/nobleliftcanada.com\/fr\/produit\/ergo-electric-lift-1500kg-dgb33\/#primaryimage"},"thumbnailUrl":"https:\/\/nobleliftcanada.com\/wp-content\/uploads\/2020\/09\/dgb33.jpg","datePublished":"2025-03-21T23:59:39+00:00","dateModified":"2025-05-11T03:33:14+00:00","description":"DGB33 by Noblelift Canada | | Inquire Now To Get Your Noblelift Equipment & Parts","breadcrumb":{"@id":"https:\/\/nobleliftcanada.com\/fr\/produit\/ergo-electric-lift-1500kg-dgb33\/#breadcrumb"},"inLanguage":"fr-FR","potentialAction":[{"@type":"ReadAction","target":["https:\/\/nobleliftcanada.com\/fr\/produit\/ergo-electric-lift-1500kg-dgb33\/"]}]},{"@type":"ImageObject","inLanguage":"fr-FR","@id":"https:\/\/nobleliftcanada.com\/fr\/produit\/ergo-electric-lift-1500kg-dgb33\/#primaryimage","url":"https:\/\/nobleliftcanada.com\/wp-content\/uploads\/2020\/09\/dgb33.jpg","contentUrl":"https:\/\/nobleliftcanada.com\/wp-content\/uploads\/2020\/09\/dgb33.jpg","width":2542,"height":1876},{"@type":"BreadcrumbList","@id":"https:\/\/nobleliftcanada.com\/fr\/produit\/ergo-electric-lift-1500kg-dgb33\/#breadcrumb","itemListElement":[{"@type":"ListItem","position":1,"name":"Home","item":"https:\/\/nobleliftcanada.com\/fr\/"},{"@type":"ListItem","position":2,"name":"Boutique","item":"https:\/\/nobleliftcanada.com\/shop\/"},{"@type":"ListItem","position":3,"name":"DGB33"}]},{"@type":"WebSite","@id":"https:\/\/nobleliftcanada.com\/fr\/#website","url":"https:\/\/nobleliftcanada.com\/fr\/","name":"Noblelift Canada","description":"Canada&#039;s Leader | Material Handling Equipment","publisher":{"@id":"https:\/\/nobleliftcanada.com\/fr\/#organization"},"potentialAction":[{"@type":"SearchAction","target":{"@type":"EntryPoint","urlTemplate":"https:\/\/nobleliftcanada.com\/fr\/?s={search_term_string}"},"query-input":{"@type":"PropertyValueSpecification","valueRequired":true,"valueName":"search_term_string"}}],"inLanguage":"fr-FR"},{"@type":"Organization","@id":"https:\/\/nobleliftcanada.com\/fr\/#organization","name":"Noblelift Canada","url":"https:\/\/nobleliftcanada.com\/fr\/","logo":{"@type":"ImageObject","inLanguage":"fr-FR","@id":"https:\/\/nobleliftcanada.com\/fr\/#\/schema\/logo\/image\/","url":"https:\/\/nobleliftcanada.com\/wp-content\/uploads\/2020\/08\/NOBLELIFTCANADA-1.png","contentUrl":"https:\/\/nobleliftcanada.com\/wp-content\/uploads\/2020\/08\/NOBLELIFTCANADA-1.png","width":2413,"height":880,"caption":"Noblelift Canada"},"image":{"@id":"https:\/\/nobleliftcanada.com\/fr\/#\/schema\/logo\/image\/"},"sameAs":["https:\/\/www.facebook.com\/Noblelift-Canada-102966741541390\/"]}]}},"_links":{"self":[{"href":"https:\/\/nobleliftcanada.com\/fr\/wp-json\/wp\/v2\/product\/42737","targetHints":{"allow":["GET"]}}],"collection":[{"href":"https:\/\/nobleliftcanada.com\/fr\/wp-json\/wp\/v2\/product"}],"about":[{"href":"https:\/\/nobleliftcanada.com\/fr\/wp-json\/wp\/v2\/types\/product"}],"replies":[{"embeddable":true,"href":"https:\/\/nobleliftcanada.com\/fr\/wp-json\/wp\/v2\/comments?post=42737"}],"version-history":[{"count":1,"href":"https:\/\/nobleliftcanada.com\/fr\/wp-json\/wp\/v2\/product\/42737\/revisions"}],"predecessor-version":[{"id":45196,"href":"https:\/\/nobleliftcanada.com\/fr\/wp-json\/wp\/v2\/product\/42737\/revisions\/45196"}],"wp:featuredmedia":[{"embeddable":true,"href":"https:\/\/nobleliftcanada.com\/fr\/wp-json\/wp\/v2\/media\/17688"}],"wp:attachment":[{"href":"https:\/\/nobleliftcanada.com\/fr\/wp-json\/wp\/v2\/media?parent=42737"}],"wp:term":[{"taxonomy":"product_brand","embeddable":true,"href":"https:\/\/nobleliftcanada.com\/fr\/wp-json\/wp\/v2\/product_brand?post=42737"},{"taxonomy":"product_cat","embeddable":true,"href":"https:\/\/nobleliftcanada.com\/fr\/wp-json\/wp\/v2\/product_cat?post=42737"},{"taxonomy":"product_tag","embeddable":true,"href":"https:\/\/nobleliftcanada.com\/fr\/wp-json\/wp\/v2\/product_tag?post=42737"}],"curies":[{"name":"wp","href":"https:\/\/api.w.org\/{rel}","templated":true}]}}