{"id":42734,"date":"2025-03-21T23:59:39","date_gmt":"2025-03-21T23:59:39","guid":{"rendered":"https:\/\/nobleliftcanada.com\/product\/4-way-lift-2000kg-ac-4way\/"},"modified":"2025-05-11T03:33:20","modified_gmt":"2025-05-11T03:33:20","slug":"4-way-lift-2000kg-ac-4way","status":"publish","type":"product","link":"https:\/\/nobleliftcanada.com\/fr\/produit\/4-way-lift-2000kg-ac-4way\/","title":{"rendered":"AC-4Way"},"content":{"rendered":"","protected":false},"excerpt":{"rendered":"<p><span class=\"lh-1 font-size-20\">Le transpalette manuel \u00e0 quatre voies AC-4WAY a une capacit\u00e9 de charge de 4 400 livres.  <b>id\u00e9al pour les palettes \u00e0 4 entr\u00e9es. La conception unique de la fourche avec sa hauteur minimale de 2\u2033 permet \u00e0 la fourche de s&rsquo;ins\u00e9rer dans les ouvertures lat\u00e9rales des palettes \u00e0 quatre entr\u00e9es. Elle peut \u00e9galement \u00eatre utilis\u00e9e pour les palettes standard \u00e0 deux entr\u00e9es et les skids.  <\/b><\/span><\/p>\n<div>\n<div><span class=\"lh-1 font-size-20\"> <\/span><\/div>\n<div><span class=\"lh-1 font-size-20\">Ce transpalette ergonomique, rev\u00eatu de poudre, est fiable et robuste. Il est \u00e9quip\u00e9 d&rsquo;une pompe hydraulique de qualit\u00e9 industrielle et d&rsquo;une soupape de d\u00e9rivation de surcharge pour plus de s\u00e9curit\u00e9. Il est facile \u00e0 man\u0153uvrer avec une direction sans effort. Les coussinets et les articulations chrom\u00e9s garantissent un bon fonctionnement et une longue dur\u00e9e de vie. Haute qualit\u00e9 &#8211; Prix avantageux.   <\/span><\/div>\n<\/div>\n","protected":false},"featured_media":17684,"comment_status":"open","ping_status":"closed","template":"","meta":{"_acf_changed":false},"product_brand":[],"product_cat":[141],"product_tag":[],"class_list":{"0":"post-42734","1":"product","2":"type-product","3":"status-publish","4":"has-post-thumbnail","6":"product_cat-hand-pallet-trucks-other-products-fr","8":"first","9":"instock","10":"taxable","11":"shipping-taxable","12":"product-type-variable"},"exclude_global_add_ons":[],"addons":[],"acf":{"coming_soon":false,"item_description":"4 way lift<br \/> 2000 KG","brochure_button_label":"Brochure","brochure":17704,"location":"","video":null,"standard_features":"","alternative_numbers":"","erp_id":"","models":""},"yoast_head":"<!-- This site is optimized with the Yoast SEO plugin v27.3 - https:\/\/yoast.com\/product\/yoast-seo-wordpress\/ -->\n<title>AC-4Way &#8212; Noblelift Canada<\/title>\n<meta name=\"description\" content=\"AC-4Way by Noblelift Canada | | Inquire Now To Get Your Noblelift Equipment &amp; Parts\" \/>\n<meta name=\"robots\" content=\"index, follow, max-snippet:-1, max-image-preview:large, max-video-preview:-1\" \/>\n<link rel=\"canonical\" href=\"https:\/\/nobleliftcanada.com\/fr\/produit\/4-way-lift-2000kg-ac-4way\/\" \/>\n<meta property=\"og:locale\" content=\"fr_FR\" \/>\n<meta property=\"og:type\" content=\"article\" \/>\n<meta property=\"og:title\" content=\"AC-4Way &#8212; Noblelift Canada\" \/>\n<meta property=\"og:description\" content=\"AC-4Way by Noblelift Canada | | Inquire Now To Get Your Noblelift Equipment &amp; Parts\" \/>\n<meta property=\"og:url\" content=\"https:\/\/nobleliftcanada.com\/fr\/produit\/4-way-lift-2000kg-ac-4way\/\" \/>\n<meta property=\"og:site_name\" content=\"Noblelift Canada\" \/>\n<meta property=\"article:publisher\" content=\"https:\/\/www.facebook.com\/Noblelift-Canada-102966741541390\/\" \/>\n<meta property=\"article:modified_time\" content=\"2025-05-11T03:33:20+00:00\" \/>\n<meta property=\"og:image\" content=\"https:\/\/nobleliftcanada.com\/wp-content\/uploads\/2020\/09\/ac4way.jpg\" \/>\n\t<meta property=\"og:image:width\" content=\"2542\" \/>\n\t<meta property=\"og:image:height\" content=\"1876\" \/>\n\t<meta property=\"og:image:type\" content=\"image\/jpeg\" \/>\n<meta name=\"twitter:card\" content=\"summary_large_image\" \/>\n<script type=\"application\/ld+json\" class=\"yoast-schema-graph\">{\"@context\":\"https:\\\/\\\/schema.org\",\"@graph\":[{\"@type\":\"WebPage\",\"@id\":\"https:\\\/\\\/nobleliftcanada.com\\\/fr\\\/produit\\\/4-way-lift-2000kg-ac-4way\\\/\",\"url\":\"https:\\\/\\\/nobleliftcanada.com\\\/fr\\\/produit\\\/4-way-lift-2000kg-ac-4way\\\/\",\"name\":\"AC-4Way &#8212; Noblelift Canada\",\"isPartOf\":{\"@id\":\"https:\\\/\\\/nobleliftcanada.com\\\/fr\\\/#website\"},\"primaryImageOfPage\":{\"@id\":\"https:\\\/\\\/nobleliftcanada.com\\\/fr\\\/produit\\\/4-way-lift-2000kg-ac-4way\\\/#primaryimage\"},\"image\":{\"@id\":\"https:\\\/\\\/nobleliftcanada.com\\\/fr\\\/produit\\\/4-way-lift-2000kg-ac-4way\\\/#primaryimage\"},\"thumbnailUrl\":\"https:\\\/\\\/nobleliftcanada.com\\\/wp-content\\\/uploads\\\/2020\\\/09\\\/ac4way.jpg\",\"datePublished\":\"2025-03-21T23:59:39+00:00\",\"dateModified\":\"2025-05-11T03:33:20+00:00\",\"description\":\"AC-4Way by Noblelift Canada | | Inquire Now To Get Your Noblelift Equipment & Parts\",\"breadcrumb\":{\"@id\":\"https:\\\/\\\/nobleliftcanada.com\\\/fr\\\/produit\\\/4-way-lift-2000kg-ac-4way\\\/#breadcrumb\"},\"inLanguage\":\"fr-FR\",\"potentialAction\":[{\"@type\":\"ReadAction\",\"target\":[\"https:\\\/\\\/nobleliftcanada.com\\\/fr\\\/produit\\\/4-way-lift-2000kg-ac-4way\\\/\"]}]},{\"@type\":\"ImageObject\",\"inLanguage\":\"fr-FR\",\"@id\":\"https:\\\/\\\/nobleliftcanada.com\\\/fr\\\/produit\\\/4-way-lift-2000kg-ac-4way\\\/#primaryimage\",\"url\":\"https:\\\/\\\/nobleliftcanada.com\\\/wp-content\\\/uploads\\\/2020\\\/09\\\/ac4way.jpg\",\"contentUrl\":\"https:\\\/\\\/nobleliftcanada.com\\\/wp-content\\\/uploads\\\/2020\\\/09\\\/ac4way.jpg\",\"width\":2542,\"height\":1876},{\"@type\":\"BreadcrumbList\",\"@id\":\"https:\\\/\\\/nobleliftcanada.com\\\/fr\\\/produit\\\/4-way-lift-2000kg-ac-4way\\\/#breadcrumb\",\"itemListElement\":[{\"@type\":\"ListItem\",\"position\":1,\"name\":\"Home\",\"item\":\"https:\\\/\\\/nobleliftcanada.com\\\/fr\\\/\"},{\"@type\":\"ListItem\",\"position\":2,\"name\":\"Boutique\",\"item\":\"https:\\\/\\\/nobleliftcanada.com\\\/shop\\\/\"},{\"@type\":\"ListItem\",\"position\":3,\"name\":\"AC-4Way\"}]},{\"@type\":\"WebSite\",\"@id\":\"https:\\\/\\\/nobleliftcanada.com\\\/fr\\\/#website\",\"url\":\"https:\\\/\\\/nobleliftcanada.com\\\/fr\\\/\",\"name\":\"Noblelift Canada\",\"description\":\"Canada&#039;s Leader | Material Handling Equipment\",\"publisher\":{\"@id\":\"https:\\\/\\\/nobleliftcanada.com\\\/fr\\\/#organization\"},\"potentialAction\":[{\"@type\":\"SearchAction\",\"target\":{\"@type\":\"EntryPoint\",\"urlTemplate\":\"https:\\\/\\\/nobleliftcanada.com\\\/fr\\\/?s={search_term_string}\"},\"query-input\":{\"@type\":\"PropertyValueSpecification\",\"valueRequired\":true,\"valueName\":\"search_term_string\"}}],\"inLanguage\":\"fr-FR\"},{\"@type\":\"Organization\",\"@id\":\"https:\\\/\\\/nobleliftcanada.com\\\/fr\\\/#organization\",\"name\":\"Noblelift Canada\",\"url\":\"https:\\\/\\\/nobleliftcanada.com\\\/fr\\\/\",\"logo\":{\"@type\":\"ImageObject\",\"inLanguage\":\"fr-FR\",\"@id\":\"https:\\\/\\\/nobleliftcanada.com\\\/fr\\\/#\\\/schema\\\/logo\\\/image\\\/\",\"url\":\"https:\\\/\\\/nobleliftcanada.com\\\/wp-content\\\/uploads\\\/2020\\\/08\\\/NOBLELIFTCANADA-1.png\",\"contentUrl\":\"https:\\\/\\\/nobleliftcanada.com\\\/wp-content\\\/uploads\\\/2020\\\/08\\\/NOBLELIFTCANADA-1.png\",\"width\":2413,\"height\":880,\"caption\":\"Noblelift Canada\"},\"image\":{\"@id\":\"https:\\\/\\\/nobleliftcanada.com\\\/fr\\\/#\\\/schema\\\/logo\\\/image\\\/\"},\"sameAs\":[\"https:\\\/\\\/www.facebook.com\\\/Noblelift-Canada-102966741541390\\\/\"]}]}<\/script>\n<!-- \/ Yoast SEO plugin. -->","yoast_head_json":{"title":"AC-4Way &#8212; Noblelift Canada","description":"AC-4Way by Noblelift Canada | | Inquire Now To Get Your Noblelift Equipment & Parts","robots":{"index":"index","follow":"follow","max-snippet":"max-snippet:-1","max-image-preview":"max-image-preview:large","max-video-preview":"max-video-preview:-1"},"canonical":"https:\/\/nobleliftcanada.com\/fr\/produit\/4-way-lift-2000kg-ac-4way\/","og_locale":"fr_FR","og_type":"article","og_title":"AC-4Way &#8212; Noblelift Canada","og_description":"AC-4Way by Noblelift Canada | | Inquire Now To Get Your Noblelift Equipment & Parts","og_url":"https:\/\/nobleliftcanada.com\/fr\/produit\/4-way-lift-2000kg-ac-4way\/","og_site_name":"Noblelift Canada","article_publisher":"https:\/\/www.facebook.com\/Noblelift-Canada-102966741541390\/","article_modified_time":"2025-05-11T03:33:20+00:00","og_image":[{"width":2542,"height":1876,"url":"https:\/\/nobleliftcanada.com\/wp-content\/uploads\/2020\/09\/ac4way.jpg","type":"image\/jpeg"}],"twitter_card":"summary_large_image","schema":{"@context":"https:\/\/schema.org","@graph":[{"@type":"WebPage","@id":"https:\/\/nobleliftcanada.com\/fr\/produit\/4-way-lift-2000kg-ac-4way\/","url":"https:\/\/nobleliftcanada.com\/fr\/produit\/4-way-lift-2000kg-ac-4way\/","name":"AC-4Way &#8212; Noblelift Canada","isPartOf":{"@id":"https:\/\/nobleliftcanada.com\/fr\/#website"},"primaryImageOfPage":{"@id":"https:\/\/nobleliftcanada.com\/fr\/produit\/4-way-lift-2000kg-ac-4way\/#primaryimage"},"image":{"@id":"https:\/\/nobleliftcanada.com\/fr\/produit\/4-way-lift-2000kg-ac-4way\/#primaryimage"},"thumbnailUrl":"https:\/\/nobleliftcanada.com\/wp-content\/uploads\/2020\/09\/ac4way.jpg","datePublished":"2025-03-21T23:59:39+00:00","dateModified":"2025-05-11T03:33:20+00:00","description":"AC-4Way by Noblelift Canada | | Inquire Now To Get Your Noblelift Equipment & Parts","breadcrumb":{"@id":"https:\/\/nobleliftcanada.com\/fr\/produit\/4-way-lift-2000kg-ac-4way\/#breadcrumb"},"inLanguage":"fr-FR","potentialAction":[{"@type":"ReadAction","target":["https:\/\/nobleliftcanada.com\/fr\/produit\/4-way-lift-2000kg-ac-4way\/"]}]},{"@type":"ImageObject","inLanguage":"fr-FR","@id":"https:\/\/nobleliftcanada.com\/fr\/produit\/4-way-lift-2000kg-ac-4way\/#primaryimage","url":"https:\/\/nobleliftcanada.com\/wp-content\/uploads\/2020\/09\/ac4way.jpg","contentUrl":"https:\/\/nobleliftcanada.com\/wp-content\/uploads\/2020\/09\/ac4way.jpg","width":2542,"height":1876},{"@type":"BreadcrumbList","@id":"https:\/\/nobleliftcanada.com\/fr\/produit\/4-way-lift-2000kg-ac-4way\/#breadcrumb","itemListElement":[{"@type":"ListItem","position":1,"name":"Home","item":"https:\/\/nobleliftcanada.com\/fr\/"},{"@type":"ListItem","position":2,"name":"Boutique","item":"https:\/\/nobleliftcanada.com\/shop\/"},{"@type":"ListItem","position":3,"name":"AC-4Way"}]},{"@type":"WebSite","@id":"https:\/\/nobleliftcanada.com\/fr\/#website","url":"https:\/\/nobleliftcanada.com\/fr\/","name":"Noblelift Canada","description":"Canada&#039;s Leader | Material Handling Equipment","publisher":{"@id":"https:\/\/nobleliftcanada.com\/fr\/#organization"},"potentialAction":[{"@type":"SearchAction","target":{"@type":"EntryPoint","urlTemplate":"https:\/\/nobleliftcanada.com\/fr\/?s={search_term_string}"},"query-input":{"@type":"PropertyValueSpecification","valueRequired":true,"valueName":"search_term_string"}}],"inLanguage":"fr-FR"},{"@type":"Organization","@id":"https:\/\/nobleliftcanada.com\/fr\/#organization","name":"Noblelift Canada","url":"https:\/\/nobleliftcanada.com\/fr\/","logo":{"@type":"ImageObject","inLanguage":"fr-FR","@id":"https:\/\/nobleliftcanada.com\/fr\/#\/schema\/logo\/image\/","url":"https:\/\/nobleliftcanada.com\/wp-content\/uploads\/2020\/08\/NOBLELIFTCANADA-1.png","contentUrl":"https:\/\/nobleliftcanada.com\/wp-content\/uploads\/2020\/08\/NOBLELIFTCANADA-1.png","width":2413,"height":880,"caption":"Noblelift Canada"},"image":{"@id":"https:\/\/nobleliftcanada.com\/fr\/#\/schema\/logo\/image\/"},"sameAs":["https:\/\/www.facebook.com\/Noblelift-Canada-102966741541390\/"]}]}},"_links":{"self":[{"href":"https:\/\/nobleliftcanada.com\/fr\/wp-json\/wp\/v2\/product\/42734","targetHints":{"allow":["GET"]}}],"collection":[{"href":"https:\/\/nobleliftcanada.com\/fr\/wp-json\/wp\/v2\/product"}],"about":[{"href":"https:\/\/nobleliftcanada.com\/fr\/wp-json\/wp\/v2\/types\/product"}],"replies":[{"embeddable":true,"href":"https:\/\/nobleliftcanada.com\/fr\/wp-json\/wp\/v2\/comments?post=42734"}],"version-history":[{"count":1,"href":"https:\/\/nobleliftcanada.com\/fr\/wp-json\/wp\/v2\/product\/42734\/revisions"}],"predecessor-version":[{"id":45199,"href":"https:\/\/nobleliftcanada.com\/fr\/wp-json\/wp\/v2\/product\/42734\/revisions\/45199"}],"wp:featuredmedia":[{"embeddable":true,"href":"https:\/\/nobleliftcanada.com\/fr\/wp-json\/wp\/v2\/media\/17684"}],"wp:attachment":[{"href":"https:\/\/nobleliftcanada.com\/fr\/wp-json\/wp\/v2\/media?parent=42734"}],"wp:term":[{"taxonomy":"product_brand","embeddable":true,"href":"https:\/\/nobleliftcanada.com\/fr\/wp-json\/wp\/v2\/product_brand?post=42734"},{"taxonomy":"product_cat","embeddable":true,"href":"https:\/\/nobleliftcanada.com\/fr\/wp-json\/wp\/v2\/product_cat?post=42734"},{"taxonomy":"product_tag","embeddable":true,"href":"https:\/\/nobleliftcanada.com\/fr\/wp-json\/wp\/v2\/product_tag?post=42734"}],"curies":[{"name":"wp","href":"https:\/\/api.w.org\/{rel}","templated":true}]}}