{"id":42715,"date":"2025-03-25T17:21:16","date_gmt":"2025-03-25T17:21:16","guid":{"rendered":"https:\/\/nobleliftcanada.com\/product\/sit-on-1600kg-rt16-li\/"},"modified":"2025-05-11T03:26:19","modified_gmt":"2025-05-11T03:26:19","slug":"sit-on-1600kg-rt16-li","status":"publish","type":"product","link":"https:\/\/nobleliftcanada.com\/fr\/produit\/sit-on-1600kg-rt16-li\/","title":{"rendered":"RT16-Li"},"content":{"rendered":"","protected":false},"excerpt":{"rendered":"<p>Batterie au lithium :<\/p>\n<p>\u25a0Chariot \u00e0 m\u00e2t r\u00e9tractable RT16Li avec batterie au lithium au design unique. La cabine adopte quatre colonnes pour p\u00e9n\u00e9trer le cadre, ce qui est \u00e0 la fois beau et s\u00fbr. Le large champ de vision et l&rsquo;espace de conduite, les si\u00e8ges \u00e0 haute \u00e9lasticit\u00e9 qui absorbent les chocs, donnent un plaisir de conduite unique.  <\/p>\n<p>\u25a0 Le moteur \u00e0 courant alternatif triphas\u00e9 allemand de 6,4 kW et le contr\u00f4leur am\u00e9ricain sont s\u00e9lectionn\u00e9s pour assurer une puissance plus \u00e9lev\u00e9e du v\u00e9hicule ainsi qu&rsquo;une acc\u00e9l\u00e9ration et une d\u00e9c\u00e9l\u00e9ration plus douces. En m\u00eame temps, il est \u00e9quip\u00e9 d&rsquo;un syst\u00e8me de direction assist\u00e9e \u00e9lectronique EPS pour une direction facile. Le mode de direction 180\u00b0\/360\u00b0 peut \u00eatre commut\u00e9 en temps r\u00e9el \u00e0 l&rsquo;aide de l&rsquo;interrupteur \u00e0 pouce allemand, de la console centrale de type centralis\u00e9, de l&rsquo;op\u00e9ration du bout des doigts, pratique et pr\u00e9cise, garantissant une grande efficacit\u00e9 et un confort de conduite. L&rsquo;instrument LCD multifonctionnel peut afficher la position du volant, la puissance de la batterie, l&rsquo;alarme de puissance, le code de d\u00e9faut, le temps de fonctionnement, la vitesse de conduite et d&rsquo;autres informations.   <\/p>\n<p>Si\u00e8ge \u00e0 suspension :<\/p>\n<p>\u25a0 Le si\u00e8ge tr\u00e8s \u00e9lastique qui absorbe les chocs r\u00e9duit consid\u00e9rablement la transmission des vibrations au conducteur. En m\u00eame temps, la combinaison du dossier incurv\u00e9 bionique de qualit\u00e9 automobile peut r\u00e9duire efficacement la fatigue de conduite du conducteur ; le si\u00e8ge peut \u00eatre r\u00e9gl\u00e9 dans de multiples positions pour r\u00e9pondre \u00e0 l&rsquo;op\u00e9ration de diff\u00e9rentes tailles et formes de corps. Selon les besoins des utilisateurs, cette voiture adopte une batterie au lithium qui peut \u00eatre recharg\u00e9e rapidement pour r\u00e9pondre aux exigences du syst\u00e8me de travail multiposte. Le volant et la console centrale peuvent \u00eatre r\u00e9gl\u00e9s librement dans toutes les directions pour s&rsquo;adapter \u00e0 vos meilleures habitudes de travail.   <\/p>\n","protected":false},"featured_media":18313,"comment_status":"open","ping_status":"closed","template":"","meta":{"_acf_changed":false},"product_brand":[],"product_cat":[140],"product_tag":[],"class_list":{"0":"post-42715","1":"product","2":"type-product","3":"status-publish","4":"has-post-thumbnail","6":"product_cat-reach-stand-up-trucks-fr","8":"first","9":"instock","10":"taxable","11":"shipping-taxable","12":"product-type-variable"},"exclude_global_add_ons":false,"addons":[{"name":"Chargeur de batterie","type":"multiple_choice","position":0,"required":true,"title_format":"label","default":"","description_enable":false,"description":null,"placeholder_enable":false,"placeholder":null,"display":"radiobutton","restrictions_type":"any_text","adjust_price":false,"price":"","price_type":"flat_fee","restrictions":false,"min":"0","max":"0","options":[{"label":"Chargeur Lithium-ion 48V\/200Ah-480\/600VAC 3PH Charge rapide","price":"10400","price_type":"quantity_based","image":0,"visibility":true},{"label":"Chargeur 48V\/200Ah-480\/600VAC 3PH Lithium-ion FST","price":"6880","price_type":"quantity_based","image":0,"visibility":true},{"label":"48V\/150AH 3PH 600V Lithium-ion","price":"5580","price_type":"quantity_based","image":0,"visibility":true}],"id":1745365312},{"name":"Longueur de fourche standard 42","type":"multiple_choice","position":1,"required":true,"title_format":"label","default":"0","description_enable":false,"description":null,"placeholder_enable":false,"placeholder":null,"display":"select","restrictions_type":"any_text","adjust_price":false,"price":"","price_type":"flat_fee","restrictions":false,"min":"0","max":"0","options":[{"label":"Longueur de fourche standard 42","price":"","price_type":"quantity_based","image":0,"visibility":true},{"label":"54''","price":"210","price_type":"quantity_based","image":0,"visibility":true},{"label":"60\"","price":"210","price_type":"quantity_based","image":0,"visibility":true}],"id":1746054115},{"name":"DES OPTIONS SUPPL\u00c9MENTAIRES :","type":"checkbox","position":2,"required":false,"title_format":"label","default":"","description_enable":false,"description":null,"placeholder_enable":false,"placeholder":null,"display":"select","restrictions_type":"any_text","adjust_price":false,"price":"","price_type":"flat_fee","restrictions":false,"min":"0","max":"0","options":[{"label":"Syst\u00e8me de pr\u00e9s\u00e9lection de la hauteur","price":"4478","price_type":"quantity_based","image":0,"visibility":true},{"label":"Cam\u00e9ra sans fil 2,4 GHz avec indice de protection IP 69","price":"1980","price_type":"quantity_based","image":0,"visibility":true},{"label":"Changement de vitesse lat\u00e9ral int\u00e9gr\u00e9","price":"1538","price_type":"quantity_based","image":0,"visibility":true},{"label":"Support de chargeur avec b\u00e2ton de pogo","price":"1100","price_type":"quantity_based","image":0,"visibility":true}],"id":1745365076}],"acf":{"coming_soon":false,"item_description":"Sit-on<br \/> 1600 KG","brochure_button_label":"Brochure","brochure":18199,"location":"","video":null,"standard_features":"","alternative_numbers":"","erp_id":"","models":""},"yoast_head":"<!-- This site is optimized with the Yoast SEO plugin v27.3 - https:\/\/yoast.com\/product\/yoast-seo-wordpress\/ -->\n<title>RT16-Li &#8212; Noblelift Canada<\/title>\n<meta name=\"description\" content=\"RT16-Li by Noblelift Canada | | Inquire Now To Get Your Noblelift Equipment &amp; Parts\" \/>\n<meta name=\"robots\" content=\"index, follow, max-snippet:-1, max-image-preview:large, max-video-preview:-1\" \/>\n<link rel=\"canonical\" href=\"https:\/\/nobleliftcanada.com\/fr\/produit\/sit-on-1600kg-rt16-li\/\" \/>\n<meta property=\"og:locale\" content=\"fr_FR\" \/>\n<meta property=\"og:type\" content=\"article\" \/>\n<meta property=\"og:title\" content=\"RT16-Li &#8212; Noblelift Canada\" \/>\n<meta property=\"og:description\" content=\"RT16-Li by Noblelift Canada | | Inquire Now To Get Your Noblelift Equipment &amp; Parts\" \/>\n<meta property=\"og:url\" content=\"https:\/\/nobleliftcanada.com\/fr\/produit\/sit-on-1600kg-rt16-li\/\" \/>\n<meta property=\"og:site_name\" content=\"Noblelift Canada\" \/>\n<meta property=\"article:publisher\" content=\"https:\/\/www.facebook.com\/Noblelift-Canada-102966741541390\/\" \/>\n<meta property=\"article:modified_time\" content=\"2025-05-11T03:26:19+00:00\" \/>\n<meta property=\"og:image\" content=\"https:\/\/nobleliftcanada.com\/wp-content\/uploads\/2020\/09\/Noblelift-Canada-RT16Li.png\" \/>\n\t<meta property=\"og:image:width\" content=\"1253\" \/>\n\t<meta property=\"og:image:height\" content=\"1628\" \/>\n\t<meta property=\"og:image:type\" content=\"image\/png\" \/>\n<meta name=\"twitter:card\" content=\"summary_large_image\" \/>\n<script type=\"application\/ld+json\" class=\"yoast-schema-graph\">{\"@context\":\"https:\\\/\\\/schema.org\",\"@graph\":[{\"@type\":\"WebPage\",\"@id\":\"https:\\\/\\\/nobleliftcanada.com\\\/fr\\\/produit\\\/sit-on-1600kg-rt16-li\\\/\",\"url\":\"https:\\\/\\\/nobleliftcanada.com\\\/fr\\\/produit\\\/sit-on-1600kg-rt16-li\\\/\",\"name\":\"RT16-Li &#8212; Noblelift Canada\",\"isPartOf\":{\"@id\":\"https:\\\/\\\/nobleliftcanada.com\\\/fr\\\/#website\"},\"primaryImageOfPage\":{\"@id\":\"https:\\\/\\\/nobleliftcanada.com\\\/fr\\\/produit\\\/sit-on-1600kg-rt16-li\\\/#primaryimage\"},\"image\":{\"@id\":\"https:\\\/\\\/nobleliftcanada.com\\\/fr\\\/produit\\\/sit-on-1600kg-rt16-li\\\/#primaryimage\"},\"thumbnailUrl\":\"https:\\\/\\\/nobleliftcanada.com\\\/wp-content\\\/uploads\\\/2020\\\/09\\\/Noblelift-Canada-RT16Li.png\",\"datePublished\":\"2025-03-25T17:21:16+00:00\",\"dateModified\":\"2025-05-11T03:26:19+00:00\",\"description\":\"RT16-Li by Noblelift Canada | | Inquire Now To Get Your Noblelift Equipment & Parts\",\"breadcrumb\":{\"@id\":\"https:\\\/\\\/nobleliftcanada.com\\\/fr\\\/produit\\\/sit-on-1600kg-rt16-li\\\/#breadcrumb\"},\"inLanguage\":\"fr-FR\",\"potentialAction\":[{\"@type\":\"ReadAction\",\"target\":[\"https:\\\/\\\/nobleliftcanada.com\\\/fr\\\/produit\\\/sit-on-1600kg-rt16-li\\\/\"]}]},{\"@type\":\"ImageObject\",\"inLanguage\":\"fr-FR\",\"@id\":\"https:\\\/\\\/nobleliftcanada.com\\\/fr\\\/produit\\\/sit-on-1600kg-rt16-li\\\/#primaryimage\",\"url\":\"https:\\\/\\\/nobleliftcanada.com\\\/wp-content\\\/uploads\\\/2020\\\/09\\\/Noblelift-Canada-RT16Li.png\",\"contentUrl\":\"https:\\\/\\\/nobleliftcanada.com\\\/wp-content\\\/uploads\\\/2020\\\/09\\\/Noblelift-Canada-RT16Li.png\",\"width\":1253,\"height\":1628},{\"@type\":\"BreadcrumbList\",\"@id\":\"https:\\\/\\\/nobleliftcanada.com\\\/fr\\\/produit\\\/sit-on-1600kg-rt16-li\\\/#breadcrumb\",\"itemListElement\":[{\"@type\":\"ListItem\",\"position\":1,\"name\":\"Home\",\"item\":\"https:\\\/\\\/nobleliftcanada.com\\\/fr\\\/\"},{\"@type\":\"ListItem\",\"position\":2,\"name\":\"Boutique\",\"item\":\"https:\\\/\\\/nobleliftcanada.com\\\/shop\\\/\"},{\"@type\":\"ListItem\",\"position\":3,\"name\":\"RT16-Li\"}]},{\"@type\":\"WebSite\",\"@id\":\"https:\\\/\\\/nobleliftcanada.com\\\/fr\\\/#website\",\"url\":\"https:\\\/\\\/nobleliftcanada.com\\\/fr\\\/\",\"name\":\"Noblelift Canada\",\"description\":\"Canada&#039;s Leader | Material Handling Equipment\",\"publisher\":{\"@id\":\"https:\\\/\\\/nobleliftcanada.com\\\/fr\\\/#organization\"},\"potentialAction\":[{\"@type\":\"SearchAction\",\"target\":{\"@type\":\"EntryPoint\",\"urlTemplate\":\"https:\\\/\\\/nobleliftcanada.com\\\/fr\\\/?s={search_term_string}\"},\"query-input\":{\"@type\":\"PropertyValueSpecification\",\"valueRequired\":true,\"valueName\":\"search_term_string\"}}],\"inLanguage\":\"fr-FR\"},{\"@type\":\"Organization\",\"@id\":\"https:\\\/\\\/nobleliftcanada.com\\\/fr\\\/#organization\",\"name\":\"Noblelift Canada\",\"url\":\"https:\\\/\\\/nobleliftcanada.com\\\/fr\\\/\",\"logo\":{\"@type\":\"ImageObject\",\"inLanguage\":\"fr-FR\",\"@id\":\"https:\\\/\\\/nobleliftcanada.com\\\/fr\\\/#\\\/schema\\\/logo\\\/image\\\/\",\"url\":\"https:\\\/\\\/nobleliftcanada.com\\\/wp-content\\\/uploads\\\/2020\\\/08\\\/NOBLELIFTCANADA-1.png\",\"contentUrl\":\"https:\\\/\\\/nobleliftcanada.com\\\/wp-content\\\/uploads\\\/2020\\\/08\\\/NOBLELIFTCANADA-1.png\",\"width\":2413,\"height\":880,\"caption\":\"Noblelift Canada\"},\"image\":{\"@id\":\"https:\\\/\\\/nobleliftcanada.com\\\/fr\\\/#\\\/schema\\\/logo\\\/image\\\/\"},\"sameAs\":[\"https:\\\/\\\/www.facebook.com\\\/Noblelift-Canada-102966741541390\\\/\"]}]}<\/script>\n<!-- \/ Yoast SEO plugin. -->","yoast_head_json":{"title":"RT16-Li &#8212; Noblelift Canada","description":"RT16-Li by Noblelift Canada | | Inquire Now To Get Your Noblelift Equipment & Parts","robots":{"index":"index","follow":"follow","max-snippet":"max-snippet:-1","max-image-preview":"max-image-preview:large","max-video-preview":"max-video-preview:-1"},"canonical":"https:\/\/nobleliftcanada.com\/fr\/produit\/sit-on-1600kg-rt16-li\/","og_locale":"fr_FR","og_type":"article","og_title":"RT16-Li &#8212; Noblelift Canada","og_description":"RT16-Li by Noblelift Canada | | Inquire Now To Get Your Noblelift Equipment & Parts","og_url":"https:\/\/nobleliftcanada.com\/fr\/produit\/sit-on-1600kg-rt16-li\/","og_site_name":"Noblelift Canada","article_publisher":"https:\/\/www.facebook.com\/Noblelift-Canada-102966741541390\/","article_modified_time":"2025-05-11T03:26:19+00:00","og_image":[{"width":1253,"height":1628,"url":"https:\/\/nobleliftcanada.com\/wp-content\/uploads\/2020\/09\/Noblelift-Canada-RT16Li.png","type":"image\/png"}],"twitter_card":"summary_large_image","schema":{"@context":"https:\/\/schema.org","@graph":[{"@type":"WebPage","@id":"https:\/\/nobleliftcanada.com\/fr\/produit\/sit-on-1600kg-rt16-li\/","url":"https:\/\/nobleliftcanada.com\/fr\/produit\/sit-on-1600kg-rt16-li\/","name":"RT16-Li &#8212; Noblelift Canada","isPartOf":{"@id":"https:\/\/nobleliftcanada.com\/fr\/#website"},"primaryImageOfPage":{"@id":"https:\/\/nobleliftcanada.com\/fr\/produit\/sit-on-1600kg-rt16-li\/#primaryimage"},"image":{"@id":"https:\/\/nobleliftcanada.com\/fr\/produit\/sit-on-1600kg-rt16-li\/#primaryimage"},"thumbnailUrl":"https:\/\/nobleliftcanada.com\/wp-content\/uploads\/2020\/09\/Noblelift-Canada-RT16Li.png","datePublished":"2025-03-25T17:21:16+00:00","dateModified":"2025-05-11T03:26:19+00:00","description":"RT16-Li by Noblelift Canada | | Inquire Now To Get Your Noblelift Equipment & Parts","breadcrumb":{"@id":"https:\/\/nobleliftcanada.com\/fr\/produit\/sit-on-1600kg-rt16-li\/#breadcrumb"},"inLanguage":"fr-FR","potentialAction":[{"@type":"ReadAction","target":["https:\/\/nobleliftcanada.com\/fr\/produit\/sit-on-1600kg-rt16-li\/"]}]},{"@type":"ImageObject","inLanguage":"fr-FR","@id":"https:\/\/nobleliftcanada.com\/fr\/produit\/sit-on-1600kg-rt16-li\/#primaryimage","url":"https:\/\/nobleliftcanada.com\/wp-content\/uploads\/2020\/09\/Noblelift-Canada-RT16Li.png","contentUrl":"https:\/\/nobleliftcanada.com\/wp-content\/uploads\/2020\/09\/Noblelift-Canada-RT16Li.png","width":1253,"height":1628},{"@type":"BreadcrumbList","@id":"https:\/\/nobleliftcanada.com\/fr\/produit\/sit-on-1600kg-rt16-li\/#breadcrumb","itemListElement":[{"@type":"ListItem","position":1,"name":"Home","item":"https:\/\/nobleliftcanada.com\/fr\/"},{"@type":"ListItem","position":2,"name":"Boutique","item":"https:\/\/nobleliftcanada.com\/shop\/"},{"@type":"ListItem","position":3,"name":"RT16-Li"}]},{"@type":"WebSite","@id":"https:\/\/nobleliftcanada.com\/fr\/#website","url":"https:\/\/nobleliftcanada.com\/fr\/","name":"Noblelift Canada","description":"Canada&#039;s Leader | Material Handling Equipment","publisher":{"@id":"https:\/\/nobleliftcanada.com\/fr\/#organization"},"potentialAction":[{"@type":"SearchAction","target":{"@type":"EntryPoint","urlTemplate":"https:\/\/nobleliftcanada.com\/fr\/?s={search_term_string}"},"query-input":{"@type":"PropertyValueSpecification","valueRequired":true,"valueName":"search_term_string"}}],"inLanguage":"fr-FR"},{"@type":"Organization","@id":"https:\/\/nobleliftcanada.com\/fr\/#organization","name":"Noblelift Canada","url":"https:\/\/nobleliftcanada.com\/fr\/","logo":{"@type":"ImageObject","inLanguage":"fr-FR","@id":"https:\/\/nobleliftcanada.com\/fr\/#\/schema\/logo\/image\/","url":"https:\/\/nobleliftcanada.com\/wp-content\/uploads\/2020\/08\/NOBLELIFTCANADA-1.png","contentUrl":"https:\/\/nobleliftcanada.com\/wp-content\/uploads\/2020\/08\/NOBLELIFTCANADA-1.png","width":2413,"height":880,"caption":"Noblelift Canada"},"image":{"@id":"https:\/\/nobleliftcanada.com\/fr\/#\/schema\/logo\/image\/"},"sameAs":["https:\/\/www.facebook.com\/Noblelift-Canada-102966741541390\/"]}]}},"_links":{"self":[{"href":"https:\/\/nobleliftcanada.com\/fr\/wp-json\/wp\/v2\/product\/42715","targetHints":{"allow":["GET"]}}],"collection":[{"href":"https:\/\/nobleliftcanada.com\/fr\/wp-json\/wp\/v2\/product"}],"about":[{"href":"https:\/\/nobleliftcanada.com\/fr\/wp-json\/wp\/v2\/types\/product"}],"replies":[{"embeddable":true,"href":"https:\/\/nobleliftcanada.com\/fr\/wp-json\/wp\/v2\/comments?post=42715"}],"version-history":[{"count":2,"href":"https:\/\/nobleliftcanada.com\/fr\/wp-json\/wp\/v2\/product\/42715\/revisions"}],"predecessor-version":[{"id":45187,"href":"https:\/\/nobleliftcanada.com\/fr\/wp-json\/wp\/v2\/product\/42715\/revisions\/45187"}],"wp:featuredmedia":[{"embeddable":true,"href":"https:\/\/nobleliftcanada.com\/fr\/wp-json\/wp\/v2\/media\/18313"}],"wp:attachment":[{"href":"https:\/\/nobleliftcanada.com\/fr\/wp-json\/wp\/v2\/media?parent=42715"}],"wp:term":[{"taxonomy":"product_brand","embeddable":true,"href":"https:\/\/nobleliftcanada.com\/fr\/wp-json\/wp\/v2\/product_brand?post=42715"},{"taxonomy":"product_cat","embeddable":true,"href":"https:\/\/nobleliftcanada.com\/fr\/wp-json\/wp\/v2\/product_cat?post=42715"},{"taxonomy":"product_tag","embeddable":true,"href":"https:\/\/nobleliftcanada.com\/fr\/wp-json\/wp\/v2\/product_tag?post=42715"}],"curies":[{"name":"wp","href":"https:\/\/api.w.org\/{rel}","templated":true}]}}