{"id":42711,"date":"2025-03-25T17:21:16","date_gmt":"2025-03-25T17:21:16","guid":{"rendered":"https:\/\/nobleliftcanada.com\/product\/stand-on-scissor-reach-1500-2000kg-rt15-20sp\/"},"modified":"2025-05-11T03:26:42","modified_gmt":"2025-05-11T03:26:42","slug":"stand-on-scissor-reach-1500-2000kg-rt15-20sp","status":"publish","type":"product","link":"https:\/\/nobleliftcanada.com\/fr\/produit\/stand-on-scissor-reach-1500-2000kg-rt15-20sp\/","title":{"rendered":"RT15SP"},"content":{"rendered":"","protected":false},"excerpt":{"rendered":"<p><strong>PORT\u00c9E UNIQUE  <\/strong><\/p>\n<div class=\"page\" title=\"Page 2\">\n<div class=\"section\">\n<div class=\"layoutArea\">\n<div class=\"column\">\n<p><strong>EFFICACIT\u00c9 SUP\u00c9RIEURE<\/strong><\/p>\n<p>Gr\u00e2ce \u00e0 son faible rayon de braquage, le v\u00e9hicule peut se diriger sans effort sur 360 \u030a dans les espaces restreints.<\/p>\n<p>Le ch\u00e2ssis compact permet un acc\u00e8s facile aux applications en all\u00e9es \u00e9troites.<\/p>\n<p>Les roues de charge petites et courtes facilitent l&rsquo;acc\u00e8s \u00e0 plusieurs configurations de hauteur de m\u00e2t entre les rayonnages, ce qui facilite l&rsquo;utilisation dans les entrep\u00f4ts et les rayonnages de diff\u00e9rentes tailles.<\/p>\n<p>Capacit\u00e9s de batterie polyvalentes pour des distances de d\u00e9placement et des dur\u00e9es de fonctionnement vari\u00e9es. Modes de conduite optionnels pour des sc\u00e9narios vari\u00e9s.<br \/>\nAm\u00e9liorez l&rsquo;efficacit\u00e9 avec un levage et un d\u00e9placement rapides. <\/p>\n<div class=\"page\" title=\"Page 2\">\n<div class=\"section\">\n<div class=\"layoutArea\">\n<div class=\"column\">\n<p><strong>ENTRETIEN RAPIDE ET FACILE<\/strong><\/p>\n<p>La batterie int\u00e9gr\u00e9e est id\u00e9alement situ\u00e9e au milieu du ch\u00e2ssis, ce qui facilite le retrait, l&rsquo;inspection ou le remplacement.<\/p>\n<p>La porte du ch\u00e2ssis est facilement accessible pour visualiser les probl\u00e8mes internes, les inspections et les remplacements.<\/p>\n<p>Tous les composants sont m\u00e9thodiquement dispos\u00e9s, ce qui permet d&rsquo;identifier facilement les pi\u00e8ces lors des contr\u00f4les d&rsquo;entretien.<\/p>\n<\/div>\n<\/div>\n<\/div>\n<\/div>\n<\/div>\n<\/div>\n<\/div>\n<\/div>\n","protected":false},"featured_media":56526,"comment_status":"open","ping_status":"closed","template":"","meta":{"_acf_changed":false},"product_brand":[],"product_cat":[140],"product_tag":[],"class_list":{"0":"post-42711","1":"product","2":"type-product","3":"status-publish","4":"has-post-thumbnail","6":"product_cat-reach-stand-up-trucks-fr","8":"first","9":"instock","10":"taxable","11":"shipping-taxable","12":"product-type-variable"},"exclude_global_add_ons":false,"addons":[{"name":"Chargeur de batterie","type":"multiple_choice","position":0,"required":true,"title_format":"label","default":"","description_enable":false,"description":null,"placeholder_enable":false,"placeholder":null,"display":"radiobutton","restrictions_type":"any_text","adjust_price":false,"price":"","price_type":"flat_fee","restrictions":false,"min":"0","max":"0","options":[{"label":"Chargeur de batterie plomb-acide 36V100AH","price":"2770","price_type":"quantity_based","image":0,"visibility":true},{"label":"Batterie plomb-acide Chargeur 36V140AH","price":"3290","price_type":"quantity_based","image":0,"visibility":true}],"id":1746208470},{"name":"Batterie acide","type":"multiple_choice","position":1,"required":true,"title_format":"label","default":"","description_enable":false,"description":null,"placeholder_enable":false,"placeholder":null,"display":"radiobutton","restrictions_type":"any_text","adjust_price":false,"price":"","price_type":"flat_fee","restrictions":false,"min":"0","max":"0","options":[{"label":"Syst\u00e8me d'arrosage pour batterie acide","price":"998","price_type":"quantity_based","image":0,"visibility":true}],"id":1746208472},{"name":"Chargeur de batterie","type":"multiple_choice","position":2,"required":true,"title_format":"label","default":"","description_enable":false,"description":null,"placeholder_enable":false,"placeholder":null,"display":"radiobutton","restrictions_type":"any_text","adjust_price":false,"price":"","price_type":"flat_fee","restrictions":false,"min":"0","max":"0","options":[{"label":"Chargeur lithium-ion 36V\/200Ah 600VAC\/480VAC 3PH","price":"10400","price_type":"quantity_based","image":0,"visibility":true},{"label":"Chargeur 36V200A 600VAC 3PH Lithium -Ion FST","price":"6500","price_type":"quantity_based","image":0,"visibility":true},{"label":"Chargeur lithium-ion 36V\/150Ah 600VAC 3PH","price":"5580","price_type":"quantity_based","image":0,"visibility":true}],"id":1746208471},{"name":"Longueur de fourche standard 42","type":"multiple_choice","position":3,"required":true,"title_format":"label","default":"0","description_enable":false,"description":null,"placeholder_enable":false,"placeholder":null,"display":"select","restrictions_type":"any_text","adjust_price":false,"price":"","price_type":"flat_fee","restrictions":false,"min":"0","max":"0","options":[{"label":"Longueur de fourche standard 42","price":"","price_type":"quantity_based","image":0,"visibility":true},{"label":"48 pouces","price":"124","price_type":"quantity_based","image":0,"visibility":true},{"label":"54 pouces","price":"124","price_type":"quantity_based","image":0,"visibility":true}],"id":1746208077},{"name":"DES OPTIONS SUPPL\u00c9MENTAIRES :","type":"checkbox","position":4,"required":false,"title_format":"label","default":"","description_enable":false,"description":null,"placeholder_enable":false,"placeholder":null,"display":"select","restrictions_type":"any_text","adjust_price":false,"price":"","price_type":"flat_fee","restrictions":false,"min":"0","max":"0","options":[{"label":"Assemblage du moniteur (sans fil + c\u00e2ble d'alimentation)","price":"1972","price_type":"quantity_based","image":0,"visibility":true},{"label":"Ensemble de pr\u00e9s\u00e9lection de la hauteur","price":"3048","price_type":"quantity_based","image":0,"visibility":true},{"label":"Positionneur de fourchette de changement de vitesse Sise avec 4 voies","price":"9000","price_type":"quantity_based","image":0,"visibility":true},{"label":"Support de chargeur avec b\u00e2ton de pogo","price":"1100","price_type":"quantity_based","image":0,"visibility":true}],"id":1746208076}],"acf":{"coming_soon":false,"item_description":"Stand-On Scissor Reach<br \/> 1500-2000KG","brochure_button_label":"Brochure","brochure":44517,"location":"","video":null,"standard_features":"","alternative_numbers":"","erp_id":"","models":""},"yoast_head":"<!-- This site is optimized with the Yoast SEO plugin v27.3 - https:\/\/yoast.com\/product\/yoast-seo-wordpress\/ -->\n<title>RT15SP &#8212; Noblelift Canada<\/title>\n<meta name=\"description\" content=\"RT15SP by Noblelift Canada | | Inquire Now To Get Your Noblelift Equipment &amp; Parts\" \/>\n<meta name=\"robots\" content=\"index, follow, max-snippet:-1, max-image-preview:large, max-video-preview:-1\" \/>\n<link rel=\"canonical\" href=\"https:\/\/nobleliftcanada.com\/fr\/produit\/stand-on-scissor-reach-1500-2000kg-rt15-20sp\/\" \/>\n<meta property=\"og:locale\" content=\"fr_FR\" \/>\n<meta property=\"og:type\" content=\"article\" \/>\n<meta property=\"og:title\" content=\"RT15SP &#8212; Noblelift Canada\" \/>\n<meta property=\"og:description\" content=\"RT15SP by Noblelift Canada | | Inquire Now To Get Your Noblelift Equipment &amp; Parts\" \/>\n<meta property=\"og:url\" content=\"https:\/\/nobleliftcanada.com\/fr\/produit\/stand-on-scissor-reach-1500-2000kg-rt15-20sp\/\" \/>\n<meta property=\"og:site_name\" content=\"Noblelift Canada\" \/>\n<meta property=\"article:publisher\" content=\"https:\/\/www.facebook.com\/Noblelift-Canada-102966741541390\/\" \/>\n<meta property=\"article:modified_time\" content=\"2025-05-11T03:26:42+00:00\" \/>\n<meta property=\"og:image\" content=\"https:\/\/nobleliftcanada.com\/wp-content\/uploads\/2025\/03\/Noblelift-Canada-RT20SP.jpg\" \/>\n\t<meta property=\"og:image:width\" content=\"1080\" \/>\n\t<meta property=\"og:image:height\" content=\"1080\" \/>\n\t<meta property=\"og:image:type\" content=\"image\/jpeg\" \/>\n<meta name=\"twitter:card\" content=\"summary_large_image\" \/>\n<script type=\"application\/ld+json\" class=\"yoast-schema-graph\">{\"@context\":\"https:\\\/\\\/schema.org\",\"@graph\":[{\"@type\":\"WebPage\",\"@id\":\"https:\\\/\\\/nobleliftcanada.com\\\/fr\\\/produit\\\/stand-on-scissor-reach-1500-2000kg-rt15-20sp\\\/\",\"url\":\"https:\\\/\\\/nobleliftcanada.com\\\/fr\\\/produit\\\/stand-on-scissor-reach-1500-2000kg-rt15-20sp\\\/\",\"name\":\"RT15SP &#8212; Noblelift Canada\",\"isPartOf\":{\"@id\":\"https:\\\/\\\/nobleliftcanada.com\\\/fr\\\/#website\"},\"primaryImageOfPage\":{\"@id\":\"https:\\\/\\\/nobleliftcanada.com\\\/fr\\\/produit\\\/stand-on-scissor-reach-1500-2000kg-rt15-20sp\\\/#primaryimage\"},\"image\":{\"@id\":\"https:\\\/\\\/nobleliftcanada.com\\\/fr\\\/produit\\\/stand-on-scissor-reach-1500-2000kg-rt15-20sp\\\/#primaryimage\"},\"thumbnailUrl\":\"https:\\\/\\\/nobleliftcanada.com\\\/wp-content\\\/uploads\\\/2025\\\/03\\\/Noblelift-Canada-RT20SP.jpg\",\"datePublished\":\"2025-03-25T17:21:16+00:00\",\"dateModified\":\"2025-05-11T03:26:42+00:00\",\"description\":\"RT15SP by Noblelift Canada | | Inquire Now To Get Your Noblelift Equipment & Parts\",\"breadcrumb\":{\"@id\":\"https:\\\/\\\/nobleliftcanada.com\\\/fr\\\/produit\\\/stand-on-scissor-reach-1500-2000kg-rt15-20sp\\\/#breadcrumb\"},\"inLanguage\":\"fr-FR\",\"potentialAction\":[{\"@type\":\"ReadAction\",\"target\":[\"https:\\\/\\\/nobleliftcanada.com\\\/fr\\\/produit\\\/stand-on-scissor-reach-1500-2000kg-rt15-20sp\\\/\"]}]},{\"@type\":\"ImageObject\",\"inLanguage\":\"fr-FR\",\"@id\":\"https:\\\/\\\/nobleliftcanada.com\\\/fr\\\/produit\\\/stand-on-scissor-reach-1500-2000kg-rt15-20sp\\\/#primaryimage\",\"url\":\"https:\\\/\\\/nobleliftcanada.com\\\/wp-content\\\/uploads\\\/2025\\\/03\\\/Noblelift-Canada-RT20SP.jpg\",\"contentUrl\":\"https:\\\/\\\/nobleliftcanada.com\\\/wp-content\\\/uploads\\\/2025\\\/03\\\/Noblelift-Canada-RT20SP.jpg\",\"width\":1080,\"height\":1080},{\"@type\":\"BreadcrumbList\",\"@id\":\"https:\\\/\\\/nobleliftcanada.com\\\/fr\\\/produit\\\/stand-on-scissor-reach-1500-2000kg-rt15-20sp\\\/#breadcrumb\",\"itemListElement\":[{\"@type\":\"ListItem\",\"position\":1,\"name\":\"Home\",\"item\":\"https:\\\/\\\/nobleliftcanada.com\\\/fr\\\/\"},{\"@type\":\"ListItem\",\"position\":2,\"name\":\"Boutique\",\"item\":\"https:\\\/\\\/nobleliftcanada.com\\\/shop\\\/\"},{\"@type\":\"ListItem\",\"position\":3,\"name\":\"RT15SP\"}]},{\"@type\":\"WebSite\",\"@id\":\"https:\\\/\\\/nobleliftcanada.com\\\/fr\\\/#website\",\"url\":\"https:\\\/\\\/nobleliftcanada.com\\\/fr\\\/\",\"name\":\"Noblelift Canada\",\"description\":\"Canada&#039;s Leader | Material Handling Equipment\",\"publisher\":{\"@id\":\"https:\\\/\\\/nobleliftcanada.com\\\/fr\\\/#organization\"},\"potentialAction\":[{\"@type\":\"SearchAction\",\"target\":{\"@type\":\"EntryPoint\",\"urlTemplate\":\"https:\\\/\\\/nobleliftcanada.com\\\/fr\\\/?s={search_term_string}\"},\"query-input\":{\"@type\":\"PropertyValueSpecification\",\"valueRequired\":true,\"valueName\":\"search_term_string\"}}],\"inLanguage\":\"fr-FR\"},{\"@type\":\"Organization\",\"@id\":\"https:\\\/\\\/nobleliftcanada.com\\\/fr\\\/#organization\",\"name\":\"Noblelift Canada\",\"url\":\"https:\\\/\\\/nobleliftcanada.com\\\/fr\\\/\",\"logo\":{\"@type\":\"ImageObject\",\"inLanguage\":\"fr-FR\",\"@id\":\"https:\\\/\\\/nobleliftcanada.com\\\/fr\\\/#\\\/schema\\\/logo\\\/image\\\/\",\"url\":\"https:\\\/\\\/nobleliftcanada.com\\\/wp-content\\\/uploads\\\/2020\\\/08\\\/NOBLELIFTCANADA-1.png\",\"contentUrl\":\"https:\\\/\\\/nobleliftcanada.com\\\/wp-content\\\/uploads\\\/2020\\\/08\\\/NOBLELIFTCANADA-1.png\",\"width\":2413,\"height\":880,\"caption\":\"Noblelift Canada\"},\"image\":{\"@id\":\"https:\\\/\\\/nobleliftcanada.com\\\/fr\\\/#\\\/schema\\\/logo\\\/image\\\/\"},\"sameAs\":[\"https:\\\/\\\/www.facebook.com\\\/Noblelift-Canada-102966741541390\\\/\"]}]}<\/script>\n<!-- \/ Yoast SEO plugin. -->","yoast_head_json":{"title":"RT15SP &#8212; Noblelift Canada","description":"RT15SP by Noblelift Canada | | Inquire Now To Get Your Noblelift Equipment & Parts","robots":{"index":"index","follow":"follow","max-snippet":"max-snippet:-1","max-image-preview":"max-image-preview:large","max-video-preview":"max-video-preview:-1"},"canonical":"https:\/\/nobleliftcanada.com\/fr\/produit\/stand-on-scissor-reach-1500-2000kg-rt15-20sp\/","og_locale":"fr_FR","og_type":"article","og_title":"RT15SP &#8212; Noblelift Canada","og_description":"RT15SP by Noblelift Canada | | Inquire Now To Get Your Noblelift Equipment & Parts","og_url":"https:\/\/nobleliftcanada.com\/fr\/produit\/stand-on-scissor-reach-1500-2000kg-rt15-20sp\/","og_site_name":"Noblelift Canada","article_publisher":"https:\/\/www.facebook.com\/Noblelift-Canada-102966741541390\/","article_modified_time":"2025-05-11T03:26:42+00:00","og_image":[{"width":1080,"height":1080,"url":"https:\/\/nobleliftcanada.com\/wp-content\/uploads\/2025\/03\/Noblelift-Canada-RT20SP.jpg","type":"image\/jpeg"}],"twitter_card":"summary_large_image","schema":{"@context":"https:\/\/schema.org","@graph":[{"@type":"WebPage","@id":"https:\/\/nobleliftcanada.com\/fr\/produit\/stand-on-scissor-reach-1500-2000kg-rt15-20sp\/","url":"https:\/\/nobleliftcanada.com\/fr\/produit\/stand-on-scissor-reach-1500-2000kg-rt15-20sp\/","name":"RT15SP &#8212; Noblelift Canada","isPartOf":{"@id":"https:\/\/nobleliftcanada.com\/fr\/#website"},"primaryImageOfPage":{"@id":"https:\/\/nobleliftcanada.com\/fr\/produit\/stand-on-scissor-reach-1500-2000kg-rt15-20sp\/#primaryimage"},"image":{"@id":"https:\/\/nobleliftcanada.com\/fr\/produit\/stand-on-scissor-reach-1500-2000kg-rt15-20sp\/#primaryimage"},"thumbnailUrl":"https:\/\/nobleliftcanada.com\/wp-content\/uploads\/2025\/03\/Noblelift-Canada-RT20SP.jpg","datePublished":"2025-03-25T17:21:16+00:00","dateModified":"2025-05-11T03:26:42+00:00","description":"RT15SP by Noblelift Canada | | Inquire Now To Get Your Noblelift Equipment & Parts","breadcrumb":{"@id":"https:\/\/nobleliftcanada.com\/fr\/produit\/stand-on-scissor-reach-1500-2000kg-rt15-20sp\/#breadcrumb"},"inLanguage":"fr-FR","potentialAction":[{"@type":"ReadAction","target":["https:\/\/nobleliftcanada.com\/fr\/produit\/stand-on-scissor-reach-1500-2000kg-rt15-20sp\/"]}]},{"@type":"ImageObject","inLanguage":"fr-FR","@id":"https:\/\/nobleliftcanada.com\/fr\/produit\/stand-on-scissor-reach-1500-2000kg-rt15-20sp\/#primaryimage","url":"https:\/\/nobleliftcanada.com\/wp-content\/uploads\/2025\/03\/Noblelift-Canada-RT20SP.jpg","contentUrl":"https:\/\/nobleliftcanada.com\/wp-content\/uploads\/2025\/03\/Noblelift-Canada-RT20SP.jpg","width":1080,"height":1080},{"@type":"BreadcrumbList","@id":"https:\/\/nobleliftcanada.com\/fr\/produit\/stand-on-scissor-reach-1500-2000kg-rt15-20sp\/#breadcrumb","itemListElement":[{"@type":"ListItem","position":1,"name":"Home","item":"https:\/\/nobleliftcanada.com\/fr\/"},{"@type":"ListItem","position":2,"name":"Boutique","item":"https:\/\/nobleliftcanada.com\/shop\/"},{"@type":"ListItem","position":3,"name":"RT15SP"}]},{"@type":"WebSite","@id":"https:\/\/nobleliftcanada.com\/fr\/#website","url":"https:\/\/nobleliftcanada.com\/fr\/","name":"Noblelift Canada","description":"Canada&#039;s Leader | Material Handling Equipment","publisher":{"@id":"https:\/\/nobleliftcanada.com\/fr\/#organization"},"potentialAction":[{"@type":"SearchAction","target":{"@type":"EntryPoint","urlTemplate":"https:\/\/nobleliftcanada.com\/fr\/?s={search_term_string}"},"query-input":{"@type":"PropertyValueSpecification","valueRequired":true,"valueName":"search_term_string"}}],"inLanguage":"fr-FR"},{"@type":"Organization","@id":"https:\/\/nobleliftcanada.com\/fr\/#organization","name":"Noblelift Canada","url":"https:\/\/nobleliftcanada.com\/fr\/","logo":{"@type":"ImageObject","inLanguage":"fr-FR","@id":"https:\/\/nobleliftcanada.com\/fr\/#\/schema\/logo\/image\/","url":"https:\/\/nobleliftcanada.com\/wp-content\/uploads\/2020\/08\/NOBLELIFTCANADA-1.png","contentUrl":"https:\/\/nobleliftcanada.com\/wp-content\/uploads\/2020\/08\/NOBLELIFTCANADA-1.png","width":2413,"height":880,"caption":"Noblelift Canada"},"image":{"@id":"https:\/\/nobleliftcanada.com\/fr\/#\/schema\/logo\/image\/"},"sameAs":["https:\/\/www.facebook.com\/Noblelift-Canada-102966741541390\/"]}]}},"_links":{"self":[{"href":"https:\/\/nobleliftcanada.com\/fr\/wp-json\/wp\/v2\/product\/42711","targetHints":{"allow":["GET"]}}],"collection":[{"href":"https:\/\/nobleliftcanada.com\/fr\/wp-json\/wp\/v2\/product"}],"about":[{"href":"https:\/\/nobleliftcanada.com\/fr\/wp-json\/wp\/v2\/types\/product"}],"replies":[{"embeddable":true,"href":"https:\/\/nobleliftcanada.com\/fr\/wp-json\/wp\/v2\/comments?post=42711"}],"version-history":[{"count":3,"href":"https:\/\/nobleliftcanada.com\/fr\/wp-json\/wp\/v2\/product\/42711\/revisions"}],"predecessor-version":[{"id":45189,"href":"https:\/\/nobleliftcanada.com\/fr\/wp-json\/wp\/v2\/product\/42711\/revisions\/45189"}],"wp:featuredmedia":[{"embeddable":true,"href":"https:\/\/nobleliftcanada.com\/fr\/wp-json\/wp\/v2\/media\/56526"}],"wp:attachment":[{"href":"https:\/\/nobleliftcanada.com\/fr\/wp-json\/wp\/v2\/media?parent=42711"}],"wp:term":[{"taxonomy":"product_brand","embeddable":true,"href":"https:\/\/nobleliftcanada.com\/fr\/wp-json\/wp\/v2\/product_brand?post=42711"},{"taxonomy":"product_cat","embeddable":true,"href":"https:\/\/nobleliftcanada.com\/fr\/wp-json\/wp\/v2\/product_cat?post=42711"},{"taxonomy":"product_tag","embeddable":true,"href":"https:\/\/nobleliftcanada.com\/fr\/wp-json\/wp\/v2\/product_tag?post=42711"}],"curies":[{"name":"wp","href":"https:\/\/api.w.org\/{rel}","templated":true}]}}