{"id":19115,"date":"2020-08-12T00:00:23","date_gmt":"2020-08-12T00:00:23","guid":{"rendered":"https:\/\/nobleliftcanada.com\/trouvez-un-revendeur-agree-noblelift\/"},"modified":"2025-05-11T02:54:43","modified_gmt":"2025-05-11T02:54:43","slug":"trouvez-un-revendeur-agree-noblelift","status":"publish","type":"page","link":"https:\/\/nobleliftcanada.com\/fr\/trouvez-un-revendeur-agree-noblelift\/","title":{"rendered":"TROUVEZ UN REVENDEUR AGR\u00c9\u00c9 NOBLELIFT"},"content":{"rendered":"\t\t<div data-elementor-type=\"wp-page\" data-elementor-id=\"19115\" class=\"elementor elementor-19115 elementor-5920\" data-elementor-post-type=\"page\">\n\t\t\t\t\t\t<section class=\"elementor-section elementor-top-section elementor-element elementor-element-17b4d576 elementor-section-height-min-height elementor-section-boxed elementor-section-height-default elementor-section-items-middle\" data-id=\"17b4d576\" data-element_type=\"section\" data-e-type=\"section\" data-settings=\"{&quot;background_background&quot;:&quot;gradient&quot;}\">\n\t\t\t\t\t\t<div class=\"elementor-container elementor-column-gap-default\">\n\t\t\t\t\t<div class=\"elementor-column elementor-col-100 elementor-top-column elementor-element elementor-element-472f2cbd\" data-id=\"472f2cbd\" data-element_type=\"column\" data-e-type=\"column\">\n\t\t\t<div class=\"elementor-widget-wrap elementor-element-populated\">\n\t\t\t\t\t\t<div class=\"elementor-element elementor-element-686e65dc elementor-widget elementor-widget-woocommerce-breadcrumb\" data-id=\"686e65dc\" data-element_type=\"widget\" data-e-type=\"widget\" data-widget_type=\"woocommerce-breadcrumb.default\">\n\t\t\t\t<div class=\"elementor-widget-container\">\n\t\t\t\t\t<nav class=\"woocommerce-breadcrumb\" aria-label=\"Breadcrumb\">Accueil<\/nav>\t\t\t\t<\/div>\n\t\t\t\t<\/div>\n\t\t\t\t\t<\/div>\n\t\t<\/div>\n\t\t\t\t\t<\/div>\n\t\t<\/section>\n\t\t\t\t<section class=\"elementor-section elementor-top-section elementor-element elementor-element-9d9d6e5 elementor-section-boxed elementor-section-height-default elementor-section-height-default\" data-id=\"9d9d6e5\" data-element_type=\"section\" data-e-type=\"section\">\n\t\t\t\t\t\t<div class=\"elementor-container elementor-column-gap-default\">\n\t\t\t\t\t<div class=\"elementor-column elementor-col-100 elementor-top-column elementor-element elementor-element-786347a\" data-id=\"786347a\" data-element_type=\"column\" data-e-type=\"column\">\n\t\t\t<div class=\"elementor-widget-wrap elementor-element-populated\">\n\t\t\t\t\t\t<div class=\"elementor-element elementor-element-76b2c6b elementor-widget elementor-widget-heading\" data-id=\"76b2c6b\" data-element_type=\"widget\" data-e-type=\"widget\" data-widget_type=\"heading.default\">\n\t\t\t\t<div class=\"elementor-widget-container\">\n\t\t\t\t\t<h2 class=\"elementor-heading-title elementor-size-large\">TROUVEZ VOTRE REVENDEUR AGR\u00c9\u00c9 NOBLELIFT<\/h2>\t\t\t\t<\/div>\n\t\t\t\t<\/div>\n\t\t\t\t<div class=\"elementor-element elementor-element-3656076 elementor-widget elementor-widget-wpforms\" data-id=\"3656076\" data-element_type=\"widget\" data-e-type=\"widget\" id=\"dealer-locator-form\" data-widget_type=\"wpforms.default\">\n\t\t\t\t<div class=\"elementor-widget-container\">\n\t\t\t\t\t<div class=\"wpforms-container wpforms-container-full wpforms-container-save-resume\" id=\"wpforms-8729\"><form id=\"wpforms-form-8729\" class=\"wpforms-validate wpforms-form\" data-formid=\"8729\" method=\"post\" enctype=\"multipart\/form-data\" action=\"\/fr\/wp-json\/wp\/v2\/pages\/19115\" data-token=\"c388ae046c5c986dd28a3ced12aff3c8\" data-token-time=\"1775371614\"><noscript class=\"wpforms-error-noscript\">Veuillez activer JavaScript dans votre navigateur pour remplir ce formulaire.<\/noscript><div class=\"wpforms-field-container\"><div id=\"wpforms-8729-field_1-container\" class=\"wpforms-field wpforms-field-text cf-two-col\" data-field-id=\"1\"><label class=\"wpforms-field-label\" for=\"wpforms-8729-field_1\">Nom complet <span class=\"wpforms-required-label\">*<\/span><\/label><input type=\"text\" id=\"wpforms-8729-field_1\" class=\"wpforms-field-large wpforms-field-required\" name=\"wpforms[fields][1]\" required><\/div><div id=\"wpforms-8729-field_2-container\" class=\"wpforms-field wpforms-field-email cf-two-col\" data-field-id=\"2\"><label class=\"wpforms-field-label\" for=\"wpforms-8729-field_2\">Adresse \u00e9lectronique <span class=\"wpforms-required-label\">*<\/span><\/label><input type=\"email\" id=\"wpforms-8729-field_2\" class=\"wpforms-field-large wpforms-field-required\" name=\"wpforms[fields][2]\" spellcheck=\"false\" required><\/div><div id=\"wpforms-8729-field_3-container\" class=\"wpforms-field wpforms-field-text cf-three-col\" data-field-id=\"3\"><label class=\"wpforms-field-label\" for=\"wpforms-8729-field_3\">Num\u00e9ro de t\u00e9l\u00e9phone <span class=\"wpforms-required-label\">*<\/span><\/label><input type=\"text\" id=\"wpforms-8729-field_3\" class=\"wpforms-field-large wpforms-field-required wpforms-masked-input\" data-rule-inputmask-incomplete=\"1\" data-inputmask-mask=\"(999)-999-9999\" name=\"wpforms[fields][3]\" required><\/div><div id=\"wpforms-8729-field_4-container\" class=\"wpforms-field wpforms-field-text cf-three-col\" data-field-id=\"4\"><label class=\"wpforms-field-label\" for=\"wpforms-8729-field_4\">Code postal<\/label><input type=\"text\" id=\"wpforms-8729-field_4\" class=\"wpforms-field-large\" name=\"wpforms[fields][4]\" ><\/div><div id=\"wpforms-8729-field_5-container\" class=\"wpforms-field wpforms-field-text cf-three-col\" data-field-id=\"5\"><label class=\"wpforms-field-label\" for=\"wpforms-8729-field_5\">Entreprise<\/label><input type=\"text\" id=\"wpforms-8729-field_5\" class=\"wpforms-field-large\" name=\"wpforms[fields][5]\" ><\/div><div id=\"wpforms-8729-field_6-container\" class=\"wpforms-field wpforms-field-textarea\" data-field-id=\"6\"><label class=\"wpforms-field-label\" for=\"wpforms-8729-field_6\">Message<\/label><textarea id=\"wpforms-8729-field_6\" class=\"wpforms-field-medium\" name=\"wpforms[fields][6]\" ><\/textarea><\/div><\/div><!-- .wpforms-field-container --><div class=\"wpforms-submit-container\" ><input type=\"hidden\" name=\"wpforms[id]\" value=\"8729\"><input type=\"hidden\" name=\"page_title\" value=\"\"><input type=\"hidden\" name=\"page_url\" value=\"https:\/\/nobleliftcanada.com\/fr\/wp-json\/wp\/v2\/pages\/19115\"><input type=\"hidden\" name=\"url_referer\" value=\"\"><button type=\"submit\" name=\"wpforms[submit]\" id=\"wpforms-submit-8729\" class=\"wpforms-submit dealer_btn\" data-alt-text=\"Envoi...\" data-submit-text=\"Soumettre\" aria-live=\"assertive\" value=\"wpforms-submit\">Soumettre<\/button><\/div><\/form><\/div>  <!-- .wpforms-container -->\t\t\t\t<\/div>\n\t\t\t\t<\/div>\n\t\t\t\t\t<\/div>\n\t\t<\/div>\n\t\t\t\t\t<\/div>\n\t\t<\/section>\n\t\t\t\t<section class=\"elementor-section elementor-top-section elementor-element elementor-element-f52e134 elementor-section-boxed elementor-section-height-default elementor-section-height-default\" data-id=\"f52e134\" data-element_type=\"section\" data-e-type=\"section\">\n\t\t\t\t\t\t<div class=\"elementor-container elementor-column-gap-default\">\n\t\t\t\t\t<div class=\"elementor-column elementor-col-100 elementor-top-column elementor-element elementor-element-ba4c341\" data-id=\"ba4c341\" data-element_type=\"column\" data-e-type=\"column\">\n\t\t\t<div class=\"elementor-widget-wrap elementor-element-populated\">\n\t\t\t\t\t\t<div class=\"elementor-element elementor-element-cb71447 elementor-widget elementor-widget-heading\" data-id=\"cb71447\" data-element_type=\"widget\" data-e-type=\"widget\" data-widget_type=\"heading.default\">\n\t\t\t\t<div class=\"elementor-widget-container\">\n\t\t\t\t\t<h2 class=\"elementor-heading-title elementor-size-large\">APPELEZ-NOUS POUR PLUS D'INFORMATIONS (514) 697-0117<\/h2>\t\t\t\t<\/div>\n\t\t\t\t<\/div>\n\t\t\t\t\t<\/div>\n\t\t<\/div>\n\t\t\t\t\t<\/div>\n\t\t<\/section>\n\t\t\t\t<section class=\"elementor-section elementor-top-section elementor-element elementor-element-5c50bd1 elementor-section-stretched elementor-section-boxed elementor-section-height-default elementor-section-height-default\" data-id=\"5c50bd1\" data-element_type=\"section\" data-e-type=\"section\" data-settings=\"{&quot;stretch_section&quot;:&quot;section-stretched&quot;}\">\n\t\t\t\t\t\t<div class=\"elementor-container elementor-column-gap-default\">\n\t\t\t\t\t<div class=\"elementor-column elementor-col-100 elementor-top-column elementor-element elementor-element-1c58b86\" data-id=\"1c58b86\" data-element_type=\"column\" data-e-type=\"column\">\n\t\t\t<div class=\"elementor-widget-wrap elementor-element-populated\">\n\t\t\t\t\t\t<div class=\"elementor-element elementor-element-cced8c7 elementor-widget-divider--view-line elementor-widget elementor-widget-divider\" data-id=\"cced8c7\" data-element_type=\"widget\" data-e-type=\"widget\" data-widget_type=\"divider.default\">\n\t\t\t\t<div class=\"elementor-widget-container\">\n\t\t\t\t\t\t\t<div class=\"elementor-divider\">\n\t\t\t<span class=\"elementor-divider-separator\">\n\t\t\t\t\t\t<\/span>\n\t\t<\/div>\n\t\t\t\t\t\t<\/div>\n\t\t\t\t<\/div>\n\t\t\t\t<section class=\"elementor-section elementor-inner-section elementor-element elementor-element-04f9cdf elementor-section-boxed elementor-section-height-default elementor-section-height-default\" data-id=\"04f9cdf\" data-element_type=\"section\" data-e-type=\"section\">\n\t\t\t\t\t\t<div class=\"elementor-container elementor-column-gap-default\">\n\t\t\t\t\t<div class=\"elementor-column elementor-col-100 elementor-inner-column elementor-element elementor-element-34cda7b\" data-id=\"34cda7b\" data-element_type=\"column\" data-e-type=\"column\">\n\t\t\t<div class=\"elementor-widget-wrap elementor-element-populated\">\n\t\t\t\t\t\t<div class=\"elementor-element elementor-element-8dc9622 elementor-widget elementor-widget-heading\" data-id=\"8dc9622\" data-element_type=\"widget\" data-e-type=\"widget\" data-widget_type=\"heading.default\">\n\t\t\t\t<div class=\"elementor-widget-container\">\n\t\t\t\t\t<h3 class=\"elementor-heading-title elementor-size-default\">EN SAVOIR PLUS SUR NOUS<\/h3>\t\t\t\t<\/div>\n\t\t\t\t<\/div>\n\t\t\t\t\t<\/div>\n\t\t<\/div>\n\t\t\t\t\t<\/div>\n\t\t<\/section>\n\t\t\t\t<section class=\"elementor-section elementor-inner-section elementor-element elementor-element-6eebe9f elementor-section-boxed elementor-section-height-default elementor-section-height-default\" data-id=\"6eebe9f\" data-element_type=\"section\" data-e-type=\"section\">\n\t\t\t\t\t\t<div class=\"elementor-container elementor-column-gap-default\">\n\t\t\t\t\t<div class=\"elementor-column elementor-col-50 elementor-inner-column elementor-element elementor-element-42ae550\" data-id=\"42ae550\" data-element_type=\"column\" data-e-type=\"column\">\n\t\t\t<div class=\"elementor-widget-wrap elementor-element-populated\">\n\t\t\t\t\t\t<div class=\"elementor-element elementor-element-e6945a4 elementor-widget elementor-widget-video\" data-id=\"e6945a4\" data-element_type=\"widget\" data-e-type=\"widget\" data-settings=\"{&quot;youtube_url&quot;:&quot;https:\\\/\\\/youtu.be\\\/kLe_6qYF1iU&quot;,&quot;video_type&quot;:&quot;youtube&quot;,&quot;controls&quot;:&quot;yes&quot;}\" data-widget_type=\"video.default\">\n\t\t\t\t<div class=\"elementor-widget-container\">\n\t\t\t\t\t\t\t<div class=\"elementor-wrapper elementor-open-inline\">\n\t\t\t<div class=\"elementor-video\"><\/div>\t\t<\/div>\n\t\t\t\t\t\t<\/div>\n\t\t\t\t<\/div>\n\t\t\t\t\t<\/div>\n\t\t<\/div>\n\t\t\t\t<div class=\"elementor-column elementor-col-50 elementor-inner-column elementor-element elementor-element-d85acb4\" data-id=\"d85acb4\" data-element_type=\"column\" data-e-type=\"column\">\n\t\t\t<div class=\"elementor-widget-wrap elementor-element-populated\">\n\t\t\t\t\t\t<div class=\"elementor-element elementor-element-3c7bf54 elementor-widget elementor-widget-video\" data-id=\"3c7bf54\" data-element_type=\"widget\" data-e-type=\"widget\" data-settings=\"{&quot;video_type&quot;:&quot;vimeo&quot;}\" data-widget_type=\"video.default\">\n\t\t\t\t<div class=\"elementor-widget-container\">\n\t\t\t\t\t\t\t<div class=\"elementor-wrapper elementor-open-inline\">\n\t\t\t<iframe class=\"elementor-video-iframe\" allowfullscreen allow=\"clipboard-write\" title=\"Lecteur vid\u00e9o vimeo\" src=\"https:\/\/player.vimeo.com\/video\/454755287?color&amp;autopause=0&amp;loop=0&amp;muted=0&amp;title=1&amp;portrait=1&amp;byline=1#t=\"><\/iframe>\t\t<\/div>\n\t\t\t\t\t\t<\/div>\n\t\t\t\t<\/div>\n\t\t\t\t\t<\/div>\n\t\t<\/div>\n\t\t\t\t\t<\/div>\n\t\t<\/section>\n\t\t\t\t\t<\/div>\n\t\t<\/div>\n\t\t\t\t\t<\/div>\n\t\t<\/section>\n\t\t\t\t<\/div>\n\t\t","protected":false},"excerpt":{"rendered":"<p>Contactez votre concessionnaire local de chariots \u00e9l\u00e9vateurs NOBLELIFT pour d\u00e9couvrir comment l&rsquo;utilisation des produits NOBLELIFT<br \/>\net les services du concessionnaire peuvent am\u00e9liorer la productivit\u00e9 de votre entreprise<br \/>\net r\u00e9duire les co\u00fbts d&rsquo;exploitation !<\/p>\n","protected":false},"author":13,"featured_media":0,"parent":0,"menu_order":0,"comment_status":"closed","ping_status":"closed","template":"","meta":{"_acf_changed":false,"footnotes":""},"class_list":["post-19115","page","type-page","status-publish","hentry"],"acf":[],"yoast_head":"<!-- This site is optimized with the Yoast SEO plugin v27.2 - https:\/\/yoast.com\/product\/yoast-seo-wordpress\/ -->\n<title>TROUVEZ UN REVENDEUR AGR\u00c9\u00c9 NOBLELIFT &#8212; Noblelift Canada<\/title>\n<meta name=\"robots\" content=\"index, follow, max-snippet:-1, max-image-preview:large, max-video-preview:-1\" \/>\n<link rel=\"canonical\" href=\"https:\/\/nobleliftcanada.com\/fr\/trouvez-un-revendeur-agree-noblelift\/\" \/>\n<meta property=\"og:locale\" content=\"fr_FR\" \/>\n<meta property=\"og:type\" content=\"article\" \/>\n<meta property=\"og:title\" content=\"TROUVEZ UN REVENDEUR AGR\u00c9\u00c9 NOBLELIFT &#8212; Noblelift Canada\" \/>\n<meta property=\"og:description\" content=\"Contactez votre concessionnaire local de chariots \u00e9l\u00e9vateurs NOBLELIFT pour d\u00e9couvrir comment l&#039;utilisation des produits NOBLELIFT et les services du concessionnaire peuvent am\u00e9liorer la productivit\u00e9 de votre entreprise et r\u00e9duire les co\u00fbts d&#039;exploitation !\" \/>\n<meta property=\"og:url\" content=\"https:\/\/nobleliftcanada.com\/fr\/trouvez-un-revendeur-agree-noblelift\/\" \/>\n<meta property=\"og:site_name\" content=\"Noblelift Canada\" \/>\n<meta property=\"article:publisher\" content=\"https:\/\/www.facebook.com\/Noblelift-Canada-102966741541390\/\" \/>\n<meta property=\"article:modified_time\" content=\"2025-05-11T02:54:43+00:00\" \/>\n<meta name=\"twitter:card\" content=\"summary_large_image\" \/>\n<script type=\"application\/ld+json\" class=\"yoast-schema-graph\">{\"@context\":\"https:\/\/schema.org\",\"@graph\":[{\"@type\":\"WebPage\",\"@id\":\"https:\/\/nobleliftcanada.com\/fr\/trouvez-un-revendeur-agree-noblelift\/\",\"url\":\"https:\/\/nobleliftcanada.com\/fr\/trouvez-un-revendeur-agree-noblelift\/\",\"name\":\"TROUVEZ UN REVENDEUR AGR\u00c9\u00c9 NOBLELIFT &#8212; Noblelift Canada\",\"isPartOf\":{\"@id\":\"https:\/\/nobleliftcanada.com\/fr\/#website\"},\"datePublished\":\"2020-08-12T00:00:23+00:00\",\"dateModified\":\"2025-05-11T02:54:43+00:00\",\"breadcrumb\":{\"@id\":\"https:\/\/nobleliftcanada.com\/fr\/trouvez-un-revendeur-agree-noblelift\/#breadcrumb\"},\"inLanguage\":\"fr-FR\",\"potentialAction\":[{\"@type\":\"ReadAction\",\"target\":[\"https:\/\/nobleliftcanada.com\/fr\/trouvez-un-revendeur-agree-noblelift\/\"]}]},{\"@type\":\"BreadcrumbList\",\"@id\":\"https:\/\/nobleliftcanada.com\/fr\/trouvez-un-revendeur-agree-noblelift\/#breadcrumb\",\"itemListElement\":[{\"@type\":\"ListItem\",\"position\":1,\"name\":\"Home\",\"item\":\"https:\/\/nobleliftcanada.com\/fr\/\"},{\"@type\":\"ListItem\",\"position\":2,\"name\":\"TROUVEZ UN REVENDEUR AGR\u00c9\u00c9 NOBLELIFT\"}]},{\"@type\":\"WebSite\",\"@id\":\"https:\/\/nobleliftcanada.com\/fr\/#website\",\"url\":\"https:\/\/nobleliftcanada.com\/fr\/\",\"name\":\"Noblelift Canada\",\"description\":\"Canada&#039;s Leader | Material Handling Equipment\",\"publisher\":{\"@id\":\"https:\/\/nobleliftcanada.com\/fr\/#organization\"},\"potentialAction\":[{\"@type\":\"SearchAction\",\"target\":{\"@type\":\"EntryPoint\",\"urlTemplate\":\"https:\/\/nobleliftcanada.com\/fr\/?s={search_term_string}\"},\"query-input\":{\"@type\":\"PropertyValueSpecification\",\"valueRequired\":true,\"valueName\":\"search_term_string\"}}],\"inLanguage\":\"fr-FR\"},{\"@type\":\"Organization\",\"@id\":\"https:\/\/nobleliftcanada.com\/fr\/#organization\",\"name\":\"Noblelift Canada\",\"url\":\"https:\/\/nobleliftcanada.com\/fr\/\",\"logo\":{\"@type\":\"ImageObject\",\"inLanguage\":\"fr-FR\",\"@id\":\"https:\/\/nobleliftcanada.com\/fr\/#\/schema\/logo\/image\/\",\"url\":\"https:\/\/nobleliftcanada.com\/wp-content\/uploads\/2020\/08\/NOBLELIFTCANADA-1.png\",\"contentUrl\":\"https:\/\/nobleliftcanada.com\/wp-content\/uploads\/2020\/08\/NOBLELIFTCANADA-1.png\",\"width\":2413,\"height\":880,\"caption\":\"Noblelift Canada\"},\"image\":{\"@id\":\"https:\/\/nobleliftcanada.com\/fr\/#\/schema\/logo\/image\/\"},\"sameAs\":[\"https:\/\/www.facebook.com\/Noblelift-Canada-102966741541390\/\"]}]}<\/script>\n<!-- \/ Yoast SEO plugin. -->","yoast_head_json":{"title":"TROUVEZ UN REVENDEUR AGR\u00c9\u00c9 NOBLELIFT &#8212; Noblelift Canada","robots":{"index":"index","follow":"follow","max-snippet":"max-snippet:-1","max-image-preview":"max-image-preview:large","max-video-preview":"max-video-preview:-1"},"canonical":"https:\/\/nobleliftcanada.com\/fr\/trouvez-un-revendeur-agree-noblelift\/","og_locale":"fr_FR","og_type":"article","og_title":"TROUVEZ UN REVENDEUR AGR\u00c9\u00c9 NOBLELIFT &#8212; Noblelift Canada","og_description":"Contactez votre concessionnaire local de chariots \u00e9l\u00e9vateurs NOBLELIFT pour d\u00e9couvrir comment l'utilisation des produits NOBLELIFT et les services du concessionnaire peuvent am\u00e9liorer la productivit\u00e9 de votre entreprise et r\u00e9duire les co\u00fbts d'exploitation !","og_url":"https:\/\/nobleliftcanada.com\/fr\/trouvez-un-revendeur-agree-noblelift\/","og_site_name":"Noblelift Canada","article_publisher":"https:\/\/www.facebook.com\/Noblelift-Canada-102966741541390\/","article_modified_time":"2025-05-11T02:54:43+00:00","twitter_card":"summary_large_image","schema":{"@context":"https:\/\/schema.org","@graph":[{"@type":"WebPage","@id":"https:\/\/nobleliftcanada.com\/fr\/trouvez-un-revendeur-agree-noblelift\/","url":"https:\/\/nobleliftcanada.com\/fr\/trouvez-un-revendeur-agree-noblelift\/","name":"TROUVEZ UN REVENDEUR AGR\u00c9\u00c9 NOBLELIFT &#8212; Noblelift Canada","isPartOf":{"@id":"https:\/\/nobleliftcanada.com\/fr\/#website"},"datePublished":"2020-08-12T00:00:23+00:00","dateModified":"2025-05-11T02:54:43+00:00","breadcrumb":{"@id":"https:\/\/nobleliftcanada.com\/fr\/trouvez-un-revendeur-agree-noblelift\/#breadcrumb"},"inLanguage":"fr-FR","potentialAction":[{"@type":"ReadAction","target":["https:\/\/nobleliftcanada.com\/fr\/trouvez-un-revendeur-agree-noblelift\/"]}]},{"@type":"BreadcrumbList","@id":"https:\/\/nobleliftcanada.com\/fr\/trouvez-un-revendeur-agree-noblelift\/#breadcrumb","itemListElement":[{"@type":"ListItem","position":1,"name":"Home","item":"https:\/\/nobleliftcanada.com\/fr\/"},{"@type":"ListItem","position":2,"name":"TROUVEZ UN REVENDEUR AGR\u00c9\u00c9 NOBLELIFT"}]},{"@type":"WebSite","@id":"https:\/\/nobleliftcanada.com\/fr\/#website","url":"https:\/\/nobleliftcanada.com\/fr\/","name":"Noblelift Canada","description":"Canada&#039;s Leader | Material Handling Equipment","publisher":{"@id":"https:\/\/nobleliftcanada.com\/fr\/#organization"},"potentialAction":[{"@type":"SearchAction","target":{"@type":"EntryPoint","urlTemplate":"https:\/\/nobleliftcanada.com\/fr\/?s={search_term_string}"},"query-input":{"@type":"PropertyValueSpecification","valueRequired":true,"valueName":"search_term_string"}}],"inLanguage":"fr-FR"},{"@type":"Organization","@id":"https:\/\/nobleliftcanada.com\/fr\/#organization","name":"Noblelift Canada","url":"https:\/\/nobleliftcanada.com\/fr\/","logo":{"@type":"ImageObject","inLanguage":"fr-FR","@id":"https:\/\/nobleliftcanada.com\/fr\/#\/schema\/logo\/image\/","url":"https:\/\/nobleliftcanada.com\/wp-content\/uploads\/2020\/08\/NOBLELIFTCANADA-1.png","contentUrl":"https:\/\/nobleliftcanada.com\/wp-content\/uploads\/2020\/08\/NOBLELIFTCANADA-1.png","width":2413,"height":880,"caption":"Noblelift Canada"},"image":{"@id":"https:\/\/nobleliftcanada.com\/fr\/#\/schema\/logo\/image\/"},"sameAs":["https:\/\/www.facebook.com\/Noblelift-Canada-102966741541390\/"]}]}},"_links":{"self":[{"href":"https:\/\/nobleliftcanada.com\/fr\/wp-json\/wp\/v2\/pages\/19115","targetHints":{"allow":["GET"]}}],"collection":[{"href":"https:\/\/nobleliftcanada.com\/fr\/wp-json\/wp\/v2\/pages"}],"about":[{"href":"https:\/\/nobleliftcanada.com\/fr\/wp-json\/wp\/v2\/types\/page"}],"author":[{"embeddable":true,"href":"https:\/\/nobleliftcanada.com\/fr\/wp-json\/wp\/v2\/users\/13"}],"replies":[{"embeddable":true,"href":"https:\/\/nobleliftcanada.com\/fr\/wp-json\/wp\/v2\/comments?post=19115"}],"version-history":[{"count":2,"href":"https:\/\/nobleliftcanada.com\/fr\/wp-json\/wp\/v2\/pages\/19115\/revisions"}],"predecessor-version":[{"id":45093,"href":"https:\/\/nobleliftcanada.com\/fr\/wp-json\/wp\/v2\/pages\/19115\/revisions\/45093"}],"wp:attachment":[{"href":"https:\/\/nobleliftcanada.com\/fr\/wp-json\/wp\/v2\/media?parent=19115"}],"curies":[{"name":"wp","href":"https:\/\/api.w.org\/{rel}","templated":true}]}}